{"id":284802,"date":"2025-09-01T11:09:15","date_gmt":"2025-09-01T09:09:15","guid":{"rendered":"https:\/\/www.global-tag.com\/nfc-per-eventi\/chi-siamo-bu-eventi\/"},"modified":"2025-10-20T10:39:57","modified_gmt":"2025-10-20T08:39:57","slug":"chi-siamo-bu-eventi","status":"publish","type":"page","link":"https:\/\/www.global-tag.com\/it\/nfc-per-eventi\/chi-siamo-bu-eventi\/","title":{"rendered":"Chi Siamo &#8211; BU Eventi"},"content":{"rendered":"<p>[et_pb_section fb_built=&#8221;1&#8243; _builder_version=&#8221;4.27.4&#8243; _module_preset=&#8221;default&#8221; background_enable_color=&#8221;off&#8221; background_image=&#8221;https:\/\/www.global-tag.com\/wp-content\/uploads\/2025\/09\/ABOUT-US-BU-EVENTS.png&#8221; custom_padding=&#8221;0%||0%||false|false&#8221; top_divider_style=&#8221;arrow&#8221; top_divider_color=&#8221;gcid-d33bae72-e84c-4800-bfaa-6918f75fa1f8&#8243; top_divider_height=&#8221;94px&#8221; bottom_divider_style=&#8221;ramp2&#8243; bottom_divider_color=&#8221;gcid-d33bae72-e84c-4800-bfaa-6918f75fa1f8&#8243; bottom_divider_height=&#8221;104px&#8221; global_colors_info=&#8221;{%22gcid-d33bae72-e84c-4800-bfaa-6918f75fa1f8%22:%91%22bottom_divider_color%22%93}&#8221;][et_pb_row _builder_version=&#8221;4.24.2&#8243; _module_preset=&#8221;9f1baad1-7a02-4a00-97e0-ffbb41c307aa&#8221; background_color=&#8221;RGBA(255,255,255,0)&#8221; custom_padding=&#8221;||3%||false|false&#8221; global_colors_info=&#8221;{}&#8221;][et_pb_column type=&#8221;4_4&#8243; _builder_version=&#8221;4.24.2&#8243; _module_preset=&#8221;default&#8221; global_colors_info=&#8221;{}&#8221;][et_pb_heading title=&#8221;Chi siamo&#8221; _builder_version=&#8221;4.24.3&#8243; _module_preset=&#8221;default&#8221; title_font=&#8221;|800|||||||&#8221; title_text_align=&#8221;center&#8221; title_font_size=&#8221;35px&#8221; background_enable_color=&#8221;off&#8221; custom_margin=&#8221;||0%||false|false&#8221; custom_padding=&#8221;0%||1%||false|false&#8221; global_colors_info=&#8221;{}&#8221;][\/et_pb_heading][et_pb_heading title=&#8221;Forniamo braccialetti RFID personalizzati e l\u2019app Tag4Pay per trasformare i pagamenti agli eventi: niente pi\u00f9 code, transazioni rapide e un\u2019esperienza fluida e sicura per ogni partecipante.&#8221; _builder_version=&#8221;4.27.4&#8243; _module_preset=&#8221;default&#8221; title_level=&#8221;h3&#8243; title_text_align=&#8221;center&#8221; title_text_color=&#8221;#FFFFFF&#8221; title_line_height=&#8221;1.2em&#8221; background_color=&#8221;rgba(0,109,119,0.71)&#8221; width=&#8221;80%&#8221; module_alignment=&#8221;center&#8221; custom_margin=&#8221;7%||7%||false|false&#8221; custom_padding=&#8221;2%|2%|1%|2%|false|false&#8221; global_colors_info=&#8221;{}&#8221;][\/et_pb_heading][\/et_pb_column][\/et_pb_row][\/et_pb_section][et_pb_section fb_built=&#8221;1&#8243; admin_label=&#8221;Standard Label&#8221; _builder_version=&#8221;4.27.4&#8243; _module_preset=&#8221;default&#8221; background_enable_color=&#8221;off&#8221; width=&#8221;99.7%&#8221; custom_margin=&#8221;0%||0%||false|false&#8221; custom_padding=&#8221;2%||4%||false|false&#8221; top_divider_style=&#8221;slant2&#8243; top_divider_color=&#8221;gcid-d33bae72-e84c-4800-bfaa-6918f75fa1f8&#8243; top_divider_height=&#8221;51px&#8221; locked=&#8221;off&#8221; global_colors_info=&#8221;{%22gcid-d33bae72-e84c-4800-bfaa-6918f75fa1f8%22:%91%22top_divider_color%22%93}&#8221;][et_pb_row column_structure=&#8221;3_5,2_5&#8243; use_custom_gutter=&#8221;on&#8221; gutter_width=&#8221;2&#8243; _builder_version=&#8221;4.27.4&#8243; _module_preset=&#8221;_initial&#8221; width=&#8221;100%&#8221; max_width=&#8221;80%&#8221; module_alignment=&#8221;center&#8221; custom_margin=&#8221;0%||||false|false&#8221; box_shadow_style=&#8221;preset3&#8243; box_shadow_vertical=&#8221;4px&#8221; box_shadow_spread=&#8221;-1px&#8221; box_shadow_color=&#8221;gcid-712ce228-6643-458b-9b78-5b147bf9ecfd&#8221; global_colors_info=&#8221;{%22gcid-712ce228-6643-458b-9b78-5b147bf9ecfd%22:%91%22box_shadow_color%22%93}&#8221;][et_pb_column type=&#8221;3_5&#8243; _builder_version=&#8221;4.24.3&#8243; _module_preset=&#8221;default&#8221; global_colors_info=&#8221;{}&#8221;][et_pb_text _builder_version=&#8221;4.27.4&#8243; _module_preset=&#8221;default&#8221; quote_font=&#8221;||||||||&#8221; quote_text_align=&#8221;justify&#8221; text_orientation=&#8221;justified&#8221; custom_margin=&#8221;5px||||false|false&#8221; custom_padding=&#8221;|||3%|true|false&#8221; global_colors_info=&#8221;{}&#8221;]<\/p>\n<p>La nostra missione \u00e8 chiara: trasformare ogni evento in un\u2019esperienza unica, sicura e facilmente gestibile.<br \/>Da questa visione \u00e8 nata la Events Business Unit di Global Tag, dedicata allo sviluppo di soluzioni RFID innovative pensate per semplificare l\u2019interazione degli ospiti, ottimizzare i processi organizzativi e garantire operazioni fluide dall\u2019inizio alla fine.<\/p>\n<p>Siamo al fianco dei nostri clienti in ogni fase: dalla scelta del tag pi\u00f9 adatto al contesto, alla personalizzazione e all\u2019integrazione della nostra applicazione proprietaria <strong>Tag4Pay<\/strong>, la soluzione cashless che accelera le transazioni e arricchisce l\u2019esperienza dei partecipanti.<\/p>\n<p>Collaboriamo con un\u2019ampia rete di partner: organizzatori di concerti e festival musicali, fiere, eventi locali e sagre, manifestazioni sportive, festival enogastronomici, e con chiunque desideri offrire ai propri ospiti un\u2019esperienza moderna e senza interruzioni.<\/p>\n<p>La nostra offerta comprende una variet\u00e0 di prodotti e sistemi RFID, progettati per adattarsi a esigenze e contesti differenti e disponibili in diversi materiali, formati e tecnologie. Ogni soluzione \u00e8 costruita per resistere all\u2019intensit\u00e0 degli eventi e garantire la massima affidabilit\u00e0.<\/p>\n<p>Ci\u00f2 che ci distingue \u00e8 la combinazione di innovazione tecnologica, prodotti di alta qualit\u00e0 e servizi su misura, unita a un supporto rapido e continuo. Con questo approccio, aiutiamo gli organizzatori a potenziare la sicurezza, snellire i processi e offrire esperienze memorabili, promuovendo al contempo efficienza e sostenibilit\u00e0.<\/p>\n<p>[\/et_pb_text][\/et_pb_column][et_pb_column type=&#8221;2_5&#8243; _builder_version=&#8221;4.24.3&#8243; _module_preset=&#8221;default&#8221; global_colors_info=&#8221;{}&#8221;][et_pb_image src=&#8221;https:\/\/www.global-tag.com\/wp-content\/uploads\/2025\/09\/Roll-up-Events.png&#8221; title_text=&#8221;Roll up Events&#8221; align=&#8221;center&#8221; _builder_version=&#8221;4.27.4&#8243; _module_preset=&#8221;default&#8221; global_colors_info=&#8221;{}&#8221;][\/et_pb_image][\/et_pb_column][\/et_pb_row][et_pb_row use_custom_gutter=&#8221;on&#8221; gutter_width=&#8221;2&#8243; _builder_version=&#8221;4.27.4&#8243; _module_preset=&#8221;_initial&#8221; width=&#8221;100%&#8221; max_width=&#8221;80%&#8221; custom_margin=&#8221;2%||||false|false&#8221; box_shadow_style=&#8221;preset3&#8243; box_shadow_horizontal=&#8221;1px&#8221; box_shadow_vertical=&#8221;-7px&#8221; box_shadow_blur=&#8221;25px&#8221; box_shadow_spread=&#8221;-4px&#8221; box_shadow_color=&#8221;gcid-712ce228-6643-458b-9b78-5b147bf9ecfd&#8221; global_colors_info=&#8221;{%22gcid-712ce228-6643-458b-9b78-5b147bf9ecfd%22:%91%22box_shadow_color%22%93}&#8221;][et_pb_column type=&#8221;4_4&#8243; _builder_version=&#8221;4.24.3&#8243; _module_preset=&#8221;default&#8221; global_colors_info=&#8221;{}&#8221;][et_pb_video src=&#8221;https:\/\/www.youtube.com\/watch?v=kM3YiYYmRBI&#8221; _builder_version=&#8221;4.27.4&#8243; _module_preset=&#8221;default&#8221; custom_padding=&#8221;|3%||3%|false|true&#8221; global_colors_info=&#8221;{}&#8221;][\/et_pb_video][\/et_pb_column][\/et_pb_row][\/et_pb_section]<\/p>\n","protected":false},"excerpt":{"rendered":"<p>La nostra missione \u00e8 chiara: trasformare ogni evento in un\u2019esperienza unica, sicura e facilmente gestibile.Da questa visione \u00e8 nata la Events Business Unit di Global Tag, dedicata allo sviluppo di soluzioni RFID innovative pensate per semplificare l\u2019interazione degli ospiti, ottimizzare i processi organizzativi e garantire operazioni fluide dall\u2019inizio alla fine. Siamo al fianco dei nostri [&hellip;]<\/p>\n","protected":false},"author":1,"featured_media":0,"parent":284762,"menu_order":0,"comment_status":"closed","ping_status":"closed","template":"","meta":{"_acf_changed":false,"_et_pb_use_builder":"on","_et_pb_old_content":"","_et_gb_content_width":"","footnotes":""},"class_list":["post-284802","page","type-page","status-publish","hentry"],"acf":[],"yoast_head":"<!-- This site is optimized with the Yoast SEO Premium plugin v26.2 (Yoast SEO v27.4) - https:\/\/yoast.com\/product\/yoast-seo-premium-wordpress\/ -->\n<title>Chi Siamo - BU Eventi - Global Tag<\/title>\n<meta name=\"description\" content=\"Scopri come le soluzioni RFID rivoluzionano la gestione dei pagamenti durante gli eventi, offrendo esperienze fluide e senza attese.\" \/>\n<meta name=\"robots\" content=\"index, follow, max-snippet:-1, max-image-preview:large, max-video-preview:-1\" \/>\n<link rel=\"canonical\" href=\"https:\/\/www.global-tag.com\/it\/nfc-per-eventi\/chi-siamo-bu-eventi\/\" \/>\n<meta property=\"og:locale\" content=\"it_IT\" \/>\n<meta property=\"og:type\" content=\"article\" \/>\n<meta property=\"og:title\" content=\"Chi Siamo - BU Eventi\" \/>\n<meta property=\"og:description\" content=\"Scopri come le soluzioni RFID rivoluzionano la gestione dei pagamenti durante gli eventi, offrendo esperienze fluide e senza attese.\" \/>\n<meta property=\"og:site_name\" content=\"Global Tag\" \/>\n<meta property=\"article:modified_time\" content=\"2025-10-20T08:39:57+00:00\" \/>\n<meta name=\"twitter:card\" content=\"summary_large_image\" \/>\n<meta name=\"twitter:site\" content=\"@Global_Tag_RFID\" \/>\n<meta name=\"twitter:label1\" content=\"Tempo di lettura stimato\" \/>\n\t<meta name=\"twitter:data1\" content=\"2 minuti\" \/>\n<script type=\"application\/ld+json\" class=\"yoast-schema-graph\">{\"@context\":\"https:\\\/\\\/schema.org\",\"@graph\":[{\"@type\":\"WebPage\",\"@id\":\"https:\\\/\\\/www.global-tag.com\\\/it\\\/nfc-per-eventi\\\/chi-siamo-bu-eventi\\\/\",\"url\":\"https:\\\/\\\/www.global-tag.com\\\/it\\\/nfc-per-eventi\\\/chi-siamo-bu-eventi\\\/\",\"name\":\"Chi Siamo - BU Eventi - Global Tag\",\"isPartOf\":{\"@id\":\"https:\\\/\\\/www.global-tag.com\\\/#website\"},\"datePublished\":\"2025-09-01T09:09:15+00:00\",\"dateModified\":\"2025-10-20T08:39:57+00:00\",\"description\":\"Scopri come le soluzioni RFID rivoluzionano la gestione dei pagamenti durante gli eventi, offrendo esperienze fluide e senza attese.\",\"breadcrumb\":{\"@id\":\"https:\\\/\\\/www.global-tag.com\\\/it\\\/nfc-per-eventi\\\/chi-siamo-bu-eventi\\\/#breadcrumb\"},\"inLanguage\":\"it-IT\",\"potentialAction\":[{\"@type\":\"ReadAction\",\"target\":[\"https:\\\/\\\/www.global-tag.com\\\/it\\\/nfc-per-eventi\\\/chi-siamo-bu-eventi\\\/\"]}]},{\"@type\":\"BreadcrumbList\",\"@id\":\"https:\\\/\\\/www.global-tag.com\\\/it\\\/nfc-per-eventi\\\/chi-siamo-bu-eventi\\\/#breadcrumb\",\"itemListElement\":[{\"@type\":\"ListItem\",\"position\":1,\"name\":\"Home\",\"item\":\"https:\\\/\\\/www.global-tag.com\\\/\"},{\"@type\":\"ListItem\",\"position\":2,\"name\":\"NFC per eventi\",\"item\":\"https:\\\/\\\/www.global-tag.com\\\/it\\\/nfc-per-eventi\\\/\"},{\"@type\":\"ListItem\",\"position\":3,\"name\":\"Chi Siamo &#8211; BU Eventi\"}]},{\"@type\":\"WebSite\",\"@id\":\"https:\\\/\\\/www.global-tag.com\\\/#website\",\"url\":\"https:\\\/\\\/www.global-tag.com\\\/\",\"name\":\"Global Tag\",\"description\":\"\",\"publisher\":{\"@id\":\"https:\\\/\\\/www.global-tag.com\\\/#organization\"},\"potentialAction\":[{\"@type\":\"SearchAction\",\"target\":{\"@type\":\"EntryPoint\",\"urlTemplate\":\"https:\\\/\\\/www.global-tag.com\\\/?s={search_term_string}\"},\"query-input\":{\"@type\":\"PropertyValueSpecification\",\"valueRequired\":true,\"valueName\":\"search_term_string\"}}],\"inLanguage\":\"it-IT\"},{\"@type\":\"Organization\",\"@id\":\"https:\\\/\\\/www.global-tag.com\\\/#organization\",\"name\":\"Global Tag\",\"url\":\"https:\\\/\\\/www.global-tag.com\\\/\",\"logo\":{\"@type\":\"ImageObject\",\"inLanguage\":\"it-IT\",\"@id\":\"https:\\\/\\\/www.global-tag.com\\\/#\\\/schema\\\/logo\\\/image\\\/\",\"url\":\"https:\\\/\\\/www.global-tag.com\\\/wp-content\\\/uploads\\\/2024\\\/11\\\/GLOBAL-TAG-logo.ai_.png\",\"contentUrl\":\"https:\\\/\\\/www.global-tag.com\\\/wp-content\\\/uploads\\\/2024\\\/11\\\/GLOBAL-TAG-logo.ai_.png\",\"width\":1771,\"height\":825,\"caption\":\"Global Tag\"},\"image\":{\"@id\":\"https:\\\/\\\/www.global-tag.com\\\/#\\\/schema\\\/logo\\\/image\\\/\"},\"sameAs\":[\"https:\\\/\\\/x.com\\\/Global_Tag_RFID\",\"https:\\\/\\\/www.linkedin.com\\\/company\\\/global-tag-srl---rfid-tag-for-global-request\"]}]}<\/script>\n<!-- \/ Yoast SEO Premium plugin. -->","yoast_head_json":{"title":"Chi Siamo - BU Eventi - Global Tag","description":"Scopri come le soluzioni RFID rivoluzionano la gestione dei pagamenti durante gli eventi, offrendo esperienze fluide e senza attese.","robots":{"index":"index","follow":"follow","max-snippet":"max-snippet:-1","max-image-preview":"max-image-preview:large","max-video-preview":"max-video-preview:-1"},"canonical":"https:\/\/www.global-tag.com\/it\/nfc-per-eventi\/chi-siamo-bu-eventi\/","og_locale":"it_IT","og_type":"article","og_title":"Chi Siamo - BU Eventi","og_description":"Scopri come le soluzioni RFID rivoluzionano la gestione dei pagamenti durante gli eventi, offrendo esperienze fluide e senza attese.","og_site_name":"Global Tag","article_modified_time":"2025-10-20T08:39:57+00:00","twitter_card":"summary_large_image","twitter_site":"@Global_Tag_RFID","twitter_misc":{"Tempo di lettura stimato":"2 minuti"},"schema":{"@context":"https:\/\/schema.org","@graph":[{"@type":"WebPage","@id":"https:\/\/www.global-tag.com\/it\/nfc-per-eventi\/chi-siamo-bu-eventi\/","url":"https:\/\/www.global-tag.com\/it\/nfc-per-eventi\/chi-siamo-bu-eventi\/","name":"Chi Siamo - BU Eventi - Global Tag","isPartOf":{"@id":"https:\/\/www.global-tag.com\/#website"},"datePublished":"2025-09-01T09:09:15+00:00","dateModified":"2025-10-20T08:39:57+00:00","description":"Scopri come le soluzioni RFID rivoluzionano la gestione dei pagamenti durante gli eventi, offrendo esperienze fluide e senza attese.","breadcrumb":{"@id":"https:\/\/www.global-tag.com\/it\/nfc-per-eventi\/chi-siamo-bu-eventi\/#breadcrumb"},"inLanguage":"it-IT","potentialAction":[{"@type":"ReadAction","target":["https:\/\/www.global-tag.com\/it\/nfc-per-eventi\/chi-siamo-bu-eventi\/"]}]},{"@type":"BreadcrumbList","@id":"https:\/\/www.global-tag.com\/it\/nfc-per-eventi\/chi-siamo-bu-eventi\/#breadcrumb","itemListElement":[{"@type":"ListItem","position":1,"name":"Home","item":"https:\/\/www.global-tag.com\/"},{"@type":"ListItem","position":2,"name":"NFC per eventi","item":"https:\/\/www.global-tag.com\/it\/nfc-per-eventi\/"},{"@type":"ListItem","position":3,"name":"Chi Siamo &#8211; BU Eventi"}]},{"@type":"WebSite","@id":"https:\/\/www.global-tag.com\/#website","url":"https:\/\/www.global-tag.com\/","name":"Global Tag","description":"","publisher":{"@id":"https:\/\/www.global-tag.com\/#organization"},"potentialAction":[{"@type":"SearchAction","target":{"@type":"EntryPoint","urlTemplate":"https:\/\/www.global-tag.com\/?s={search_term_string}"},"query-input":{"@type":"PropertyValueSpecification","valueRequired":true,"valueName":"search_term_string"}}],"inLanguage":"it-IT"},{"@type":"Organization","@id":"https:\/\/www.global-tag.com\/#organization","name":"Global Tag","url":"https:\/\/www.global-tag.com\/","logo":{"@type":"ImageObject","inLanguage":"it-IT","@id":"https:\/\/www.global-tag.com\/#\/schema\/logo\/image\/","url":"https:\/\/www.global-tag.com\/wp-content\/uploads\/2024\/11\/GLOBAL-TAG-logo.ai_.png","contentUrl":"https:\/\/www.global-tag.com\/wp-content\/uploads\/2024\/11\/GLOBAL-TAG-logo.ai_.png","width":1771,"height":825,"caption":"Global Tag"},"image":{"@id":"https:\/\/www.global-tag.com\/#\/schema\/logo\/image\/"},"sameAs":["https:\/\/x.com\/Global_Tag_RFID","https:\/\/www.linkedin.com\/company\/global-tag-srl---rfid-tag-for-global-request"]}]}},"_links":{"self":[{"href":"https:\/\/www.global-tag.com\/it\/wp-json\/wp\/v2\/pages\/284802","targetHints":{"allow":["GET"]}}],"collection":[{"href":"https:\/\/www.global-tag.com\/it\/wp-json\/wp\/v2\/pages"}],"about":[{"href":"https:\/\/www.global-tag.com\/it\/wp-json\/wp\/v2\/types\/page"}],"author":[{"embeddable":true,"href":"https:\/\/www.global-tag.com\/it\/wp-json\/wp\/v2\/users\/1"}],"replies":[{"embeddable":true,"href":"https:\/\/www.global-tag.com\/it\/wp-json\/wp\/v2\/comments?post=284802"}],"version-history":[{"count":5,"href":"https:\/\/www.global-tag.com\/it\/wp-json\/wp\/v2\/pages\/284802\/revisions"}],"predecessor-version":[{"id":284817,"href":"https:\/\/www.global-tag.com\/it\/wp-json\/wp\/v2\/pages\/284802\/revisions\/284817"}],"up":[{"embeddable":true,"href":"https:\/\/www.global-tag.com\/it\/wp-json\/wp\/v2\/pages\/284762"}],"wp:attachment":[{"href":"https:\/\/www.global-tag.com\/it\/wp-json\/wp\/v2\/media?parent=284802"}],"curies":[{"name":"wp","href":"https:\/\/api.w.org\/{rel}","templated":true}]}}