{"id":279208,"date":"2025-06-16T10:06:25","date_gmt":"2025-06-16T08:06:25","guid":{"rendered":"https:\/\/www.global-tag.com\/rfid-apparel-solutions-hub\/rfid-services-for-apparel-retail\/"},"modified":"2025-07-22T09:49:08","modified_gmt":"2025-07-22T07:49:08","slug":"servizi-rfid-per-apparel-retail","status":"publish","type":"page","link":"https:\/\/www.global-tag.com\/it\/apparel-solutions-hub-soluzioni-rfid-eas\/servizi-rfid-per-apparel-retail\/","title":{"rendered":"Servizi RFID per apparel retail"},"content":{"rendered":"<p>[et_pb_section fb_built=&#8221;1&#8243; _builder_version=&#8221;4.27.4&#8243; _module_preset=&#8221;default&#8221; background_enable_color=&#8221;off&#8221; background_image=&#8221;https:\/\/www.global-tag.com\/wp-content\/uploads\/2025\/06\/SERVICES-RETAIL.png&#8221; custom_padding=&#8221;0%||10%||false|false&#8221; top_divider_style=&#8221;arrow&#8221; top_divider_color=&#8221;gcid-4c898ad5-7012-4de3-8d90-316b399d5d9d&#8221; top_divider_height=&#8221;122px&#8221; bottom_divider_color=&#8221;#E4254A&#8221; bottom_divider_height=&#8221;130px&#8221; global_colors_info=&#8221;{%22gcid-4c898ad5-7012-4de3-8d90-316b399d5d9d%22:%91%22top_divider_color%22%93}&#8221;][et_pb_row _builder_version=&#8221;4.24.2&#8243; _module_preset=&#8221;9f1baad1-7a02-4a00-97e0-ffbb41c307aa&#8221; background_color=&#8221;RGBA(255,255,255,0)&#8221; custom_padding=&#8221;||3%||false|false&#8221; global_colors_info=&#8221;{}&#8221;][et_pb_column type=&#8221;4_4&#8243; _builder_version=&#8221;4.24.2&#8243; _module_preset=&#8221;default&#8221; global_colors_info=&#8221;{}&#8221;][et_pb_heading title=&#8221;SERVIZI RFID PER APPAREL RETAIL&#8221; _builder_version=&#8221;4.27.4&#8243; _module_preset=&#8221;default&#8221; title_font=&#8221;|800|||||||&#8221; title_text_align=&#8221;center&#8221; title_font_size=&#8221;35px&#8221; background_enable_color=&#8221;off&#8221; custom_margin=&#8221;||0%||false|false&#8221; custom_padding=&#8221;0%||1%||false|false&#8221; global_colors_info=&#8221;{}&#8221;][\/et_pb_heading][et_pb_heading title=&#8221;Possiamo aiutarvi a scegliere la soluzione RFID, EAS o combinata pi\u00f9 adatta alle vostre esigenze di vendita al dettaglio di abbigliamento, sia per la tracciabilit\u00e0 dei prodotti, sia per la protezione antitaccheggio, sia per la completa integrazione nella catena di fornitura e nelle operazioni di negozio&#8221; _builder_version=&#8221;4.27.4&#8243; _module_preset=&#8221;default&#8221; title_level=&#8221;h3&#8243; title_text_align=&#8221;center&#8221; title_line_height=&#8221;1.2em&#8221; background_color=&#8221;rgba(27,42,65,0.71)&#8221; width=&#8221;80%&#8221; module_alignment=&#8221;center&#8221; custom_margin=&#8221;8%||1%||false|false&#8221; custom_padding=&#8221;1%|8%|0%|8%|false|false&#8221; global_colors_info=&#8221;{}&#8221;][\/et_pb_heading][\/et_pb_column][\/et_pb_row][\/et_pb_section][et_pb_section fb_built=&#8221;1&#8243; admin_label=&#8221;Standard Label&#8221; _builder_version=&#8221;4.27.4&#8243; _module_preset=&#8221;default&#8221; background_enable_color=&#8221;off&#8221; use_background_color_gradient=&#8221;on&#8221; background_color_gradient_direction=&#8221;1deg&#8221; background_color_gradient_stops=&#8221;rgba(229,229,229,0.89) 0%|#ffffff 100%&#8221; max_width=&#8221;80%&#8221; module_alignment=&#8221;center&#8221; custom_margin=&#8221;3%||3%||false|false&#8221; custom_padding=&#8221;2%||4%||false|false&#8221; top_divider_color=&#8221;gcid-f40cdaa6-7814-476f-95ad-6742e88d94af&#8221; top_divider_height=&#8221;51px&#8221; box_shadow_style=&#8221;preset3&#8243; box_shadow_vertical=&#8221;0px&#8221; box_shadow_blur=&#8221;23px&#8221; box_shadow_color=&#8221;gcid-4c898ad5-7012-4de3-8d90-316b399d5d9d&#8221; locked=&#8221;off&#8221; global_colors_info=&#8221;{%22gcid-primary-color%22:%91%22top_divider_color%22%93,%22gcid-4c898ad5-7012-4de3-8d90-316b399d5d9d%22:%91%22box_shadow_color%22%93,%22gcid-f40cdaa6-7814-476f-95ad-6742e88d94af%22:%91%22top_divider_color%22,%22box_shadow_color%22%93}&#8221;][et_pb_row column_structure=&#8221;1_2,1_2&#8243; _builder_version=&#8221;4.27.4&#8243; _module_preset=&#8221;default&#8221; background_image=&#8221;https:\/\/www.global-tag.com\/wp-content\/uploads\/2025\/06\/customization-retail-1.png&#8221; width=&#8221;100%&#8221; max_width=&#8221;90%&#8221; custom_margin=&#8221;2%||4%||false|false&#8221; custom_padding=&#8221;10%||8%||false|false&#8221; global_colors_info=&#8221;{}&#8221;][et_pb_column type=&#8221;1_2&#8243; _builder_version=&#8221;4.24.2&#8243; _module_preset=&#8221;default&#8221; global_colors_info=&#8221;{}&#8221;][\/et_pb_column][et_pb_column type=&#8221;1_2&#8243; _builder_version=&#8221;4.24.2&#8243; _module_preset=&#8221;default&#8221; global_colors_info=&#8221;{}&#8221;][et_pb_heading title=&#8221;Personalizzazione &#8221; _builder_version=&#8221;4.27.4&#8243; _module_preset=&#8221;default&#8221; title_level=&#8221;h2&#8243; title_text_color=&#8221;gcid-4c898ad5-7012-4de3-8d90-316b399d5d9d&#8221; custom_padding=&#8221;|||10%|false|false&#8221; global_colors_info=&#8221;{%22gcid-4c898ad5-7012-4de3-8d90-316b399d5d9d%22:%91%22title_text_color%22%93}&#8221;][\/et_pb_heading][et_pb_text _builder_version=&#8221;4.27.4&#8243; _module_preset=&#8221;default&#8221; text_text_color=&#8221;RGBA(0,0,0,0.71)&#8221; text_font_size=&#8221;17px&#8221; module_alignment=&#8221;center&#8221; min_height=&#8221;102.8px&#8221; custom_margin=&#8221;||||false|false&#8221; custom_padding=&#8221;27px|2%||10%|false|false&#8221; global_colors_info=&#8221;{}&#8221;]<\/p>\n<p style=\"text-align: justify;\">Ogni brand ha le sue esigenze, ogni capo la sua identit\u00e0. \u00c8 per questo motivo che offriamo un servizio di personalizzazione completo, che parte dalla scelta del tag pi\u00f9 adatto in termini di forma, materiale, dimensioni e tecnologia (RFID HF\/UHF o EAS). L\u2019obiettivo \u00e8 garantire massima integrazione con il prodotto, sia a livello tecnico che estetico. La personalizzazione include anche l\u2019aspetto grafico: stampa del logo, codici a barre, QR code, numerazioni e molto altro. Tutto \u00e8 progettato per essere funzionale, duraturo e coerente con l\u2019identit\u00e0 del marchio, assicurando al tempo stesso performance elevate e piena compatibilit\u00e0 con i sistemi esistenti.<\/p>\n<p style=\"text-align: justify;\">[\/et_pb_text][\/et_pb_column][\/et_pb_row][et_pb_row column_structure=&#8221;1_2,1_2&#8243; _builder_version=&#8221;4.27.4&#8243; _module_preset=&#8221;default&#8221; background_image=&#8221;https:\/\/www.global-tag.com\/wp-content\/uploads\/2025\/06\/printing-retail.png&#8221; width=&#8221;100%&#8221; max_width=&#8221;90%&#8221; custom_margin=&#8221;2%||4%||false|false&#8221; custom_padding=&#8221;12%||12%||false|false&#8221; global_colors_info=&#8221;{}&#8221;][et_pb_column type=&#8221;1_2&#8243; _builder_version=&#8221;4.24.2&#8243; _module_preset=&#8221;default&#8221; global_colors_info=&#8221;{}&#8221;][et_pb_heading title=&#8221;Stampa, codifica, laseratura&#8221; _builder_version=&#8221;4.27.4&#8243; _module_preset=&#8221;default&#8221; title_level=&#8221;h2&#8243; title_text_color=&#8221;gcid-4c898ad5-7012-4de3-8d90-316b399d5d9d&#8221; custom_padding=&#8221;|||2%|false|false&#8221; global_colors_info=&#8221;{%22gcid-4c898ad5-7012-4de3-8d90-316b399d5d9d%22:%91%22title_text_color%22%93,%22gcid-primary-color%22:%91%22title_text_color%22%93}&#8221;][\/et_pb_heading][et_pb_text _builder_version=&#8221;4.27.4&#8243; _module_preset=&#8221;default&#8221; text_text_color=&#8221;RGBA(0,0,0,0.71)&#8221; text_font_size=&#8221;17px&#8221; module_alignment=&#8221;center&#8221; min_height=&#8221;102.8px&#8221; custom_margin=&#8221;||||false|false&#8221; custom_padding=&#8221;|12%||2%|false|false&#8221; global_colors_info=&#8221;{}&#8221;]<\/p>\n<p style=\"text-align: justify;\">Offriamo un servizio completo di stampa e codifica dei tag. A partire dai dati forniti dal cliente (EPC, TID, numeri seriali, codici personalizzati), effettuiamo la codifica delle memorie RFID e la stampa di tutte le informazioni visive necessarie, comprese istruzioni di lavaggio, loghi, barcode e informazioni commerciali. Oltre alla stampa, possiamo eseguire la marcatura laser su supporti rigidi, utile per identificazioni permanenti e resistenti a condizioni estreme (es. lavanderie industriali). Il risultato consiste in tag completamente personalizzati, gi\u00e0 pronti per essere applicati sul capo o sull\u2019accessorio, con un notevole risparmio di tempo e risorse nella fase di confezionamento o distribuzione.<\/p>\n<p>[\/et_pb_text][\/et_pb_column][et_pb_column type=&#8221;1_2&#8243; _builder_version=&#8221;4.24.2&#8243; _module_preset=&#8221;default&#8221; global_colors_info=&#8221;{}&#8221;][\/et_pb_column][\/et_pb_row][et_pb_row _builder_version=&#8221;4.27.4&#8243; _module_preset=&#8221;default&#8221; background_image=&#8221;https:\/\/www.global-tag.com\/wp-content\/uploads\/2025\/06\/technical-support.png&#8221; width=&#8221;100%&#8221; max_width=&#8221;90%&#8221; custom_margin=&#8221;2%||4%||false|false&#8221; custom_padding=&#8221;12%||12%||false|false&#8221; global_colors_info=&#8221;{}&#8221;][et_pb_column type=&#8221;4_4&#8243; _builder_version=&#8221;4.24.2&#8243; _module_preset=&#8221;default&#8221; global_colors_info=&#8221;{}&#8221;][et_pb_heading title=&#8221;Supporto tecnico e consulenza &#8221; _builder_version=&#8221;4.27.4&#8243; _module_preset=&#8221;default&#8221; title_level=&#8221;h2&#8243; title_text_align=&#8221;center&#8221; title_text_color=&#8221;gcid-4c898ad5-7012-4de3-8d90-316b399d5d9d&#8221; background_color=&#8221;rgba(255,255,255,0.71)&#8221; max_width=&#8221;95%&#8221; module_alignment=&#8221;center&#8221; custom_padding=&#8221;1%|||2%|false|false&#8221; global_colors_info=&#8221;{%22gcid-4c898ad5-7012-4de3-8d90-316b399d5d9d%22:%91%22title_text_color%22%93}&#8221;][\/et_pb_heading][et_pb_text _builder_version=&#8221;4.27.4&#8243; _module_preset=&#8221;default&#8221; text_text_color=&#8221;RGBA(0,0,0,0.71)&#8221; text_font_size=&#8221;17px&#8221; background_color=&#8221;rgba(255,255,255,0.63)&#8221; text_orientation=&#8221;center&#8221; max_width=&#8221;90%&#8221; module_alignment=&#8221;center&#8221; min_height=&#8221;102.8px&#8221; custom_margin=&#8221;||||false|true&#8221; custom_padding=&#8221;2%|2%|2%|2%|false|false&#8221; global_colors_info=&#8221;{}&#8221;]<\/p>\n<p>Ogni progetto RFID o EAS ha successo solo se integrato correttamente nei flussi di lavoro del cliente. Per questo offriamo un servizio di consulenza tecnica che inizia sin dalle prime fasi di analisi e selezione della tecnologia pi\u00f9 adatta.<\/p>\n<p>Valutiamo insieme al cliente la tipologia di tag, la modalit\u00e0 di applicazione, le condizioni ambientali (lavaggi, attriti, piegature), i lettori e i sistemi gestionali in uso. Il nostro team supporta test preliminari, prototipazioni e fornisce assistenza fino alla piena integrazione del sistema.<\/p>\n<p>Sia che si tratti di inventario automatico in punto vendita, tracciabilit\u00e0 di capi in lavanderia o sicurezza in negozio, lavoriamo al fianco del cliente per rendere la tecnologia un vero vantaggio operativo.<\/p>\n<p>[\/et_pb_text][\/et_pb_column][\/et_pb_row][\/et_pb_section]<\/p>\n","protected":false},"excerpt":{"rendered":"<p>Ogni brand ha le sue esigenze, ogni capo la sua identit\u00e0. \u00c8 per questo motivo che offriamo un servizio di personalizzazione completo, che parte dalla scelta del tag pi\u00f9 adatto in termini di forma, materiale, dimensioni e tecnologia (RFID HF\/UHF o EAS). L\u2019obiettivo \u00e8 garantire massima integrazione con il prodotto, sia a livello tecnico che [&hellip;]<\/p>\n","protected":false},"author":3,"featured_media":0,"parent":279186,"menu_order":0,"comment_status":"closed","ping_status":"closed","template":"","meta":{"_acf_changed":false,"_et_pb_use_builder":"on","_et_pb_old_content":"","_et_gb_content_width":"","footnotes":""},"class_list":["post-279208","page","type-page","status-publish","hentry"],"acf":[],"yoast_head":"<!-- This site is optimized with the Yoast SEO Premium plugin v26.2 (Yoast SEO v27.3) - https:\/\/yoast.com\/product\/yoast-seo-premium-wordpress\/ -->\n<title>Servizi RFID per apparel retail - Global Tag<\/title>\n<meta name=\"description\" content=\"Servizi RFID per il settore apparel retail: consulenza, progettazione, test e supporto per integrare soluzioni smart.\" \/>\n<meta name=\"robots\" content=\"index, follow, max-snippet:-1, max-image-preview:large, max-video-preview:-1\" \/>\n<link rel=\"canonical\" href=\"https:\/\/www.global-tag.com\/rfid-apparel-solutions-hub\/rfid-services-for-apparel-retail\/\" \/>\n<meta property=\"og:locale\" content=\"it_IT\" \/>\n<meta property=\"og:type\" content=\"article\" \/>\n<meta property=\"og:title\" content=\"Servizi RFID per apparel retail\" \/>\n<meta property=\"og:description\" content=\"Servizi RFID per il settore apparel retail: consulenza, progettazione, test e supporto per integrare soluzioni smart.\" \/>\n<meta property=\"og:site_name\" content=\"Global Tag\" \/>\n<meta property=\"article:modified_time\" content=\"2025-07-22T07:49:08+00:00\" \/>\n<meta name=\"twitter:card\" content=\"summary_large_image\" \/>\n<meta name=\"twitter:site\" content=\"@Global_Tag_RFID\" \/>\n<meta name=\"twitter:label1\" content=\"Tempo di lettura stimato\" \/>\n\t<meta name=\"twitter:data1\" content=\"2 minuti\" \/>\n<script type=\"application\/ld+json\" class=\"yoast-schema-graph\">{\"@context\":\"https:\\\/\\\/schema.org\",\"@graph\":[{\"@type\":\"WebPage\",\"@id\":\"https:\\\/\\\/www.global-tag.com\\\/rfid-apparel-solutions-hub\\\/rfid-services-for-apparel-retail\\\/\",\"url\":\"https:\\\/\\\/www.global-tag.com\\\/rfid-apparel-solutions-hub\\\/rfid-services-for-apparel-retail\\\/\",\"name\":\"Servizi RFID per apparel retail - Global Tag\",\"isPartOf\":{\"@id\":\"https:\\\/\\\/www.global-tag.com\\\/#website\"},\"datePublished\":\"2025-06-16T08:06:25+00:00\",\"dateModified\":\"2025-07-22T07:49:08+00:00\",\"description\":\"Servizi RFID per il settore apparel retail: consulenza, progettazione, test e supporto per integrare soluzioni smart.\",\"breadcrumb\":{\"@id\":\"https:\\\/\\\/www.global-tag.com\\\/rfid-apparel-solutions-hub\\\/rfid-services-for-apparel-retail\\\/#breadcrumb\"},\"inLanguage\":\"it-IT\",\"potentialAction\":[{\"@type\":\"ReadAction\",\"target\":[\"https:\\\/\\\/www.global-tag.com\\\/rfid-apparel-solutions-hub\\\/rfid-services-for-apparel-retail\\\/\"]}]},{\"@type\":\"BreadcrumbList\",\"@id\":\"https:\\\/\\\/www.global-tag.com\\\/rfid-apparel-solutions-hub\\\/rfid-services-for-apparel-retail\\\/#breadcrumb\",\"itemListElement\":[{\"@type\":\"ListItem\",\"position\":1,\"name\":\"Home\",\"item\":\"https:\\\/\\\/www.global-tag.com\\\/\"},{\"@type\":\"ListItem\",\"position\":2,\"name\":\"Apparel Solutions Hub \u2013 Soluzioni RFID &#038; EAS\",\"item\":\"https:\\\/\\\/www.global-tag.com\\\/rfid-apparel-solutions-hub\\\/\"},{\"@type\":\"ListItem\",\"position\":3,\"name\":\"Servizi RFID per apparel retail\"}]},{\"@type\":\"WebSite\",\"@id\":\"https:\\\/\\\/www.global-tag.com\\\/#website\",\"url\":\"https:\\\/\\\/www.global-tag.com\\\/\",\"name\":\"Global Tag\",\"description\":\"\",\"publisher\":{\"@id\":\"https:\\\/\\\/www.global-tag.com\\\/#organization\"},\"potentialAction\":[{\"@type\":\"SearchAction\",\"target\":{\"@type\":\"EntryPoint\",\"urlTemplate\":\"https:\\\/\\\/www.global-tag.com\\\/?s={search_term_string}\"},\"query-input\":{\"@type\":\"PropertyValueSpecification\",\"valueRequired\":true,\"valueName\":\"search_term_string\"}}],\"inLanguage\":\"it-IT\"},{\"@type\":\"Organization\",\"@id\":\"https:\\\/\\\/www.global-tag.com\\\/#organization\",\"name\":\"Global Tag\",\"url\":\"https:\\\/\\\/www.global-tag.com\\\/\",\"logo\":{\"@type\":\"ImageObject\",\"inLanguage\":\"it-IT\",\"@id\":\"https:\\\/\\\/www.global-tag.com\\\/#\\\/schema\\\/logo\\\/image\\\/\",\"url\":\"https:\\\/\\\/www.global-tag.com\\\/wp-content\\\/uploads\\\/2024\\\/11\\\/GLOBAL-TAG-logo.ai_.png\",\"contentUrl\":\"https:\\\/\\\/www.global-tag.com\\\/wp-content\\\/uploads\\\/2024\\\/11\\\/GLOBAL-TAG-logo.ai_.png\",\"width\":1771,\"height\":825,\"caption\":\"Global Tag\"},\"image\":{\"@id\":\"https:\\\/\\\/www.global-tag.com\\\/#\\\/schema\\\/logo\\\/image\\\/\"},\"sameAs\":[\"https:\\\/\\\/x.com\\\/Global_Tag_RFID\",\"https:\\\/\\\/www.linkedin.com\\\/company\\\/global-tag-srl---rfid-tag-for-global-request\"]}]}<\/script>\n<!-- \/ Yoast SEO Premium plugin. -->","yoast_head_json":{"title":"Servizi RFID per apparel retail - Global Tag","description":"Servizi RFID per il settore apparel retail: consulenza, progettazione, test e supporto per integrare soluzioni smart.","robots":{"index":"index","follow":"follow","max-snippet":"max-snippet:-1","max-image-preview":"max-image-preview:large","max-video-preview":"max-video-preview:-1"},"canonical":"https:\/\/www.global-tag.com\/rfid-apparel-solutions-hub\/rfid-services-for-apparel-retail\/","og_locale":"it_IT","og_type":"article","og_title":"Servizi RFID per apparel retail","og_description":"Servizi RFID per il settore apparel retail: consulenza, progettazione, test e supporto per integrare soluzioni smart.","og_site_name":"Global Tag","article_modified_time":"2025-07-22T07:49:08+00:00","twitter_card":"summary_large_image","twitter_site":"@Global_Tag_RFID","twitter_misc":{"Tempo di lettura stimato":"2 minuti"},"schema":{"@context":"https:\/\/schema.org","@graph":[{"@type":"WebPage","@id":"https:\/\/www.global-tag.com\/rfid-apparel-solutions-hub\/rfid-services-for-apparel-retail\/","url":"https:\/\/www.global-tag.com\/rfid-apparel-solutions-hub\/rfid-services-for-apparel-retail\/","name":"Servizi RFID per apparel retail - Global Tag","isPartOf":{"@id":"https:\/\/www.global-tag.com\/#website"},"datePublished":"2025-06-16T08:06:25+00:00","dateModified":"2025-07-22T07:49:08+00:00","description":"Servizi RFID per il settore apparel retail: consulenza, progettazione, test e supporto per integrare soluzioni smart.","breadcrumb":{"@id":"https:\/\/www.global-tag.com\/rfid-apparel-solutions-hub\/rfid-services-for-apparel-retail\/#breadcrumb"},"inLanguage":"it-IT","potentialAction":[{"@type":"ReadAction","target":["https:\/\/www.global-tag.com\/rfid-apparel-solutions-hub\/rfid-services-for-apparel-retail\/"]}]},{"@type":"BreadcrumbList","@id":"https:\/\/www.global-tag.com\/rfid-apparel-solutions-hub\/rfid-services-for-apparel-retail\/#breadcrumb","itemListElement":[{"@type":"ListItem","position":1,"name":"Home","item":"https:\/\/www.global-tag.com\/"},{"@type":"ListItem","position":2,"name":"Apparel Solutions Hub \u2013 Soluzioni RFID &#038; EAS","item":"https:\/\/www.global-tag.com\/rfid-apparel-solutions-hub\/"},{"@type":"ListItem","position":3,"name":"Servizi RFID per apparel retail"}]},{"@type":"WebSite","@id":"https:\/\/www.global-tag.com\/#website","url":"https:\/\/www.global-tag.com\/","name":"Global Tag","description":"","publisher":{"@id":"https:\/\/www.global-tag.com\/#organization"},"potentialAction":[{"@type":"SearchAction","target":{"@type":"EntryPoint","urlTemplate":"https:\/\/www.global-tag.com\/?s={search_term_string}"},"query-input":{"@type":"PropertyValueSpecification","valueRequired":true,"valueName":"search_term_string"}}],"inLanguage":"it-IT"},{"@type":"Organization","@id":"https:\/\/www.global-tag.com\/#organization","name":"Global Tag","url":"https:\/\/www.global-tag.com\/","logo":{"@type":"ImageObject","inLanguage":"it-IT","@id":"https:\/\/www.global-tag.com\/#\/schema\/logo\/image\/","url":"https:\/\/www.global-tag.com\/wp-content\/uploads\/2024\/11\/GLOBAL-TAG-logo.ai_.png","contentUrl":"https:\/\/www.global-tag.com\/wp-content\/uploads\/2024\/11\/GLOBAL-TAG-logo.ai_.png","width":1771,"height":825,"caption":"Global Tag"},"image":{"@id":"https:\/\/www.global-tag.com\/#\/schema\/logo\/image\/"},"sameAs":["https:\/\/x.com\/Global_Tag_RFID","https:\/\/www.linkedin.com\/company\/global-tag-srl---rfid-tag-for-global-request"]}]}},"_links":{"self":[{"href":"https:\/\/www.global-tag.com\/it\/wp-json\/wp\/v2\/pages\/279208","targetHints":{"allow":["GET"]}}],"collection":[{"href":"https:\/\/www.global-tag.com\/it\/wp-json\/wp\/v2\/pages"}],"about":[{"href":"https:\/\/www.global-tag.com\/it\/wp-json\/wp\/v2\/types\/page"}],"author":[{"embeddable":true,"href":"https:\/\/www.global-tag.com\/it\/wp-json\/wp\/v2\/users\/3"}],"replies":[{"embeddable":true,"href":"https:\/\/www.global-tag.com\/it\/wp-json\/wp\/v2\/comments?post=279208"}],"version-history":[{"count":22,"href":"https:\/\/www.global-tag.com\/it\/wp-json\/wp\/v2\/pages\/279208\/revisions"}],"predecessor-version":[{"id":282158,"href":"https:\/\/www.global-tag.com\/it\/wp-json\/wp\/v2\/pages\/279208\/revisions\/282158"}],"up":[{"embeddable":true,"href":"https:\/\/www.global-tag.com\/it\/wp-json\/wp\/v2\/pages\/279186"}],"wp:attachment":[{"href":"https:\/\/www.global-tag.com\/it\/wp-json\/wp\/v2\/media?parent=279208"}],"curies":[{"name":"wp","href":"https:\/\/api.w.org\/{rel}","templated":true}]}}