{"id":279196,"date":"2025-06-16T10:00:16","date_gmt":"2025-06-16T08:00:16","guid":{"rendered":"https:\/\/www.global-tag.com\/rfid-apparel-solutions-hub\/about-apparel-solutions-hub\/"},"modified":"2025-07-22T09:53:30","modified_gmt":"2025-07-22T07:53:30","slug":"chi-siamo-apparel-retail","status":"publish","type":"page","link":"https:\/\/www.global-tag.com\/it\/apparel-solutions-hub-soluzioni-rfid-eas\/chi-siamo-apparel-retail\/","title":{"rendered":"Chi siamo Apparel Retail"},"content":{"rendered":"<p>[et_pb_section fb_built=&#8221;1&#8243; _builder_version=&#8221;4.27.4&#8243; _module_preset=&#8221;default&#8221; background_enable_color=&#8221;off&#8221; background_image=&#8221;https:\/\/www.global-tag.com\/wp-content\/uploads\/2025\/06\/ABOUT-US-RETAIL-1.png&#8221; custom_padding=&#8221;0%||0%||false|false&#8221; top_divider_style=&#8221;arrow&#8221; top_divider_color=&#8221;gcid-4c898ad5-7012-4de3-8d90-316b399d5d9d&#8221; top_divider_height=&#8221;94px&#8221; bottom_divider_style=&#8221;ramp2&#8243; bottom_divider_color=&#8221;gcid-4c898ad5-7012-4de3-8d90-316b399d5d9d&#8221; bottom_divider_height=&#8221;104px&#8221; global_colors_info=&#8221;{%22gcid-4c898ad5-7012-4de3-8d90-316b399d5d9d%22:%91%22bottom_divider_color%22%93}&#8221;][et_pb_row _builder_version=&#8221;4.24.2&#8243; _module_preset=&#8221;9f1baad1-7a02-4a00-97e0-ffbb41c307aa&#8221; background_color=&#8221;RGBA(255,255,255,0)&#8221; custom_padding=&#8221;||3%||false|false&#8221; global_colors_info=&#8221;{}&#8221;][et_pb_column type=&#8221;4_4&#8243; _builder_version=&#8221;4.24.2&#8243; _module_preset=&#8221;default&#8221; global_colors_info=&#8221;{}&#8221;][et_pb_heading title=&#8221;chi siamo&#8221; _builder_version=&#8221;4.27.4&#8243; _module_preset=&#8221;default&#8221; title_font=&#8221;|800|||||||&#8221; title_text_align=&#8221;center&#8221; title_font_size=&#8221;35px&#8221; background_enable_color=&#8221;off&#8221; custom_margin=&#8221;||0%||false|false&#8221; custom_padding=&#8221;0%||1%||false|false&#8221; global_colors_info=&#8221;{}&#8221;][\/et_pb_heading][et_pb_heading title=&#8221;Apparel Solutions Hub \u00e8 stata creata per fornire soluzioni RFID ed EAS intelligenti e personalizzate, incentrate sulla tracciabilit\u00e0 degli articoli, sulla protezione dei prodotti e sulla perfetta integrazione nei moderni flussi di lavoro del settore dell&#8217;abbigliamento&#8221; _builder_version=&#8221;4.27.4&#8243; _module_preset=&#8221;default&#8221; title_level=&#8221;h3&#8243; title_text_align=&#8221;center&#8221; title_text_color=&#8221;#FFFFFF&#8221; title_line_height=&#8221;1.2em&#8221; background_color=&#8221;rgba(27,42,65,0.71)&#8221; width=&#8221;80%&#8221; module_alignment=&#8221;center&#8221; custom_margin=&#8221;7%||7%||false|false&#8221; custom_padding=&#8221;2%|2%|1%|2%|false|false&#8221; global_colors_info=&#8221;{}&#8221;][\/et_pb_heading][\/et_pb_column][\/et_pb_row][\/et_pb_section][et_pb_section fb_built=&#8221;1&#8243; admin_label=&#8221;Standard Label&#8221; _builder_version=&#8221;4.27.4&#8243; _module_preset=&#8221;default&#8221; background_enable_color=&#8221;off&#8221; width=&#8221;99.7%&#8221; custom_margin=&#8221;0%||0%||false|false&#8221; custom_padding=&#8221;2%||4%||false|false&#8221; top_divider_style=&#8221;slant2&#8243; top_divider_color=&#8221;gcid-4c898ad5-7012-4de3-8d90-316b399d5d9d&#8221; top_divider_height=&#8221;51px&#8221; locked=&#8221;off&#8221; global_colors_info=&#8221;{%22gcid-4c898ad5-7012-4de3-8d90-316b399d5d9d%22:%91%22top_divider_color%22%93}&#8221;][et_pb_row column_structure=&#8221;3_5,2_5&#8243; use_custom_gutter=&#8221;on&#8221; gutter_width=&#8221;2&#8243; _builder_version=&#8221;4.27.4&#8243; _module_preset=&#8221;_initial&#8221; width=&#8221;100%&#8221; max_width=&#8221;80%&#8221; module_alignment=&#8221;center&#8221; custom_margin=&#8221;0%||||false|false&#8221; box_shadow_style=&#8221;preset3&#8243; box_shadow_vertical=&#8221;4px&#8221; box_shadow_spread=&#8221;-1px&#8221; box_shadow_color=&#8221;gcid-4c898ad5-7012-4de3-8d90-316b399d5d9d&#8221; global_colors_info=&#8221;{%22gcid-4c898ad5-7012-4de3-8d90-316b399d5d9d%22:%91%22box_shadow_color%22%93}&#8221;][et_pb_column type=&#8221;3_5&#8243; _builder_version=&#8221;4.24.3&#8243; _module_preset=&#8221;default&#8221; global_colors_info=&#8221;{}&#8221;][et_pb_text _builder_version=&#8221;4.27.4&#8243; _module_preset=&#8221;default&#8221; quote_font=&#8221;||||||||&#8221; quote_text_align=&#8221;justify&#8221; text_orientation=&#8221;justified&#8221; custom_margin=&#8221;5px||||false|false&#8221; custom_padding=&#8221;|||3%|true|false&#8221; global_colors_info=&#8221;{}&#8221;]<\/p>\n<p><strong>Apparel Solutions Hub <\/strong>\u00e8 la business unit dedicata allo sviluppo di soluzioni intelligenti, flessibili e personalizzate per il mondo dell\u2019apparel retail. Dall\u2019abbigliamento agli accessori, dalla tracciabilit\u00e0 degli articoli alla gestione completa del ciclo di vita del prodotto \u2014 compresi i servizi di lavanderia e cura del tessile \u2014 progettiamo e forniamo tag RFID &amp; EAS che uniscono innovazione, efficienza e attenzione allo stile.<\/p>\n<p>Affianchiamo alla tecnologia RFID anche soluzioni EAS per la protezione degli articoli e la sicurezza nei punti vendita, garantendo un controllo completo a livello di singolo prodotto. La nostra offerta risponde alle esigenze di un mercato in continua evoluzione, dove l\u2019affidabilit\u00e0 dei sistemi e la rapidit\u00e0 di lettura si traducono in vantaggi concreti per il business.<\/p>\n<p>Con un forte orientamento al cliente e una competenza verticale nel settore, trasformiamo le sfide operative quotidiane in opportunit\u00e0 di miglioramento, tracciabilit\u00e0 e sostenibilit\u00e0. Ogni progetto nasce da un\u2019esigenza reale e si sviluppa in una soluzione su misura, capace di integrarsi perfettamente nei flussi del retail moderno.<\/p>\n<p>[\/et_pb_text][\/et_pb_column][et_pb_column type=&#8221;2_5&#8243; _builder_version=&#8221;4.24.3&#8243; _module_preset=&#8221;default&#8221; global_colors_info=&#8221;{}&#8221;][et_pb_image src=&#8221;https:\/\/www.global-tag.com\/wp-content\/uploads\/2025\/06\/Roll-up-RETAIL-ITA.png&#8221; title_text=&#8221;Roll up RETAIL ITA&#8221; align=&#8221;center&#8221; _builder_version=&#8221;4.27.4&#8243; _module_preset=&#8221;default&#8221; global_colors_info=&#8221;{}&#8221;][\/et_pb_image][\/et_pb_column][\/et_pb_row][et_pb_row use_custom_gutter=&#8221;on&#8221; gutter_width=&#8221;2&#8243; _builder_version=&#8221;4.27.4&#8243; _module_preset=&#8221;_initial&#8221; width=&#8221;100%&#8221; max_width=&#8221;80%&#8221; custom_margin=&#8221;2%||||false|false&#8221; box_shadow_style=&#8221;preset3&#8243; box_shadow_horizontal=&#8221;1px&#8221; box_shadow_vertical=&#8221;-7px&#8221; box_shadow_blur=&#8221;25px&#8221; box_shadow_spread=&#8221;-4px&#8221; box_shadow_color=&#8221;gcid-4c898ad5-7012-4de3-8d90-316b399d5d9d&#8221; global_colors_info=&#8221;{%22gcid-4c898ad5-7012-4de3-8d90-316b399d5d9d%22:%91%22box_shadow_color%22%93}&#8221;][et_pb_column type=&#8221;4_4&#8243; _builder_version=&#8221;4.24.3&#8243; _module_preset=&#8221;default&#8221; global_colors_info=&#8221;{}&#8221;][et_pb_video src=&#8221;https:\/\/www.youtube.com\/watch?v=kM3YiYYmRBI&#8221; _builder_version=&#8221;4.27.4&#8243; _module_preset=&#8221;default&#8221; custom_padding=&#8221;|3%||3%|false|true&#8221; global_colors_info=&#8221;{}&#8221;][\/et_pb_video][\/et_pb_column][\/et_pb_row][\/et_pb_section]<\/p>\n","protected":false},"excerpt":{"rendered":"<p>Apparel Solutions Hub \u00e8 la business unit dedicata allo sviluppo di soluzioni intelligenti, flessibili e personalizzate per il mondo dell\u2019apparel retail. Dall\u2019abbigliamento agli accessori, dalla tracciabilit\u00e0 degli articoli alla gestione completa del ciclo di vita del prodotto \u2014 compresi i servizi di lavanderia e cura del tessile \u2014 progettiamo e forniamo tag RFID &amp; EAS [&hellip;]<\/p>\n","protected":false},"author":3,"featured_media":0,"parent":279186,"menu_order":0,"comment_status":"closed","ping_status":"closed","template":"","meta":{"_acf_changed":false,"_et_pb_use_builder":"on","_et_pb_old_content":"","_et_gb_content_width":"","footnotes":""},"class_list":["post-279196","page","type-page","status-publish","hentry"],"acf":[],"yoast_head":"<!-- This site is optimized with the Yoast SEO Premium plugin v26.2 (Yoast SEO v27.3) - https:\/\/yoast.com\/product\/yoast-seo-premium-wordpress\/ -->\n<title>Chi siamo Apparel Retail - Global Tag<\/title>\n<meta name=\"description\" content=\"Scopri chi siamo e le nostre soluzioni RFID e EAS per il settore apparel retail: etichette intelligenti, tracciabilit\u00e0, antitaccheggio.\" \/>\n<meta name=\"robots\" content=\"index, follow, max-snippet:-1, max-image-preview:large, max-video-preview:-1\" \/>\n<link rel=\"canonical\" href=\"https:\/\/www.global-tag.com\/rfid-apparel-solutions-hub\/about-apparel-solutions-hub\/\" \/>\n<meta property=\"og:locale\" content=\"it_IT\" \/>\n<meta property=\"og:type\" content=\"article\" \/>\n<meta property=\"og:title\" content=\"Chi siamo Apparel Retail\" \/>\n<meta property=\"og:description\" content=\"Scopri chi siamo e le nostre soluzioni RFID e EAS per il settore apparel retail: etichette intelligenti, tracciabilit\u00e0, antitaccheggio.\" \/>\n<meta property=\"og:site_name\" content=\"Global Tag\" \/>\n<meta property=\"article:modified_time\" content=\"2025-07-22T07:53:30+00:00\" \/>\n<meta name=\"twitter:card\" content=\"summary_large_image\" \/>\n<meta name=\"twitter:site\" content=\"@Global_Tag_RFID\" \/>\n<meta name=\"twitter:label1\" content=\"Tempo di lettura stimato\" \/>\n\t<meta name=\"twitter:data1\" content=\"2 minuti\" \/>\n<script type=\"application\/ld+json\" class=\"yoast-schema-graph\">{\"@context\":\"https:\\\/\\\/schema.org\",\"@graph\":[{\"@type\":\"WebPage\",\"@id\":\"https:\\\/\\\/www.global-tag.com\\\/rfid-apparel-solutions-hub\\\/about-apparel-solutions-hub\\\/\",\"url\":\"https:\\\/\\\/www.global-tag.com\\\/rfid-apparel-solutions-hub\\\/about-apparel-solutions-hub\\\/\",\"name\":\"Chi siamo Apparel Retail - Global Tag\",\"isPartOf\":{\"@id\":\"https:\\\/\\\/www.global-tag.com\\\/#website\"},\"datePublished\":\"2025-06-16T08:00:16+00:00\",\"dateModified\":\"2025-07-22T07:53:30+00:00\",\"description\":\"Scopri chi siamo e le nostre soluzioni RFID e EAS per il settore apparel retail: etichette intelligenti, tracciabilit\u00e0, antitaccheggio.\",\"breadcrumb\":{\"@id\":\"https:\\\/\\\/www.global-tag.com\\\/rfid-apparel-solutions-hub\\\/about-apparel-solutions-hub\\\/#breadcrumb\"},\"inLanguage\":\"it-IT\",\"potentialAction\":[{\"@type\":\"ReadAction\",\"target\":[\"https:\\\/\\\/www.global-tag.com\\\/rfid-apparel-solutions-hub\\\/about-apparel-solutions-hub\\\/\"]}]},{\"@type\":\"BreadcrumbList\",\"@id\":\"https:\\\/\\\/www.global-tag.com\\\/rfid-apparel-solutions-hub\\\/about-apparel-solutions-hub\\\/#breadcrumb\",\"itemListElement\":[{\"@type\":\"ListItem\",\"position\":1,\"name\":\"Home\",\"item\":\"https:\\\/\\\/www.global-tag.com\\\/\"},{\"@type\":\"ListItem\",\"position\":2,\"name\":\"Apparel Solutions Hub \u2013 Soluzioni RFID &#038; EAS\",\"item\":\"https:\\\/\\\/www.global-tag.com\\\/rfid-apparel-solutions-hub\\\/\"},{\"@type\":\"ListItem\",\"position\":3,\"name\":\"Chi siamo Apparel Retail\"}]},{\"@type\":\"WebSite\",\"@id\":\"https:\\\/\\\/www.global-tag.com\\\/#website\",\"url\":\"https:\\\/\\\/www.global-tag.com\\\/\",\"name\":\"Global Tag\",\"description\":\"\",\"publisher\":{\"@id\":\"https:\\\/\\\/www.global-tag.com\\\/#organization\"},\"potentialAction\":[{\"@type\":\"SearchAction\",\"target\":{\"@type\":\"EntryPoint\",\"urlTemplate\":\"https:\\\/\\\/www.global-tag.com\\\/?s={search_term_string}\"},\"query-input\":{\"@type\":\"PropertyValueSpecification\",\"valueRequired\":true,\"valueName\":\"search_term_string\"}}],\"inLanguage\":\"it-IT\"},{\"@type\":\"Organization\",\"@id\":\"https:\\\/\\\/www.global-tag.com\\\/#organization\",\"name\":\"Global Tag\",\"url\":\"https:\\\/\\\/www.global-tag.com\\\/\",\"logo\":{\"@type\":\"ImageObject\",\"inLanguage\":\"it-IT\",\"@id\":\"https:\\\/\\\/www.global-tag.com\\\/#\\\/schema\\\/logo\\\/image\\\/\",\"url\":\"https:\\\/\\\/www.global-tag.com\\\/wp-content\\\/uploads\\\/2024\\\/11\\\/GLOBAL-TAG-logo.ai_.png\",\"contentUrl\":\"https:\\\/\\\/www.global-tag.com\\\/wp-content\\\/uploads\\\/2024\\\/11\\\/GLOBAL-TAG-logo.ai_.png\",\"width\":1771,\"height\":825,\"caption\":\"Global Tag\"},\"image\":{\"@id\":\"https:\\\/\\\/www.global-tag.com\\\/#\\\/schema\\\/logo\\\/image\\\/\"},\"sameAs\":[\"https:\\\/\\\/x.com\\\/Global_Tag_RFID\",\"https:\\\/\\\/www.linkedin.com\\\/company\\\/global-tag-srl---rfid-tag-for-global-request\"]}]}<\/script>\n<!-- \/ Yoast SEO Premium plugin. -->","yoast_head_json":{"title":"Chi siamo Apparel Retail - Global Tag","description":"Scopri chi siamo e le nostre soluzioni RFID e EAS per il settore apparel retail: etichette intelligenti, tracciabilit\u00e0, antitaccheggio.","robots":{"index":"index","follow":"follow","max-snippet":"max-snippet:-1","max-image-preview":"max-image-preview:large","max-video-preview":"max-video-preview:-1"},"canonical":"https:\/\/www.global-tag.com\/rfid-apparel-solutions-hub\/about-apparel-solutions-hub\/","og_locale":"it_IT","og_type":"article","og_title":"Chi siamo Apparel Retail","og_description":"Scopri chi siamo e le nostre soluzioni RFID e EAS per il settore apparel retail: etichette intelligenti, tracciabilit\u00e0, antitaccheggio.","og_site_name":"Global Tag","article_modified_time":"2025-07-22T07:53:30+00:00","twitter_card":"summary_large_image","twitter_site":"@Global_Tag_RFID","twitter_misc":{"Tempo di lettura stimato":"2 minuti"},"schema":{"@context":"https:\/\/schema.org","@graph":[{"@type":"WebPage","@id":"https:\/\/www.global-tag.com\/rfid-apparel-solutions-hub\/about-apparel-solutions-hub\/","url":"https:\/\/www.global-tag.com\/rfid-apparel-solutions-hub\/about-apparel-solutions-hub\/","name":"Chi siamo Apparel Retail - Global Tag","isPartOf":{"@id":"https:\/\/www.global-tag.com\/#website"},"datePublished":"2025-06-16T08:00:16+00:00","dateModified":"2025-07-22T07:53:30+00:00","description":"Scopri chi siamo e le nostre soluzioni RFID e EAS per il settore apparel retail: etichette intelligenti, tracciabilit\u00e0, antitaccheggio.","breadcrumb":{"@id":"https:\/\/www.global-tag.com\/rfid-apparel-solutions-hub\/about-apparel-solutions-hub\/#breadcrumb"},"inLanguage":"it-IT","potentialAction":[{"@type":"ReadAction","target":["https:\/\/www.global-tag.com\/rfid-apparel-solutions-hub\/about-apparel-solutions-hub\/"]}]},{"@type":"BreadcrumbList","@id":"https:\/\/www.global-tag.com\/rfid-apparel-solutions-hub\/about-apparel-solutions-hub\/#breadcrumb","itemListElement":[{"@type":"ListItem","position":1,"name":"Home","item":"https:\/\/www.global-tag.com\/"},{"@type":"ListItem","position":2,"name":"Apparel Solutions Hub \u2013 Soluzioni RFID &#038; EAS","item":"https:\/\/www.global-tag.com\/rfid-apparel-solutions-hub\/"},{"@type":"ListItem","position":3,"name":"Chi siamo Apparel Retail"}]},{"@type":"WebSite","@id":"https:\/\/www.global-tag.com\/#website","url":"https:\/\/www.global-tag.com\/","name":"Global Tag","description":"","publisher":{"@id":"https:\/\/www.global-tag.com\/#organization"},"potentialAction":[{"@type":"SearchAction","target":{"@type":"EntryPoint","urlTemplate":"https:\/\/www.global-tag.com\/?s={search_term_string}"},"query-input":{"@type":"PropertyValueSpecification","valueRequired":true,"valueName":"search_term_string"}}],"inLanguage":"it-IT"},{"@type":"Organization","@id":"https:\/\/www.global-tag.com\/#organization","name":"Global Tag","url":"https:\/\/www.global-tag.com\/","logo":{"@type":"ImageObject","inLanguage":"it-IT","@id":"https:\/\/www.global-tag.com\/#\/schema\/logo\/image\/","url":"https:\/\/www.global-tag.com\/wp-content\/uploads\/2024\/11\/GLOBAL-TAG-logo.ai_.png","contentUrl":"https:\/\/www.global-tag.com\/wp-content\/uploads\/2024\/11\/GLOBAL-TAG-logo.ai_.png","width":1771,"height":825,"caption":"Global Tag"},"image":{"@id":"https:\/\/www.global-tag.com\/#\/schema\/logo\/image\/"},"sameAs":["https:\/\/x.com\/Global_Tag_RFID","https:\/\/www.linkedin.com\/company\/global-tag-srl---rfid-tag-for-global-request"]}]}},"_links":{"self":[{"href":"https:\/\/www.global-tag.com\/it\/wp-json\/wp\/v2\/pages\/279196","targetHints":{"allow":["GET"]}}],"collection":[{"href":"https:\/\/www.global-tag.com\/it\/wp-json\/wp\/v2\/pages"}],"about":[{"href":"https:\/\/www.global-tag.com\/it\/wp-json\/wp\/v2\/types\/page"}],"author":[{"embeddable":true,"href":"https:\/\/www.global-tag.com\/it\/wp-json\/wp\/v2\/users\/3"}],"replies":[{"embeddable":true,"href":"https:\/\/www.global-tag.com\/it\/wp-json\/wp\/v2\/comments?post=279196"}],"version-history":[{"count":15,"href":"https:\/\/www.global-tag.com\/it\/wp-json\/wp\/v2\/pages\/279196\/revisions"}],"predecessor-version":[{"id":282160,"href":"https:\/\/www.global-tag.com\/it\/wp-json\/wp\/v2\/pages\/279196\/revisions\/282160"}],"up":[{"embeddable":true,"href":"https:\/\/www.global-tag.com\/it\/wp-json\/wp\/v2\/pages\/279186"}],"wp:attachment":[{"href":"https:\/\/www.global-tag.com\/it\/wp-json\/wp\/v2\/media?parent=279196"}],"curies":[{"name":"wp","href":"https:\/\/api.w.org\/{rel}","templated":true}]}}