{"id":273878,"date":"2024-11-21T09:09:46","date_gmt":"2024-11-21T08:09:46","guid":{"rendered":"https:\/\/www.global-tag.com\/rfid-per-hotellerie\/servizi-per-hotellerie\/"},"modified":"2025-01-29T11:56:33","modified_gmt":"2025-01-29T10:56:33","slug":"servizi-per-hotellerie","status":"publish","type":"page","link":"https:\/\/www.global-tag.com\/it\/rfid-per-hotellerie\/servizi-per-hotellerie\/","title":{"rendered":"Servizi per H\u00f4tellerie"},"content":{"rendered":"<p>[et_pb_section fb_built=&#8221;1&#8243; _builder_version=&#8221;4.27.4&#8243; _module_preset=&#8221;default&#8221; background_enable_color=&#8221;off&#8221; background_image=&#8221;https:\/\/www.global-tag.com\/wp-content\/uploads\/2024\/11\/3-3.png&#8221; custom_padding=&#8221;0%||10%||false|false&#8221; top_divider_style=&#8221;arrow&#8221; top_divider_color=&#8221;gcid-primary-color&#8221; top_divider_height=&#8221;122px&#8221; bottom_divider_color=&#8221;#E4254A&#8221; bottom_divider_height=&#8221;130px&#8221; global_colors_info=&#8221;{%22gcid-primary-color%22:%91%22top_divider_color%22%93,%22gcid-f40cdaa6-7814-476f-95ad-6742e88d94af%22:%91%22background_color%22%93}&#8221;][et_pb_row _builder_version=&#8221;4.24.2&#8243; _module_preset=&#8221;9f1baad1-7a02-4a00-97e0-ffbb41c307aa&#8221; background_color=&#8221;RGBA(255,255,255,0)&#8221; custom_padding=&#8221;||3%||false|false&#8221; global_colors_info=&#8221;{}&#8221;][et_pb_column type=&#8221;4_4&#8243; _builder_version=&#8221;4.24.2&#8243; _module_preset=&#8221;default&#8221; global_colors_info=&#8221;{}&#8221;][et_pb_heading title=&#8221;Servizi RFID per il mondo degli Hotel&#8221; _builder_version=&#8221;4.27.4&#8243; _module_preset=&#8221;default&#8221; title_font=&#8221;|800|||||||&#8221; title_text_align=&#8221;center&#8221; title_font_size=&#8221;35px&#8221; background_enable_color=&#8221;off&#8221; custom_margin=&#8221;||0%||false|false&#8221; custom_padding=&#8221;0%||1%||false|false&#8221; global_colors_info=&#8221;{}&#8221;][\/et_pb_heading][et_pb_heading title=&#8221;Possiamo aiutarti nella scelta del miglior transponder RFID, NFC o BLE e della soluzione migliore per l&#8217;applicazione o il progetto richiesto.&#8221; _builder_version=&#8221;4.27.4&#8243; _module_preset=&#8221;default&#8221; title_level=&#8221;h3&#8243; title_text_align=&#8221;center&#8221; title_line_height=&#8221;1.2em&#8221; background_color=&#8221;RGBA(0,0,0,0.71)&#8221; width=&#8221;80%&#8221; module_alignment=&#8221;center&#8221; custom_margin=&#8221;8%||1%||false|false&#8221; custom_padding=&#8221;1%|8%|0%|8%|false|false&#8221; global_colors_info=&#8221;{}&#8221;][\/et_pb_heading][\/et_pb_column][\/et_pb_row][\/et_pb_section][et_pb_section fb_built=&#8221;1&#8243; admin_label=&#8221;Standard Label&#8221; _builder_version=&#8221;4.27.4&#8243; _module_preset=&#8221;default&#8221; background_enable_color=&#8221;off&#8221; use_background_color_gradient=&#8221;on&#8221; background_color_gradient_direction=&#8221;1deg&#8221; background_color_gradient_stops=&#8221;rgba(229,229,229,0.89) 0%|#ffffff 100%&#8221; max_width=&#8221;80%&#8221; module_alignment=&#8221;center&#8221; custom_margin=&#8221;3%||3%||false|false&#8221; custom_padding=&#8221;2%||4%||false|false&#8221; top_divider_color=&#8221;gcid-f40cdaa6-7814-476f-95ad-6742e88d94af&#8221; top_divider_height=&#8221;51px&#8221; box_shadow_style=&#8221;preset3&#8243; box_shadow_horizontal=&#8221;-2px&#8221; box_shadow_vertical=&#8221;1px&#8221; box_shadow_spread=&#8221;-2px&#8221; box_shadow_color=&#8221;gcid-f40cdaa6-7814-476f-95ad-6742e88d94af&#8221; locked=&#8221;off&#8221; global_colors_info=&#8221;{%22gcid-f40cdaa6-7814-476f-95ad-6742e88d94af%22:%91%22top_divider_color%22,%22box_shadow_color%22%93}&#8221;][et_pb_row column_structure=&#8221;1_2,1_2&#8243; _builder_version=&#8221;4.27.4&#8243; _module_preset=&#8221;default&#8221; background_image=&#8221;https:\/\/www.global-tag.com\/wp-content\/uploads\/2024\/11\/4-4.png&#8221; width=&#8221;100%&#8221; max_width=&#8221;90%&#8221; custom_margin=&#8221;2%||4%||false|false&#8221; custom_padding=&#8221;10%||8%||false|false&#8221; global_colors_info=&#8221;{}&#8221;][et_pb_column type=&#8221;1_2&#8243; _builder_version=&#8221;4.24.2&#8243; _module_preset=&#8221;default&#8221; global_colors_info=&#8221;{}&#8221;][\/et_pb_column][et_pb_column type=&#8221;1_2&#8243; _builder_version=&#8221;4.24.2&#8243; _module_preset=&#8221;default&#8221; global_colors_info=&#8221;{}&#8221;][et_pb_heading title=&#8221;GARANZIA DI ALTA QUALIT\u00c1&#8221; _builder_version=&#8221;4.27.4&#8243; _module_preset=&#8221;default&#8221; title_level=&#8221;h2&#8243; title_text_color=&#8221;gcid-primary-color&#8221; custom_padding=&#8221;|||10%|false|false&#8221; global_colors_info=&#8221;{%22gcid-primary-color%22:%91%22title_text_color%22%93}&#8221;][\/et_pb_heading][et_pb_text _builder_version=&#8221;4.27.4&#8243; _module_preset=&#8221;default&#8221; text_text_color=&#8221;RGBA(0,0,0,0.71)&#8221; text_font_size=&#8221;17px&#8221; module_alignment=&#8221;center&#8221; min_height=&#8221;102.8px&#8221; custom_margin=&#8221;||||false|false&#8221; custom_padding=&#8221;27px|2%||10%|false|false&#8221; global_colors_info=&#8221;{}&#8221;]<\/p>\n<p>In qualit\u00e0 di fornitore di Key Cards RFID per hotel, mini-card, portachiavi, bracciali, eco tag, tag customizzati e accessori RFID, garantiamo una qualit\u00e0 del 100% su tutti i prodotti e un&#8217;esperienza di servizio di altissimo livello per soddisfare ogni necessit\u00e0 della clientela.<\/p>\n<p>[\/et_pb_text][\/et_pb_column][\/et_pb_row][et_pb_row column_structure=&#8221;1_2,1_2&#8243; _builder_version=&#8221;4.27.4&#8243; _module_preset=&#8221;default&#8221; background_image=&#8221;https:\/\/www.global-tag.com\/wp-content\/uploads\/2024\/11\/5-4.png&#8221; width=&#8221;100%&#8221; max_width=&#8221;90%&#8221; custom_margin=&#8221;2%||4%||false|false&#8221; custom_padding=&#8221;12%||12%||false|false&#8221; global_colors_info=&#8221;{}&#8221;][et_pb_column type=&#8221;1_2&#8243; _builder_version=&#8221;4.24.2&#8243; _module_preset=&#8221;default&#8221; global_colors_info=&#8221;{}&#8221;][et_pb_heading title=&#8221;EFFICIENZA&#8221; _builder_version=&#8221;4.27.4&#8243; _module_preset=&#8221;default&#8221; title_level=&#8221;h2&#8243; title_text_color=&#8221;gcid-primary-color&#8221; custom_padding=&#8221;|||2%|false|false&#8221; global_colors_info=&#8221;{%22gcid-primary-color%22:%91%22title_text_color%22%93}&#8221;][\/et_pb_heading][et_pb_text _builder_version=&#8221;4.27.4&#8243; _module_preset=&#8221;default&#8221; text_text_color=&#8221;RGBA(0,0,0,0.71)&#8221; text_font_size=&#8221;17px&#8221; module_alignment=&#8221;center&#8221; min_height=&#8221;102.8px&#8221; custom_margin=&#8221;||||false|false&#8221; custom_padding=&#8221;|25%||2%|false|false&#8221; global_colors_info=&#8221;{}&#8221;]<\/p>\n<p>Fornitura rapida e sicura della merce grazie all\u2019immediata disponibilit\u00e0 di tutti i prodotti in magazzino. Massima disponibilit\u00e0 anche a testare con kit campioni la compatibilit\u00e0 tra i nostri prodotti RFID e l\u2019attuale configurazione utilizzata dal cliente nella propria struttura.<\/p>\n<p>[\/et_pb_text][\/et_pb_column][et_pb_column type=&#8221;1_2&#8243; _builder_version=&#8221;4.24.2&#8243; _module_preset=&#8221;default&#8221; global_colors_info=&#8221;{}&#8221;][\/et_pb_column][\/et_pb_row][et_pb_row _builder_version=&#8221;4.27.4&#8243; _module_preset=&#8221;default&#8221; background_image=&#8221;https:\/\/www.global-tag.com\/wp-content\/uploads\/2024\/05\/tailor_made.jpg&#8221; width=&#8221;100%&#8221; max_width=&#8221;90%&#8221; custom_margin=&#8221;2%||4%||false|false&#8221; custom_padding=&#8221;12%||12%||false|false&#8221; global_colors_info=&#8221;{}&#8221;][et_pb_column type=&#8221;4_4&#8243; _builder_version=&#8221;4.24.2&#8243; _module_preset=&#8221;default&#8221; global_colors_info=&#8221;{}&#8221;][et_pb_heading title=&#8221;PERSONALIZZAZIONI&#8221; _builder_version=&#8221;4.27.4&#8243; _module_preset=&#8221;default&#8221; title_level=&#8221;h2&#8243; title_text_align=&#8221;center&#8221; title_text_color=&#8221;gcid-primary-color&#8221; background_color=&#8221;rgba(255,255,255,0.71)&#8221; max_width=&#8221;95%&#8221; module_alignment=&#8221;center&#8221; custom_padding=&#8221;1%|||2%|false|false&#8221; global_colors_info=&#8221;{%22gcid-primary-color%22:%91%22title_text_color%22%93}&#8221;][\/et_pb_heading][et_pb_text _builder_version=&#8221;4.27.4&#8243; _module_preset=&#8221;default&#8221; text_text_color=&#8221;RGBA(0,0,0,0.71)&#8221; text_font_size=&#8221;17px&#8221; background_color=&#8221;rgba(255,255,255,0.63)&#8221; text_orientation=&#8221;center&#8221; max_width=&#8221;90%&#8221; module_alignment=&#8221;center&#8221; min_height=&#8221;102.8px&#8221; custom_margin=&#8221;||||false|true&#8221; custom_padding=&#8221;2%|2%|2%|2%|false|false&#8221; global_colors_info=&#8221;{}&#8221;]<\/p>\n<p><strong>A partire da 100 pezzi siamo in grado di personalizzare le Key Card e tutti gli altri tag RFID per hotellerie cos\u00ec da soddisfare qualsiasi esigenza del cliente; in particolare abbiamo a disposizione servizi di stampa, laseratura e codifica della memoria interna del chip.<\/strong><\/p>\n<p>La stampa tipicamente in offset di alta qualit\u00e0 permette svariate personalizzazioni. Alcune delle opzioni che offriamo sono la stampa monocromatica o in quadricromia o con codice Pantone del layout grafico fornito dal cliente, la stampa in rilievo, la stampa a caldo, la stampa guilloche e la stampa di QR Code e codici a barre. \u00c8 inoltre possibile optare per la laseratura per le alcuni elementi inseriti sui tag, come ad esempio il barcode, i numeri seriali e progressivi, con l\u2019obiettivo di renderne pi\u00f9 duratura la presenza sulla card.<\/p>\n<p>Siamo in grado di battezzare la memoria interna del chip RFID con oltre 20 codifiche (Salto, Vingcard, Saflok, Onity, Kaba, MIWA, BETECH, Orbita). A seconda della serratura presente nella struttura \u00e8 possibile individuare il protocollo di criptografia utilizzato e codificare correttamente la key card, coprendo cos\u00ec il 100% delle richieste sul mercato.<\/p>\n<p>&nbsp;<\/p>\n<p>[\/et_pb_text][\/et_pb_column][\/et_pb_row][\/et_pb_section]<\/p>\n","protected":false},"excerpt":{"rendered":"<p>In qualit\u00e0 di fornitore di Key Cards RFID per hotel, mini-card, portachiavi, bracciali, eco tag, tag customizzati e accessori RFID, garantiamo una qualit\u00e0 del 100% su tutti i prodotti e un&#8217;esperienza di servizio di altissimo livello per soddisfare ogni necessit\u00e0 della clientela.Fornitura rapida e sicura della merce grazie all\u2019immediata disponibilit\u00e0 di tutti i prodotti in [&hellip;]<\/p>\n","protected":false},"author":3,"featured_media":0,"parent":273852,"menu_order":0,"comment_status":"closed","ping_status":"closed","template":"","meta":{"_acf_changed":false,"_et_pb_use_builder":"on","_et_pb_old_content":"","_et_gb_content_width":"","footnotes":""},"class_list":["post-273878","page","type-page","status-publish","hentry"],"acf":[],"yoast_head":"<!-- This site is optimized with the Yoast SEO Premium plugin v26.2 (Yoast SEO v27.3) - https:\/\/yoast.com\/product\/yoast-seo-premium-wordpress\/ -->\n<title>Servizi per H\u00f4tellerie - Global Tag<\/title>\n<meta name=\"description\" content=\"Migliora i servizi del tuo hotel con la nostra tecnologia RFID all&#039;avanguardia. Possiamo aiutarvi nell&#039;individuare soluzione ideali per le vostre esigenze.\" \/>\n<meta name=\"robots\" content=\"index, follow, max-snippet:-1, max-image-preview:large, max-video-preview:-1\" \/>\n<link rel=\"canonical\" href=\"https:\/\/www.global-tag.com\/rfid-for-hotellerie\/rfid-services-for-hotellery\/\" \/>\n<meta property=\"og:locale\" content=\"it_IT\" \/>\n<meta property=\"og:type\" content=\"article\" \/>\n<meta property=\"og:title\" content=\"Servizi per H\u00f4tellerie\" \/>\n<meta property=\"og:description\" content=\"Migliora i servizi del tuo hotel con la nostra tecnologia RFID all&#039;avanguardia. Possiamo aiutarvi nell&#039;individuare soluzione ideali per le vostre esigenze.\" \/>\n<meta property=\"og:site_name\" content=\"Global Tag\" \/>\n<meta property=\"article:modified_time\" content=\"2025-01-29T10:56:33+00:00\" \/>\n<meta name=\"twitter:card\" content=\"summary_large_image\" \/>\n<meta name=\"twitter:site\" content=\"@Global_Tag_RFID\" \/>\n<meta name=\"twitter:label1\" content=\"Tempo di lettura stimato\" \/>\n\t<meta name=\"twitter:data1\" content=\"2 minuti\" \/>\n<script type=\"application\/ld+json\" class=\"yoast-schema-graph\">{\"@context\":\"https:\\\/\\\/schema.org\",\"@graph\":[{\"@type\":\"WebPage\",\"@id\":\"https:\\\/\\\/www.global-tag.com\\\/rfid-for-hotellerie\\\/rfid-services-for-hotellery\\\/\",\"url\":\"https:\\\/\\\/www.global-tag.com\\\/rfid-for-hotellerie\\\/rfid-services-for-hotellery\\\/\",\"name\":\"Servizi per H\u00f4tellerie - Global Tag\",\"isPartOf\":{\"@id\":\"https:\\\/\\\/www.global-tag.com\\\/#website\"},\"datePublished\":\"2024-11-21T08:09:46+00:00\",\"dateModified\":\"2025-01-29T10:56:33+00:00\",\"description\":\"Migliora i servizi del tuo hotel con la nostra tecnologia RFID all'avanguardia. Possiamo aiutarvi nell'individuare soluzione ideali per le vostre esigenze.\",\"breadcrumb\":{\"@id\":\"https:\\\/\\\/www.global-tag.com\\\/rfid-for-hotellerie\\\/rfid-services-for-hotellery\\\/#breadcrumb\"},\"inLanguage\":\"it-IT\",\"potentialAction\":[{\"@type\":\"ReadAction\",\"target\":[\"https:\\\/\\\/www.global-tag.com\\\/rfid-for-hotellerie\\\/rfid-services-for-hotellery\\\/\"]}]},{\"@type\":\"BreadcrumbList\",\"@id\":\"https:\\\/\\\/www.global-tag.com\\\/rfid-for-hotellerie\\\/rfid-services-for-hotellery\\\/#breadcrumb\",\"itemListElement\":[{\"@type\":\"ListItem\",\"position\":1,\"name\":\"Home\",\"item\":\"https:\\\/\\\/www.global-tag.com\\\/\"},{\"@type\":\"ListItem\",\"position\":2,\"name\":\"RFID per il mondo dell&#8217;H\u00f4tellerie\",\"item\":\"https:\\\/\\\/www.global-tag.com\\\/rfid-for-hotellerie\\\/\"},{\"@type\":\"ListItem\",\"position\":3,\"name\":\"Servizi per H\u00f4tellerie\"}]},{\"@type\":\"WebSite\",\"@id\":\"https:\\\/\\\/www.global-tag.com\\\/#website\",\"url\":\"https:\\\/\\\/www.global-tag.com\\\/\",\"name\":\"Global Tag\",\"description\":\"\",\"publisher\":{\"@id\":\"https:\\\/\\\/www.global-tag.com\\\/#organization\"},\"potentialAction\":[{\"@type\":\"SearchAction\",\"target\":{\"@type\":\"EntryPoint\",\"urlTemplate\":\"https:\\\/\\\/www.global-tag.com\\\/?s={search_term_string}\"},\"query-input\":{\"@type\":\"PropertyValueSpecification\",\"valueRequired\":true,\"valueName\":\"search_term_string\"}}],\"inLanguage\":\"it-IT\"},{\"@type\":\"Organization\",\"@id\":\"https:\\\/\\\/www.global-tag.com\\\/#organization\",\"name\":\"Global Tag\",\"url\":\"https:\\\/\\\/www.global-tag.com\\\/\",\"logo\":{\"@type\":\"ImageObject\",\"inLanguage\":\"it-IT\",\"@id\":\"https:\\\/\\\/www.global-tag.com\\\/#\\\/schema\\\/logo\\\/image\\\/\",\"url\":\"https:\\\/\\\/www.global-tag.com\\\/wp-content\\\/uploads\\\/2024\\\/11\\\/GLOBAL-TAG-logo.ai_.png\",\"contentUrl\":\"https:\\\/\\\/www.global-tag.com\\\/wp-content\\\/uploads\\\/2024\\\/11\\\/GLOBAL-TAG-logo.ai_.png\",\"width\":1771,\"height\":825,\"caption\":\"Global Tag\"},\"image\":{\"@id\":\"https:\\\/\\\/www.global-tag.com\\\/#\\\/schema\\\/logo\\\/image\\\/\"},\"sameAs\":[\"https:\\\/\\\/x.com\\\/Global_Tag_RFID\",\"https:\\\/\\\/www.linkedin.com\\\/company\\\/global-tag-srl---rfid-tag-for-global-request\"]}]}<\/script>\n<!-- \/ Yoast SEO Premium plugin. -->","yoast_head_json":{"title":"Servizi per H\u00f4tellerie - Global Tag","description":"Migliora i servizi del tuo hotel con la nostra tecnologia RFID all'avanguardia. Possiamo aiutarvi nell'individuare soluzione ideali per le vostre esigenze.","robots":{"index":"index","follow":"follow","max-snippet":"max-snippet:-1","max-image-preview":"max-image-preview:large","max-video-preview":"max-video-preview:-1"},"canonical":"https:\/\/www.global-tag.com\/rfid-for-hotellerie\/rfid-services-for-hotellery\/","og_locale":"it_IT","og_type":"article","og_title":"Servizi per H\u00f4tellerie","og_description":"Migliora i servizi del tuo hotel con la nostra tecnologia RFID all'avanguardia. Possiamo aiutarvi nell'individuare soluzione ideali per le vostre esigenze.","og_site_name":"Global Tag","article_modified_time":"2025-01-29T10:56:33+00:00","twitter_card":"summary_large_image","twitter_site":"@Global_Tag_RFID","twitter_misc":{"Tempo di lettura stimato":"2 minuti"},"schema":{"@context":"https:\/\/schema.org","@graph":[{"@type":"WebPage","@id":"https:\/\/www.global-tag.com\/rfid-for-hotellerie\/rfid-services-for-hotellery\/","url":"https:\/\/www.global-tag.com\/rfid-for-hotellerie\/rfid-services-for-hotellery\/","name":"Servizi per H\u00f4tellerie - Global Tag","isPartOf":{"@id":"https:\/\/www.global-tag.com\/#website"},"datePublished":"2024-11-21T08:09:46+00:00","dateModified":"2025-01-29T10:56:33+00:00","description":"Migliora i servizi del tuo hotel con la nostra tecnologia RFID all'avanguardia. Possiamo aiutarvi nell'individuare soluzione ideali per le vostre esigenze.","breadcrumb":{"@id":"https:\/\/www.global-tag.com\/rfid-for-hotellerie\/rfid-services-for-hotellery\/#breadcrumb"},"inLanguage":"it-IT","potentialAction":[{"@type":"ReadAction","target":["https:\/\/www.global-tag.com\/rfid-for-hotellerie\/rfid-services-for-hotellery\/"]}]},{"@type":"BreadcrumbList","@id":"https:\/\/www.global-tag.com\/rfid-for-hotellerie\/rfid-services-for-hotellery\/#breadcrumb","itemListElement":[{"@type":"ListItem","position":1,"name":"Home","item":"https:\/\/www.global-tag.com\/"},{"@type":"ListItem","position":2,"name":"RFID per il mondo dell&#8217;H\u00f4tellerie","item":"https:\/\/www.global-tag.com\/rfid-for-hotellerie\/"},{"@type":"ListItem","position":3,"name":"Servizi per H\u00f4tellerie"}]},{"@type":"WebSite","@id":"https:\/\/www.global-tag.com\/#website","url":"https:\/\/www.global-tag.com\/","name":"Global Tag","description":"","publisher":{"@id":"https:\/\/www.global-tag.com\/#organization"},"potentialAction":[{"@type":"SearchAction","target":{"@type":"EntryPoint","urlTemplate":"https:\/\/www.global-tag.com\/?s={search_term_string}"},"query-input":{"@type":"PropertyValueSpecification","valueRequired":true,"valueName":"search_term_string"}}],"inLanguage":"it-IT"},{"@type":"Organization","@id":"https:\/\/www.global-tag.com\/#organization","name":"Global Tag","url":"https:\/\/www.global-tag.com\/","logo":{"@type":"ImageObject","inLanguage":"it-IT","@id":"https:\/\/www.global-tag.com\/#\/schema\/logo\/image\/","url":"https:\/\/www.global-tag.com\/wp-content\/uploads\/2024\/11\/GLOBAL-TAG-logo.ai_.png","contentUrl":"https:\/\/www.global-tag.com\/wp-content\/uploads\/2024\/11\/GLOBAL-TAG-logo.ai_.png","width":1771,"height":825,"caption":"Global Tag"},"image":{"@id":"https:\/\/www.global-tag.com\/#\/schema\/logo\/image\/"},"sameAs":["https:\/\/x.com\/Global_Tag_RFID","https:\/\/www.linkedin.com\/company\/global-tag-srl---rfid-tag-for-global-request"]}]}},"_links":{"self":[{"href":"https:\/\/www.global-tag.com\/it\/wp-json\/wp\/v2\/pages\/273878","targetHints":{"allow":["GET"]}}],"collection":[{"href":"https:\/\/www.global-tag.com\/it\/wp-json\/wp\/v2\/pages"}],"about":[{"href":"https:\/\/www.global-tag.com\/it\/wp-json\/wp\/v2\/types\/page"}],"author":[{"embeddable":true,"href":"https:\/\/www.global-tag.com\/it\/wp-json\/wp\/v2\/users\/3"}],"replies":[{"embeddable":true,"href":"https:\/\/www.global-tag.com\/it\/wp-json\/wp\/v2\/comments?post=273878"}],"version-history":[{"count":4,"href":"https:\/\/www.global-tag.com\/it\/wp-json\/wp\/v2\/pages\/273878\/revisions"}],"predecessor-version":[{"id":273882,"href":"https:\/\/www.global-tag.com\/it\/wp-json\/wp\/v2\/pages\/273878\/revisions\/273882"}],"up":[{"embeddable":true,"href":"https:\/\/www.global-tag.com\/it\/wp-json\/wp\/v2\/pages\/273852"}],"wp:attachment":[{"href":"https:\/\/www.global-tag.com\/it\/wp-json\/wp\/v2\/media?parent=273878"}],"curies":[{"name":"wp","href":"https:\/\/api.w.org\/{rel}","templated":true}]}}