{"id":284819,"date":"2025-09-01T11:14:41","date_gmt":"2025-09-01T09:14:41","guid":{"rendered":"https:\/\/www.global-tag.com\/nfc-pour-les-evenements\/services-nfc-pour-evenements\/"},"modified":"2025-10-20T10:55:14","modified_gmt":"2025-10-20T08:55:14","slug":"services-nfc-pour-evenements","status":"publish","type":"page","link":"https:\/\/www.global-tag.com\/fr\/nfc-pour-les-evenements\/services-nfc-pour-evenements\/","title":{"rendered":"Services NFC pour \u00e9v\u00e9nements"},"content":{"rendered":"<p>[et_pb_section fb_built=&#8221;1&#8243; _builder_version=&#8221;4.27.4&#8243; _module_preset=&#8221;default&#8221; background_enable_color=&#8221;off&#8221; background_image=&#8221;https:\/\/www.global-tag.com\/wp-content\/uploads\/2025\/09\/SERVICES-BU-FESTIVAL.png&#8221; custom_padding=&#8221;0%||10%||false|false&#8221; top_divider_style=&#8221;arrow&#8221; top_divider_color=&#8221;gcid-d33bae72-e84c-4800-bfaa-6918f75fa1f8&#8243; top_divider_height=&#8221;98px&#8221; bottom_divider_color=&#8221;#E4254A&#8221; bottom_divider_height=&#8221;130px&#8221; global_colors_info=&#8221;{%22gcid-d33bae72-e84c-4800-bfaa-6918f75fa1f8%22:%91%22top_divider_color%22%93}&#8221;][et_pb_row _builder_version=&#8221;4.24.2&#8243; _module_preset=&#8221;9f1baad1-7a02-4a00-97e0-ffbb41c307aa&#8221; background_color=&#8221;RGBA(255,255,255,0)&#8221; custom_padding=&#8221;||3%||false|false&#8221; global_colors_info=&#8221;{}&#8221;][et_pb_column type=&#8221;4_4&#8243; _builder_version=&#8221;4.24.2&#8243; _module_preset=&#8221;default&#8221; global_colors_info=&#8221;{}&#8221;][et_pb_heading title=&#8221;SERVICES RFID POUR EVENTS&#8221; _builder_version=&#8221;4.27.4&#8243; _module_preset=&#8221;default&#8221; title_font=&#8221;|800|||||||&#8221; title_text_align=&#8221;center&#8221; title_font_size=&#8221;35px&#8221; background_enable_color=&#8221;off&#8221; custom_margin=&#8221;||0%||false|false&#8221; custom_padding=&#8221;0%||1%||false|false&#8221; hover_enabled=&#8221;0&#8243; global_colors_info=&#8221;{}&#8221; sticky_enabled=&#8221;0&#8243;][\/et_pb_heading][et_pb_heading title=&#8221;Nous accompagnons chaque \u00e9tape, de la planification \u00e0 la mise en \u0153uvre, afin d\u2019optimiser l\u2019organisation et la s\u00e9curit\u00e9. Nos solutions modulables et personnalis\u00e9es garantissent une exp\u00e9rience fluide et s\u00e9curis\u00e9e pour tout type d\u2019\u00e9v\u00e9nement.&#8221; _builder_version=&#8221;4.27.4&#8243; _module_preset=&#8221;default&#8221; title_level=&#8221;h3&#8243; title_text_align=&#8221;center&#8221; title_line_height=&#8221;1.2em&#8221; background_color=&#8221;rgba(0,109,119,0.71)&#8221; width=&#8221;80%&#8221; module_alignment=&#8221;center&#8221; custom_margin=&#8221;8%||1%||false|false&#8221; custom_padding=&#8221;1%|8%|0%|8%|false|false&#8221; hover_enabled=&#8221;0&#8243; global_colors_info=&#8221;{}&#8221; sticky_enabled=&#8221;0&#8243;][\/et_pb_heading][\/et_pb_column][\/et_pb_row][\/et_pb_section][et_pb_section fb_built=&#8221;1&#8243; admin_label=&#8221;Standard Label&#8221; _builder_version=&#8221;4.27.4&#8243; _module_preset=&#8221;default&#8221; background_enable_color=&#8221;off&#8221; use_background_color_gradient=&#8221;on&#8221; background_color_gradient_direction=&#8221;1deg&#8221; background_color_gradient_stops=&#8221;rgba(229,229,229,0.89) 0%|#ffffff 100%&#8221; max_width=&#8221;80%&#8221; module_alignment=&#8221;center&#8221; custom_margin=&#8221;3%||3%||false|false&#8221; custom_padding=&#8221;2%||4%||false|false&#8221; top_divider_color=&#8221;gcid-f40cdaa6-7814-476f-95ad-6742e88d94af&#8221; top_divider_height=&#8221;51px&#8221; box_shadow_style=&#8221;preset3&#8243; box_shadow_vertical=&#8221;0px&#8221; box_shadow_blur=&#8221;23px&#8221; box_shadow_color=&#8221;gcid-712ce228-6643-458b-9b78-5b147bf9ecfd&#8221; locked=&#8221;off&#8221; global_colors_info=&#8221;{%22gcid-primary-color%22:%91%22top_divider_color%22%93,%22gcid-f40cdaa6-7814-476f-95ad-6742e88d94af%22:%91%22top_divider_color%22%93,%22gcid-712ce228-6643-458b-9b78-5b147bf9ecfd%22:%91%22box_shadow_color%22%93}&#8221;][et_pb_row column_structure=&#8221;1_2,1_2&#8243; _builder_version=&#8221;4.27.4&#8243; _module_preset=&#8221;default&#8221; background_image=&#8221;https:\/\/www.global-tag.com\/wp-content\/uploads\/2025\/09\/SERVICES-2-BU-EVENTS.png&#8221; width=&#8221;100%&#8221; max_width=&#8221;90%&#8221; custom_margin=&#8221;2%||4%||false|false&#8221; custom_padding=&#8221;10%||8%||false|false&#8221; global_colors_info=&#8221;{}&#8221;][et_pb_column type=&#8221;1_2&#8243; _builder_version=&#8221;4.24.2&#8243; _module_preset=&#8221;default&#8221; global_colors_info=&#8221;{}&#8221;][\/et_pb_column][et_pb_column type=&#8221;1_2&#8243; _builder_version=&#8221;4.24.2&#8243; _module_preset=&#8221;default&#8221; global_colors_info=&#8221;{}&#8221;][et_pb_heading title=&#8221;Innovation et \u00e9volutivit\u00e9&#8221; _builder_version=&#8221;4.27.4&#8243; _module_preset=&#8221;default&#8221; title_level=&#8221;h2&#8243; title_text_color=&#8221;gcid-712ce228-6643-458b-9b78-5b147bf9ecfd&#8221; custom_padding=&#8221;|||10%|false|false&#8221; hover_enabled=&#8221;0&#8243; global_colors_info=&#8221;{%22gcid-712ce228-6643-458b-9b78-5b147bf9ecfd%22:%91%22title_text_color%22%93}&#8221; sticky_enabled=&#8221;0&#8243;][\/et_pb_heading][et_pb_text _builder_version=&#8221;4.27.4&#8243; _module_preset=&#8221;default&#8221; text_text_color=&#8221;RGBA(0,0,0,0.71)&#8221; text_font_size=&#8221;17px&#8221; module_alignment=&#8221;center&#8221; min_height=&#8221;102.8px&#8221; custom_margin=&#8221;||||false|false&#8221; custom_padding=&#8221;27px|2%||10%|false|false&#8221; hover_enabled=&#8221;0&#8243; global_colors_info=&#8221;{}&#8221; sticky_enabled=&#8221;0&#8243;]<\/p>\n<p style=\"text-align: justify;\">L\u2019innovation est au c\u0153ur de notre offre. Nous utilisons les derni\u00e8res technologies RFID pour cr\u00e9er des solutions intelligentes et \u00e9volutives, id\u00e9ales pour des \u00e9v\u00e9nements de toutes tailles. Qu\u2019il s\u2019agisse d\u2019une foire locale, d\u2019un \u00e9v\u00e9nement sportif, d\u2019une conf\u00e9rence, d\u2019un festival de musique ou d\u2019un concert, notre technologie vous permet de g\u00e9rer chaque aspect de votre \u00e9v\u00e9nement avec pr\u00e9cision et simplicit\u00e9.<\/p>\n<p style=\"text-align: justify;\">[\/et_pb_text][\/et_pb_column][\/et_pb_row][et_pb_row column_structure=&#8221;1_2,1_2&#8243; _builder_version=&#8221;4.27.4&#8243; _module_preset=&#8221;default&#8221; background_image=&#8221;https:\/\/www.global-tag.com\/wp-content\/uploads\/2025\/09\/efficiency-BU-EVENTS.png&#8221; width=&#8221;100%&#8221; max_width=&#8221;90%&#8221; custom_margin=&#8221;2%||4%||false|false&#8221; custom_padding=&#8221;12%||12%||false|false&#8221; global_colors_info=&#8221;{}&#8221;][et_pb_column type=&#8221;1_2&#8243; _builder_version=&#8221;4.24.2&#8243; _module_preset=&#8221;default&#8221; global_colors_info=&#8221;{}&#8221;][et_pb_heading title=&#8221;Efficacit\u00e9&#8221; _builder_version=&#8221;4.27.4&#8243; _module_preset=&#8221;default&#8221; title_level=&#8221;h2&#8243; title_text_color=&#8221;gcid-712ce228-6643-458b-9b78-5b147bf9ecfd&#8221; custom_padding=&#8221;|||2%|false|false&#8221; hover_enabled=&#8221;0&#8243; global_colors_info=&#8221;{%22gcid-712ce228-6643-458b-9b78-5b147bf9ecfd%22:%91%22title_text_color%22%93}&#8221; sticky_enabled=&#8221;0&#8243;][\/et_pb_heading][et_pb_text _builder_version=&#8221;4.27.4&#8243; _module_preset=&#8221;default&#8221; text_text_color=&#8221;RGBA(0,0,0,0.71)&#8221; text_font_size=&#8221;17px&#8221; module_alignment=&#8221;center&#8221; min_height=&#8221;102.8px&#8221; custom_margin=&#8221;||||false|false&#8221; custom_padding=&#8221;|12%||2%|false|false&#8221; hover_enabled=&#8221;0&#8243; global_colors_info=&#8221;{}&#8221; sticky_enabled=&#8221;0&#8243;]<\/p>\n<p style=\"text-align: justify;\">Nos solutions RFID garantissent une gestion s\u00fbre et fluide de tous les processus cl\u00e9s de l\u2019\u00e9v\u00e9nement, du contr\u00f4le d\u2019acc\u00e8s aux paiements sans esp\u00e8ces, r\u00e9duisant les files d\u2019attente et la surpopulation tout en offrant une exp\u00e9rience agr\u00e9able aux participants. Gr\u00e2ce \u00e0 la technologie RFID, les op\u00e9rations deviennent plus rapides et plus pr\u00e9cises, am\u00e9liorant l\u2019efficacit\u00e9 organisationnelle et renfor\u00e7ant la s\u00e9curit\u00e9 globale de l\u2019\u00e9v\u00e9nement.<\/p>\n<p>[\/et_pb_text][\/et_pb_column][et_pb_column type=&#8221;1_2&#8243; _builder_version=&#8221;4.24.2&#8243; _module_preset=&#8221;default&#8221; global_colors_info=&#8221;{}&#8221;][\/et_pb_column][\/et_pb_row][et_pb_row _builder_version=&#8221;4.27.4&#8243; _module_preset=&#8221;default&#8221; background_image=&#8221;https:\/\/www.global-tag.com\/wp-content\/uploads\/2025\/09\/SERVICES-3-BU-EVENTS.png&#8221; width=&#8221;100%&#8221; max_width=&#8221;90%&#8221; custom_margin=&#8221;2%||4%||false|false&#8221; custom_padding=&#8221;12%||12%||false|false&#8221; global_colors_info=&#8221;{}&#8221;][et_pb_column type=&#8221;4_4&#8243; _builder_version=&#8221;4.24.2&#8243; _module_preset=&#8221;default&#8221; global_colors_info=&#8221;{}&#8221;][et_pb_heading title=&#8221;Solutions personnalis\u00e9es et support technique&#8221; _builder_version=&#8221;4.27.4&#8243; _module_preset=&#8221;default&#8221; title_level=&#8221;h2&#8243; title_text_align=&#8221;center&#8221; title_text_color=&#8221;gcid-712ce228-6643-458b-9b78-5b147bf9ecfd&#8221; background_color=&#8221;rgba(255,255,255,0.71)&#8221; max_width=&#8221;95%&#8221; module_alignment=&#8221;center&#8221; custom_padding=&#8221;1%|||2%|false|false&#8221; hover_enabled=&#8221;0&#8243; global_colors_info=&#8221;{%22gcid-712ce228-6643-458b-9b78-5b147bf9ecfd%22:%91%22title_text_color%22%93}&#8221; sticky_enabled=&#8221;0&#8243;][\/et_pb_heading][et_pb_text _builder_version=&#8221;4.27.4&#8243; _module_preset=&#8221;default&#8221; text_text_color=&#8221;RGBA(0,0,0,0.71)&#8221; text_font_size=&#8221;17px&#8221; background_color=&#8221;rgba(255,255,255,0.63)&#8221; text_orientation=&#8221;center&#8221; max_width=&#8221;90%&#8221; module_alignment=&#8221;center&#8221; min_height=&#8221;102.8px&#8221; custom_margin=&#8221;||||false|true&#8221; custom_padding=&#8221;2%|2%|2%|2%|false|false&#8221; hover_enabled=&#8221;0&#8243; global_colors_info=&#8221;{}&#8221; sticky_enabled=&#8221;0&#8243;]<\/p>\n<p style=\"text-align: center;\">Chaque \u00e9v\u00e9nement poss\u00e8de des caract\u00e9ristiques et des exigences uniques. Nous proposons des <strong>tags RFID personnalis\u00e9s<\/strong>, con\u00e7us pour s\u2019int\u00e9grer parfaitement au type d\u2019\u00e9v\u00e9nement et aux besoins du client, en s\u00e9lectionnant le mat\u00e9riau, la taille, la technologie et le design graphique les plus adapt\u00e9s.<\/p>\n<p style=\"text-align: center;\">Notre \u00e9quipe d\u2019experts vous accompagne \u00e0 chaque \u00e9tape : du choix de la solution appropri\u00e9e \u00e0 sa mise en \u0153uvre sur site. Nous offrons \u00e9galement un support complet pour l\u2019int\u00e9gration des tags avec notre application <em>Tag4Pay<\/em>, la solution cashless qui acc\u00e9l\u00e8re les paiements et rend les transactions plus efficaces tout au long de l\u2019\u00e9v\u00e9nement.<\/p>\n<p>[\/et_pb_text][\/et_pb_column][\/et_pb_row][\/et_pb_section]<\/p>\n","protected":false},"excerpt":{"rendered":"<p>L\u2019innovation est au c\u0153ur de notre offre. Nous utilisons les derni\u00e8res technologies RFID pour cr\u00e9er des solutions intelligentes et \u00e9volutives, id\u00e9ales pour des \u00e9v\u00e9nements de toutes tailles. Qu\u2019il s\u2019agisse d\u2019une foire locale, d\u2019un \u00e9v\u00e9nement sportif, d\u2019une conf\u00e9rence, d\u2019un festival de musique ou d\u2019un concert, notre technologie vous permet de g\u00e9rer chaque aspect de votre \u00e9v\u00e9nement [&hellip;]<\/p>\n","protected":false},"author":1,"featured_media":0,"parent":284759,"menu_order":0,"comment_status":"closed","ping_status":"closed","template":"","meta":{"_acf_changed":false,"_et_pb_use_builder":"on","_et_pb_old_content":"","_et_gb_content_width":"","footnotes":""},"class_list":["post-284819","page","type-page","status-publish","hentry"],"acf":[],"yoast_head":"<!-- This site is optimized with the Yoast SEO Premium plugin v26.2 (Yoast SEO v27.4) - https:\/\/yoast.com\/product\/yoast-seo-premium-wordpress\/ -->\n<title>Services NFC pour \u00e9v\u00e9nements - Global Tag<\/title>\n<meta name=\"description\" content=\"D\u00e9couvrez les avantages des services NFC pour les \u00e9v\u00e9nements, garantissant s\u00e9curit\u00e9 et organisation fluide de la planification \u00e0 l\u2019ex\u00e9cution.\" \/>\n<meta name=\"robots\" content=\"index, follow, max-snippet:-1, max-image-preview:large, max-video-preview:-1\" \/>\n<link rel=\"canonical\" href=\"https:\/\/www.global-tag.com\/nfc-for-events\/nfc-services-for-events\/\" \/>\n<meta property=\"og:locale\" content=\"fr_FR\" \/>\n<meta property=\"og:type\" content=\"article\" \/>\n<meta property=\"og:title\" content=\"Services NFC pour \u00e9v\u00e9nements\" \/>\n<meta property=\"og:description\" content=\"D\u00e9couvrez les avantages des services NFC pour les \u00e9v\u00e9nements, garantissant s\u00e9curit\u00e9 et organisation fluide de la planification \u00e0 l\u2019ex\u00e9cution.\" \/>\n<meta property=\"og:site_name\" content=\"Global Tag\" \/>\n<meta property=\"article:modified_time\" content=\"2025-10-20T08:55:14+00:00\" \/>\n<meta name=\"twitter:card\" content=\"summary_large_image\" \/>\n<meta name=\"twitter:site\" content=\"@Global_Tag_RFID\" \/>\n<meta name=\"twitter:label1\" content=\"Dur\u00e9e de lecture estim\u00e9e\" \/>\n\t<meta name=\"twitter:data1\" content=\"2 minutes\" \/>\n<script type=\"application\/ld+json\" class=\"yoast-schema-graph\">{\"@context\":\"https:\\\/\\\/schema.org\",\"@graph\":[{\"@type\":\"WebPage\",\"@id\":\"https:\\\/\\\/www.global-tag.com\\\/nfc-for-events\\\/nfc-services-for-events\\\/\",\"url\":\"https:\\\/\\\/www.global-tag.com\\\/nfc-for-events\\\/nfc-services-for-events\\\/\",\"name\":\"Services NFC pour \u00e9v\u00e9nements - Global Tag\",\"isPartOf\":{\"@id\":\"https:\\\/\\\/www.global-tag.com\\\/#website\"},\"datePublished\":\"2025-09-01T09:14:41+00:00\",\"dateModified\":\"2025-10-20T08:55:14+00:00\",\"description\":\"D\u00e9couvrez les avantages des services NFC pour les \u00e9v\u00e9nements, garantissant s\u00e9curit\u00e9 et organisation fluide de la planification \u00e0 l\u2019ex\u00e9cution.\",\"breadcrumb\":{\"@id\":\"https:\\\/\\\/www.global-tag.com\\\/nfc-for-events\\\/nfc-services-for-events\\\/#breadcrumb\"},\"inLanguage\":\"fr-FR\",\"potentialAction\":[{\"@type\":\"ReadAction\",\"target\":[\"https:\\\/\\\/www.global-tag.com\\\/nfc-for-events\\\/nfc-services-for-events\\\/\"]}]},{\"@type\":\"BreadcrumbList\",\"@id\":\"https:\\\/\\\/www.global-tag.com\\\/nfc-for-events\\\/nfc-services-for-events\\\/#breadcrumb\",\"itemListElement\":[{\"@type\":\"ListItem\",\"position\":1,\"name\":\"Home\",\"item\":\"https:\\\/\\\/www.global-tag.com\\\/\"},{\"@type\":\"ListItem\",\"position\":2,\"name\":\"NFC pour les \u00e9v\u00e9nements\",\"item\":\"https:\\\/\\\/www.global-tag.com\\\/nfc-for-events\\\/\"},{\"@type\":\"ListItem\",\"position\":3,\"name\":\"Services NFC pour \u00e9v\u00e9nements\"}]},{\"@type\":\"WebSite\",\"@id\":\"https:\\\/\\\/www.global-tag.com\\\/#website\",\"url\":\"https:\\\/\\\/www.global-tag.com\\\/\",\"name\":\"Global Tag\",\"description\":\"\",\"publisher\":{\"@id\":\"https:\\\/\\\/www.global-tag.com\\\/#organization\"},\"potentialAction\":[{\"@type\":\"SearchAction\",\"target\":{\"@type\":\"EntryPoint\",\"urlTemplate\":\"https:\\\/\\\/www.global-tag.com\\\/?s={search_term_string}\"},\"query-input\":{\"@type\":\"PropertyValueSpecification\",\"valueRequired\":true,\"valueName\":\"search_term_string\"}}],\"inLanguage\":\"fr-FR\"},{\"@type\":\"Organization\",\"@id\":\"https:\\\/\\\/www.global-tag.com\\\/#organization\",\"name\":\"Global Tag\",\"url\":\"https:\\\/\\\/www.global-tag.com\\\/\",\"logo\":{\"@type\":\"ImageObject\",\"inLanguage\":\"fr-FR\",\"@id\":\"https:\\\/\\\/www.global-tag.com\\\/#\\\/schema\\\/logo\\\/image\\\/\",\"url\":\"https:\\\/\\\/www.global-tag.com\\\/wp-content\\\/uploads\\\/2024\\\/11\\\/GLOBAL-TAG-logo.ai_.png\",\"contentUrl\":\"https:\\\/\\\/www.global-tag.com\\\/wp-content\\\/uploads\\\/2024\\\/11\\\/GLOBAL-TAG-logo.ai_.png\",\"width\":1771,\"height\":825,\"caption\":\"Global Tag\"},\"image\":{\"@id\":\"https:\\\/\\\/www.global-tag.com\\\/#\\\/schema\\\/logo\\\/image\\\/\"},\"sameAs\":[\"https:\\\/\\\/x.com\\\/Global_Tag_RFID\",\"https:\\\/\\\/www.linkedin.com\\\/company\\\/global-tag-srl---rfid-tag-for-global-request\"]}]}<\/script>\n<!-- \/ Yoast SEO Premium plugin. -->","yoast_head_json":{"title":"Services NFC pour \u00e9v\u00e9nements - Global Tag","description":"D\u00e9couvrez les avantages des services NFC pour les \u00e9v\u00e9nements, garantissant s\u00e9curit\u00e9 et organisation fluide de la planification \u00e0 l\u2019ex\u00e9cution.","robots":{"index":"index","follow":"follow","max-snippet":"max-snippet:-1","max-image-preview":"max-image-preview:large","max-video-preview":"max-video-preview:-1"},"canonical":"https:\/\/www.global-tag.com\/nfc-for-events\/nfc-services-for-events\/","og_locale":"fr_FR","og_type":"article","og_title":"Services NFC pour \u00e9v\u00e9nements","og_description":"D\u00e9couvrez les avantages des services NFC pour les \u00e9v\u00e9nements, garantissant s\u00e9curit\u00e9 et organisation fluide de la planification \u00e0 l\u2019ex\u00e9cution.","og_site_name":"Global Tag","article_modified_time":"2025-10-20T08:55:14+00:00","twitter_card":"summary_large_image","twitter_site":"@Global_Tag_RFID","twitter_misc":{"Dur\u00e9e de lecture estim\u00e9e":"2 minutes"},"schema":{"@context":"https:\/\/schema.org","@graph":[{"@type":"WebPage","@id":"https:\/\/www.global-tag.com\/nfc-for-events\/nfc-services-for-events\/","url":"https:\/\/www.global-tag.com\/nfc-for-events\/nfc-services-for-events\/","name":"Services NFC pour \u00e9v\u00e9nements - Global Tag","isPartOf":{"@id":"https:\/\/www.global-tag.com\/#website"},"datePublished":"2025-09-01T09:14:41+00:00","dateModified":"2025-10-20T08:55:14+00:00","description":"D\u00e9couvrez les avantages des services NFC pour les \u00e9v\u00e9nements, garantissant s\u00e9curit\u00e9 et organisation fluide de la planification \u00e0 l\u2019ex\u00e9cution.","breadcrumb":{"@id":"https:\/\/www.global-tag.com\/nfc-for-events\/nfc-services-for-events\/#breadcrumb"},"inLanguage":"fr-FR","potentialAction":[{"@type":"ReadAction","target":["https:\/\/www.global-tag.com\/nfc-for-events\/nfc-services-for-events\/"]}]},{"@type":"BreadcrumbList","@id":"https:\/\/www.global-tag.com\/nfc-for-events\/nfc-services-for-events\/#breadcrumb","itemListElement":[{"@type":"ListItem","position":1,"name":"Home","item":"https:\/\/www.global-tag.com\/"},{"@type":"ListItem","position":2,"name":"NFC pour les \u00e9v\u00e9nements","item":"https:\/\/www.global-tag.com\/nfc-for-events\/"},{"@type":"ListItem","position":3,"name":"Services NFC pour \u00e9v\u00e9nements"}]},{"@type":"WebSite","@id":"https:\/\/www.global-tag.com\/#website","url":"https:\/\/www.global-tag.com\/","name":"Global Tag","description":"","publisher":{"@id":"https:\/\/www.global-tag.com\/#organization"},"potentialAction":[{"@type":"SearchAction","target":{"@type":"EntryPoint","urlTemplate":"https:\/\/www.global-tag.com\/?s={search_term_string}"},"query-input":{"@type":"PropertyValueSpecification","valueRequired":true,"valueName":"search_term_string"}}],"inLanguage":"fr-FR"},{"@type":"Organization","@id":"https:\/\/www.global-tag.com\/#organization","name":"Global Tag","url":"https:\/\/www.global-tag.com\/","logo":{"@type":"ImageObject","inLanguage":"fr-FR","@id":"https:\/\/www.global-tag.com\/#\/schema\/logo\/image\/","url":"https:\/\/www.global-tag.com\/wp-content\/uploads\/2024\/11\/GLOBAL-TAG-logo.ai_.png","contentUrl":"https:\/\/www.global-tag.com\/wp-content\/uploads\/2024\/11\/GLOBAL-TAG-logo.ai_.png","width":1771,"height":825,"caption":"Global Tag"},"image":{"@id":"https:\/\/www.global-tag.com\/#\/schema\/logo\/image\/"},"sameAs":["https:\/\/x.com\/Global_Tag_RFID","https:\/\/www.linkedin.com\/company\/global-tag-srl---rfid-tag-for-global-request"]}]}},"_links":{"self":[{"href":"https:\/\/www.global-tag.com\/fr\/wp-json\/wp\/v2\/pages\/284819","targetHints":{"allow":["GET"]}}],"collection":[{"href":"https:\/\/www.global-tag.com\/fr\/wp-json\/wp\/v2\/pages"}],"about":[{"href":"https:\/\/www.global-tag.com\/fr\/wp-json\/wp\/v2\/types\/page"}],"author":[{"embeddable":true,"href":"https:\/\/www.global-tag.com\/fr\/wp-json\/wp\/v2\/users\/1"}],"replies":[{"embeddable":true,"href":"https:\/\/www.global-tag.com\/fr\/wp-json\/wp\/v2\/comments?post=284819"}],"version-history":[{"count":4,"href":"https:\/\/www.global-tag.com\/fr\/wp-json\/wp\/v2\/pages\/284819\/revisions"}],"predecessor-version":[{"id":284831,"href":"https:\/\/www.global-tag.com\/fr\/wp-json\/wp\/v2\/pages\/284819\/revisions\/284831"}],"up":[{"embeddable":true,"href":"https:\/\/www.global-tag.com\/fr\/wp-json\/wp\/v2\/pages\/284759"}],"wp:attachment":[{"href":"https:\/\/www.global-tag.com\/fr\/wp-json\/wp\/v2\/media?parent=284819"}],"curies":[{"name":"wp","href":"https:\/\/api.w.org\/{rel}","templated":true}]}}