{"id":284799,"date":"2025-09-01T11:09:15","date_gmt":"2025-09-01T09:09:15","guid":{"rendered":"https:\/\/www.global-tag.com\/nfc-pour-les-evenements\/a-propos-de-nous-bu-events\/"},"modified":"2025-10-20T10:33:52","modified_gmt":"2025-10-20T08:33:52","slug":"a-propos-de-nous-bu-events","status":"publish","type":"page","link":"https:\/\/www.global-tag.com\/fr\/nfc-pour-les-evenements\/a-propos-de-nous-bu-events\/","title":{"rendered":"\u00c0 propos de nous \u2013 BU Events"},"content":{"rendered":"<p>[et_pb_section fb_built=&#8221;1&#8243; _builder_version=&#8221;4.27.4&#8243; _module_preset=&#8221;default&#8221; background_enable_color=&#8221;off&#8221; background_image=&#8221;https:\/\/www.global-tag.com\/wp-content\/uploads\/2025\/09\/ABOUT-US-BU-EVENTS.png&#8221; custom_padding=&#8221;0%||0%||false|false&#8221; top_divider_style=&#8221;arrow&#8221; top_divider_color=&#8221;gcid-d33bae72-e84c-4800-bfaa-6918f75fa1f8&#8243; top_divider_height=&#8221;94px&#8221; bottom_divider_style=&#8221;ramp2&#8243; bottom_divider_color=&#8221;gcid-d33bae72-e84c-4800-bfaa-6918f75fa1f8&#8243; bottom_divider_height=&#8221;104px&#8221; global_colors_info=&#8221;{%22gcid-d33bae72-e84c-4800-bfaa-6918f75fa1f8%22:%91%22bottom_divider_color%22%93}&#8221;][et_pb_row _builder_version=&#8221;4.24.2&#8243; _module_preset=&#8221;9f1baad1-7a02-4a00-97e0-ffbb41c307aa&#8221; background_color=&#8221;RGBA(255,255,255,0)&#8221; custom_padding=&#8221;||3%||false|false&#8221; global_colors_info=&#8221;{}&#8221;][et_pb_column type=&#8221;4_4&#8243; _builder_version=&#8221;4.24.2&#8243; _module_preset=&#8221;default&#8221; global_colors_info=&#8221;{}&#8221;][et_pb_heading title=&#8221;\u00c1 Propos de Nous&#8221; _builder_version=&#8221;4.24.3&#8243; _module_preset=&#8221;default&#8221; title_font=&#8221;|800|||||||&#8221; title_text_align=&#8221;center&#8221; title_font_size=&#8221;35px&#8221; background_enable_color=&#8221;off&#8221; custom_margin=&#8221;||0%||false|false&#8221; custom_padding=&#8221;0%||1%||false|false&#8221; global_colors_info=&#8221;{}&#8221;][\/et_pb_heading][et_pb_heading title=&#8221;Nous proposons des bracelets RFID personnalis\u00e9s et l\u2019application Tag4Pay afin de transformer les paiements lors des \u00e9v\u00e9nements : plus de files d\u2019attente, des transactions rapides et une exp\u00e9rience fluide et s\u00e9curis\u00e9e pour chaque participant.&#8221; _builder_version=&#8221;4.27.4&#8243; _module_preset=&#8221;default&#8221; title_level=&#8221;h3&#8243; title_text_align=&#8221;center&#8221; title_text_color=&#8221;#FFFFFF&#8221; title_line_height=&#8221;1.2em&#8221; background_color=&#8221;rgba(0,109,119,0.71)&#8221; width=&#8221;80%&#8221; module_alignment=&#8221;center&#8221; custom_margin=&#8221;7%||7%||false|false&#8221; custom_padding=&#8221;2%|2%|1%|2%|false|false&#8221; hover_enabled=&#8221;0&#8243; global_colors_info=&#8221;{}&#8221; sticky_enabled=&#8221;0&#8243;][\/et_pb_heading][\/et_pb_column][\/et_pb_row][\/et_pb_section][et_pb_section fb_built=&#8221;1&#8243; admin_label=&#8221;Standard Label&#8221; _builder_version=&#8221;4.27.4&#8243; _module_preset=&#8221;default&#8221; background_enable_color=&#8221;off&#8221; width=&#8221;99.7%&#8221; custom_margin=&#8221;0%||0%||false|false&#8221; custom_padding=&#8221;2%||4%||false|false&#8221; top_divider_style=&#8221;slant2&#8243; top_divider_color=&#8221;gcid-d33bae72-e84c-4800-bfaa-6918f75fa1f8&#8243; top_divider_height=&#8221;51px&#8221; locked=&#8221;off&#8221; global_colors_info=&#8221;{%22gcid-d33bae72-e84c-4800-bfaa-6918f75fa1f8%22:%91%22top_divider_color%22%93}&#8221;][et_pb_row column_structure=&#8221;3_5,2_5&#8243; use_custom_gutter=&#8221;on&#8221; gutter_width=&#8221;2&#8243; _builder_version=&#8221;4.27.4&#8243; _module_preset=&#8221;_initial&#8221; width=&#8221;100%&#8221; max_width=&#8221;80%&#8221; module_alignment=&#8221;center&#8221; custom_margin=&#8221;0%||||false|false&#8221; box_shadow_style=&#8221;preset3&#8243; box_shadow_vertical=&#8221;4px&#8221; box_shadow_spread=&#8221;-1px&#8221; box_shadow_color=&#8221;gcid-712ce228-6643-458b-9b78-5b147bf9ecfd&#8221; global_colors_info=&#8221;{%22gcid-712ce228-6643-458b-9b78-5b147bf9ecfd%22:%91%22box_shadow_color%22%93}&#8221;][et_pb_column type=&#8221;3_5&#8243; _builder_version=&#8221;4.24.3&#8243; _module_preset=&#8221;default&#8221; global_colors_info=&#8221;{}&#8221;][et_pb_text _builder_version=&#8221;4.27.4&#8243; _module_preset=&#8221;default&#8221; quote_font=&#8221;||||||||&#8221; quote_text_align=&#8221;justify&#8221; text_orientation=&#8221;justified&#8221; custom_margin=&#8221;5px||||false|false&#8221; custom_padding=&#8221;|||3%|true|false&#8221; hover_enabled=&#8221;0&#8243; global_colors_info=&#8221;{}&#8221; sticky_enabled=&#8221;0&#8243;]<\/p>\n<p>Notre mission est claire : transformer chaque \u00e9v\u00e9nement en une exp\u00e9rience unique, s\u00fbre et facilement g\u00e9rable.<br \/>C\u2019est de cette vision qu\u2019est n\u00e9e la Business Unit Events de Global Tag, d\u00e9di\u00e9e au d\u00e9veloppement de solutions RFID innovantes con\u00e7ues pour simplifier l\u2019interaction avec les participants, optimiser les processus organisationnels et assurer un d\u00e9roulement fluide de l\u2019\u00e9v\u00e9nement du d\u00e9but \u00e0 la fin.<\/p>\n<p>Nous accompagnons nos clients \u00e0 chaque \u00e9tape : de la s\u00e9lection du <strong>tag<\/strong> le plus adapt\u00e9 au contexte, \u00e0 la personnalisation et \u00e0 l\u2019int\u00e9gration de notre application propri\u00e9taire <em>Tag4Pay<\/em>, la solution cashless qui acc\u00e9l\u00e8re les transactions et enrichit l\u2019exp\u00e9rience des participants.<\/p>\n<p>Nous collaborons avec un large \u00e9ventail de partenaires : organisateurs de concerts et festivals de musique, salons professionnels, \u00e9v\u00e9nements locaux et festivals communautaires, manifestations sportives, festivals gastronomiques et \u0153nologiques, ainsi que toute personne souhaitant offrir \u00e0 ses invit\u00e9s une exp\u00e9rience moderne et fluide.<\/p>\n<p>Notre offre comprend une vari\u00e9t\u00e9 de produits et syst\u00e8mes RFID, con\u00e7us pour s\u2019adapter \u00e0 diff\u00e9rents besoins et contextes, et disponibles en plusieurs mat\u00e9riaux, formats et technologies. Chaque solution est pens\u00e9e pour r\u00e9sister \u00e0 l\u2019intensit\u00e9 des \u00e9v\u00e9nements et garantir une fiabilit\u00e9 maximale.<\/p>\n<p>Ce qui nous distingue, c\u2019est la combinaison de l\u2019innovation technologique, de produits de haute qualit\u00e9 et de services sur mesure, alli\u00e9e \u00e0 un support rapide et continu. Gr\u00e2ce \u00e0 cette approche, nous aidons les organisateurs \u00e0 renforcer la s\u00e9curit\u00e9, \u00e0 rationaliser les processus et \u00e0 offrir des exp\u00e9riences m\u00e9morables, tout en favorisant l\u2019efficacit\u00e9 et la durabilit\u00e9.<\/p>\n<p>[\/et_pb_text][\/et_pb_column][et_pb_column type=&#8221;2_5&#8243; _builder_version=&#8221;4.24.3&#8243; _module_preset=&#8221;default&#8221; global_colors_info=&#8221;{}&#8221;][et_pb_image src=&#8221;https:\/\/www.global-tag.com\/wp-content\/uploads\/2025\/09\/Roll-up-Events.png&#8221; title_text=&#8221;Roll up Events&#8221; align=&#8221;center&#8221; _builder_version=&#8221;4.27.4&#8243; _module_preset=&#8221;default&#8221; global_colors_info=&#8221;{}&#8221;][\/et_pb_image][\/et_pb_column][\/et_pb_row][et_pb_row use_custom_gutter=&#8221;on&#8221; gutter_width=&#8221;2&#8243; _builder_version=&#8221;4.27.4&#8243; _module_preset=&#8221;_initial&#8221; width=&#8221;100%&#8221; max_width=&#8221;80%&#8221; custom_margin=&#8221;2%||||false|false&#8221; box_shadow_style=&#8221;preset3&#8243; box_shadow_horizontal=&#8221;1px&#8221; box_shadow_vertical=&#8221;-7px&#8221; box_shadow_blur=&#8221;25px&#8221; box_shadow_spread=&#8221;-4px&#8221; box_shadow_color=&#8221;gcid-712ce228-6643-458b-9b78-5b147bf9ecfd&#8221; global_colors_info=&#8221;{%22gcid-712ce228-6643-458b-9b78-5b147bf9ecfd%22:%91%22box_shadow_color%22%93}&#8221;][et_pb_column type=&#8221;4_4&#8243; _builder_version=&#8221;4.24.3&#8243; _module_preset=&#8221;default&#8221; global_colors_info=&#8221;{}&#8221;][et_pb_video src=&#8221;https:\/\/www.youtube.com\/watch?v=kM3YiYYmRBI&#8221; _builder_version=&#8221;4.27.4&#8243; _module_preset=&#8221;default&#8221; custom_padding=&#8221;|3%||3%|false|true&#8221; global_colors_info=&#8221;{}&#8221;][\/et_pb_video][\/et_pb_column][\/et_pb_row][\/et_pb_section]<\/p>\n","protected":false},"excerpt":{"rendered":"<p>Notre mission est claire : transformer chaque \u00e9v\u00e9nement en une exp\u00e9rience unique, s\u00fbre et facilement g\u00e9rable.C\u2019est de cette vision qu\u2019est n\u00e9e la Business Unit Events de Global Tag, d\u00e9di\u00e9e au d\u00e9veloppement de solutions RFID innovantes con\u00e7ues pour simplifier l\u2019interaction avec les participants, optimiser les processus organisationnels et assurer un d\u00e9roulement fluide de l\u2019\u00e9v\u00e9nement du d\u00e9but [&hellip;]<\/p>\n","protected":false},"author":1,"featured_media":0,"parent":284759,"menu_order":0,"comment_status":"closed","ping_status":"closed","template":"","meta":{"_acf_changed":false,"_et_pb_use_builder":"on","_et_pb_old_content":"","_et_gb_content_width":"","footnotes":""},"class_list":["post-284799","page","type-page","status-publish","hentry"],"acf":[],"yoast_head":"<!-- This site is optimized with the Yoast SEO Premium plugin v26.2 (Yoast SEO v27.4) - https:\/\/yoast.com\/product\/yoast-seo-premium-wordpress\/ -->\n<title>\u00c0 propos de nous \u2013 BU Events - Global Tag<\/title>\n<meta name=\"description\" content=\"D\u00e9couvrez comment les \u00e9v\u00e9nements RFID transforment la mani\u00e8re dont les paiements sont effectu\u00e9s lors des rassemblements.\" \/>\n<meta name=\"robots\" content=\"index, follow, max-snippet:-1, max-image-preview:large, max-video-preview:-1\" \/>\n<link rel=\"canonical\" href=\"https:\/\/www.global-tag.com\/nfc-for-events\/about-nfc-for-events\/\" \/>\n<meta property=\"og:locale\" content=\"fr_FR\" \/>\n<meta property=\"og:type\" content=\"article\" \/>\n<meta property=\"og:title\" content=\"\u00c0 propos de nous \u2013 BU Events\" \/>\n<meta property=\"og:description\" content=\"D\u00e9couvrez comment les \u00e9v\u00e9nements RFID transforment la mani\u00e8re dont les paiements sont effectu\u00e9s lors des rassemblements.\" \/>\n<meta property=\"og:site_name\" content=\"Global Tag\" \/>\n<meta property=\"article:modified_time\" content=\"2025-10-20T08:33:52+00:00\" \/>\n<meta name=\"twitter:card\" content=\"summary_large_image\" \/>\n<meta name=\"twitter:site\" content=\"@Global_Tag_RFID\" \/>\n<meta name=\"twitter:label1\" content=\"Dur\u00e9e de lecture estim\u00e9e\" \/>\n\t<meta name=\"twitter:data1\" content=\"2 minutes\" \/>\n<script type=\"application\/ld+json\" class=\"yoast-schema-graph\">{\"@context\":\"https:\\\/\\\/schema.org\",\"@graph\":[{\"@type\":\"WebPage\",\"@id\":\"https:\\\/\\\/www.global-tag.com\\\/nfc-for-events\\\/about-nfc-for-events\\\/\",\"url\":\"https:\\\/\\\/www.global-tag.com\\\/nfc-for-events\\\/about-nfc-for-events\\\/\",\"name\":\"\u00c0 propos de nous \u2013 BU Events - Global Tag\",\"isPartOf\":{\"@id\":\"https:\\\/\\\/www.global-tag.com\\\/#website\"},\"datePublished\":\"2025-09-01T09:09:15+00:00\",\"dateModified\":\"2025-10-20T08:33:52+00:00\",\"description\":\"D\u00e9couvrez comment les \u00e9v\u00e9nements RFID transforment la mani\u00e8re dont les paiements sont effectu\u00e9s lors des rassemblements.\",\"breadcrumb\":{\"@id\":\"https:\\\/\\\/www.global-tag.com\\\/nfc-for-events\\\/about-nfc-for-events\\\/#breadcrumb\"},\"inLanguage\":\"fr-FR\",\"potentialAction\":[{\"@type\":\"ReadAction\",\"target\":[\"https:\\\/\\\/www.global-tag.com\\\/nfc-for-events\\\/about-nfc-for-events\\\/\"]}]},{\"@type\":\"BreadcrumbList\",\"@id\":\"https:\\\/\\\/www.global-tag.com\\\/nfc-for-events\\\/about-nfc-for-events\\\/#breadcrumb\",\"itemListElement\":[{\"@type\":\"ListItem\",\"position\":1,\"name\":\"Home\",\"item\":\"https:\\\/\\\/www.global-tag.com\\\/\"},{\"@type\":\"ListItem\",\"position\":2,\"name\":\"NFC pour les \u00e9v\u00e9nements\",\"item\":\"https:\\\/\\\/www.global-tag.com\\\/nfc-for-events\\\/\"},{\"@type\":\"ListItem\",\"position\":3,\"name\":\"\u00c0 propos de nous \u2013 BU Events\"}]},{\"@type\":\"WebSite\",\"@id\":\"https:\\\/\\\/www.global-tag.com\\\/#website\",\"url\":\"https:\\\/\\\/www.global-tag.com\\\/\",\"name\":\"Global Tag\",\"description\":\"\",\"publisher\":{\"@id\":\"https:\\\/\\\/www.global-tag.com\\\/#organization\"},\"potentialAction\":[{\"@type\":\"SearchAction\",\"target\":{\"@type\":\"EntryPoint\",\"urlTemplate\":\"https:\\\/\\\/www.global-tag.com\\\/?s={search_term_string}\"},\"query-input\":{\"@type\":\"PropertyValueSpecification\",\"valueRequired\":true,\"valueName\":\"search_term_string\"}}],\"inLanguage\":\"fr-FR\"},{\"@type\":\"Organization\",\"@id\":\"https:\\\/\\\/www.global-tag.com\\\/#organization\",\"name\":\"Global Tag\",\"url\":\"https:\\\/\\\/www.global-tag.com\\\/\",\"logo\":{\"@type\":\"ImageObject\",\"inLanguage\":\"fr-FR\",\"@id\":\"https:\\\/\\\/www.global-tag.com\\\/#\\\/schema\\\/logo\\\/image\\\/\",\"url\":\"https:\\\/\\\/www.global-tag.com\\\/wp-content\\\/uploads\\\/2024\\\/11\\\/GLOBAL-TAG-logo.ai_.png\",\"contentUrl\":\"https:\\\/\\\/www.global-tag.com\\\/wp-content\\\/uploads\\\/2024\\\/11\\\/GLOBAL-TAG-logo.ai_.png\",\"width\":1771,\"height\":825,\"caption\":\"Global Tag\"},\"image\":{\"@id\":\"https:\\\/\\\/www.global-tag.com\\\/#\\\/schema\\\/logo\\\/image\\\/\"},\"sameAs\":[\"https:\\\/\\\/x.com\\\/Global_Tag_RFID\",\"https:\\\/\\\/www.linkedin.com\\\/company\\\/global-tag-srl---rfid-tag-for-global-request\"]}]}<\/script>\n<!-- \/ Yoast SEO Premium plugin. -->","yoast_head_json":{"title":"\u00c0 propos de nous \u2013 BU Events - Global Tag","description":"D\u00e9couvrez comment les \u00e9v\u00e9nements RFID transforment la mani\u00e8re dont les paiements sont effectu\u00e9s lors des rassemblements.","robots":{"index":"index","follow":"follow","max-snippet":"max-snippet:-1","max-image-preview":"max-image-preview:large","max-video-preview":"max-video-preview:-1"},"canonical":"https:\/\/www.global-tag.com\/nfc-for-events\/about-nfc-for-events\/","og_locale":"fr_FR","og_type":"article","og_title":"\u00c0 propos de nous \u2013 BU Events","og_description":"D\u00e9couvrez comment les \u00e9v\u00e9nements RFID transforment la mani\u00e8re dont les paiements sont effectu\u00e9s lors des rassemblements.","og_site_name":"Global Tag","article_modified_time":"2025-10-20T08:33:52+00:00","twitter_card":"summary_large_image","twitter_site":"@Global_Tag_RFID","twitter_misc":{"Dur\u00e9e de lecture estim\u00e9e":"2 minutes"},"schema":{"@context":"https:\/\/schema.org","@graph":[{"@type":"WebPage","@id":"https:\/\/www.global-tag.com\/nfc-for-events\/about-nfc-for-events\/","url":"https:\/\/www.global-tag.com\/nfc-for-events\/about-nfc-for-events\/","name":"\u00c0 propos de nous \u2013 BU Events - Global Tag","isPartOf":{"@id":"https:\/\/www.global-tag.com\/#website"},"datePublished":"2025-09-01T09:09:15+00:00","dateModified":"2025-10-20T08:33:52+00:00","description":"D\u00e9couvrez comment les \u00e9v\u00e9nements RFID transforment la mani\u00e8re dont les paiements sont effectu\u00e9s lors des rassemblements.","breadcrumb":{"@id":"https:\/\/www.global-tag.com\/nfc-for-events\/about-nfc-for-events\/#breadcrumb"},"inLanguage":"fr-FR","potentialAction":[{"@type":"ReadAction","target":["https:\/\/www.global-tag.com\/nfc-for-events\/about-nfc-for-events\/"]}]},{"@type":"BreadcrumbList","@id":"https:\/\/www.global-tag.com\/nfc-for-events\/about-nfc-for-events\/#breadcrumb","itemListElement":[{"@type":"ListItem","position":1,"name":"Home","item":"https:\/\/www.global-tag.com\/"},{"@type":"ListItem","position":2,"name":"NFC pour les \u00e9v\u00e9nements","item":"https:\/\/www.global-tag.com\/nfc-for-events\/"},{"@type":"ListItem","position":3,"name":"\u00c0 propos de nous \u2013 BU Events"}]},{"@type":"WebSite","@id":"https:\/\/www.global-tag.com\/#website","url":"https:\/\/www.global-tag.com\/","name":"Global Tag","description":"","publisher":{"@id":"https:\/\/www.global-tag.com\/#organization"},"potentialAction":[{"@type":"SearchAction","target":{"@type":"EntryPoint","urlTemplate":"https:\/\/www.global-tag.com\/?s={search_term_string}"},"query-input":{"@type":"PropertyValueSpecification","valueRequired":true,"valueName":"search_term_string"}}],"inLanguage":"fr-FR"},{"@type":"Organization","@id":"https:\/\/www.global-tag.com\/#organization","name":"Global Tag","url":"https:\/\/www.global-tag.com\/","logo":{"@type":"ImageObject","inLanguage":"fr-FR","@id":"https:\/\/www.global-tag.com\/#\/schema\/logo\/image\/","url":"https:\/\/www.global-tag.com\/wp-content\/uploads\/2024\/11\/GLOBAL-TAG-logo.ai_.png","contentUrl":"https:\/\/www.global-tag.com\/wp-content\/uploads\/2024\/11\/GLOBAL-TAG-logo.ai_.png","width":1771,"height":825,"caption":"Global Tag"},"image":{"@id":"https:\/\/www.global-tag.com\/#\/schema\/logo\/image\/"},"sameAs":["https:\/\/x.com\/Global_Tag_RFID","https:\/\/www.linkedin.com\/company\/global-tag-srl---rfid-tag-for-global-request"]}]}},"_links":{"self":[{"href":"https:\/\/www.global-tag.com\/fr\/wp-json\/wp\/v2\/pages\/284799","targetHints":{"allow":["GET"]}}],"collection":[{"href":"https:\/\/www.global-tag.com\/fr\/wp-json\/wp\/v2\/pages"}],"about":[{"href":"https:\/\/www.global-tag.com\/fr\/wp-json\/wp\/v2\/types\/page"}],"author":[{"embeddable":true,"href":"https:\/\/www.global-tag.com\/fr\/wp-json\/wp\/v2\/users\/1"}],"replies":[{"embeddable":true,"href":"https:\/\/www.global-tag.com\/fr\/wp-json\/wp\/v2\/comments?post=284799"}],"version-history":[{"count":5,"href":"https:\/\/www.global-tag.com\/fr\/wp-json\/wp\/v2\/pages\/284799\/revisions"}],"predecessor-version":[{"id":284812,"href":"https:\/\/www.global-tag.com\/fr\/wp-json\/wp\/v2\/pages\/284799\/revisions\/284812"}],"up":[{"embeddable":true,"href":"https:\/\/www.global-tag.com\/fr\/wp-json\/wp\/v2\/pages\/284759"}],"wp:attachment":[{"href":"https:\/\/www.global-tag.com\/fr\/wp-json\/wp\/v2\/media?parent=284799"}],"curies":[{"name":"wp","href":"https:\/\/api.w.org\/{rel}","templated":true}]}}