{"id":279207,"date":"2025-06-16T10:06:25","date_gmt":"2025-06-16T08:06:25","guid":{"rendered":"https:\/\/www.global-tag.com\/rfid-apparel-solutions-hub\/rfid-services-for-apparel-retail\/"},"modified":"2025-07-22T09:44:47","modified_gmt":"2025-07-22T07:44:47","slug":"services-rfid-pour-apparel-retail","status":"publish","type":"page","link":"https:\/\/www.global-tag.com\/fr\/apparel-solutions-hub-solutions-rfid-et-eas\/services-rfid-pour-apparel-retail\/","title":{"rendered":"Services RFID pour apparel retail"},"content":{"rendered":"<p>[et_pb_section fb_built=&#8221;1&#8243; _builder_version=&#8221;4.27.4&#8243; _module_preset=&#8221;default&#8221; background_enable_color=&#8221;off&#8221; background_image=&#8221;https:\/\/www.global-tag.com\/wp-content\/uploads\/2025\/06\/SERVICES-RETAIL.png&#8221; custom_padding=&#8221;0%||10%||false|false&#8221; top_divider_style=&#8221;arrow&#8221; top_divider_color=&#8221;gcid-4c898ad5-7012-4de3-8d90-316b399d5d9d&#8221; top_divider_height=&#8221;122px&#8221; bottom_divider_color=&#8221;#E4254A&#8221; bottom_divider_height=&#8221;130px&#8221; global_colors_info=&#8221;{%22gcid-4c898ad5-7012-4de3-8d90-316b399d5d9d%22:%91%22top_divider_color%22%93}&#8221;][et_pb_row _builder_version=&#8221;4.24.2&#8243; _module_preset=&#8221;9f1baad1-7a02-4a00-97e0-ffbb41c307aa&#8221; background_color=&#8221;RGBA(255,255,255,0)&#8221; custom_padding=&#8221;||3%||false|false&#8221; global_colors_info=&#8221;{}&#8221;][et_pb_column type=&#8221;4_4&#8243; _builder_version=&#8221;4.24.2&#8243; _module_preset=&#8221;default&#8221; global_colors_info=&#8221;{}&#8221;][et_pb_heading title=&#8221;RFID SERVICES POUR APPAREL RETAIL&#8221; _builder_version=&#8221;4.27.4&#8243; _module_preset=&#8221;default&#8221; title_font=&#8221;|800|||||||&#8221; title_text_align=&#8221;center&#8221; title_font_size=&#8221;35px&#8221; background_enable_color=&#8221;off&#8221; custom_margin=&#8221;||0%||false|false&#8221; custom_padding=&#8221;0%||1%||false|false&#8221; global_colors_info=&#8221;{}&#8221;][\/et_pb_heading][et_pb_heading title=&#8221;Nous pouvons vous aider \u00e0 choisir la solution RFID, EAS ou combin\u00e9e la mieux adapt\u00e9e \u00e0 vos besoins en mati\u00e8re de vente au d\u00e9tail de v\u00eatements, qu&#8217;il s&#8217;agisse du suivi des produits, de la protection contre le vol ou de l&#8217;int\u00e9gration compl\u00e8te dans votre cha\u00eene d&#8217;approvisionnement et vos op\u00e9rations en magasin&#8221; _builder_version=&#8221;4.27.4&#8243; _module_preset=&#8221;default&#8221; title_level=&#8221;h3&#8243; title_text_align=&#8221;center&#8221; title_line_height=&#8221;1.2em&#8221; background_color=&#8221;rgba(27,42,65,0.71)&#8221; width=&#8221;80%&#8221; module_alignment=&#8221;center&#8221; custom_margin=&#8221;8%||1%||false|false&#8221; custom_padding=&#8221;1%|8%|0%|8%|false|false&#8221; global_colors_info=&#8221;{}&#8221;][\/et_pb_heading][\/et_pb_column][\/et_pb_row][\/et_pb_section][et_pb_section fb_built=&#8221;1&#8243; admin_label=&#8221;Standard Label&#8221; _builder_version=&#8221;4.27.4&#8243; _module_preset=&#8221;default&#8221; background_enable_color=&#8221;off&#8221; use_background_color_gradient=&#8221;on&#8221; background_color_gradient_direction=&#8221;1deg&#8221; background_color_gradient_stops=&#8221;rgba(229,229,229,0.89) 0%|#ffffff 100%&#8221; max_width=&#8221;80%&#8221; module_alignment=&#8221;center&#8221; custom_margin=&#8221;3%||3%||false|false&#8221; custom_padding=&#8221;2%||4%||false|false&#8221; top_divider_color=&#8221;gcid-f40cdaa6-7814-476f-95ad-6742e88d94af&#8221; top_divider_height=&#8221;51px&#8221; box_shadow_style=&#8221;preset3&#8243; box_shadow_vertical=&#8221;0px&#8221; box_shadow_blur=&#8221;23px&#8221; box_shadow_color=&#8221;gcid-4c898ad5-7012-4de3-8d90-316b399d5d9d&#8221; locked=&#8221;off&#8221; global_colors_info=&#8221;{%22gcid-primary-color%22:%91%22top_divider_color%22%93,%22gcid-4c898ad5-7012-4de3-8d90-316b399d5d9d%22:%91%22box_shadow_color%22%93,%22gcid-f40cdaa6-7814-476f-95ad-6742e88d94af%22:%91%22top_divider_color%22,%22box_shadow_color%22%93}&#8221;][et_pb_row column_structure=&#8221;1_2,1_2&#8243; _builder_version=&#8221;4.27.4&#8243; _module_preset=&#8221;default&#8221; background_image=&#8221;https:\/\/www.global-tag.com\/wp-content\/uploads\/2025\/06\/customization-retail-1.png&#8221; width=&#8221;100%&#8221; max_width=&#8221;90%&#8221; custom_margin=&#8221;2%||4%||false|false&#8221; custom_padding=&#8221;10%||8%||false|false&#8221; global_colors_info=&#8221;{}&#8221;][et_pb_column type=&#8221;1_2&#8243; _builder_version=&#8221;4.24.2&#8243; _module_preset=&#8221;default&#8221; global_colors_info=&#8221;{}&#8221;][\/et_pb_column][et_pb_column type=&#8221;1_2&#8243; _builder_version=&#8221;4.24.2&#8243; _module_preset=&#8221;default&#8221; global_colors_info=&#8221;{}&#8221;][et_pb_heading title=&#8221;Personnalisation&#8221; _builder_version=&#8221;4.27.4&#8243; _module_preset=&#8221;default&#8221; title_level=&#8221;h2&#8243; title_text_color=&#8221;gcid-4c898ad5-7012-4de3-8d90-316b399d5d9d&#8221; custom_padding=&#8221;|||10%|false|false&#8221; global_colors_info=&#8221;{%22gcid-4c898ad5-7012-4de3-8d90-316b399d5d9d%22:%91%22title_text_color%22%93}&#8221;][\/et_pb_heading][et_pb_text _builder_version=&#8221;4.27.4&#8243; _module_preset=&#8221;default&#8221; text_text_color=&#8221;RGBA(0,0,0,0.71)&#8221; text_font_size=&#8221;17px&#8221; module_alignment=&#8221;center&#8221; min_height=&#8221;102.8px&#8221; custom_margin=&#8221;||||false|false&#8221; custom_padding=&#8221;27px|2%||10%|false|false&#8221; global_colors_info=&#8221;{}&#8221;]<\/p>\n<p style=\"text-align: justify;\">Chaque marque a ses propres besoins, chaque v\u00eatement sa propre identit\u00e9. C\u2019est pourquoi nous proposons un service de personnalisation complet, qui commence par le choix de l\u2019\u00e9tiquette la plus adapt\u00e9e en termes de forme, de mat\u00e9riau, de dimensions et de technologie (RFID HF\/UHF ou EAS). L\u2019objectif est de garantir une int\u00e9gration maximale avec le produit, tant sur le plan technique qu\u2019esth\u00e9tique. La personnalisation comprend \u00e9galement l\u2019aspect graphique : impression du logo, codes-barres, QR codes, num\u00e9rotations, et bien plus encore. Tout est con\u00e7u pour \u00eatre fonctionnel, durable et coh\u00e9rent avec l\u2019identit\u00e9 de la marque, tout en assurant des performances \u00e9lev\u00e9es et une compatibilit\u00e9 totale avec les syst\u00e8mes existants.<\/p>\n<p style=\"text-align: justify;\">[\/et_pb_text][\/et_pb_column][\/et_pb_row][et_pb_row column_structure=&#8221;1_2,1_2&#8243; _builder_version=&#8221;4.27.4&#8243; _module_preset=&#8221;default&#8221; background_image=&#8221;https:\/\/www.global-tag.com\/wp-content\/uploads\/2025\/06\/printing-retail.png&#8221; width=&#8221;100%&#8221; max_width=&#8221;90%&#8221; custom_margin=&#8221;2%||4%||false|false&#8221; custom_padding=&#8221;12%||12%||false|false&#8221; global_colors_info=&#8221;{}&#8221;][et_pb_column type=&#8221;1_2&#8243; _builder_version=&#8221;4.24.2&#8243; _module_preset=&#8221;default&#8221; global_colors_info=&#8221;{}&#8221;][et_pb_heading title=&#8221;Impression, codage, gravure laser&#8221; _builder_version=&#8221;4.27.4&#8243; _module_preset=&#8221;default&#8221; title_level=&#8221;h2&#8243; title_text_color=&#8221;gcid-4c898ad5-7012-4de3-8d90-316b399d5d9d&#8221; custom_padding=&#8221;|||2%|false|false&#8221; global_colors_info=&#8221;{%22gcid-4c898ad5-7012-4de3-8d90-316b399d5d9d%22:%91%22title_text_color%22%93,%22gcid-primary-color%22:%91%22title_text_color%22%93}&#8221;][\/et_pb_heading][et_pb_text _builder_version=&#8221;4.27.4&#8243; _module_preset=&#8221;default&#8221; text_text_color=&#8221;RGBA(0,0,0,0.71)&#8221; text_font_size=&#8221;17px&#8221; module_alignment=&#8221;center&#8221; min_height=&#8221;102.8px&#8221; custom_margin=&#8221;||||false|false&#8221; custom_padding=&#8221;|12%||2%|false|false&#8221; global_colors_info=&#8221;{}&#8221;]<\/p>\n<p style=\"text-align: justify;\">Nous offrons un service complet d\u2019impression et de codage des \u00e9tiquettes. \u00c0 partir des donn\u00e9es fournies par le client (EPC, TID, num\u00e9ros de s\u00e9rie, codes personnalis\u00e9s), nous proc\u00e9dons au codage des m\u00e9moires RFID et \u00e0 l\u2019impression de toutes les informations visuelles n\u00e9cessaires, y compris les instructions de lavage, les logos, les codes-barres et les informations commerciales. En plus de l\u2019impression, nous r\u00e9alisons la gravure laser sur des supports rigides, id\u00e9ale pour une identification permanente et r\u00e9sistante aux conditions extr\u00eames (ex. : blanchisseries industrielles). Le r\u00e9sultat : des \u00e9tiquettes enti\u00e8rement personnalis\u00e9es, pr\u00eates \u00e0 \u00eatre appliqu\u00e9es sur le v\u00eatement ou l\u2019accessoire, avec un gain de temps et de ressources significatif lors de la phase de conditionnement ou de distribution.<\/p>\n<p>[\/et_pb_text][\/et_pb_column][et_pb_column type=&#8221;1_2&#8243; _builder_version=&#8221;4.24.2&#8243; _module_preset=&#8221;default&#8221; global_colors_info=&#8221;{}&#8221;][\/et_pb_column][\/et_pb_row][et_pb_row _builder_version=&#8221;4.27.4&#8243; _module_preset=&#8221;default&#8221; background_image=&#8221;https:\/\/www.global-tag.com\/wp-content\/uploads\/2025\/06\/technical-support.png&#8221; width=&#8221;100%&#8221; max_width=&#8221;90%&#8221; custom_margin=&#8221;2%||4%||false|false&#8221; custom_padding=&#8221;12%||12%||false|false&#8221; global_colors_info=&#8221;{}&#8221;][et_pb_column type=&#8221;4_4&#8243; _builder_version=&#8221;4.24.2&#8243; _module_preset=&#8221;default&#8221; global_colors_info=&#8221;{}&#8221;][et_pb_heading title=&#8221;Support technique et conseil&#8221; _builder_version=&#8221;4.27.4&#8243; _module_preset=&#8221;default&#8221; title_level=&#8221;h2&#8243; title_text_align=&#8221;center&#8221; title_text_color=&#8221;gcid-4c898ad5-7012-4de3-8d90-316b399d5d9d&#8221; background_color=&#8221;rgba(255,255,255,0.71)&#8221; max_width=&#8221;95%&#8221; module_alignment=&#8221;center&#8221; custom_padding=&#8221;1%|||2%|false|false&#8221; global_colors_info=&#8221;{%22gcid-4c898ad5-7012-4de3-8d90-316b399d5d9d%22:%91%22title_text_color%22%93}&#8221;][\/et_pb_heading][et_pb_text _builder_version=&#8221;4.27.4&#8243; _module_preset=&#8221;default&#8221; text_text_color=&#8221;RGBA(0,0,0,0.71)&#8221; text_font_size=&#8221;17px&#8221; background_color=&#8221;rgba(255,255,255,0.63)&#8221; text_orientation=&#8221;center&#8221; max_width=&#8221;90%&#8221; module_alignment=&#8221;center&#8221; min_height=&#8221;102.8px&#8221; custom_margin=&#8221;||||false|true&#8221; custom_padding=&#8221;2%|2%|2%|2%|false|false&#8221; global_colors_info=&#8221;{}&#8221;]<\/p>\n<p style=\"text-align: center;\">Un projet RFID ou EAS ne peut r\u00e9ussir que s\u2019il est correctement int\u00e9gr\u00e9 aux processus de travail du client. C\u2019est pourquoi nous offrons un service de conseil technique d\u00e8s les premi\u00e8res \u00e9tapes d\u2019analyse et de s\u00e9lection de la technologie la plus adapt\u00e9e.<\/p>\n<p style=\"text-align: center;\">Nous \u00e9valuons avec le client le type d\u2019\u00e9tiquette, la m\u00e9thode d\u2019application, les conditions environnementales (lavages, frottements, pliages), les lecteurs et les syst\u00e8mes de gestion en place. Notre \u00e9quipe accompagne les tests pr\u00e9liminaires, les prototypes, et assure une assistance jusqu\u2019\u00e0 l\u2019int\u00e9gration compl\u00e8te du syst\u00e8me.<\/p>\n<p style=\"text-align: center;\">Qu\u2019il s\u2019agisse d\u2019inventaire automatique en point de vente, de tra\u00e7abilit\u00e9 de v\u00eatements en blanchisserie ou de s\u00e9curit\u00e9 en magasin, nous travaillons aux c\u00f4t\u00e9s du client pour faire de la technologie un v\u00e9ritable atout op\u00e9rationnel.<\/p>\n<p>[\/et_pb_text][\/et_pb_column][\/et_pb_row][\/et_pb_section]<\/p>\n","protected":false},"excerpt":{"rendered":"<p>Chaque marque a ses propres besoins, chaque v\u00eatement sa propre identit\u00e9. C\u2019est pourquoi nous proposons un service de personnalisation complet, qui commence par le choix de l\u2019\u00e9tiquette la plus adapt\u00e9e en termes de forme, de mat\u00e9riau, de dimensions et de technologie (RFID HF\/UHF ou EAS). L\u2019objectif est de garantir une int\u00e9gration maximale avec le produit, [&hellip;]<\/p>\n","protected":false},"author":3,"featured_media":0,"parent":279185,"menu_order":0,"comment_status":"closed","ping_status":"closed","template":"","meta":{"_acf_changed":false,"_et_pb_use_builder":"on","_et_pb_old_content":"","_et_gb_content_width":"","footnotes":""},"class_list":["post-279207","page","type-page","status-publish","hentry"],"acf":[],"yoast_head":"<!-- This site is optimized with the Yoast SEO Premium plugin v26.2 (Yoast SEO v27.4) - https:\/\/yoast.com\/product\/yoast-seo-premium-wordpress\/ -->\n<title>Services RFID pour apparel retail - Global Tag<\/title>\n<meta name=\"description\" content=\"Services RFID sur mesure pour le secteur apparel &amp; retail : conseil, conception, tests et support pour int\u00e9grer des solutions intelligentes.\" \/>\n<meta name=\"robots\" content=\"index, follow, max-snippet:-1, max-image-preview:large, max-video-preview:-1\" \/>\n<link rel=\"canonical\" href=\"https:\/\/www.global-tag.com\/rfid-apparel-solutions-hub\/rfid-services-for-apparel-retail\/\" \/>\n<meta property=\"og:locale\" content=\"fr_FR\" \/>\n<meta property=\"og:type\" content=\"article\" \/>\n<meta property=\"og:title\" content=\"Services RFID pour apparel retail\" \/>\n<meta property=\"og:description\" content=\"Services RFID sur mesure pour le secteur apparel &amp; retail : conseil, conception, tests et support pour int\u00e9grer des solutions intelligentes.\" \/>\n<meta property=\"og:site_name\" content=\"Global Tag\" \/>\n<meta property=\"article:modified_time\" content=\"2025-07-22T07:44:47+00:00\" \/>\n<meta name=\"twitter:card\" content=\"summary_large_image\" \/>\n<meta name=\"twitter:site\" content=\"@Global_Tag_RFID\" \/>\n<meta name=\"twitter:label1\" content=\"Dur\u00e9e de lecture estim\u00e9e\" \/>\n\t<meta name=\"twitter:data1\" content=\"2 minutes\" \/>\n<script type=\"application\/ld+json\" class=\"yoast-schema-graph\">{\"@context\":\"https:\\\/\\\/schema.org\",\"@graph\":[{\"@type\":\"WebPage\",\"@id\":\"https:\\\/\\\/www.global-tag.com\\\/rfid-apparel-solutions-hub\\\/rfid-services-for-apparel-retail\\\/\",\"url\":\"https:\\\/\\\/www.global-tag.com\\\/rfid-apparel-solutions-hub\\\/rfid-services-for-apparel-retail\\\/\",\"name\":\"Services RFID pour apparel retail - Global Tag\",\"isPartOf\":{\"@id\":\"https:\\\/\\\/www.global-tag.com\\\/#website\"},\"datePublished\":\"2025-06-16T08:06:25+00:00\",\"dateModified\":\"2025-07-22T07:44:47+00:00\",\"description\":\"Services RFID sur mesure pour le secteur apparel & retail : conseil, conception, tests et support pour int\u00e9grer des solutions intelligentes.\",\"breadcrumb\":{\"@id\":\"https:\\\/\\\/www.global-tag.com\\\/rfid-apparel-solutions-hub\\\/rfid-services-for-apparel-retail\\\/#breadcrumb\"},\"inLanguage\":\"fr-FR\",\"potentialAction\":[{\"@type\":\"ReadAction\",\"target\":[\"https:\\\/\\\/www.global-tag.com\\\/rfid-apparel-solutions-hub\\\/rfid-services-for-apparel-retail\\\/\"]}]},{\"@type\":\"BreadcrumbList\",\"@id\":\"https:\\\/\\\/www.global-tag.com\\\/rfid-apparel-solutions-hub\\\/rfid-services-for-apparel-retail\\\/#breadcrumb\",\"itemListElement\":[{\"@type\":\"ListItem\",\"position\":1,\"name\":\"Home\",\"item\":\"https:\\\/\\\/www.global-tag.com\\\/\"},{\"@type\":\"ListItem\",\"position\":2,\"name\":\"Apparel Solutions Hub \u2013 Solutions RFID et EAS\",\"item\":\"https:\\\/\\\/www.global-tag.com\\\/rfid-apparel-solutions-hub\\\/\"},{\"@type\":\"ListItem\",\"position\":3,\"name\":\"Services RFID pour apparel retail\"}]},{\"@type\":\"WebSite\",\"@id\":\"https:\\\/\\\/www.global-tag.com\\\/#website\",\"url\":\"https:\\\/\\\/www.global-tag.com\\\/\",\"name\":\"Global Tag\",\"description\":\"\",\"publisher\":{\"@id\":\"https:\\\/\\\/www.global-tag.com\\\/#organization\"},\"potentialAction\":[{\"@type\":\"SearchAction\",\"target\":{\"@type\":\"EntryPoint\",\"urlTemplate\":\"https:\\\/\\\/www.global-tag.com\\\/?s={search_term_string}\"},\"query-input\":{\"@type\":\"PropertyValueSpecification\",\"valueRequired\":true,\"valueName\":\"search_term_string\"}}],\"inLanguage\":\"fr-FR\"},{\"@type\":\"Organization\",\"@id\":\"https:\\\/\\\/www.global-tag.com\\\/#organization\",\"name\":\"Global Tag\",\"url\":\"https:\\\/\\\/www.global-tag.com\\\/\",\"logo\":{\"@type\":\"ImageObject\",\"inLanguage\":\"fr-FR\",\"@id\":\"https:\\\/\\\/www.global-tag.com\\\/#\\\/schema\\\/logo\\\/image\\\/\",\"url\":\"https:\\\/\\\/www.global-tag.com\\\/wp-content\\\/uploads\\\/2024\\\/11\\\/GLOBAL-TAG-logo.ai_.png\",\"contentUrl\":\"https:\\\/\\\/www.global-tag.com\\\/wp-content\\\/uploads\\\/2024\\\/11\\\/GLOBAL-TAG-logo.ai_.png\",\"width\":1771,\"height\":825,\"caption\":\"Global Tag\"},\"image\":{\"@id\":\"https:\\\/\\\/www.global-tag.com\\\/#\\\/schema\\\/logo\\\/image\\\/\"},\"sameAs\":[\"https:\\\/\\\/x.com\\\/Global_Tag_RFID\",\"https:\\\/\\\/www.linkedin.com\\\/company\\\/global-tag-srl---rfid-tag-for-global-request\"]}]}<\/script>\n<!-- \/ Yoast SEO Premium plugin. -->","yoast_head_json":{"title":"Services RFID pour apparel retail - Global Tag","description":"Services RFID sur mesure pour le secteur apparel & retail : conseil, conception, tests et support pour int\u00e9grer des solutions intelligentes.","robots":{"index":"index","follow":"follow","max-snippet":"max-snippet:-1","max-image-preview":"max-image-preview:large","max-video-preview":"max-video-preview:-1"},"canonical":"https:\/\/www.global-tag.com\/rfid-apparel-solutions-hub\/rfid-services-for-apparel-retail\/","og_locale":"fr_FR","og_type":"article","og_title":"Services RFID pour apparel retail","og_description":"Services RFID sur mesure pour le secteur apparel & retail : conseil, conception, tests et support pour int\u00e9grer des solutions intelligentes.","og_site_name":"Global Tag","article_modified_time":"2025-07-22T07:44:47+00:00","twitter_card":"summary_large_image","twitter_site":"@Global_Tag_RFID","twitter_misc":{"Dur\u00e9e de lecture estim\u00e9e":"2 minutes"},"schema":{"@context":"https:\/\/schema.org","@graph":[{"@type":"WebPage","@id":"https:\/\/www.global-tag.com\/rfid-apparel-solutions-hub\/rfid-services-for-apparel-retail\/","url":"https:\/\/www.global-tag.com\/rfid-apparel-solutions-hub\/rfid-services-for-apparel-retail\/","name":"Services RFID pour apparel retail - Global Tag","isPartOf":{"@id":"https:\/\/www.global-tag.com\/#website"},"datePublished":"2025-06-16T08:06:25+00:00","dateModified":"2025-07-22T07:44:47+00:00","description":"Services RFID sur mesure pour le secteur apparel & retail : conseil, conception, tests et support pour int\u00e9grer des solutions intelligentes.","breadcrumb":{"@id":"https:\/\/www.global-tag.com\/rfid-apparel-solutions-hub\/rfid-services-for-apparel-retail\/#breadcrumb"},"inLanguage":"fr-FR","potentialAction":[{"@type":"ReadAction","target":["https:\/\/www.global-tag.com\/rfid-apparel-solutions-hub\/rfid-services-for-apparel-retail\/"]}]},{"@type":"BreadcrumbList","@id":"https:\/\/www.global-tag.com\/rfid-apparel-solutions-hub\/rfid-services-for-apparel-retail\/#breadcrumb","itemListElement":[{"@type":"ListItem","position":1,"name":"Home","item":"https:\/\/www.global-tag.com\/"},{"@type":"ListItem","position":2,"name":"Apparel Solutions Hub \u2013 Solutions RFID et EAS","item":"https:\/\/www.global-tag.com\/rfid-apparel-solutions-hub\/"},{"@type":"ListItem","position":3,"name":"Services RFID pour apparel retail"}]},{"@type":"WebSite","@id":"https:\/\/www.global-tag.com\/#website","url":"https:\/\/www.global-tag.com\/","name":"Global Tag","description":"","publisher":{"@id":"https:\/\/www.global-tag.com\/#organization"},"potentialAction":[{"@type":"SearchAction","target":{"@type":"EntryPoint","urlTemplate":"https:\/\/www.global-tag.com\/?s={search_term_string}"},"query-input":{"@type":"PropertyValueSpecification","valueRequired":true,"valueName":"search_term_string"}}],"inLanguage":"fr-FR"},{"@type":"Organization","@id":"https:\/\/www.global-tag.com\/#organization","name":"Global Tag","url":"https:\/\/www.global-tag.com\/","logo":{"@type":"ImageObject","inLanguage":"fr-FR","@id":"https:\/\/www.global-tag.com\/#\/schema\/logo\/image\/","url":"https:\/\/www.global-tag.com\/wp-content\/uploads\/2024\/11\/GLOBAL-TAG-logo.ai_.png","contentUrl":"https:\/\/www.global-tag.com\/wp-content\/uploads\/2024\/11\/GLOBAL-TAG-logo.ai_.png","width":1771,"height":825,"caption":"Global Tag"},"image":{"@id":"https:\/\/www.global-tag.com\/#\/schema\/logo\/image\/"},"sameAs":["https:\/\/x.com\/Global_Tag_RFID","https:\/\/www.linkedin.com\/company\/global-tag-srl---rfid-tag-for-global-request"]}]}},"_links":{"self":[{"href":"https:\/\/www.global-tag.com\/fr\/wp-json\/wp\/v2\/pages\/279207","targetHints":{"allow":["GET"]}}],"collection":[{"href":"https:\/\/www.global-tag.com\/fr\/wp-json\/wp\/v2\/pages"}],"about":[{"href":"https:\/\/www.global-tag.com\/fr\/wp-json\/wp\/v2\/types\/page"}],"author":[{"embeddable":true,"href":"https:\/\/www.global-tag.com\/fr\/wp-json\/wp\/v2\/users\/3"}],"replies":[{"embeddable":true,"href":"https:\/\/www.global-tag.com\/fr\/wp-json\/wp\/v2\/comments?post=279207"}],"version-history":[{"count":20,"href":"https:\/\/www.global-tag.com\/fr\/wp-json\/wp\/v2\/pages\/279207\/revisions"}],"predecessor-version":[{"id":282155,"href":"https:\/\/www.global-tag.com\/fr\/wp-json\/wp\/v2\/pages\/279207\/revisions\/282155"}],"up":[{"embeddable":true,"href":"https:\/\/www.global-tag.com\/fr\/wp-json\/wp\/v2\/pages\/279185"}],"wp:attachment":[{"href":"https:\/\/www.global-tag.com\/fr\/wp-json\/wp\/v2\/media?parent=279207"}],"curies":[{"name":"wp","href":"https:\/\/api.w.org\/{rel}","templated":true}]}}