{"id":279195,"date":"2025-06-16T10:00:16","date_gmt":"2025-06-16T08:00:16","guid":{"rendered":"https:\/\/www.global-tag.com\/rfid-apparel-solutions-hub\/about-apparel-solutions-hub\/"},"modified":"2025-07-22T09:41:51","modified_gmt":"2025-07-22T07:41:51","slug":"a-propos-de-nous-apparel-retail","status":"publish","type":"page","link":"https:\/\/www.global-tag.com\/fr\/apparel-solutions-hub-solutions-rfid-et-eas\/a-propos-de-nous-apparel-retail\/","title":{"rendered":"\u00c1 Propos de Nous apparel retail"},"content":{"rendered":"<p>[et_pb_section fb_built=&#8221;1&#8243; _builder_version=&#8221;4.27.4&#8243; _module_preset=&#8221;default&#8221; background_enable_color=&#8221;off&#8221; background_image=&#8221;https:\/\/www.global-tag.com\/wp-content\/uploads\/2025\/06\/ABOUT-US-RETAIL-1.png&#8221; custom_padding=&#8221;0%||0%||false|false&#8221; top_divider_style=&#8221;arrow&#8221; top_divider_color=&#8221;gcid-4c898ad5-7012-4de3-8d90-316b399d5d9d&#8221; top_divider_height=&#8221;94px&#8221; bottom_divider_style=&#8221;ramp2&#8243; bottom_divider_color=&#8221;gcid-4c898ad5-7012-4de3-8d90-316b399d5d9d&#8221; bottom_divider_height=&#8221;104px&#8221; global_colors_info=&#8221;{%22gcid-4c898ad5-7012-4de3-8d90-316b399d5d9d%22:%91%22bottom_divider_color%22%93}&#8221;][et_pb_row _builder_version=&#8221;4.24.2&#8243; _module_preset=&#8221;9f1baad1-7a02-4a00-97e0-ffbb41c307aa&#8221; background_color=&#8221;RGBA(255,255,255,0)&#8221; custom_padding=&#8221;||3%||false|false&#8221; global_colors_info=&#8221;{}&#8221;][et_pb_column type=&#8221;4_4&#8243; _builder_version=&#8221;4.24.2&#8243; _module_preset=&#8221;default&#8221; global_colors_info=&#8221;{}&#8221;][et_pb_heading title=&#8221;\u00c1 Propos de Nous&#8221; _builder_version=&#8221;4.27.4&#8243; _module_preset=&#8221;default&#8221; title_font=&#8221;|800|||||||&#8221; title_text_align=&#8221;center&#8221; title_font_size=&#8221;35px&#8221; background_enable_color=&#8221;off&#8221; custom_margin=&#8221;||0%||false|false&#8221; custom_padding=&#8221;0%||1%||false|false&#8221; global_colors_info=&#8221;{}&#8221;][\/et_pb_heading][et_pb_heading title=&#8221;Apparel Solutions Hub a \u00e9t\u00e9 cr\u00e9\u00e9 pour fournir des solutions RFID et EAS intelligentes et personnalis\u00e9es, ax\u00e9es sur la tra\u00e7abilit\u00e9 des articles, la protection des produits et l\u2019int\u00e9gration fluide dans les flux de travail modernes du commerce de d\u00e9tail de l\u2019habillement&#8221; _builder_version=&#8221;4.27.4&#8243; _module_preset=&#8221;default&#8221; title_level=&#8221;h3&#8243; title_text_align=&#8221;center&#8221; title_text_color=&#8221;#FFFFFF&#8221; title_line_height=&#8221;1.2em&#8221; background_color=&#8221;rgba(27,42,65,0.71)&#8221; width=&#8221;80%&#8221; module_alignment=&#8221;center&#8221; custom_margin=&#8221;7%||7%||false|false&#8221; custom_padding=&#8221;2%|2%|1%|2%|false|false&#8221; global_colors_info=&#8221;{}&#8221;][\/et_pb_heading][\/et_pb_column][\/et_pb_row][\/et_pb_section][et_pb_section fb_built=&#8221;1&#8243; admin_label=&#8221;Standard Label&#8221; _builder_version=&#8221;4.27.4&#8243; _module_preset=&#8221;default&#8221; background_enable_color=&#8221;off&#8221; width=&#8221;99.7%&#8221; custom_margin=&#8221;0%||0%||false|false&#8221; custom_padding=&#8221;2%||4%||false|false&#8221; top_divider_style=&#8221;slant2&#8243; top_divider_color=&#8221;gcid-4c898ad5-7012-4de3-8d90-316b399d5d9d&#8221; top_divider_height=&#8221;51px&#8221; locked=&#8221;off&#8221; global_colors_info=&#8221;{%22gcid-4c898ad5-7012-4de3-8d90-316b399d5d9d%22:%91%22top_divider_color%22%93}&#8221;][et_pb_row column_structure=&#8221;3_5,2_5&#8243; use_custom_gutter=&#8221;on&#8221; gutter_width=&#8221;2&#8243; _builder_version=&#8221;4.27.4&#8243; _module_preset=&#8221;_initial&#8221; width=&#8221;100%&#8221; max_width=&#8221;80%&#8221; module_alignment=&#8221;center&#8221; custom_margin=&#8221;0%||||false|false&#8221; box_shadow_style=&#8221;preset3&#8243; box_shadow_vertical=&#8221;4px&#8221; box_shadow_spread=&#8221;-1px&#8221; box_shadow_color=&#8221;gcid-4c898ad5-7012-4de3-8d90-316b399d5d9d&#8221; global_colors_info=&#8221;{%22gcid-4c898ad5-7012-4de3-8d90-316b399d5d9d%22:%91%22box_shadow_color%22%93}&#8221;][et_pb_column type=&#8221;3_5&#8243; _builder_version=&#8221;4.24.3&#8243; _module_preset=&#8221;default&#8221; global_colors_info=&#8221;{}&#8221;][et_pb_text _builder_version=&#8221;4.27.4&#8243; _module_preset=&#8221;default&#8221; quote_font=&#8221;||||||||&#8221; quote_text_align=&#8221;justify&#8221; text_orientation=&#8221;justified&#8221; custom_margin=&#8221;5px||||false|false&#8221; custom_padding=&#8221;|||3%|true|false&#8221; global_colors_info=&#8221;{}&#8221;]<\/p>\n<p><strong>Apparel Solutions Hub<\/strong> est l\u2019unit\u00e9 d\u00e9di\u00e9e au d\u00e9veloppement de solutions intelligentes, flexibles et personnalis\u00e9es pour le secteur du retail textile. Du v\u00eatement aux accessoires, de la tra\u00e7abilit\u00e9 des articles \u00e0 la gestion compl\u00e8te du cycle de vie du produit \u2014 y compris les services de blanchisserie et de soin des textiles \u2014 nous concevons et fournissons des tags RFID &amp; EAS alliant innovation, efficacit\u00e9 et souci du style.<\/p>\n<p>En compl\u00e9ment de la t<strong>echnologie RFID, nous proposons \u00e9galement des solutions EAS<\/strong> pour la protection des articles et la s\u00e9curit\u00e9 en point de vente, garantissant un contr\u00f4le complet \u00e0 l\u2019\u00e9chelle de chaque produit. Notre offre r\u00e9pond aux exigences d\u2019un march\u00e9 en constante \u00e9volution, o\u00f9 la fiabilit\u00e9 des syst\u00e8mes et la rapidit\u00e9 de lecture se traduisent en avantages concrets pour l\u2019entreprise.<\/p>\n<p>Gr\u00e2ce \u00e0 notre <strong>orientation client<\/strong> et \u00e0 notre expertise sectorielle, nous transformons les d\u00e9fis op\u00e9rationnels du quotidien en opportunit\u00e9s d\u2019am\u00e9lioration, de tra\u00e7abilit\u00e9 et de durabilit\u00e9. Chaque projet na\u00eet d\u2019un besoin r\u00e9el et devient une solution sur mesure, parfaitement int\u00e9gr\u00e9e aux flux du retail moderne.<\/p>\n<p>[\/et_pb_text][\/et_pb_column][et_pb_column type=&#8221;2_5&#8243; _builder_version=&#8221;4.24.3&#8243; _module_preset=&#8221;default&#8221; global_colors_info=&#8221;{}&#8221;][et_pb_image src=&#8221;https:\/\/www.global-tag.com\/wp-content\/uploads\/2025\/06\/Roll-up-RETAIL-FR.png&#8221; title_text=&#8221;Roll up RETAIL FR&#8221; align=&#8221;center&#8221; _builder_version=&#8221;4.27.4&#8243; _module_preset=&#8221;default&#8221; global_colors_info=&#8221;{}&#8221;][\/et_pb_image][\/et_pb_column][\/et_pb_row][et_pb_row use_custom_gutter=&#8221;on&#8221; gutter_width=&#8221;2&#8243; _builder_version=&#8221;4.27.4&#8243; _module_preset=&#8221;_initial&#8221; width=&#8221;100%&#8221; max_width=&#8221;80%&#8221; custom_margin=&#8221;2%||||false|false&#8221; box_shadow_style=&#8221;preset3&#8243; box_shadow_horizontal=&#8221;1px&#8221; box_shadow_vertical=&#8221;-7px&#8221; box_shadow_blur=&#8221;25px&#8221; box_shadow_spread=&#8221;-4px&#8221; box_shadow_color=&#8221;gcid-4c898ad5-7012-4de3-8d90-316b399d5d9d&#8221; global_colors_info=&#8221;{%22gcid-4c898ad5-7012-4de3-8d90-316b399d5d9d%22:%91%22box_shadow_color%22%93}&#8221;][et_pb_column type=&#8221;4_4&#8243; _builder_version=&#8221;4.24.3&#8243; _module_preset=&#8221;default&#8221; global_colors_info=&#8221;{}&#8221;][et_pb_video src=&#8221;https:\/\/www.youtube.com\/watch?v=kM3YiYYmRBI&#8221; _builder_version=&#8221;4.27.4&#8243; _module_preset=&#8221;default&#8221; custom_padding=&#8221;|3%||3%|false|true&#8221; global_colors_info=&#8221;{}&#8221;][\/et_pb_video][\/et_pb_column][\/et_pb_row][\/et_pb_section]<\/p>\n","protected":false},"excerpt":{"rendered":"<p>Apparel Solutions Hub est l\u2019unit\u00e9 d\u00e9di\u00e9e au d\u00e9veloppement de solutions intelligentes, flexibles et personnalis\u00e9es pour le secteur du retail textile. Du v\u00eatement aux accessoires, de la tra\u00e7abilit\u00e9 des articles \u00e0 la gestion compl\u00e8te du cycle de vie du produit \u2014 y compris les services de blanchisserie et de soin des textiles \u2014 nous concevons et [&hellip;]<\/p>\n","protected":false},"author":3,"featured_media":0,"parent":279185,"menu_order":0,"comment_status":"closed","ping_status":"closed","template":"","meta":{"_acf_changed":false,"_et_pb_use_builder":"on","_et_pb_old_content":"","_et_gb_content_width":"","footnotes":""},"class_list":["post-279195","page","type-page","status-publish","hentry"],"acf":[],"yoast_head":"<!-- This site is optimized with the Yoast SEO Premium plugin v26.2 (Yoast SEO v27.4) - https:\/\/yoast.com\/product\/yoast-seo-premium-wordpress\/ -->\n<title>\u00c1 Propos de Nous apparel retail - Global Tag<\/title>\n<meta name=\"description\" content=\"D\u00e9couvrez a propos de nous pour les solutions RFID et EAS pour l\u2019habillement &amp; retail : \u00e9tiquettes intelligentes, tra\u00e7abilit\u00e9, s\u00e9curit\u00e9.\" \/>\n<meta name=\"robots\" content=\"index, follow, max-snippet:-1, max-image-preview:large, max-video-preview:-1\" \/>\n<link rel=\"canonical\" href=\"https:\/\/www.global-tag.com\/rfid-apparel-solutions-hub\/about-apparel-solutions-hub\/\" \/>\n<meta property=\"og:locale\" content=\"fr_FR\" \/>\n<meta property=\"og:type\" content=\"article\" \/>\n<meta property=\"og:title\" content=\"\u00c1 Propos de Nous apparel retail\" \/>\n<meta property=\"og:description\" content=\"D\u00e9couvrez a propos de nous pour les solutions RFID et EAS pour l\u2019habillement &amp; retail : \u00e9tiquettes intelligentes, tra\u00e7abilit\u00e9, s\u00e9curit\u00e9.\" \/>\n<meta property=\"og:site_name\" content=\"Global Tag\" \/>\n<meta property=\"article:modified_time\" content=\"2025-07-22T07:41:51+00:00\" \/>\n<meta name=\"twitter:card\" content=\"summary_large_image\" \/>\n<meta name=\"twitter:site\" content=\"@Global_Tag_RFID\" \/>\n<meta name=\"twitter:label1\" content=\"Dur\u00e9e de lecture estim\u00e9e\" \/>\n\t<meta name=\"twitter:data1\" content=\"2 minutes\" \/>\n<script type=\"application\/ld+json\" class=\"yoast-schema-graph\">{\"@context\":\"https:\\\/\\\/schema.org\",\"@graph\":[{\"@type\":\"WebPage\",\"@id\":\"https:\\\/\\\/www.global-tag.com\\\/rfid-apparel-solutions-hub\\\/about-apparel-solutions-hub\\\/\",\"url\":\"https:\\\/\\\/www.global-tag.com\\\/rfid-apparel-solutions-hub\\\/about-apparel-solutions-hub\\\/\",\"name\":\"\u00c1 Propos de Nous apparel retail - Global Tag\",\"isPartOf\":{\"@id\":\"https:\\\/\\\/www.global-tag.com\\\/#website\"},\"datePublished\":\"2025-06-16T08:00:16+00:00\",\"dateModified\":\"2025-07-22T07:41:51+00:00\",\"description\":\"D\u00e9couvrez a propos de nous pour les solutions RFID et EAS pour l\u2019habillement & retail : \u00e9tiquettes intelligentes, tra\u00e7abilit\u00e9, s\u00e9curit\u00e9.\",\"breadcrumb\":{\"@id\":\"https:\\\/\\\/www.global-tag.com\\\/rfid-apparel-solutions-hub\\\/about-apparel-solutions-hub\\\/#breadcrumb\"},\"inLanguage\":\"fr-FR\",\"potentialAction\":[{\"@type\":\"ReadAction\",\"target\":[\"https:\\\/\\\/www.global-tag.com\\\/rfid-apparel-solutions-hub\\\/about-apparel-solutions-hub\\\/\"]}]},{\"@type\":\"BreadcrumbList\",\"@id\":\"https:\\\/\\\/www.global-tag.com\\\/rfid-apparel-solutions-hub\\\/about-apparel-solutions-hub\\\/#breadcrumb\",\"itemListElement\":[{\"@type\":\"ListItem\",\"position\":1,\"name\":\"Home\",\"item\":\"https:\\\/\\\/www.global-tag.com\\\/\"},{\"@type\":\"ListItem\",\"position\":2,\"name\":\"Apparel Solutions Hub \u2013 Solutions RFID et EAS\",\"item\":\"https:\\\/\\\/www.global-tag.com\\\/rfid-apparel-solutions-hub\\\/\"},{\"@type\":\"ListItem\",\"position\":3,\"name\":\"\u00c1 Propos de Nous apparel retail\"}]},{\"@type\":\"WebSite\",\"@id\":\"https:\\\/\\\/www.global-tag.com\\\/#website\",\"url\":\"https:\\\/\\\/www.global-tag.com\\\/\",\"name\":\"Global Tag\",\"description\":\"\",\"publisher\":{\"@id\":\"https:\\\/\\\/www.global-tag.com\\\/#organization\"},\"potentialAction\":[{\"@type\":\"SearchAction\",\"target\":{\"@type\":\"EntryPoint\",\"urlTemplate\":\"https:\\\/\\\/www.global-tag.com\\\/?s={search_term_string}\"},\"query-input\":{\"@type\":\"PropertyValueSpecification\",\"valueRequired\":true,\"valueName\":\"search_term_string\"}}],\"inLanguage\":\"fr-FR\"},{\"@type\":\"Organization\",\"@id\":\"https:\\\/\\\/www.global-tag.com\\\/#organization\",\"name\":\"Global Tag\",\"url\":\"https:\\\/\\\/www.global-tag.com\\\/\",\"logo\":{\"@type\":\"ImageObject\",\"inLanguage\":\"fr-FR\",\"@id\":\"https:\\\/\\\/www.global-tag.com\\\/#\\\/schema\\\/logo\\\/image\\\/\",\"url\":\"https:\\\/\\\/www.global-tag.com\\\/wp-content\\\/uploads\\\/2024\\\/11\\\/GLOBAL-TAG-logo.ai_.png\",\"contentUrl\":\"https:\\\/\\\/www.global-tag.com\\\/wp-content\\\/uploads\\\/2024\\\/11\\\/GLOBAL-TAG-logo.ai_.png\",\"width\":1771,\"height\":825,\"caption\":\"Global Tag\"},\"image\":{\"@id\":\"https:\\\/\\\/www.global-tag.com\\\/#\\\/schema\\\/logo\\\/image\\\/\"},\"sameAs\":[\"https:\\\/\\\/x.com\\\/Global_Tag_RFID\",\"https:\\\/\\\/www.linkedin.com\\\/company\\\/global-tag-srl---rfid-tag-for-global-request\"]}]}<\/script>\n<!-- \/ Yoast SEO Premium plugin. -->","yoast_head_json":{"title":"\u00c1 Propos de Nous apparel retail - Global Tag","description":"D\u00e9couvrez a propos de nous pour les solutions RFID et EAS pour l\u2019habillement & retail : \u00e9tiquettes intelligentes, tra\u00e7abilit\u00e9, s\u00e9curit\u00e9.","robots":{"index":"index","follow":"follow","max-snippet":"max-snippet:-1","max-image-preview":"max-image-preview:large","max-video-preview":"max-video-preview:-1"},"canonical":"https:\/\/www.global-tag.com\/rfid-apparel-solutions-hub\/about-apparel-solutions-hub\/","og_locale":"fr_FR","og_type":"article","og_title":"\u00c1 Propos de Nous apparel retail","og_description":"D\u00e9couvrez a propos de nous pour les solutions RFID et EAS pour l\u2019habillement & retail : \u00e9tiquettes intelligentes, tra\u00e7abilit\u00e9, s\u00e9curit\u00e9.","og_site_name":"Global Tag","article_modified_time":"2025-07-22T07:41:51+00:00","twitter_card":"summary_large_image","twitter_site":"@Global_Tag_RFID","twitter_misc":{"Dur\u00e9e de lecture estim\u00e9e":"2 minutes"},"schema":{"@context":"https:\/\/schema.org","@graph":[{"@type":"WebPage","@id":"https:\/\/www.global-tag.com\/rfid-apparel-solutions-hub\/about-apparel-solutions-hub\/","url":"https:\/\/www.global-tag.com\/rfid-apparel-solutions-hub\/about-apparel-solutions-hub\/","name":"\u00c1 Propos de Nous apparel retail - Global Tag","isPartOf":{"@id":"https:\/\/www.global-tag.com\/#website"},"datePublished":"2025-06-16T08:00:16+00:00","dateModified":"2025-07-22T07:41:51+00:00","description":"D\u00e9couvrez a propos de nous pour les solutions RFID et EAS pour l\u2019habillement & retail : \u00e9tiquettes intelligentes, tra\u00e7abilit\u00e9, s\u00e9curit\u00e9.","breadcrumb":{"@id":"https:\/\/www.global-tag.com\/rfid-apparel-solutions-hub\/about-apparel-solutions-hub\/#breadcrumb"},"inLanguage":"fr-FR","potentialAction":[{"@type":"ReadAction","target":["https:\/\/www.global-tag.com\/rfid-apparel-solutions-hub\/about-apparel-solutions-hub\/"]}]},{"@type":"BreadcrumbList","@id":"https:\/\/www.global-tag.com\/rfid-apparel-solutions-hub\/about-apparel-solutions-hub\/#breadcrumb","itemListElement":[{"@type":"ListItem","position":1,"name":"Home","item":"https:\/\/www.global-tag.com\/"},{"@type":"ListItem","position":2,"name":"Apparel Solutions Hub \u2013 Solutions RFID et EAS","item":"https:\/\/www.global-tag.com\/rfid-apparel-solutions-hub\/"},{"@type":"ListItem","position":3,"name":"\u00c1 Propos de Nous apparel retail"}]},{"@type":"WebSite","@id":"https:\/\/www.global-tag.com\/#website","url":"https:\/\/www.global-tag.com\/","name":"Global Tag","description":"","publisher":{"@id":"https:\/\/www.global-tag.com\/#organization"},"potentialAction":[{"@type":"SearchAction","target":{"@type":"EntryPoint","urlTemplate":"https:\/\/www.global-tag.com\/?s={search_term_string}"},"query-input":{"@type":"PropertyValueSpecification","valueRequired":true,"valueName":"search_term_string"}}],"inLanguage":"fr-FR"},{"@type":"Organization","@id":"https:\/\/www.global-tag.com\/#organization","name":"Global Tag","url":"https:\/\/www.global-tag.com\/","logo":{"@type":"ImageObject","inLanguage":"fr-FR","@id":"https:\/\/www.global-tag.com\/#\/schema\/logo\/image\/","url":"https:\/\/www.global-tag.com\/wp-content\/uploads\/2024\/11\/GLOBAL-TAG-logo.ai_.png","contentUrl":"https:\/\/www.global-tag.com\/wp-content\/uploads\/2024\/11\/GLOBAL-TAG-logo.ai_.png","width":1771,"height":825,"caption":"Global Tag"},"image":{"@id":"https:\/\/www.global-tag.com\/#\/schema\/logo\/image\/"},"sameAs":["https:\/\/x.com\/Global_Tag_RFID","https:\/\/www.linkedin.com\/company\/global-tag-srl---rfid-tag-for-global-request"]}]}},"_links":{"self":[{"href":"https:\/\/www.global-tag.com\/fr\/wp-json\/wp\/v2\/pages\/279195","targetHints":{"allow":["GET"]}}],"collection":[{"href":"https:\/\/www.global-tag.com\/fr\/wp-json\/wp\/v2\/pages"}],"about":[{"href":"https:\/\/www.global-tag.com\/fr\/wp-json\/wp\/v2\/types\/page"}],"author":[{"embeddable":true,"href":"https:\/\/www.global-tag.com\/fr\/wp-json\/wp\/v2\/users\/3"}],"replies":[{"embeddable":true,"href":"https:\/\/www.global-tag.com\/fr\/wp-json\/wp\/v2\/comments?post=279195"}],"version-history":[{"count":13,"href":"https:\/\/www.global-tag.com\/fr\/wp-json\/wp\/v2\/pages\/279195\/revisions"}],"predecessor-version":[{"id":282153,"href":"https:\/\/www.global-tag.com\/fr\/wp-json\/wp\/v2\/pages\/279195\/revisions\/282153"}],"up":[{"embeddable":true,"href":"https:\/\/www.global-tag.com\/fr\/wp-json\/wp\/v2\/pages\/279185"}],"wp:attachment":[{"href":"https:\/\/www.global-tag.com\/fr\/wp-json\/wp\/v2\/media?parent=279195"}],"curies":[{"name":"wp","href":"https:\/\/api.w.org\/{rel}","templated":true}]}}