{"id":277293,"date":"2025-02-24T16:15:00","date_gmt":"2025-02-24T15:15:00","guid":{"rendered":"https:\/\/www.global-tag.com\/rfid-pour-la-gestion-des-dechets\/servizi-rfid-per-la-gestione-dei-rifiuti\/"},"modified":"2025-03-05T10:20:36","modified_gmt":"2025-03-05T09:20:36","slug":"services-rfid-pour-la-gestion-des-dechets","status":"publish","type":"page","link":"https:\/\/www.global-tag.com\/fr\/rfid-pour-la-gestion-des-dechets\/services-rfid-pour-la-gestion-des-dechets\/","title":{"rendered":"Services RFID pour la gestion des d\u00e9chets"},"content":{"rendered":"<p>[et_pb_section fb_built=&#8221;1&#8243; _builder_version=&#8221;4.27.4&#8243; _module_preset=&#8221;default&#8221; background_enable_color=&#8221;off&#8221; background_image=&#8221;https:\/\/www.global-tag.com\/wp-content\/uploads\/2025\/03\/service-wm.png&#8221; custom_padding=&#8221;0%||10%||false|false&#8221; top_divider_style=&#8221;arrow&#8221; top_divider_color=&#8221;gcid-75b7370e-8aaa-4586-8760-55d88efa2bbc&#8221; top_divider_height=&#8221;122px&#8221; bottom_divider_color=&#8221;#E4254A&#8221; bottom_divider_height=&#8221;130px&#8221; hover_enabled=&#8221;0&#8243; global_colors_info=&#8221;{%22gcid-75b7370e-8aaa-4586-8760-55d88efa2bbc%22:%91%22top_divider_color%22%93}&#8221; title_text=&#8221;service wm&#8221; sticky_enabled=&#8221;0&#8243;][et_pb_row _builder_version=&#8221;4.24.2&#8243; _module_preset=&#8221;9f1baad1-7a02-4a00-97e0-ffbb41c307aa&#8221; background_color=&#8221;RGBA(255,255,255,0)&#8221; custom_padding=&#8221;||3%||false|false&#8221; global_colors_info=&#8221;{}&#8221;][et_pb_column type=&#8221;4_4&#8243; _builder_version=&#8221;4.24.2&#8243; _module_preset=&#8221;default&#8221; global_colors_info=&#8221;{}&#8221;][et_pb_heading title=&#8221;SERVICES RFID DE GESTION DES D\u00c9CHETS&#8221; _builder_version=&#8221;4.27.4&#8243; _module_preset=&#8221;default&#8221; title_font=&#8221;|800|||||||&#8221; title_text_align=&#8221;center&#8221; title_font_size=&#8221;35px&#8221; background_enable_color=&#8221;off&#8221; custom_margin=&#8221;||0%||false|false&#8221; custom_padding=&#8221;0%||1%||false|false&#8221; hover_enabled=&#8221;0&#8243; global_colors_info=&#8221;{}&#8221; sticky_enabled=&#8221;0&#8243;][\/et_pb_heading][et_pb_heading title=&#8221;Nous pouvons vous aider dans le choix du meilleur transpondeur RFID, NFC ou BLE ainsi que de la meilleure solution pour l&#8217;application ou le projet requis.&#8221; _builder_version=&#8221;4.27.4&#8243; _module_preset=&#8221;default&#8221; title_level=&#8221;h3&#8243; title_text_align=&#8221;center&#8221; title_line_height=&#8221;1.2em&#8221; background_color=&#8221;RGBA(0,0,0,0.71)&#8221; width=&#8221;80%&#8221; module_alignment=&#8221;center&#8221; custom_margin=&#8221;8%||1%||false|false&#8221; custom_padding=&#8221;1%|8%|0%|8%|false|false&#8221; hover_enabled=&#8221;0&#8243; global_colors_info=&#8221;{}&#8221; sticky_enabled=&#8221;0&#8243;][\/et_pb_heading][\/et_pb_column][\/et_pb_row][\/et_pb_section][et_pb_section fb_built=&#8221;1&#8243; admin_label=&#8221;Standard Label&#8221; _builder_version=&#8221;4.27.4&#8243; _module_preset=&#8221;default&#8221; background_enable_color=&#8221;off&#8221; use_background_color_gradient=&#8221;on&#8221; background_color_gradient_direction=&#8221;1deg&#8221; background_color_gradient_stops=&#8221;rgba(229,229,229,0.89) 0%|#ffffff 100%&#8221; max_width=&#8221;80%&#8221; module_alignment=&#8221;center&#8221; custom_margin=&#8221;3%||3%||false|false&#8221; custom_padding=&#8221;2%||4%||false|false&#8221; top_divider_color=&#8221;gcid-f40cdaa6-7814-476f-95ad-6742e88d94af&#8221; top_divider_height=&#8221;51px&#8221; box_shadow_style=&#8221;preset3&#8243; box_shadow_horizontal=&#8221;-2px&#8221; box_shadow_vertical=&#8221;1px&#8221; box_shadow_spread=&#8221;-2px&#8221; box_shadow_color=&#8221;gcid-fd6c5851-fc06-4829-a935-427d3c779b75&#8243; locked=&#8221;off&#8221; global_colors_info=&#8221;{%22gcid-f40cdaa6-7814-476f-95ad-6742e88d94af%22:%91%22top_divider_color%22%93,%22gcid-fd6c5851-fc06-4829-a935-427d3c779b75%22:%91%22box_shadow_color%22%93}&#8221;][et_pb_row column_structure=&#8221;1_2,1_2&#8243; _builder_version=&#8221;4.27.4&#8243; _module_preset=&#8221;default&#8221; background_image=&#8221;https:\/\/www.global-tag.com\/wp-content\/uploads\/2025\/03\/high-quality-1.png&#8221; width=&#8221;100%&#8221; max_width=&#8221;90%&#8221; custom_margin=&#8221;2%||4%||false|false&#8221; custom_padding=&#8221;10%||8%||false|false&#8221; hover_enabled=&#8221;0&#8243; global_colors_info=&#8221;{}&#8221; title_text=&#8221;high quality&#8221; sticky_enabled=&#8221;0&#8243;][et_pb_column type=&#8221;1_2&#8243; _builder_version=&#8221;4.24.2&#8243; _module_preset=&#8221;default&#8221; global_colors_info=&#8221;{}&#8221;][\/et_pb_column][et_pb_column type=&#8221;1_2&#8243; _builder_version=&#8221;4.24.2&#8243; _module_preset=&#8221;default&#8221; global_colors_info=&#8221;{}&#8221;][et_pb_heading title=&#8221;Normes de HAUTE QUALIT\u00c9&#8221; _builder_version=&#8221;4.27.4&#8243; _module_preset=&#8221;default&#8221; title_level=&#8221;h2&#8243; title_text_color=&#8221;gcid-75b7370e-8aaa-4586-8760-55d88efa2bbc&#8221; custom_padding=&#8221;|||10%|false|false&#8221; hover_enabled=&#8221;0&#8243; global_colors_info=&#8221;{%22gcid-75b7370e-8aaa-4586-8760-55d88efa2bbc%22:%91%22title_text_color%22%93}&#8221; sticky_enabled=&#8221;0&#8243;][\/et_pb_heading][et_pb_text _builder_version=&#8221;4.27.4&#8243; _module_preset=&#8221;default&#8221; text_text_color=&#8221;RGBA(0,0,0,0.71)&#8221; text_font_size=&#8221;17px&#8221; module_alignment=&#8221;center&#8221; min_height=&#8221;102.8px&#8221; custom_margin=&#8221;||||false|false&#8221; custom_padding=&#8221;27px|2%||10%|false|false&#8221; hover_enabled=&#8221;0&#8243; global_colors_info=&#8221;{}&#8221; sticky_enabled=&#8221;0&#8243;]<\/p>\n<p style=\"text-align: justify;\">En tant que fournisseur de tags RFID de haute qualit\u00e9 pour la gestion des d\u00e9chets (tags robustes pour bacs, \u00e9tiquettes PVC Tally, \u00e9tiquettes pour d\u00e9chets et options enti\u00e8rement personnalis\u00e9es), nous nous engageons \u00e0 offrir l&#8217;excellence \u00e0 chaque \u00e9tape. Nos produits sont sp\u00e9cifiquement con\u00e7us pour r\u00e9sister aux environnements les plus difficiles, garantissant des performances durables dans des conditions climatiques extr\u00eames, l&#8217;exposition \u00e0 des produits chimiques et un stress m\u00e9canique continu. Afin de maintenir nos normes \u00e9lev\u00e9es, nous testons rigoureusement chaque produit avant l&#8217;exp\u00e9dition pour pr\u00e9venir tout probl\u00e8me.<\/p>\n<p style=\"text-align: justify;\">[\/et_pb_text][\/et_pb_column][\/et_pb_row][et_pb_row column_structure=&#8221;1_2,1_2&#8243; _builder_version=&#8221;4.27.4&#8243; _module_preset=&#8221;default&#8221; background_image=&#8221;https:\/\/www.global-tag.com\/wp-content\/uploads\/2025\/03\/support-360.png&#8221; width=&#8221;100%&#8221; max_width=&#8221;90%&#8221; custom_margin=&#8221;2%||4%||false|false&#8221; custom_padding=&#8221;12%||12%||false|false&#8221; hover_enabled=&#8221;0&#8243; global_colors_info=&#8221;{}&#8221; title_text=&#8221;support 360&#8243; sticky_enabled=&#8221;0&#8243;][et_pb_column type=&#8221;1_2&#8243; _builder_version=&#8221;4.24.2&#8243; _module_preset=&#8221;default&#8221; global_colors_info=&#8221;{}&#8221;][et_pb_heading title=&#8221;ASSISTENCE \u00c0 360\u00b0&#8221; _builder_version=&#8221;4.27.4&#8243; _module_preset=&#8221;default&#8221; title_level=&#8221;h2&#8243; title_text_color=&#8221;gcid-75b7370e-8aaa-4586-8760-55d88efa2bbc&#8221; custom_padding=&#8221;|||2%|false|false&#8221; hover_enabled=&#8221;0&#8243; global_colors_info=&#8221;{%22gcid-75b7370e-8aaa-4586-8760-55d88efa2bbc%22:%91%22title_text_color%22%93}&#8221; sticky_enabled=&#8221;0&#8243;][\/et_pb_heading][et_pb_text _builder_version=&#8221;4.27.4&#8243; _module_preset=&#8221;default&#8221; text_text_color=&#8221;RGBA(0,0,0,0.71)&#8221; text_font_size=&#8221;17px&#8221; module_alignment=&#8221;center&#8221; min_height=&#8221;102.8px&#8221; custom_margin=&#8221;||||false|false&#8221; custom_padding=&#8221;|25%||2%|false|false&#8221; hover_enabled=&#8221;0&#8243; global_colors_info=&#8221;{}&#8221; sticky_enabled=&#8221;0&#8243;]<\/p>\n<p style=\"text-align: justify;\">Nous soutenons nos clients \u00e0 chaque \u00e9tape du projet, en offrant une assistance compl\u00e8te et sur mesure dans le secteur de la gestion des d\u00e9chets. Des \u00e9tudes de faisabilit\u00e9 \u00e0 la s\u00e9lection du tag RFID le plus adapt\u00e9, ainsi que la personnalisation et l&#8217;int\u00e9gration du syst\u00e8me, nous proposons des solutions con\u00e7ues pour r\u00e9pondre \u00e0 chaque besoin. Gr\u00e2ce \u00e0 nos tests rigoureux, nous garantissons des produits fiables et durables, m\u00eame dans les environnements les plus difficiles. Notre objectif est d&#8217;optimiser la gestion des d\u00e9chets, en am\u00e9liorant l&#8217;efficacit\u00e9 op\u00e9rationnelle tout en garantissant la transparence et la durabilit\u00e9.<\/p>\n<p>[\/et_pb_text][\/et_pb_column][et_pb_column type=&#8221;1_2&#8243; _builder_version=&#8221;4.24.2&#8243; _module_preset=&#8221;default&#8221; global_colors_info=&#8221;{}&#8221;][\/et_pb_column][\/et_pb_row][et_pb_row _builder_version=&#8221;4.27.4&#8243; _module_preset=&#8221;default&#8221; background_image=&#8221;https:\/\/www.global-tag.com\/wp-content\/uploads\/2025\/03\/customization-wm.png&#8221; width=&#8221;100%&#8221; max_width=&#8221;90%&#8221; custom_margin=&#8221;2%||4%||false|false&#8221; custom_padding=&#8221;12%||12%||false|false&#8221; hover_enabled=&#8221;0&#8243; global_colors_info=&#8221;{}&#8221; title_text=&#8221;customization wm&#8221; sticky_enabled=&#8221;0&#8243;][et_pb_column type=&#8221;4_4&#8243; _builder_version=&#8221;4.24.2&#8243; _module_preset=&#8221;default&#8221; global_colors_info=&#8221;{}&#8221;][et_pb_heading title=&#8221;personnalisation&#8221; _builder_version=&#8221;4.27.4&#8243; _module_preset=&#8221;default&#8221; title_level=&#8221;h2&#8243; title_text_align=&#8221;center&#8221; title_text_color=&#8221;gcid-75b7370e-8aaa-4586-8760-55d88efa2bbc&#8221; background_color=&#8221;rgba(255,255,255,0.71)&#8221; max_width=&#8221;95%&#8221; module_alignment=&#8221;center&#8221; custom_padding=&#8221;1%|||2%|false|false&#8221; hover_enabled=&#8221;0&#8243; global_colors_info=&#8221;{%22gcid-75b7370e-8aaa-4586-8760-55d88efa2bbc%22:%91%22title_text_color%22%93}&#8221; sticky_enabled=&#8221;0&#8243;][\/et_pb_heading][et_pb_text _builder_version=&#8221;4.27.4&#8243; _module_preset=&#8221;default&#8221; text_text_color=&#8221;RGBA(0,0,0,0.71)&#8221; text_font_size=&#8221;17px&#8221; background_color=&#8221;rgba(255,255,255,0.63)&#8221; text_orientation=&#8221;center&#8221; max_width=&#8221;90%&#8221; module_alignment=&#8221;center&#8221; min_height=&#8221;102.8px&#8221; custom_margin=&#8221;||||false|true&#8221; custom_padding=&#8221;2%|2%|2%|2%|false|false&#8221; hover_enabled=&#8221;0&#8243; global_colors_info=&#8221;{}&#8221; sticky_enabled=&#8221;0&#8243;]<\/p>\n<p style=\"text-align: center;\">Nos produits RFID pour la gestion des d\u00e9chets offrent une large gamme de personnalisations pour r\u00e9pondre aux besoins sp\u00e9cifiques de chaque projet. Du choix du mat\u00e9riau et de la taille \u00e0 la configuration des puces et de la m\u00e9moire, ainsi que l&#8217;impression de logos ou de codes d&#8217;identification, nous proposons des solutions sur mesure pour chaque application. Gr\u00e2ce \u00e0 notre flexibilit\u00e9 et expertise, nous fournissons des tags RFID con\u00e7us pour s&#8217;int\u00e9grer parfaitement aux syst\u00e8mes existants, garantissant la tra\u00e7abilit\u00e9, l&#8217;efficacit\u00e9 et la durabilit\u00e9, m\u00eame dans des environnements difficiles.<\/p>\n<p>[\/et_pb_text][\/et_pb_column][\/et_pb_row][\/et_pb_section]<\/p>\n","protected":false},"excerpt":{"rendered":"<p>En tant que fournisseur de tags RFID de haute qualit\u00e9 pour la gestion des d\u00e9chets (tags robustes pour bacs, \u00e9tiquettes PVC Tally, \u00e9tiquettes pour d\u00e9chets et options enti\u00e8rement personnalis\u00e9es), nous nous engageons \u00e0 offrir l&#8217;excellence \u00e0 chaque \u00e9tape. Nos produits sont sp\u00e9cifiquement con\u00e7us pour r\u00e9sister aux environnements les plus difficiles, garantissant des performances durables dans [&hellip;]<\/p>\n","protected":false},"author":1,"featured_media":0,"parent":277269,"menu_order":0,"comment_status":"closed","ping_status":"closed","template":"","meta":{"_acf_changed":false,"_et_pb_use_builder":"on","_et_pb_old_content":"","_et_gb_content_width":"","footnotes":""},"class_list":["post-277293","page","type-page","status-publish","hentry"],"acf":[],"yoast_head":"<!-- This site is optimized with the Yoast SEO Premium plugin v26.2 (Yoast SEO v27.3) - https:\/\/yoast.com\/product\/yoast-seo-premium-wordpress\/ -->\n<title>Services RFID pour la gestion des d\u00e9chets - Global Tag<\/title>\n<meta name=\"description\" content=\"D\u00e9couvrez nos services RFID pour la gestion des d\u00e9chets, con\u00e7us pour optimiser la gestion des d\u00e9chets gr\u00e2ce \u00e0 une technologie innovante.\" \/>\n<meta name=\"robots\" content=\"index, follow, max-snippet:-1, max-image-preview:large, max-video-preview:-1\" \/>\n<link rel=\"canonical\" href=\"https:\/\/www.global-tag.com\/rfid-for-waste-management\/rfid-services-for-waste-management\/\" \/>\n<meta property=\"og:locale\" content=\"fr_FR\" \/>\n<meta property=\"og:type\" content=\"article\" \/>\n<meta property=\"og:title\" content=\"Services RFID pour la gestion des d\u00e9chets\" \/>\n<meta property=\"og:description\" content=\"D\u00e9couvrez nos services RFID pour la gestion des d\u00e9chets, con\u00e7us pour optimiser la gestion des d\u00e9chets gr\u00e2ce \u00e0 une technologie innovante.\" \/>\n<meta property=\"og:site_name\" content=\"Global Tag\" \/>\n<meta property=\"article:modified_time\" content=\"2025-03-05T09:20:36+00:00\" \/>\n<meta name=\"twitter:card\" content=\"summary_large_image\" \/>\n<meta name=\"twitter:site\" content=\"@Global_Tag_RFID\" \/>\n<meta name=\"twitter:label1\" content=\"Dur\u00e9e de lecture estim\u00e9e\" \/>\n\t<meta name=\"twitter:data1\" content=\"2 minutes\" \/>\n<script type=\"application\/ld+json\" class=\"yoast-schema-graph\">{\"@context\":\"https:\\\/\\\/schema.org\",\"@graph\":[{\"@type\":\"WebPage\",\"@id\":\"https:\\\/\\\/www.global-tag.com\\\/rfid-for-waste-management\\\/rfid-services-for-waste-management\\\/\",\"url\":\"https:\\\/\\\/www.global-tag.com\\\/rfid-for-waste-management\\\/rfid-services-for-waste-management\\\/\",\"name\":\"Services RFID pour la gestion des d\u00e9chets - Global Tag\",\"isPartOf\":{\"@id\":\"https:\\\/\\\/www.global-tag.com\\\/#website\"},\"datePublished\":\"2025-02-24T15:15:00+00:00\",\"dateModified\":\"2025-03-05T09:20:36+00:00\",\"description\":\"D\u00e9couvrez nos services RFID pour la gestion des d\u00e9chets, con\u00e7us pour optimiser la gestion des d\u00e9chets gr\u00e2ce \u00e0 une technologie innovante.\",\"breadcrumb\":{\"@id\":\"https:\\\/\\\/www.global-tag.com\\\/rfid-for-waste-management\\\/rfid-services-for-waste-management\\\/#breadcrumb\"},\"inLanguage\":\"fr-FR\",\"potentialAction\":[{\"@type\":\"ReadAction\",\"target\":[\"https:\\\/\\\/www.global-tag.com\\\/rfid-for-waste-management\\\/rfid-services-for-waste-management\\\/\"]}]},{\"@type\":\"BreadcrumbList\",\"@id\":\"https:\\\/\\\/www.global-tag.com\\\/rfid-for-waste-management\\\/rfid-services-for-waste-management\\\/#breadcrumb\",\"itemListElement\":[{\"@type\":\"ListItem\",\"position\":1,\"name\":\"Home\",\"item\":\"https:\\\/\\\/www.global-tag.com\\\/\"},{\"@type\":\"ListItem\",\"position\":2,\"name\":\"RFID pour la gestion des d\u00e9chets\",\"item\":\"https:\\\/\\\/www.global-tag.com\\\/rfid-for-waste-management\\\/\"},{\"@type\":\"ListItem\",\"position\":3,\"name\":\"Services RFID pour la gestion des d\u00e9chets\"}]},{\"@type\":\"WebSite\",\"@id\":\"https:\\\/\\\/www.global-tag.com\\\/#website\",\"url\":\"https:\\\/\\\/www.global-tag.com\\\/\",\"name\":\"Global Tag\",\"description\":\"\",\"publisher\":{\"@id\":\"https:\\\/\\\/www.global-tag.com\\\/#organization\"},\"potentialAction\":[{\"@type\":\"SearchAction\",\"target\":{\"@type\":\"EntryPoint\",\"urlTemplate\":\"https:\\\/\\\/www.global-tag.com\\\/?s={search_term_string}\"},\"query-input\":{\"@type\":\"PropertyValueSpecification\",\"valueRequired\":true,\"valueName\":\"search_term_string\"}}],\"inLanguage\":\"fr-FR\"},{\"@type\":\"Organization\",\"@id\":\"https:\\\/\\\/www.global-tag.com\\\/#organization\",\"name\":\"Global Tag\",\"url\":\"https:\\\/\\\/www.global-tag.com\\\/\",\"logo\":{\"@type\":\"ImageObject\",\"inLanguage\":\"fr-FR\",\"@id\":\"https:\\\/\\\/www.global-tag.com\\\/#\\\/schema\\\/logo\\\/image\\\/\",\"url\":\"https:\\\/\\\/www.global-tag.com\\\/wp-content\\\/uploads\\\/2024\\\/11\\\/GLOBAL-TAG-logo.ai_.png\",\"contentUrl\":\"https:\\\/\\\/www.global-tag.com\\\/wp-content\\\/uploads\\\/2024\\\/11\\\/GLOBAL-TAG-logo.ai_.png\",\"width\":1771,\"height\":825,\"caption\":\"Global Tag\"},\"image\":{\"@id\":\"https:\\\/\\\/www.global-tag.com\\\/#\\\/schema\\\/logo\\\/image\\\/\"},\"sameAs\":[\"https:\\\/\\\/x.com\\\/Global_Tag_RFID\",\"https:\\\/\\\/www.linkedin.com\\\/company\\\/global-tag-srl---rfid-tag-for-global-request\"]}]}<\/script>\n<!-- \/ Yoast SEO Premium plugin. -->","yoast_head_json":{"title":"Services RFID pour la gestion des d\u00e9chets - Global Tag","description":"D\u00e9couvrez nos services RFID pour la gestion des d\u00e9chets, con\u00e7us pour optimiser la gestion des d\u00e9chets gr\u00e2ce \u00e0 une technologie innovante.","robots":{"index":"index","follow":"follow","max-snippet":"max-snippet:-1","max-image-preview":"max-image-preview:large","max-video-preview":"max-video-preview:-1"},"canonical":"https:\/\/www.global-tag.com\/rfid-for-waste-management\/rfid-services-for-waste-management\/","og_locale":"fr_FR","og_type":"article","og_title":"Services RFID pour la gestion des d\u00e9chets","og_description":"D\u00e9couvrez nos services RFID pour la gestion des d\u00e9chets, con\u00e7us pour optimiser la gestion des d\u00e9chets gr\u00e2ce \u00e0 une technologie innovante.","og_site_name":"Global Tag","article_modified_time":"2025-03-05T09:20:36+00:00","twitter_card":"summary_large_image","twitter_site":"@Global_Tag_RFID","twitter_misc":{"Dur\u00e9e de lecture estim\u00e9e":"2 minutes"},"schema":{"@context":"https:\/\/schema.org","@graph":[{"@type":"WebPage","@id":"https:\/\/www.global-tag.com\/rfid-for-waste-management\/rfid-services-for-waste-management\/","url":"https:\/\/www.global-tag.com\/rfid-for-waste-management\/rfid-services-for-waste-management\/","name":"Services RFID pour la gestion des d\u00e9chets - Global Tag","isPartOf":{"@id":"https:\/\/www.global-tag.com\/#website"},"datePublished":"2025-02-24T15:15:00+00:00","dateModified":"2025-03-05T09:20:36+00:00","description":"D\u00e9couvrez nos services RFID pour la gestion des d\u00e9chets, con\u00e7us pour optimiser la gestion des d\u00e9chets gr\u00e2ce \u00e0 une technologie innovante.","breadcrumb":{"@id":"https:\/\/www.global-tag.com\/rfid-for-waste-management\/rfid-services-for-waste-management\/#breadcrumb"},"inLanguage":"fr-FR","potentialAction":[{"@type":"ReadAction","target":["https:\/\/www.global-tag.com\/rfid-for-waste-management\/rfid-services-for-waste-management\/"]}]},{"@type":"BreadcrumbList","@id":"https:\/\/www.global-tag.com\/rfid-for-waste-management\/rfid-services-for-waste-management\/#breadcrumb","itemListElement":[{"@type":"ListItem","position":1,"name":"Home","item":"https:\/\/www.global-tag.com\/"},{"@type":"ListItem","position":2,"name":"RFID pour la gestion des d\u00e9chets","item":"https:\/\/www.global-tag.com\/rfid-for-waste-management\/"},{"@type":"ListItem","position":3,"name":"Services RFID pour la gestion des d\u00e9chets"}]},{"@type":"WebSite","@id":"https:\/\/www.global-tag.com\/#website","url":"https:\/\/www.global-tag.com\/","name":"Global Tag","description":"","publisher":{"@id":"https:\/\/www.global-tag.com\/#organization"},"potentialAction":[{"@type":"SearchAction","target":{"@type":"EntryPoint","urlTemplate":"https:\/\/www.global-tag.com\/?s={search_term_string}"},"query-input":{"@type":"PropertyValueSpecification","valueRequired":true,"valueName":"search_term_string"}}],"inLanguage":"fr-FR"},{"@type":"Organization","@id":"https:\/\/www.global-tag.com\/#organization","name":"Global Tag","url":"https:\/\/www.global-tag.com\/","logo":{"@type":"ImageObject","inLanguage":"fr-FR","@id":"https:\/\/www.global-tag.com\/#\/schema\/logo\/image\/","url":"https:\/\/www.global-tag.com\/wp-content\/uploads\/2024\/11\/GLOBAL-TAG-logo.ai_.png","contentUrl":"https:\/\/www.global-tag.com\/wp-content\/uploads\/2024\/11\/GLOBAL-TAG-logo.ai_.png","width":1771,"height":825,"caption":"Global Tag"},"image":{"@id":"https:\/\/www.global-tag.com\/#\/schema\/logo\/image\/"},"sameAs":["https:\/\/x.com\/Global_Tag_RFID","https:\/\/www.linkedin.com\/company\/global-tag-srl---rfid-tag-for-global-request"]}]}},"_links":{"self":[{"href":"https:\/\/www.global-tag.com\/fr\/wp-json\/wp\/v2\/pages\/277293","targetHints":{"allow":["GET"]}}],"collection":[{"href":"https:\/\/www.global-tag.com\/fr\/wp-json\/wp\/v2\/pages"}],"about":[{"href":"https:\/\/www.global-tag.com\/fr\/wp-json\/wp\/v2\/types\/page"}],"author":[{"embeddable":true,"href":"https:\/\/www.global-tag.com\/fr\/wp-json\/wp\/v2\/users\/1"}],"replies":[{"embeddable":true,"href":"https:\/\/www.global-tag.com\/fr\/wp-json\/wp\/v2\/comments?post=277293"}],"version-history":[{"count":10,"href":"https:\/\/www.global-tag.com\/fr\/wp-json\/wp\/v2\/pages\/277293\/revisions"}],"predecessor-version":[{"id":277758,"href":"https:\/\/www.global-tag.com\/fr\/wp-json\/wp\/v2\/pages\/277293\/revisions\/277758"}],"up":[{"embeddable":true,"href":"https:\/\/www.global-tag.com\/fr\/wp-json\/wp\/v2\/pages\/277269"}],"wp:attachment":[{"href":"https:\/\/www.global-tag.com\/fr\/wp-json\/wp\/v2\/media?parent=277293"}],"curies":[{"name":"wp","href":"https:\/\/api.w.org\/{rel}","templated":true}]}}