{"id":277278,"date":"2025-02-24T15:56:09","date_gmt":"2025-02-24T14:56:09","guid":{"rendered":"https:\/\/www.global-tag.com\/rfid-pour-la-gestion-des-dechets\/a-propos-de-nous-waste-management\/"},"modified":"2025-03-05T10:13:47","modified_gmt":"2025-03-05T09:13:47","slug":"a-propos-de-nous-waste-management","status":"publish","type":"page","link":"https:\/\/www.global-tag.com\/fr\/rfid-pour-la-gestion-des-dechets\/a-propos-de-nous-waste-management\/","title":{"rendered":"\u00c1 Propos de Nous waste management"},"content":{"rendered":"<p>[et_pb_section fb_built=&#8221;1&#8243; _builder_version=&#8221;4.27.4&#8243; _module_preset=&#8221;default&#8221; background_enable_color=&#8221;off&#8221; background_image=&#8221;https:\/\/www.global-tag.com\/wp-content\/uploads\/2025\/03\/about-us-wm.png&#8221; custom_padding=&#8221;0%||0%||false|false&#8221; top_divider_style=&#8221;arrow&#8221; top_divider_color=&#8221;gcid-75b7370e-8aaa-4586-8760-55d88efa2bbc&#8221; top_divider_height=&#8221;94px&#8221; bottom_divider_style=&#8221;ramp2&#8243; bottom_divider_color=&#8221;gcid-fd6c5851-fc06-4829-a935-427d3c779b75&#8243; bottom_divider_height=&#8221;104px&#8221; hover_enabled=&#8221;0&#8243; global_colors_info=&#8221;{%22gcid-75b7370e-8aaa-4586-8760-55d88efa2bbc%22:%91%22top_divider_color%22%93}&#8221; title_text=&#8221;about us wm&#8221; sticky_enabled=&#8221;0&#8243;][et_pb_row _builder_version=&#8221;4.24.2&#8243; _module_preset=&#8221;9f1baad1-7a02-4a00-97e0-ffbb41c307aa&#8221; background_color=&#8221;RGBA(255,255,255,0)&#8221; custom_padding=&#8221;||3%||false|false&#8221; global_colors_info=&#8221;{}&#8221;][et_pb_column type=&#8221;4_4&#8243; _builder_version=&#8221;4.24.2&#8243; _module_preset=&#8221;default&#8221; global_colors_info=&#8221;{}&#8221;][et_pb_heading title=&#8221;\u00c1 Propos de Nous&#8221; _builder_version=&#8221;4.24.3&#8243; _module_preset=&#8221;default&#8221; title_font=&#8221;|800|||||||&#8221; title_text_align=&#8221;center&#8221; title_font_size=&#8221;35px&#8221; background_enable_color=&#8221;off&#8221; custom_margin=&#8221;||0%||false|false&#8221; custom_padding=&#8221;0%||1%||false|false&#8221; global_colors_info=&#8221;{}&#8221;][\/et_pb_heading][et_pb_heading title=&#8221;Nous pouvons fournir la plus haute qualit\u00e9 au meilleur prix pour tous les tags RFID pour bacs et conteneurs, \u00e9tiquettes industrielles et accessoires pour la gestion des d\u00e9chets, en servant les municipalit\u00e9s, les entreprises de collecte, les centres de recyclage, les usines de traitement des d\u00e9chets et les fabricants de sacs plastiques pour la collecte s\u00e9lective des d\u00e9chets.&#8221; _builder_version=&#8221;4.27.4&#8243; _module_preset=&#8221;default&#8221; title_level=&#8221;h3&#8243; title_text_align=&#8221;center&#8221; title_text_color=&#8221;#FFFFFF&#8221; title_line_height=&#8221;1.2em&#8221; background_color=&#8221;RGBA(0,0,0,0.71)&#8221; width=&#8221;80%&#8221; module_alignment=&#8221;center&#8221; custom_margin=&#8221;7%||7%||false|false&#8221; custom_padding=&#8221;2%|2%|1%|2%|false|false&#8221; hover_enabled=&#8221;0&#8243; global_colors_info=&#8221;{}&#8221; sticky_enabled=&#8221;0&#8243;][\/et_pb_heading][\/et_pb_column][\/et_pb_row][\/et_pb_section][et_pb_section fb_built=&#8221;1&#8243; admin_label=&#8221;Standard Label&#8221; _builder_version=&#8221;4.27.4&#8243; _module_preset=&#8221;default&#8221; background_enable_color=&#8221;off&#8221; width=&#8221;99.7%&#8221; custom_margin=&#8221;0%||0%||false|false&#8221; custom_padding=&#8221;2%||4%||false|false&#8221; top_divider_style=&#8221;slant2&#8243; top_divider_color=&#8221;gcid-fd6c5851-fc06-4829-a935-427d3c779b75&#8243; top_divider_height=&#8221;51px&#8221; locked=&#8221;off&#8221; global_colors_info=&#8221;{%22gcid-fd6c5851-fc06-4829-a935-427d3c779b75%22:%91%22top_divider_color%22%93}&#8221;][et_pb_row column_structure=&#8221;3_5,2_5&#8243; use_custom_gutter=&#8221;on&#8221; gutter_width=&#8221;2&#8243; _builder_version=&#8221;4.27.4&#8243; _module_preset=&#8221;_initial&#8221; width=&#8221;100%&#8221; max_width=&#8221;80%&#8221; module_alignment=&#8221;center&#8221; custom_margin=&#8221;0%||||false|false&#8221; box_shadow_style=&#8221;preset3&#8243; box_shadow_vertical=&#8221;4px&#8221; box_shadow_spread=&#8221;-1px&#8221; box_shadow_color=&#8221;gcid-fd6c5851-fc06-4829-a935-427d3c779b75&#8243; global_colors_info=&#8221;{%22gcid-fd6c5851-fc06-4829-a935-427d3c779b75%22:%91%22box_shadow_color%22%93}&#8221;][et_pb_column type=&#8221;3_5&#8243; _builder_version=&#8221;4.24.3&#8243; _module_preset=&#8221;default&#8221; global_colors_info=&#8221;{}&#8221;][et_pb_text _builder_version=&#8221;4.27.4&#8243; _module_preset=&#8221;default&#8221; quote_font=&#8221;||||||||&#8221; quote_text_align=&#8221;justify&#8221; text_orientation=&#8221;justified&#8221; custom_margin=&#8221;8%||||false|false&#8221; custom_padding=&#8221;|||3%|true|false&#8221; hover_enabled=&#8221;0&#8243; global_colors_info=&#8221;{}&#8221; sticky_enabled=&#8221;0&#8243;]<\/p>\n<p>La cr\u00e9ation par <strong>Global Tag de l&#8217;unit\u00e9 commerciale d\u00e9di\u00e9e au monde de la gestion des d\u00e9chets<\/strong> d\u00e9coule du d\u00e9sir de se sp\u00e9cialiser et de se concentrer sur ce secteur, en apportant nos produits et notre expertise RFID pour servir la gestion des d\u00e9chets \u00e0 l&#8217;\u00e9chelle nationale et internationale.<\/p>\n<p>Nous nous engageons fermement \u00e0 r\u00e9pondre aux besoins des clients en les guidant \u00e0 travers toutes les \u00e9tapes du processus d&#8217;ex\u00e9cution, des \u00e9tudes de faisabilit\u00e9 \u00e0 la s\u00e9lection du tag appropri\u00e9 et \u00e0 la mise en \u0153uvre des personnalisations requises.<\/p>\n<p>L&#8217;unit\u00e9 commerciale <strong>&#8220;Gestion des D\u00e9chets&#8221;<\/strong> cible toutes les entit\u00e9s <strong>op\u00e9rant dans le secteur des d\u00e9chets, y compris les municipalit\u00e9s, les multi-services, les entreprises de collecte des d\u00e9chets urbains, les centres de recyclage, les installations de traitement des d\u00e9chets industriels et dangereux, les d\u00e9charges, les plateformes \u00e9cologiques, les bacs intelligents, les syst\u00e8mes PAYT (pay-as-you-throw) et les fabricants de sacs plastiques pour la collecte s\u00e9lective des d\u00e9chets.<\/strong><\/p>\n<p>\u00c0 toutes ces organisations, nous offrons notre expertise sectorielle et une large gamme de <strong>produits RFID<\/strong> dans diff\u00e9rents mat\u00e9riaux, fr\u00e9quences et puces : tags pour bacs et conteneurs (en PVC, ABS, nylon, etc.), \u00e9tiquettes industrielles pour conteneurs et sacs, tags con\u00e7us pour fonctionner sur des surfaces m\u00e9talliques ainsi que dans des environnements ext\u00e9rieurs, et tags personnalis\u00e9s pour l&#8217;identification et la surveillance des d\u00e9chets.<\/p>\n<p>Ce qui nous distingue et nous rend comp\u00e9titifs, ce sont nos services, nos produits exclusifs et la haute qualit\u00e9 de notre approvisionnement fiable et rapide. Avec cette combinaison de caract\u00e9ristiques, nous aidons les entit\u00e9s et les entreprises du secteur \u00e0 optimiser la gestion et le contr\u00f4le des d\u00e9chets, assurant ainsi la transparence, l&#8217;efficacit\u00e9 op\u00e9rationnelle et la durabilit\u00e9 environnementale.<\/p>\n<p>[\/et_pb_text][\/et_pb_column][et_pb_column type=&#8221;2_5&#8243; _builder_version=&#8221;4.24.3&#8243; _module_preset=&#8221;default&#8221; global_colors_info=&#8221;{}&#8221;][et_pb_image src=&#8221;https:\/\/www.global-tag.com\/wp-content\/uploads\/2025\/03\/Roll-up-Waste-Management-1.png&#8221; title_text=&#8221;Roll up Waste Management&#8221; align=&#8221;center&#8221; _builder_version=&#8221;4.27.4&#8243; _module_preset=&#8221;default&#8221; hover_enabled=&#8221;0&#8243; global_colors_info=&#8221;{}&#8221; sticky_enabled=&#8221;0&#8243;][\/et_pb_image][\/et_pb_column][\/et_pb_row][et_pb_row use_custom_gutter=&#8221;on&#8221; gutter_width=&#8221;2&#8243; _builder_version=&#8221;4.27.4&#8243; _module_preset=&#8221;_initial&#8221; width=&#8221;100%&#8221; max_width=&#8221;80%&#8221; custom_margin=&#8221;2%||||false|false&#8221; box_shadow_style=&#8221;preset3&#8243; box_shadow_horizontal=&#8221;1px&#8221; box_shadow_vertical=&#8221;-7px&#8221; box_shadow_blur=&#8221;25px&#8221; box_shadow_spread=&#8221;-4px&#8221; box_shadow_color=&#8221;gcid-fd6c5851-fc06-4829-a935-427d3c779b75&#8243; global_colors_info=&#8221;{%22gcid-fd6c5851-fc06-4829-a935-427d3c779b75%22:%91%22box_shadow_color%22%93}&#8221;][et_pb_column type=&#8221;4_4&#8243; _builder_version=&#8221;4.24.3&#8243; _module_preset=&#8221;default&#8221; global_colors_info=&#8221;{}&#8221;][et_pb_video src=&#8221;https:\/\/www.youtube.com\/watch?v=kM3YiYYmRBI&#8221; _builder_version=&#8221;4.27.4&#8243; _module_preset=&#8221;default&#8221; custom_padding=&#8221;|3%||3%|false|true&#8221; global_colors_info=&#8221;{}&#8221;][\/et_pb_video][\/et_pb_column][\/et_pb_row][\/et_pb_section]<\/p>\n","protected":false},"excerpt":{"rendered":"<p>La cr\u00e9ation par Global Tag de l&#8217;unit\u00e9 commerciale d\u00e9di\u00e9e au monde de la gestion des d\u00e9chets d\u00e9coule du d\u00e9sir de se sp\u00e9cialiser et de se concentrer sur ce secteur, en apportant nos produits et notre expertise RFID pour servir la gestion des d\u00e9chets \u00e0 l&#8217;\u00e9chelle nationale et internationale. Nous nous engageons fermement \u00e0 r\u00e9pondre aux [&hellip;]<\/p>\n","protected":false},"author":1,"featured_media":0,"parent":277269,"menu_order":0,"comment_status":"closed","ping_status":"closed","template":"","meta":{"_acf_changed":false,"_et_pb_use_builder":"on","_et_pb_old_content":"","_et_gb_content_width":"","footnotes":""},"class_list":["post-277278","page","type-page","status-publish","hentry"],"acf":[],"yoast_head":"<!-- This site is optimized with the Yoast SEO Premium plugin v26.2 (Yoast SEO v27.3) - https:\/\/yoast.com\/product\/yoast-seo-premium-wordpress\/ -->\n<title>\u00c1 Propos de Nous waste management - Global Tag<\/title>\n<meta name=\"description\" content=\"D\u00e9couvrez qui nous sommes et comment nous intervenons dans le secteur de la gestion des d\u00e9chets avec nos produits et services RFID.\" \/>\n<meta name=\"robots\" content=\"index, follow, max-snippet:-1, max-image-preview:large, max-video-preview:-1\" \/>\n<link rel=\"canonical\" href=\"https:\/\/www.global-tag.com\/rfid-for-waste-management\/about-waste-management\/\" \/>\n<meta property=\"og:locale\" content=\"fr_FR\" \/>\n<meta property=\"og:type\" content=\"article\" \/>\n<meta property=\"og:title\" content=\"\u00c1 Propos de Nous waste management\" \/>\n<meta property=\"og:description\" content=\"D\u00e9couvrez qui nous sommes et comment nous intervenons dans le secteur de la gestion des d\u00e9chets avec nos produits et services RFID.\" \/>\n<meta property=\"og:site_name\" content=\"Global Tag\" \/>\n<meta property=\"article:modified_time\" content=\"2025-03-05T09:13:47+00:00\" \/>\n<meta name=\"twitter:card\" content=\"summary_large_image\" \/>\n<meta name=\"twitter:site\" content=\"@Global_Tag_RFID\" \/>\n<meta name=\"twitter:label1\" content=\"Dur\u00e9e de lecture estim\u00e9e\" \/>\n\t<meta name=\"twitter:data1\" content=\"2 minutes\" \/>\n<script type=\"application\/ld+json\" class=\"yoast-schema-graph\">{\"@context\":\"https:\\\/\\\/schema.org\",\"@graph\":[{\"@type\":\"WebPage\",\"@id\":\"https:\\\/\\\/www.global-tag.com\\\/rfid-for-waste-management\\\/about-waste-management\\\/\",\"url\":\"https:\\\/\\\/www.global-tag.com\\\/rfid-for-waste-management\\\/about-waste-management\\\/\",\"name\":\"\u00c1 Propos de Nous waste management - Global Tag\",\"isPartOf\":{\"@id\":\"https:\\\/\\\/www.global-tag.com\\\/#website\"},\"datePublished\":\"2025-02-24T14:56:09+00:00\",\"dateModified\":\"2025-03-05T09:13:47+00:00\",\"description\":\"D\u00e9couvrez qui nous sommes et comment nous intervenons dans le secteur de la gestion des d\u00e9chets avec nos produits et services RFID.\",\"breadcrumb\":{\"@id\":\"https:\\\/\\\/www.global-tag.com\\\/rfid-for-waste-management\\\/about-waste-management\\\/#breadcrumb\"},\"inLanguage\":\"fr-FR\",\"potentialAction\":[{\"@type\":\"ReadAction\",\"target\":[\"https:\\\/\\\/www.global-tag.com\\\/rfid-for-waste-management\\\/about-waste-management\\\/\"]}]},{\"@type\":\"BreadcrumbList\",\"@id\":\"https:\\\/\\\/www.global-tag.com\\\/rfid-for-waste-management\\\/about-waste-management\\\/#breadcrumb\",\"itemListElement\":[{\"@type\":\"ListItem\",\"position\":1,\"name\":\"Home\",\"item\":\"https:\\\/\\\/www.global-tag.com\\\/\"},{\"@type\":\"ListItem\",\"position\":2,\"name\":\"RFID pour la gestion des d\u00e9chets\",\"item\":\"https:\\\/\\\/www.global-tag.com\\\/rfid-for-waste-management\\\/\"},{\"@type\":\"ListItem\",\"position\":3,\"name\":\"\u00c1 Propos de Nous waste management\"}]},{\"@type\":\"WebSite\",\"@id\":\"https:\\\/\\\/www.global-tag.com\\\/#website\",\"url\":\"https:\\\/\\\/www.global-tag.com\\\/\",\"name\":\"Global Tag\",\"description\":\"\",\"publisher\":{\"@id\":\"https:\\\/\\\/www.global-tag.com\\\/#organization\"},\"potentialAction\":[{\"@type\":\"SearchAction\",\"target\":{\"@type\":\"EntryPoint\",\"urlTemplate\":\"https:\\\/\\\/www.global-tag.com\\\/?s={search_term_string}\"},\"query-input\":{\"@type\":\"PropertyValueSpecification\",\"valueRequired\":true,\"valueName\":\"search_term_string\"}}],\"inLanguage\":\"fr-FR\"},{\"@type\":\"Organization\",\"@id\":\"https:\\\/\\\/www.global-tag.com\\\/#organization\",\"name\":\"Global Tag\",\"url\":\"https:\\\/\\\/www.global-tag.com\\\/\",\"logo\":{\"@type\":\"ImageObject\",\"inLanguage\":\"fr-FR\",\"@id\":\"https:\\\/\\\/www.global-tag.com\\\/#\\\/schema\\\/logo\\\/image\\\/\",\"url\":\"https:\\\/\\\/www.global-tag.com\\\/wp-content\\\/uploads\\\/2024\\\/11\\\/GLOBAL-TAG-logo.ai_.png\",\"contentUrl\":\"https:\\\/\\\/www.global-tag.com\\\/wp-content\\\/uploads\\\/2024\\\/11\\\/GLOBAL-TAG-logo.ai_.png\",\"width\":1771,\"height\":825,\"caption\":\"Global Tag\"},\"image\":{\"@id\":\"https:\\\/\\\/www.global-tag.com\\\/#\\\/schema\\\/logo\\\/image\\\/\"},\"sameAs\":[\"https:\\\/\\\/x.com\\\/Global_Tag_RFID\",\"https:\\\/\\\/www.linkedin.com\\\/company\\\/global-tag-srl---rfid-tag-for-global-request\"]}]}<\/script>\n<!-- \/ Yoast SEO Premium plugin. -->","yoast_head_json":{"title":"\u00c1 Propos de Nous waste management - Global Tag","description":"D\u00e9couvrez qui nous sommes et comment nous intervenons dans le secteur de la gestion des d\u00e9chets avec nos produits et services RFID.","robots":{"index":"index","follow":"follow","max-snippet":"max-snippet:-1","max-image-preview":"max-image-preview:large","max-video-preview":"max-video-preview:-1"},"canonical":"https:\/\/www.global-tag.com\/rfid-for-waste-management\/about-waste-management\/","og_locale":"fr_FR","og_type":"article","og_title":"\u00c1 Propos de Nous waste management","og_description":"D\u00e9couvrez qui nous sommes et comment nous intervenons dans le secteur de la gestion des d\u00e9chets avec nos produits et services RFID.","og_site_name":"Global Tag","article_modified_time":"2025-03-05T09:13:47+00:00","twitter_card":"summary_large_image","twitter_site":"@Global_Tag_RFID","twitter_misc":{"Dur\u00e9e de lecture estim\u00e9e":"2 minutes"},"schema":{"@context":"https:\/\/schema.org","@graph":[{"@type":"WebPage","@id":"https:\/\/www.global-tag.com\/rfid-for-waste-management\/about-waste-management\/","url":"https:\/\/www.global-tag.com\/rfid-for-waste-management\/about-waste-management\/","name":"\u00c1 Propos de Nous waste management - Global Tag","isPartOf":{"@id":"https:\/\/www.global-tag.com\/#website"},"datePublished":"2025-02-24T14:56:09+00:00","dateModified":"2025-03-05T09:13:47+00:00","description":"D\u00e9couvrez qui nous sommes et comment nous intervenons dans le secteur de la gestion des d\u00e9chets avec nos produits et services RFID.","breadcrumb":{"@id":"https:\/\/www.global-tag.com\/rfid-for-waste-management\/about-waste-management\/#breadcrumb"},"inLanguage":"fr-FR","potentialAction":[{"@type":"ReadAction","target":["https:\/\/www.global-tag.com\/rfid-for-waste-management\/about-waste-management\/"]}]},{"@type":"BreadcrumbList","@id":"https:\/\/www.global-tag.com\/rfid-for-waste-management\/about-waste-management\/#breadcrumb","itemListElement":[{"@type":"ListItem","position":1,"name":"Home","item":"https:\/\/www.global-tag.com\/"},{"@type":"ListItem","position":2,"name":"RFID pour la gestion des d\u00e9chets","item":"https:\/\/www.global-tag.com\/rfid-for-waste-management\/"},{"@type":"ListItem","position":3,"name":"\u00c1 Propos de Nous waste management"}]},{"@type":"WebSite","@id":"https:\/\/www.global-tag.com\/#website","url":"https:\/\/www.global-tag.com\/","name":"Global Tag","description":"","publisher":{"@id":"https:\/\/www.global-tag.com\/#organization"},"potentialAction":[{"@type":"SearchAction","target":{"@type":"EntryPoint","urlTemplate":"https:\/\/www.global-tag.com\/?s={search_term_string}"},"query-input":{"@type":"PropertyValueSpecification","valueRequired":true,"valueName":"search_term_string"}}],"inLanguage":"fr-FR"},{"@type":"Organization","@id":"https:\/\/www.global-tag.com\/#organization","name":"Global Tag","url":"https:\/\/www.global-tag.com\/","logo":{"@type":"ImageObject","inLanguage":"fr-FR","@id":"https:\/\/www.global-tag.com\/#\/schema\/logo\/image\/","url":"https:\/\/www.global-tag.com\/wp-content\/uploads\/2024\/11\/GLOBAL-TAG-logo.ai_.png","contentUrl":"https:\/\/www.global-tag.com\/wp-content\/uploads\/2024\/11\/GLOBAL-TAG-logo.ai_.png","width":1771,"height":825,"caption":"Global Tag"},"image":{"@id":"https:\/\/www.global-tag.com\/#\/schema\/logo\/image\/"},"sameAs":["https:\/\/x.com\/Global_Tag_RFID","https:\/\/www.linkedin.com\/company\/global-tag-srl---rfid-tag-for-global-request"]}]}},"_links":{"self":[{"href":"https:\/\/www.global-tag.com\/fr\/wp-json\/wp\/v2\/pages\/277278","targetHints":{"allow":["GET"]}}],"collection":[{"href":"https:\/\/www.global-tag.com\/fr\/wp-json\/wp\/v2\/pages"}],"about":[{"href":"https:\/\/www.global-tag.com\/fr\/wp-json\/wp\/v2\/types\/page"}],"author":[{"embeddable":true,"href":"https:\/\/www.global-tag.com\/fr\/wp-json\/wp\/v2\/users\/1"}],"replies":[{"embeddable":true,"href":"https:\/\/www.global-tag.com\/fr\/wp-json\/wp\/v2\/comments?post=277278"}],"version-history":[{"count":6,"href":"https:\/\/www.global-tag.com\/fr\/wp-json\/wp\/v2\/pages\/277278\/revisions"}],"predecessor-version":[{"id":277750,"href":"https:\/\/www.global-tag.com\/fr\/wp-json\/wp\/v2\/pages\/277278\/revisions\/277750"}],"up":[{"embeddable":true,"href":"https:\/\/www.global-tag.com\/fr\/wp-json\/wp\/v2\/pages\/277269"}],"wp:attachment":[{"href":"https:\/\/www.global-tag.com\/fr\/wp-json\/wp\/v2\/media?parent=277278"}],"curies":[{"name":"wp","href":"https:\/\/api.w.org\/{rel}","templated":true}]}}