{"id":275177,"date":"2024-11-21T09:09:46","date_gmt":"2024-11-21T08:09:46","guid":{"rendered":"https:\/\/www.global-tag.com\/rfid-pour-hotellerie\/rfid-services-pour-hotellery\/"},"modified":"2025-02-28T10:57:36","modified_gmt":"2025-02-28T09:57:36","slug":"rfid-services-pour-hotellery","status":"publish","type":"page","link":"https:\/\/www.global-tag.com\/fr\/rfid-pour-hotellerie\/rfid-services-pour-hotellery\/","title":{"rendered":"RFID Services pour hotellery"},"content":{"rendered":"<p>[et_pb_section fb_built=&#8221;1&#8243; _builder_version=&#8221;4.27.4&#8243; _module_preset=&#8221;default&#8221; background_enable_color=&#8221;off&#8221; background_image=&#8221;https:\/\/www.global-tag.com\/wp-content\/uploads\/2024\/11\/3-3.png&#8221; custom_padding=&#8221;0%||10%||false|false&#8221; top_divider_style=&#8221;arrow&#8221; top_divider_color=&#8221;gcid-primary-color&#8221; top_divider_height=&#8221;122px&#8221; bottom_divider_color=&#8221;#E4254A&#8221; bottom_divider_height=&#8221;130px&#8221; global_colors_info=&#8221;{%22gcid-primary-color%22:%91%22top_divider_color%22%93,%22gcid-f40cdaa6-7814-476f-95ad-6742e88d94af%22:%91%22background_color%22%93}&#8221;][et_pb_row _builder_version=&#8221;4.24.2&#8243; _module_preset=&#8221;9f1baad1-7a02-4a00-97e0-ffbb41c307aa&#8221; background_color=&#8221;RGBA(255,255,255,0)&#8221; custom_padding=&#8221;||3%||false|false&#8221; global_colors_info=&#8221;{}&#8221;][et_pb_column type=&#8221;4_4&#8243; _builder_version=&#8221;4.24.2&#8243; _module_preset=&#8221;default&#8221; global_colors_info=&#8221;{}&#8221;][et_pb_heading title=&#8221;Services for Hotel RFID project&#8221; _builder_version=&#8221;4.27.4&#8243; _module_preset=&#8221;default&#8221; title_font=&#8221;|800|||||||&#8221; title_text_align=&#8221;center&#8221; title_font_size=&#8221;35px&#8221; background_enable_color=&#8221;off&#8221; custom_margin=&#8221;||0%||false|false&#8221; custom_padding=&#8221;0%||1%||false|false&#8221; global_colors_info=&#8221;{}&#8221;][\/et_pb_heading][et_pb_heading title=&#8221;Nous pouvons vous aider \u00e0 choisir le meilleur transpondeur RFID, NFC ou BLE et \u00e0 trouver la meilleure solution pour l&#8217;application ou le projet requis.&#8221; _builder_version=&#8221;4.27.4&#8243; _module_preset=&#8221;default&#8221; title_level=&#8221;h3&#8243; title_text_align=&#8221;center&#8221; title_line_height=&#8221;1.2em&#8221; background_color=&#8221;RGBA(0,0,0,0.71)&#8221; width=&#8221;80%&#8221; module_alignment=&#8221;center&#8221; custom_margin=&#8221;8%||1%||false|false&#8221; custom_padding=&#8221;1%|8%|0%|8%|false|false&#8221; global_colors_info=&#8221;{}&#8221;][\/et_pb_heading][\/et_pb_column][\/et_pb_row][\/et_pb_section][et_pb_section fb_built=&#8221;1&#8243; admin_label=&#8221;Standard Label&#8221; _builder_version=&#8221;4.27.4&#8243; _module_preset=&#8221;default&#8221; background_enable_color=&#8221;off&#8221; use_background_color_gradient=&#8221;on&#8221; background_color_gradient_direction=&#8221;1deg&#8221; background_color_gradient_stops=&#8221;rgba(229,229,229,0.89) 0%|#ffffff 100%&#8221; max_width=&#8221;80%&#8221; module_alignment=&#8221;center&#8221; custom_margin=&#8221;3%||3%||false|false&#8221; custom_padding=&#8221;2%||4%||false|false&#8221; top_divider_color=&#8221;gcid-f40cdaa6-7814-476f-95ad-6742e88d94af&#8221; top_divider_height=&#8221;51px&#8221; box_shadow_style=&#8221;preset3&#8243; box_shadow_horizontal=&#8221;-2px&#8221; box_shadow_vertical=&#8221;1px&#8221; box_shadow_spread=&#8221;-2px&#8221; box_shadow_color=&#8221;gcid-f40cdaa6-7814-476f-95ad-6742e88d94af&#8221; locked=&#8221;off&#8221; global_colors_info=&#8221;{%22gcid-f40cdaa6-7814-476f-95ad-6742e88d94af%22:%91%22top_divider_color%22,%22box_shadow_color%22%93}&#8221;][et_pb_row column_structure=&#8221;1_2,1_2&#8243; _builder_version=&#8221;4.27.4&#8243; _module_preset=&#8221;default&#8221; background_image=&#8221;https:\/\/www.global-tag.com\/wp-content\/uploads\/2024\/11\/4-4.png&#8221; width=&#8221;100%&#8221; max_width=&#8221;90%&#8221; custom_margin=&#8221;2%||4%||false|false&#8221; custom_padding=&#8221;10%||8%||false|false&#8221; global_colors_info=&#8221;{}&#8221;][et_pb_column type=&#8221;1_2&#8243; _builder_version=&#8221;4.24.2&#8243; _module_preset=&#8221;default&#8221; global_colors_info=&#8221;{}&#8221;][\/et_pb_column][et_pb_column type=&#8221;1_2&#8243; _builder_version=&#8221;4.24.2&#8243; _module_preset=&#8221;default&#8221; global_colors_info=&#8221;{}&#8221;][et_pb_heading title=&#8221;HIGH QUALITY GUARANTED&#8221; _builder_version=&#8221;4.27.4&#8243; _module_preset=&#8221;default&#8221; title_level=&#8221;h2&#8243; title_text_color=&#8221;gcid-primary-color&#8221; custom_padding=&#8221;|||10%|false|false&#8221; global_colors_info=&#8221;{%22gcid-primary-color%22:%91%22title_text_color%22%93}&#8221;][\/et_pb_heading][et_pb_text _builder_version=&#8221;4.27.4&#8243; _module_preset=&#8221;default&#8221; text_text_color=&#8221;RGBA(0,0,0,0.71)&#8221; text_font_size=&#8221;17px&#8221; module_alignment=&#8221;center&#8221; min_height=&#8221;102.8px&#8221; custom_margin=&#8221;||||false|false&#8221; custom_padding=&#8221;27px|2%||10%|false|false&#8221; global_colors_info=&#8221;{}&#8221;]<\/p>\n<p style=\"text-align: justify;\">As a supplier of RFID Key Cards for hotels, mini-cards, keychains, wristbands, eco-tags, customized tags, and RFID accessories, we test all our products before shipment. We can guarantee 99,9% quality (the defective rate is less than 0.1%.) on them and deliver top-tier service to meet every customer need.<\/p>\n<p style=\"text-align: justify;\">\n<p>[\/et_pb_text][\/et_pb_column][\/et_pb_row][et_pb_row column_structure=&#8221;1_2,1_2&#8243; _builder_version=&#8221;4.27.4&#8243; _module_preset=&#8221;default&#8221; background_image=&#8221;https:\/\/www.global-tag.com\/wp-content\/uploads\/2024\/11\/5-4.png&#8221; width=&#8221;100%&#8221; max_width=&#8221;90%&#8221; custom_margin=&#8221;2%||4%||false|false&#8221; custom_padding=&#8221;12%||12%||false|false&#8221; global_colors_info=&#8221;{}&#8221;][et_pb_column type=&#8221;1_2&#8243; _builder_version=&#8221;4.24.2&#8243; _module_preset=&#8221;default&#8221; global_colors_info=&#8221;{}&#8221;][et_pb_heading title=&#8221;EFFICIENCY&#8221; _builder_version=&#8221;4.27.4&#8243; _module_preset=&#8221;default&#8221; title_level=&#8221;h2&#8243; title_text_color=&#8221;gcid-primary-color&#8221; custom_padding=&#8221;|||2%|false|false&#8221; global_colors_info=&#8221;{%22gcid-primary-color%22:%91%22title_text_color%22%93}&#8221;][\/et_pb_heading][et_pb_text _builder_version=&#8221;4.27.4&#8243; _module_preset=&#8221;default&#8221; text_text_color=&#8221;RGBA(0,0,0,0.71)&#8221; text_font_size=&#8221;17px&#8221; module_alignment=&#8221;center&#8221; min_height=&#8221;102.8px&#8221; custom_margin=&#8221;||||false|false&#8221; custom_padding=&#8221;|25%||2%|false|false&#8221; global_colors_info=&#8221;{}&#8221;]<\/p>\n<p style=\"text-align: justify;\">Fast and secure delivery of goods thanks to the immediate availability of all products in stock. <\/p>\n<p>We are also fully available to test the compatibility of our RFID products with the client\u2019s current system configuration using sample kits.<\/p>\n<p style=\"text-align: justify;\">\n<p>[\/et_pb_text][\/et_pb_column][et_pb_column type=&#8221;1_2&#8243; _builder_version=&#8221;4.24.2&#8243; _module_preset=&#8221;default&#8221; global_colors_info=&#8221;{}&#8221;][\/et_pb_column][\/et_pb_row][et_pb_row _builder_version=&#8221;4.27.4&#8243; _module_preset=&#8221;default&#8221; background_image=&#8221;https:\/\/www.global-tag.com\/wp-content\/uploads\/2024\/05\/tailor_made.jpg&#8221; width=&#8221;100%&#8221; max_width=&#8221;90%&#8221; custom_margin=&#8221;2%||4%||false|false&#8221; custom_padding=&#8221;12%||12%||false|false&#8221; global_colors_info=&#8221;{}&#8221;][et_pb_column type=&#8221;4_4&#8243; _builder_version=&#8221;4.24.2&#8243; _module_preset=&#8221;default&#8221; global_colors_info=&#8221;{}&#8221;][et_pb_heading title=&#8221;customization&#8221; _builder_version=&#8221;4.27.4&#8243; _module_preset=&#8221;default&#8221; title_level=&#8221;h2&#8243; title_text_align=&#8221;center&#8221; title_text_color=&#8221;gcid-primary-color&#8221; background_color=&#8221;rgba(255,255,255,0.71)&#8221; max_width=&#8221;95%&#8221; module_alignment=&#8221;center&#8221; custom_padding=&#8221;1%|||2%|false|false&#8221; global_colors_info=&#8221;{%22gcid-primary-color%22:%91%22title_text_color%22%93}&#8221;][\/et_pb_heading][et_pb_text _builder_version=&#8221;4.27.4&#8243; _module_preset=&#8221;default&#8221; text_text_color=&#8221;RGBA(0,0,0,0.71)&#8221; text_font_size=&#8221;17px&#8221; background_color=&#8221;rgba(255,255,255,0.63)&#8221; text_orientation=&#8221;center&#8221; max_width=&#8221;90%&#8221; module_alignment=&#8221;center&#8221; min_height=&#8221;102.8px&#8221; custom_margin=&#8221;||||false|true&#8221; custom_padding=&#8221;2%|2%|2%|2%|false|false&#8221; global_colors_info=&#8221;{}&#8221;]<\/p>\n<p style=\"text-align: center;\"><strong>Starting from a minimum of 100 pieces, we can customize Key Cards and all other RFID tags for the hospitality sector to meet any customer requirements.<\/strong><\/p>\n<p>Specifically, we offer printing, laser engraving, and internal chip memory encoding services. High-quality offset printing typically allows for various customizations.<br \/>Some of the options we offer include monochromatic or four-color process printing or using the Pantone code of the graphic layout provided by the client, embossed printing, hot stamping, guilloche printing, as well as QR Code and barcode printing.<\/p>\n<p>It is also possible to choose laser engraving for certain elements included on the tags, such as barcodes, serial numbers, and progressive numbers, with the aim of making their presence on the card more durable.<\/p>\n<p><strong>We are capable of initializing the internal memory of RFID chips with over 20 encoding formats (Salto, Vingcard, Saflok, Onity, Kaba, MIWA, BETECH, Orbita).<\/strong> Depending on the locking system used in the facility, we can identify the encryption protocol and correctly encode the key card, thus meeting 100% of market demands.<\/p>\n<p style=\"text-align: justify;\">[\/et_pb_text][\/et_pb_column][\/et_pb_row][\/et_pb_section]<\/p>\n","protected":false},"excerpt":{"rendered":"<p>As a supplier of RFID Key Cards for hotels, mini-cards, keychains, wristbands, eco-tags, customized tags, and RFID accessories, we test all our products before shipment. We can guarantee 99,9% quality (the defective rate is less than 0.1%.) on them and deliver top-tier service to meet every customer need. Fast and secure delivery of goods thanks [&hellip;]<\/p>\n","protected":false},"author":3,"featured_media":0,"parent":275170,"menu_order":0,"comment_status":"closed","ping_status":"closed","template":"","meta":{"_acf_changed":false,"_et_pb_use_builder":"on","_et_pb_old_content":"","_et_gb_content_width":"","footnotes":""},"class_list":["post-275177","page","type-page","status-publish","hentry"],"acf":[],"yoast_head":"<!-- This site is optimized with the Yoast SEO Premium plugin v26.2 (Yoast SEO v27.3) - https:\/\/yoast.com\/product\/yoast-seo-premium-wordpress\/ -->\n<title>RFID Services pour hotellery - Global Tag<\/title>\n<meta name=\"description\" content=\"D\u00e9couvrez les services RFID pour hotellery afin d&#039;am\u00e9liorer les op\u00e9rations de votre h\u00f4tel gr\u00e2ce \u00e0 une technologie et des solutions avanc\u00e9es.\" \/>\n<meta name=\"robots\" content=\"index, follow, max-snippet:-1, max-image-preview:large, max-video-preview:-1\" \/>\n<link rel=\"canonical\" href=\"https:\/\/www.global-tag.com\/rfid-for-hotellerie\/rfid-services-for-hotellery\/\" \/>\n<meta property=\"og:locale\" content=\"fr_FR\" \/>\n<meta property=\"og:type\" content=\"article\" \/>\n<meta property=\"og:title\" content=\"RFID Services pour hotellery\" \/>\n<meta property=\"og:description\" content=\"D\u00e9couvrez les services RFID pour hotellery afin d&#039;am\u00e9liorer les op\u00e9rations de votre h\u00f4tel gr\u00e2ce \u00e0 une technologie et des solutions avanc\u00e9es.\" \/>\n<meta property=\"og:site_name\" content=\"Global Tag\" \/>\n<meta property=\"article:modified_time\" content=\"2025-02-28T09:57:36+00:00\" \/>\n<meta name=\"twitter:card\" content=\"summary_large_image\" \/>\n<meta name=\"twitter:site\" content=\"@Global_Tag_RFID\" \/>\n<meta name=\"twitter:label1\" content=\"Dur\u00e9e de lecture estim\u00e9e\" \/>\n\t<meta name=\"twitter:data1\" content=\"2 minutes\" \/>\n<script type=\"application\/ld+json\" class=\"yoast-schema-graph\">{\"@context\":\"https:\\\/\\\/schema.org\",\"@graph\":[{\"@type\":\"WebPage\",\"@id\":\"https:\\\/\\\/www.global-tag.com\\\/rfid-for-hotellerie\\\/rfid-services-for-hotellery\\\/\",\"url\":\"https:\\\/\\\/www.global-tag.com\\\/rfid-for-hotellerie\\\/rfid-services-for-hotellery\\\/\",\"name\":\"RFID Services pour hotellery - Global Tag\",\"isPartOf\":{\"@id\":\"https:\\\/\\\/www.global-tag.com\\\/#website\"},\"datePublished\":\"2024-11-21T08:09:46+00:00\",\"dateModified\":\"2025-02-28T09:57:36+00:00\",\"description\":\"D\u00e9couvrez les services RFID pour hotellery afin d'am\u00e9liorer les op\u00e9rations de votre h\u00f4tel gr\u00e2ce \u00e0 une technologie et des solutions avanc\u00e9es.\",\"breadcrumb\":{\"@id\":\"https:\\\/\\\/www.global-tag.com\\\/rfid-for-hotellerie\\\/rfid-services-for-hotellery\\\/#breadcrumb\"},\"inLanguage\":\"fr-FR\",\"potentialAction\":[{\"@type\":\"ReadAction\",\"target\":[\"https:\\\/\\\/www.global-tag.com\\\/rfid-for-hotellerie\\\/rfid-services-for-hotellery\\\/\"]}]},{\"@type\":\"BreadcrumbList\",\"@id\":\"https:\\\/\\\/www.global-tag.com\\\/rfid-for-hotellerie\\\/rfid-services-for-hotellery\\\/#breadcrumb\",\"itemListElement\":[{\"@type\":\"ListItem\",\"position\":1,\"name\":\"Home\",\"item\":\"https:\\\/\\\/www.global-tag.com\\\/\"},{\"@type\":\"ListItem\",\"position\":2,\"name\":\"RFID pour Hotellerie\",\"item\":\"https:\\\/\\\/www.global-tag.com\\\/rfid-for-hotellerie\\\/\"},{\"@type\":\"ListItem\",\"position\":3,\"name\":\"RFID Services pour hotellery\"}]},{\"@type\":\"WebSite\",\"@id\":\"https:\\\/\\\/www.global-tag.com\\\/#website\",\"url\":\"https:\\\/\\\/www.global-tag.com\\\/\",\"name\":\"Global Tag\",\"description\":\"\",\"publisher\":{\"@id\":\"https:\\\/\\\/www.global-tag.com\\\/#organization\"},\"potentialAction\":[{\"@type\":\"SearchAction\",\"target\":{\"@type\":\"EntryPoint\",\"urlTemplate\":\"https:\\\/\\\/www.global-tag.com\\\/?s={search_term_string}\"},\"query-input\":{\"@type\":\"PropertyValueSpecification\",\"valueRequired\":true,\"valueName\":\"search_term_string\"}}],\"inLanguage\":\"fr-FR\"},{\"@type\":\"Organization\",\"@id\":\"https:\\\/\\\/www.global-tag.com\\\/#organization\",\"name\":\"Global Tag\",\"url\":\"https:\\\/\\\/www.global-tag.com\\\/\",\"logo\":{\"@type\":\"ImageObject\",\"inLanguage\":\"fr-FR\",\"@id\":\"https:\\\/\\\/www.global-tag.com\\\/#\\\/schema\\\/logo\\\/image\\\/\",\"url\":\"https:\\\/\\\/www.global-tag.com\\\/wp-content\\\/uploads\\\/2024\\\/11\\\/GLOBAL-TAG-logo.ai_.png\",\"contentUrl\":\"https:\\\/\\\/www.global-tag.com\\\/wp-content\\\/uploads\\\/2024\\\/11\\\/GLOBAL-TAG-logo.ai_.png\",\"width\":1771,\"height\":825,\"caption\":\"Global Tag\"},\"image\":{\"@id\":\"https:\\\/\\\/www.global-tag.com\\\/#\\\/schema\\\/logo\\\/image\\\/\"},\"sameAs\":[\"https:\\\/\\\/x.com\\\/Global_Tag_RFID\",\"https:\\\/\\\/www.linkedin.com\\\/company\\\/global-tag-srl---rfid-tag-for-global-request\"]}]}<\/script>\n<!-- \/ Yoast SEO Premium plugin. -->","yoast_head_json":{"title":"RFID Services pour hotellery - Global Tag","description":"D\u00e9couvrez les services RFID pour hotellery afin d'am\u00e9liorer les op\u00e9rations de votre h\u00f4tel gr\u00e2ce \u00e0 une technologie et des solutions avanc\u00e9es.","robots":{"index":"index","follow":"follow","max-snippet":"max-snippet:-1","max-image-preview":"max-image-preview:large","max-video-preview":"max-video-preview:-1"},"canonical":"https:\/\/www.global-tag.com\/rfid-for-hotellerie\/rfid-services-for-hotellery\/","og_locale":"fr_FR","og_type":"article","og_title":"RFID Services pour hotellery","og_description":"D\u00e9couvrez les services RFID pour hotellery afin d'am\u00e9liorer les op\u00e9rations de votre h\u00f4tel gr\u00e2ce \u00e0 une technologie et des solutions avanc\u00e9es.","og_site_name":"Global Tag","article_modified_time":"2025-02-28T09:57:36+00:00","twitter_card":"summary_large_image","twitter_site":"@Global_Tag_RFID","twitter_misc":{"Dur\u00e9e de lecture estim\u00e9e":"2 minutes"},"schema":{"@context":"https:\/\/schema.org","@graph":[{"@type":"WebPage","@id":"https:\/\/www.global-tag.com\/rfid-for-hotellerie\/rfid-services-for-hotellery\/","url":"https:\/\/www.global-tag.com\/rfid-for-hotellerie\/rfid-services-for-hotellery\/","name":"RFID Services pour hotellery - Global Tag","isPartOf":{"@id":"https:\/\/www.global-tag.com\/#website"},"datePublished":"2024-11-21T08:09:46+00:00","dateModified":"2025-02-28T09:57:36+00:00","description":"D\u00e9couvrez les services RFID pour hotellery afin d'am\u00e9liorer les op\u00e9rations de votre h\u00f4tel gr\u00e2ce \u00e0 une technologie et des solutions avanc\u00e9es.","breadcrumb":{"@id":"https:\/\/www.global-tag.com\/rfid-for-hotellerie\/rfid-services-for-hotellery\/#breadcrumb"},"inLanguage":"fr-FR","potentialAction":[{"@type":"ReadAction","target":["https:\/\/www.global-tag.com\/rfid-for-hotellerie\/rfid-services-for-hotellery\/"]}]},{"@type":"BreadcrumbList","@id":"https:\/\/www.global-tag.com\/rfid-for-hotellerie\/rfid-services-for-hotellery\/#breadcrumb","itemListElement":[{"@type":"ListItem","position":1,"name":"Home","item":"https:\/\/www.global-tag.com\/"},{"@type":"ListItem","position":2,"name":"RFID pour Hotellerie","item":"https:\/\/www.global-tag.com\/rfid-for-hotellerie\/"},{"@type":"ListItem","position":3,"name":"RFID Services pour hotellery"}]},{"@type":"WebSite","@id":"https:\/\/www.global-tag.com\/#website","url":"https:\/\/www.global-tag.com\/","name":"Global Tag","description":"","publisher":{"@id":"https:\/\/www.global-tag.com\/#organization"},"potentialAction":[{"@type":"SearchAction","target":{"@type":"EntryPoint","urlTemplate":"https:\/\/www.global-tag.com\/?s={search_term_string}"},"query-input":{"@type":"PropertyValueSpecification","valueRequired":true,"valueName":"search_term_string"}}],"inLanguage":"fr-FR"},{"@type":"Organization","@id":"https:\/\/www.global-tag.com\/#organization","name":"Global Tag","url":"https:\/\/www.global-tag.com\/","logo":{"@type":"ImageObject","inLanguage":"fr-FR","@id":"https:\/\/www.global-tag.com\/#\/schema\/logo\/image\/","url":"https:\/\/www.global-tag.com\/wp-content\/uploads\/2024\/11\/GLOBAL-TAG-logo.ai_.png","contentUrl":"https:\/\/www.global-tag.com\/wp-content\/uploads\/2024\/11\/GLOBAL-TAG-logo.ai_.png","width":1771,"height":825,"caption":"Global Tag"},"image":{"@id":"https:\/\/www.global-tag.com\/#\/schema\/logo\/image\/"},"sameAs":["https:\/\/x.com\/Global_Tag_RFID","https:\/\/www.linkedin.com\/company\/global-tag-srl---rfid-tag-for-global-request"]}]}},"_links":{"self":[{"href":"https:\/\/www.global-tag.com\/fr\/wp-json\/wp\/v2\/pages\/275177","targetHints":{"allow":["GET"]}}],"collection":[{"href":"https:\/\/www.global-tag.com\/fr\/wp-json\/wp\/v2\/pages"}],"about":[{"href":"https:\/\/www.global-tag.com\/fr\/wp-json\/wp\/v2\/types\/page"}],"author":[{"embeddable":true,"href":"https:\/\/www.global-tag.com\/fr\/wp-json\/wp\/v2\/users\/3"}],"replies":[{"embeddable":true,"href":"https:\/\/www.global-tag.com\/fr\/wp-json\/wp\/v2\/comments?post=275177"}],"version-history":[{"count":5,"href":"https:\/\/www.global-tag.com\/fr\/wp-json\/wp\/v2\/pages\/275177\/revisions"}],"predecessor-version":[{"id":277503,"href":"https:\/\/www.global-tag.com\/fr\/wp-json\/wp\/v2\/pages\/275177\/revisions\/277503"}],"up":[{"embeddable":true,"href":"https:\/\/www.global-tag.com\/fr\/wp-json\/wp\/v2\/pages\/275170"}],"wp:attachment":[{"href":"https:\/\/www.global-tag.com\/fr\/wp-json\/wp\/v2\/media?parent=275177"}],"curies":[{"name":"wp","href":"https:\/\/api.w.org\/{rel}","templated":true}]}}