{"id":275174,"date":"2024-11-21T09:11:16","date_gmt":"2024-11-21T08:11:16","guid":{"rendered":"https:\/\/www.global-tag.com\/rfid-pour-hotellerie\/a-propos-de-nous-bu-hotellerie\/"},"modified":"2025-02-28T10:53:02","modified_gmt":"2025-02-28T09:53:02","slug":"a-propos-de-nous-bu-hotellerie","status":"publish","type":"page","link":"https:\/\/www.global-tag.com\/fr\/rfid-pour-hotellerie\/a-propos-de-nous-bu-hotellerie\/","title":{"rendered":"\u00c1 Propos de Nous BU Hotellerie"},"content":{"rendered":"<p>[et_pb_section fb_built=&#8221;1&#8243; _builder_version=&#8221;4.27.4&#8243; _module_preset=&#8221;default&#8221; background_enable_color=&#8221;off&#8221; background_image=&#8221;https:\/\/www.global-tag.com\/wp-content\/uploads\/2024\/11\/4.png&#8221; custom_padding=&#8221;0%||0%||false|false&#8221; top_divider_style=&#8221;arrow&#8221; top_divider_color=&#8221;gcid-primary-color&#8221; top_divider_height=&#8221;94px&#8221; bottom_divider_style=&#8221;ramp2&#8243; bottom_divider_color=&#8221;gcid-f40cdaa6-7814-476f-95ad-6742e88d94af&#8221; bottom_divider_height=&#8221;104px&#8221; global_colors_info=&#8221;{%22gcid-f40cdaa6-7814-476f-95ad-6742e88d94af%22:%91%22bottom_divider_color%22%93}&#8221;][et_pb_row _builder_version=&#8221;4.24.2&#8243; _module_preset=&#8221;9f1baad1-7a02-4a00-97e0-ffbb41c307aa&#8221; background_color=&#8221;RGBA(255,255,255,0)&#8221; custom_padding=&#8221;||3%||false|false&#8221; global_colors_info=&#8221;{}&#8221;][et_pb_column type=&#8221;4_4&#8243; _builder_version=&#8221;4.24.2&#8243; _module_preset=&#8221;default&#8221; global_colors_info=&#8221;{}&#8221;][et_pb_heading title=&#8221;\u00c1 Propos de Nous&#8221; _builder_version=&#8221;4.24.3&#8243; _module_preset=&#8221;default&#8221; title_font=&#8221;|800|||||||&#8221; title_text_align=&#8221;center&#8221; title_font_size=&#8221;35px&#8221; background_enable_color=&#8221;off&#8221; custom_margin=&#8221;||0%||false|false&#8221; custom_padding=&#8221;0%||1%||false|false&#8221; global_colors_info=&#8221;{}&#8221;][\/et_pb_heading][et_pb_heading title=&#8221;Nous sommes sp\u00e9cialis\u00e9s dans le secteur de l&#8217;h\u00f4tellerie et nous sommes en mesure de fournir des cartes-cl\u00e9s RFID, des bracelets, des porte-cl\u00e9s et des accessoires de la meilleure qualit\u00e9 au meilleur prix.&#8221; _builder_version=&#8221;4.27.4&#8243; _module_preset=&#8221;default&#8221; title_level=&#8221;h3&#8243; title_text_align=&#8221;center&#8221; title_text_color=&#8221;#FFFFFF&#8221; title_line_height=&#8221;1.2em&#8221; background_color=&#8221;RGBA(0,0,0,0.71)&#8221; width=&#8221;80%&#8221; module_alignment=&#8221;center&#8221; custom_margin=&#8221;7%||7%||false|false&#8221; custom_padding=&#8221;2%|2%|1%|2%|false|false&#8221; global_colors_info=&#8221;{}&#8221;][\/et_pb_heading][\/et_pb_column][\/et_pb_row][\/et_pb_section][et_pb_section fb_built=&#8221;1&#8243; admin_label=&#8221;Standard Label&#8221; _builder_version=&#8221;4.27.4&#8243; _module_preset=&#8221;default&#8221; background_enable_color=&#8221;off&#8221; width=&#8221;99.7%&#8221; custom_margin=&#8221;0%||0%||false|false&#8221; custom_padding=&#8221;2%||4%||false|false&#8221; top_divider_style=&#8221;slant2&#8243; top_divider_color=&#8221;gcid-f40cdaa6-7814-476f-95ad-6742e88d94af&#8221; top_divider_height=&#8221;51px&#8221; locked=&#8221;off&#8221; global_colors_info=&#8221;{%22gcid-f40cdaa6-7814-476f-95ad-6742e88d94af%22:%91%22top_divider_color%22%93}&#8221;][et_pb_row column_structure=&#8221;3_5,2_5&#8243; use_custom_gutter=&#8221;on&#8221; gutter_width=&#8221;2&#8243; _builder_version=&#8221;4.27.4&#8243; _module_preset=&#8221;_initial&#8221; width=&#8221;100%&#8221; max_width=&#8221;80%&#8221; module_alignment=&#8221;center&#8221; custom_margin=&#8221;0%||||false|false&#8221; box_shadow_style=&#8221;preset3&#8243; box_shadow_vertical=&#8221;4px&#8221; box_shadow_spread=&#8221;-1px&#8221; box_shadow_color=&#8221;#0C71C3&#8243; global_colors_info=&#8221;{}&#8221;][et_pb_column type=&#8221;3_5&#8243; _builder_version=&#8221;4.24.3&#8243; _module_preset=&#8221;default&#8221; global_colors_info=&#8221;{}&#8221;][et_pb_text _builder_version=&#8221;4.27.4&#8243; _module_preset=&#8221;default&#8221; quote_font=&#8221;||||||||&#8221; quote_text_align=&#8221;justify&#8221; text_orientation=&#8221;justified&#8221; custom_margin=&#8221;8%||||false|false&#8221; custom_padding=&#8221;|||3%|true|false&#8221; global_colors_info=&#8221;{}&#8221;]<\/p>\n<p>La cr\u00e9ation par<strong> Global Tag d&#8217;une Unit\u00e9 Commerciale d\u00e9di\u00e9e au secteur de l&#8217;h\u00f4tellerie d\u00e9coule du d\u00e9sir de se sp\u00e9cialiser et de se concentrer verticalement dans ce domaine<\/strong>, en mettant nos produits et notre expertise RFID au service des \u00e9tablissements d\u2019h\u00e9bergement tant au niveau national qu\u2019international.<\/p>\n<p>Nous sommes fortement orient\u00e9s vers la satisfaction des besoins des clients, les accompagnant \u00e0 chaque \u00e9tape du processus de mise en \u0153uvre, depuis le choix du tag appropri\u00e9 jusqu&#8217;aux personnalisations sp\u00e9cifiques demand\u00e9es.<\/p>\n<p><strong>L&#8217;Unit\u00e9 Commerciale &#8220;Hospitalit\u00e9&#8221; s&#8217;adresse \u00e0 tous les types d&#8217;\u00e9tablissements d&#8217;h\u00e9bergement disponibles sur le march\u00e9 : grandes cha\u00eenes h\u00f4teli\u00e8res, h\u00f4tels, auberges, maisons de vacances, campings\/glampings, complexes touristiques, spas de bien-\u00eatre, et m\u00eame marinas.<\/strong><\/p>\n<p>\u00c0 tous ces \u00e9tablissements, nous offrons notre expertise sectorielle et une large gamme de produits fabriqu\u00e9s \u00e0 partir de diff\u00e9rents mat\u00e9riaux, fr\u00e9quences et puces : cartes-cl\u00e9s (en PVC, PVC recycl\u00e9, PETG, bois, etc.), mini-cartes, porte-cl\u00e9s, bracelets (en silicone ou en PVC), \u00e9tiquettes \u00e9cologiques et tags personnalis\u00e9s, accompagn\u00e9s de divers accessoires tels que des porte-badges et des bracelets pour mini-cartes.<\/p>\n<p>Ce qui nous distingue et nous rend comp\u00e9titifs, ce sont nos services, nos produits exclusifs et la qualit\u00e9 de notre approvisionnement rapide et s\u00e9curis\u00e9. Gr\u00e2ce \u00e0 cette combinaison de caract\u00e9ristiques, nous vous aidons \u00e0 maximiser le potentiel de votre \u00e9tablissement, vous permettant de r\u00e9pondre pleinement aux besoins de vos clients.<\/p>\n<p>[\/et_pb_text][\/et_pb_column][et_pb_column type=&#8221;2_5&#8243; _builder_version=&#8221;4.24.3&#8243; _module_preset=&#8221;default&#8221; global_colors_info=&#8221;{}&#8221;][et_pb_image src=&#8221;https:\/\/www.global-tag.com\/wp-content\/uploads\/2025\/01\/Roll-up-hotellerie-FR-1.png&#8221; title_text=&#8221;Roll up hotellerie FR&#8221; align=&#8221;center&#8221; _builder_version=&#8221;4.27.4&#8243; _module_preset=&#8221;default&#8221; global_colors_info=&#8221;{}&#8221;][\/et_pb_image][\/et_pb_column][\/et_pb_row][et_pb_row use_custom_gutter=&#8221;on&#8221; gutter_width=&#8221;2&#8243; _builder_version=&#8221;4.27.4&#8243; _module_preset=&#8221;_initial&#8221; width=&#8221;100%&#8221; max_width=&#8221;80%&#8221; custom_margin=&#8221;2%||||false|false&#8221; box_shadow_style=&#8221;preset3&#8243; box_shadow_horizontal=&#8221;1px&#8221; box_shadow_vertical=&#8221;-7px&#8221; box_shadow_blur=&#8221;25px&#8221; box_shadow_spread=&#8221;-4px&#8221; box_shadow_color=&#8221;#0C71C3&#8243; global_colors_info=&#8221;{}&#8221;][et_pb_column type=&#8221;4_4&#8243; _builder_version=&#8221;4.24.3&#8243; _module_preset=&#8221;default&#8221; global_colors_info=&#8221;{}&#8221;][et_pb_video src=&#8221;https:\/\/www.youtube.com\/watch?v=kM3YiYYmRBI&#8221; _builder_version=&#8221;4.27.4&#8243; _module_preset=&#8221;default&#8221; custom_padding=&#8221;|3%||3%|false|true&#8221; global_colors_info=&#8221;{}&#8221;][\/et_pb_video][\/et_pb_column][\/et_pb_row][\/et_pb_section]<\/p>\n","protected":false},"excerpt":{"rendered":"<p>La cr\u00e9ation par Global Tag d&#8217;une Unit\u00e9 Commerciale d\u00e9di\u00e9e au secteur de l&#8217;h\u00f4tellerie d\u00e9coule du d\u00e9sir de se sp\u00e9cialiser et de se concentrer verticalement dans ce domaine, en mettant nos produits et notre expertise RFID au service des \u00e9tablissements d\u2019h\u00e9bergement tant au niveau national qu\u2019international. Nous sommes fortement orient\u00e9s vers la satisfaction des besoins des [&hellip;]<\/p>\n","protected":false},"author":3,"featured_media":0,"parent":275170,"menu_order":0,"comment_status":"closed","ping_status":"closed","template":"","meta":{"_acf_changed":false,"_et_pb_use_builder":"on","_et_pb_old_content":"","_et_gb_content_width":"","footnotes":""},"class_list":["post-275174","page","type-page","status-publish","hentry"],"acf":[],"yoast_head":"<!-- This site is optimized with the Yoast SEO Premium plugin v26.2 (Yoast SEO v27.4) - https:\/\/yoast.com\/product\/yoast-seo-premium-wordpress\/ -->\n<title>\u00c1 Propos de Nous BU Hotellerie - Global Tag<\/title>\n<meta name=\"description\" content=\"La notre business unit Hotellerie et d\u00e9couvrez nos cartes-cl\u00e9s, bracelets, porte-cl\u00e9s et accessoires RFID de qualit\u00e9 \u00e0 des prix avantageux.\" \/>\n<meta name=\"robots\" content=\"index, follow, max-snippet:-1, max-image-preview:large, max-video-preview:-1\" \/>\n<link rel=\"canonical\" href=\"https:\/\/www.global-tag.com\/rfid-for-hotellerie\/about-hotellery\/\" \/>\n<meta property=\"og:locale\" content=\"fr_FR\" \/>\n<meta property=\"og:type\" content=\"article\" \/>\n<meta property=\"og:title\" content=\"\u00c1 Propos de Nous BU Hotellerie\" \/>\n<meta property=\"og:description\" content=\"La notre business unit Hotellerie et d\u00e9couvrez nos cartes-cl\u00e9s, bracelets, porte-cl\u00e9s et accessoires RFID de qualit\u00e9 \u00e0 des prix avantageux.\" \/>\n<meta property=\"og:site_name\" content=\"Global Tag\" \/>\n<meta property=\"article:modified_time\" content=\"2025-02-28T09:53:02+00:00\" \/>\n<meta name=\"twitter:card\" content=\"summary_large_image\" \/>\n<meta name=\"twitter:site\" content=\"@Global_Tag_RFID\" \/>\n<meta name=\"twitter:label1\" content=\"Dur\u00e9e de lecture estim\u00e9e\" \/>\n\t<meta name=\"twitter:data1\" content=\"2 minutes\" \/>\n<script type=\"application\/ld+json\" class=\"yoast-schema-graph\">{\"@context\":\"https:\\\/\\\/schema.org\",\"@graph\":[{\"@type\":\"WebPage\",\"@id\":\"https:\\\/\\\/www.global-tag.com\\\/rfid-for-hotellerie\\\/about-hotellery\\\/\",\"url\":\"https:\\\/\\\/www.global-tag.com\\\/rfid-for-hotellerie\\\/about-hotellery\\\/\",\"name\":\"\u00c1 Propos de Nous BU Hotellerie - Global Tag\",\"isPartOf\":{\"@id\":\"https:\\\/\\\/www.global-tag.com\\\/#website\"},\"datePublished\":\"2024-11-21T08:11:16+00:00\",\"dateModified\":\"2025-02-28T09:53:02+00:00\",\"description\":\"La notre business unit Hotellerie et d\u00e9couvrez nos cartes-cl\u00e9s, bracelets, porte-cl\u00e9s et accessoires RFID de qualit\u00e9 \u00e0 des prix avantageux.\",\"breadcrumb\":{\"@id\":\"https:\\\/\\\/www.global-tag.com\\\/rfid-for-hotellerie\\\/about-hotellery\\\/#breadcrumb\"},\"inLanguage\":\"fr-FR\",\"potentialAction\":[{\"@type\":\"ReadAction\",\"target\":[\"https:\\\/\\\/www.global-tag.com\\\/rfid-for-hotellerie\\\/about-hotellery\\\/\"]}]},{\"@type\":\"BreadcrumbList\",\"@id\":\"https:\\\/\\\/www.global-tag.com\\\/rfid-for-hotellerie\\\/about-hotellery\\\/#breadcrumb\",\"itemListElement\":[{\"@type\":\"ListItem\",\"position\":1,\"name\":\"Home\",\"item\":\"https:\\\/\\\/www.global-tag.com\\\/\"},{\"@type\":\"ListItem\",\"position\":2,\"name\":\"RFID pour Hotellerie\",\"item\":\"https:\\\/\\\/www.global-tag.com\\\/rfid-for-hotellerie\\\/\"},{\"@type\":\"ListItem\",\"position\":3,\"name\":\"\u00c1 Propos de Nous BU Hotellerie\"}]},{\"@type\":\"WebSite\",\"@id\":\"https:\\\/\\\/www.global-tag.com\\\/#website\",\"url\":\"https:\\\/\\\/www.global-tag.com\\\/\",\"name\":\"Global Tag\",\"description\":\"\",\"publisher\":{\"@id\":\"https:\\\/\\\/www.global-tag.com\\\/#organization\"},\"potentialAction\":[{\"@type\":\"SearchAction\",\"target\":{\"@type\":\"EntryPoint\",\"urlTemplate\":\"https:\\\/\\\/www.global-tag.com\\\/?s={search_term_string}\"},\"query-input\":{\"@type\":\"PropertyValueSpecification\",\"valueRequired\":true,\"valueName\":\"search_term_string\"}}],\"inLanguage\":\"fr-FR\"},{\"@type\":\"Organization\",\"@id\":\"https:\\\/\\\/www.global-tag.com\\\/#organization\",\"name\":\"Global Tag\",\"url\":\"https:\\\/\\\/www.global-tag.com\\\/\",\"logo\":{\"@type\":\"ImageObject\",\"inLanguage\":\"fr-FR\",\"@id\":\"https:\\\/\\\/www.global-tag.com\\\/#\\\/schema\\\/logo\\\/image\\\/\",\"url\":\"https:\\\/\\\/www.global-tag.com\\\/wp-content\\\/uploads\\\/2024\\\/11\\\/GLOBAL-TAG-logo.ai_.png\",\"contentUrl\":\"https:\\\/\\\/www.global-tag.com\\\/wp-content\\\/uploads\\\/2024\\\/11\\\/GLOBAL-TAG-logo.ai_.png\",\"width\":1771,\"height\":825,\"caption\":\"Global Tag\"},\"image\":{\"@id\":\"https:\\\/\\\/www.global-tag.com\\\/#\\\/schema\\\/logo\\\/image\\\/\"},\"sameAs\":[\"https:\\\/\\\/x.com\\\/Global_Tag_RFID\",\"https:\\\/\\\/www.linkedin.com\\\/company\\\/global-tag-srl---rfid-tag-for-global-request\"]}]}<\/script>\n<!-- \/ Yoast SEO Premium plugin. -->","yoast_head_json":{"title":"\u00c1 Propos de Nous BU Hotellerie - Global Tag","description":"La notre business unit Hotellerie et d\u00e9couvrez nos cartes-cl\u00e9s, bracelets, porte-cl\u00e9s et accessoires RFID de qualit\u00e9 \u00e0 des prix avantageux.","robots":{"index":"index","follow":"follow","max-snippet":"max-snippet:-1","max-image-preview":"max-image-preview:large","max-video-preview":"max-video-preview:-1"},"canonical":"https:\/\/www.global-tag.com\/rfid-for-hotellerie\/about-hotellery\/","og_locale":"fr_FR","og_type":"article","og_title":"\u00c1 Propos de Nous BU Hotellerie","og_description":"La notre business unit Hotellerie et d\u00e9couvrez nos cartes-cl\u00e9s, bracelets, porte-cl\u00e9s et accessoires RFID de qualit\u00e9 \u00e0 des prix avantageux.","og_site_name":"Global Tag","article_modified_time":"2025-02-28T09:53:02+00:00","twitter_card":"summary_large_image","twitter_site":"@Global_Tag_RFID","twitter_misc":{"Dur\u00e9e de lecture estim\u00e9e":"2 minutes"},"schema":{"@context":"https:\/\/schema.org","@graph":[{"@type":"WebPage","@id":"https:\/\/www.global-tag.com\/rfid-for-hotellerie\/about-hotellery\/","url":"https:\/\/www.global-tag.com\/rfid-for-hotellerie\/about-hotellery\/","name":"\u00c1 Propos de Nous BU Hotellerie - Global Tag","isPartOf":{"@id":"https:\/\/www.global-tag.com\/#website"},"datePublished":"2024-11-21T08:11:16+00:00","dateModified":"2025-02-28T09:53:02+00:00","description":"La notre business unit Hotellerie et d\u00e9couvrez nos cartes-cl\u00e9s, bracelets, porte-cl\u00e9s et accessoires RFID de qualit\u00e9 \u00e0 des prix avantageux.","breadcrumb":{"@id":"https:\/\/www.global-tag.com\/rfid-for-hotellerie\/about-hotellery\/#breadcrumb"},"inLanguage":"fr-FR","potentialAction":[{"@type":"ReadAction","target":["https:\/\/www.global-tag.com\/rfid-for-hotellerie\/about-hotellery\/"]}]},{"@type":"BreadcrumbList","@id":"https:\/\/www.global-tag.com\/rfid-for-hotellerie\/about-hotellery\/#breadcrumb","itemListElement":[{"@type":"ListItem","position":1,"name":"Home","item":"https:\/\/www.global-tag.com\/"},{"@type":"ListItem","position":2,"name":"RFID pour Hotellerie","item":"https:\/\/www.global-tag.com\/rfid-for-hotellerie\/"},{"@type":"ListItem","position":3,"name":"\u00c1 Propos de Nous BU Hotellerie"}]},{"@type":"WebSite","@id":"https:\/\/www.global-tag.com\/#website","url":"https:\/\/www.global-tag.com\/","name":"Global Tag","description":"","publisher":{"@id":"https:\/\/www.global-tag.com\/#organization"},"potentialAction":[{"@type":"SearchAction","target":{"@type":"EntryPoint","urlTemplate":"https:\/\/www.global-tag.com\/?s={search_term_string}"},"query-input":{"@type":"PropertyValueSpecification","valueRequired":true,"valueName":"search_term_string"}}],"inLanguage":"fr-FR"},{"@type":"Organization","@id":"https:\/\/www.global-tag.com\/#organization","name":"Global Tag","url":"https:\/\/www.global-tag.com\/","logo":{"@type":"ImageObject","inLanguage":"fr-FR","@id":"https:\/\/www.global-tag.com\/#\/schema\/logo\/image\/","url":"https:\/\/www.global-tag.com\/wp-content\/uploads\/2024\/11\/GLOBAL-TAG-logo.ai_.png","contentUrl":"https:\/\/www.global-tag.com\/wp-content\/uploads\/2024\/11\/GLOBAL-TAG-logo.ai_.png","width":1771,"height":825,"caption":"Global Tag"},"image":{"@id":"https:\/\/www.global-tag.com\/#\/schema\/logo\/image\/"},"sameAs":["https:\/\/x.com\/Global_Tag_RFID","https:\/\/www.linkedin.com\/company\/global-tag-srl---rfid-tag-for-global-request"]}]}},"_links":{"self":[{"href":"https:\/\/www.global-tag.com\/fr\/wp-json\/wp\/v2\/pages\/275174","targetHints":{"allow":["GET"]}}],"collection":[{"href":"https:\/\/www.global-tag.com\/fr\/wp-json\/wp\/v2\/pages"}],"about":[{"href":"https:\/\/www.global-tag.com\/fr\/wp-json\/wp\/v2\/types\/page"}],"author":[{"embeddable":true,"href":"https:\/\/www.global-tag.com\/fr\/wp-json\/wp\/v2\/users\/3"}],"replies":[{"embeddable":true,"href":"https:\/\/www.global-tag.com\/fr\/wp-json\/wp\/v2\/comments?post=275174"}],"version-history":[{"count":6,"href":"https:\/\/www.global-tag.com\/fr\/wp-json\/wp\/v2\/pages\/275174\/revisions"}],"predecessor-version":[{"id":277500,"href":"https:\/\/www.global-tag.com\/fr\/wp-json\/wp\/v2\/pages\/275174\/revisions\/277500"}],"up":[{"embeddable":true,"href":"https:\/\/www.global-tag.com\/fr\/wp-json\/wp\/v2\/pages\/275170"}],"wp:attachment":[{"href":"https:\/\/www.global-tag.com\/fr\/wp-json\/wp\/v2\/media?parent=275174"}],"curies":[{"name":"wp","href":"https:\/\/api.w.org\/{rel}","templated":true}]}}