{"id":268612,"date":"2024-03-20T16:08:50","date_gmt":"2024-03-20T15:08:50","guid":{"rendered":"https:\/\/global.global-tag.com\/a-propos-de-nous\/"},"modified":"2025-02-28T10:41:10","modified_gmt":"2025-02-28T09:41:10","slug":"a-propos-de-nous","status":"publish","type":"page","link":"https:\/\/www.global-tag.com\/fr\/a-propos-de-nous\/","title":{"rendered":"\u00c1 Propos de Nous"},"content":{"rendered":"<p>[et_pb_section fb_built=&#8221;1&#8243; _builder_version=&#8221;4.24.3&#8243; _module_preset=&#8221;default&#8221; background_color=&#8221;rgba(0,0,0,0.71)&#8221; custom_padding=&#8221;0%||0%||false|false&#8221; top_divider_style=&#8221;arrow&#8221; top_divider_color=&#8221;rgba(0,0,0,0.24)&#8221; top_divider_height=&#8221;122px&#8221; bottom_divider_color=&#8221;#E4254A&#8221; bottom_divider_height=&#8221;130px&#8221; global_colors_info=&#8221;{}&#8221;][et_pb_row _builder_version=&#8221;4.24.2&#8243; _module_preset=&#8221;9f1baad1-7a02-4a00-97e0-ffbb41c307aa&#8221; background_color=&#8221;RGBA(255,255,255,0)&#8221; custom_padding=&#8221;||3%||false|false&#8221; global_colors_info=&#8221;{}&#8221;][et_pb_column type=&#8221;4_4&#8243; _builder_version=&#8221;4.24.2&#8243; _module_preset=&#8221;default&#8221; global_colors_info=&#8221;{}&#8221;][et_pb_heading title=&#8221;\u00c1 Propos de Nous&#8221; _builder_version=&#8221;4.24.3&#8243; _module_preset=&#8221;default&#8221; title_font=&#8221;|800|||||||&#8221; title_text_align=&#8221;center&#8221; title_font_size=&#8221;35px&#8221; background_enable_color=&#8221;off&#8221; custom_margin=&#8221;||0%||false|false&#8221; custom_padding=&#8221;0%||1%||false|false&#8221; global_colors_info=&#8221;{}&#8221;][\/et_pb_heading][et_pb_heading title=&#8221;Global Tag est une soci\u00e9t\u00e9 qui a \u00e9t\u00e9 cr\u00e9e en 2011 avec le but de proposer sul le march\u00e9 international tags RFID LF, HF, NFC, UHF, et \u00e0 partir de 2015 aussi transpondeurs Smart Bluetooth 4.0 (BLE, Bluetooth Low Energy).&#8221; _builder_version=&#8221;4.24.3&#8243; _module_preset=&#8221;default&#8221; title_level=&#8221;h3&#8243; title_text_align=&#8221;center&#8221; background_enable_color=&#8221;off&#8221; width=&#8221;80%&#8221; module_alignment=&#8221;center&#8221; custom_margin=&#8221;2%||1%||false|false&#8221; custom_padding=&#8221;1%||0%||false|false&#8221; global_colors_info=&#8221;{}&#8221;][\/et_pb_heading][\/et_pb_column][\/et_pb_row][\/et_pb_section][et_pb_section fb_built=&#8221;1&#8243; admin_label=&#8221;Standard Label&#8221; _builder_version=&#8221;4.24.3&#8243; _module_preset=&#8221;default&#8221; background_enable_color=&#8221;off&#8221; width=&#8221;99.7%&#8221; custom_margin=&#8221;0%||0%||false|false&#8221; custom_padding=&#8221;2%||4%||false|false&#8221; top_divider_style=&#8221;slant&#8221; top_divider_color=&#8221;rgba(0,0,0,0.71)&#8221; top_divider_height=&#8221;51px&#8221; locked=&#8221;off&#8221; global_colors_info=&#8221;{}&#8221;][et_pb_row use_custom_gutter=&#8221;on&#8221; gutter_width=&#8221;2&#8243; _builder_version=&#8221;4.24.3&#8243; _module_preset=&#8221;_initial&#8221; width=&#8221;90%&#8221; custom_margin=&#8221;2%||||false|false&#8221; global_colors_info=&#8221;{}&#8221;][et_pb_column type=&#8221;4_4&#8243; _builder_version=&#8221;4.24.3&#8243; _module_preset=&#8221;default&#8221; global_colors_info=&#8221;{}&#8221;][et_pb_video src=&#8221;https:\/\/www.youtube.com\/watch?v=kM3YiYYmRBI&#8221; _builder_version=&#8221;4.24.3&#8243; _module_preset=&#8221;default&#8221; global_colors_info=&#8221;{}&#8221;][\/et_pb_video][\/et_pb_column][\/et_pb_row][et_pb_row column_structure=&#8221;3_5,2_5&#8243; use_custom_gutter=&#8221;on&#8221; gutter_width=&#8221;2&#8243; _builder_version=&#8221;4.24.3&#8243; _module_preset=&#8221;_initial&#8221; width=&#8221;90%&#8221; custom_margin=&#8221;0%||||false|false&#8221; global_colors_info=&#8221;{}&#8221;][et_pb_column type=&#8221;3_5&#8243; _builder_version=&#8221;4.24.3&#8243; _module_preset=&#8221;default&#8221; global_colors_info=&#8221;{}&#8221;][et_pb_text _builder_version=&#8221;4.24.3&#8243; _module_preset=&#8221;default&#8221; quote_font=&#8221;||||||||&#8221; quote_text_align=&#8221;justify&#8221; text_orientation=&#8221;justified&#8221; custom_padding=&#8221;||||true|true&#8221; global_colors_info=&#8221;{}&#8221;]<\/p>\n<p>Le nom choisi est Global Tag parce que d\u00e8s le d\u00e9part, on a voulu souligner la totalit\u00e9 de notre proposition en ce qui concerne les tags RFID LF, HF et UHF, NFC et \u00e0 partir de 2015 aussi Beacon Smart Bluetooth 4.0 (BLE, Bluetooth Low Energy), mais surtout pour mettre l\u2019accent sur la couverture de notre business, qui vise \u00e0 atteindre un expansion internationale.<\/p>\n<div class=\"col-text-1 text-normal element-top-20 element-bottom-20 os-animation animated fadeIn\" data-os-animation=\"fadeIn\" data-os-animation-delay=\"0.1s\">\n<p><span><br \/>Aujourd\u2019hui nous avons des clients d\u2019un peu partout: dde l\u2019Espagne aux Emirats Arabes Unis, des \u00c9tats-Unis au Kowe\u00eft.<\/span><\/p>\n<p>Nous faisons partie du group RFIDGlobal, societ\u00e9 active sur le march\u00e9 italien et dans le monde RFID pour plus de 25 ans comme distributeur \u00e0 valeur ajout\u00e9e de technologie RFID hardware (controllers, antennes, tags).<\/p>\n<p>Notre but est offrir<span> <\/span><a href=\"https:\/\/global-tag.com\/fr\/services\/\">services<\/a> \u00e0 valeur ajout\u00e9e en ce qui concerne le choix correcte de la fr\u00e9quence et du tag RFID\/NFC. Nous sommes en mesure de concevoir, personnaliser et cr\u00e9er tag RFID, NFC et Beacon BLE en fonction des besoins sp\u00e9cifiques de nos clients. Nous pouvons cr\u00e9er des \u00e9tiquettes RFID\/NFC et des tag avec des diff\u00e9rents mat\u00e9riaux, fr\u00e9quences et la pluspart des puces RFID et NFC .<\/p>\n<p>La diff\u00e9rence par rapport \u00e0 nos concurrents, qui nous permet \u00eatre comp\u00e9titif sont les services, les produits exclusifs et la qualit\u00e9 des fournitures gr\u00e2ce \u00e0 \u201cSERVICE and QUALITY IN ITALY\u201d. En fait la plupart de la production a lieu dans les pays asiatiques avec des partenaires s\u00e9lectionn\u00e9s. Le contr\u00f4le pr\u00e9cis pendant la phase de production et par la suite dans notre entrep\u00f4t (en Italie) permet de assurer la meilleure qualit\u00e9.<\/p>\n<\/div>\n<ul class=\"skills-list normal element-top-20 element-bottom-20 text-normal os-animation animated fadeIn\" data-os-animation=\"fadeIn\" data-os-animation-delay=\"0.3s\">\n<li>Toutes les fr\u00e9quences disponibles<\/li>\n<li>D\u00e9veloppement des tag personnalis\u00e9s<\/li>\n<li>Utilisation des meilleurs mat\u00e9riaux<\/li>\n<li>Nombreuses personnalisations possibles<\/li>\n<li>Flexibilit\u00e9<\/li>\n<li>Conseils sur le choix du bon transpondeur<\/li>\n<\/ul>\n<p>[\/et_pb_text][\/et_pb_column][et_pb_column type=&#8221;2_5&#8243; _builder_version=&#8221;4.24.3&#8243; _module_preset=&#8221;default&#8221; global_colors_info=&#8221;{}&#8221;][et_pb_image src=&#8221;https:\/\/www.global-tag.com\/wp-content\/uploads\/2024\/10\/3.png&#8221; title_text=&#8221;3&#8243; _builder_version=&#8221;4.27.2&#8243; _module_preset=&#8221;default&#8221; global_colors_info=&#8221;{}&#8221;][\/et_pb_image][\/et_pb_column][\/et_pb_row][\/et_pb_section]<\/p>\n","protected":false},"excerpt":{"rendered":"<p>Le nom choisi est Global Tag parce que d\u00e8s le d\u00e9part, on a voulu souligner la totalit\u00e9 de notre proposition en ce qui concerne les tags RFID LF, HF et UHF, NFC et \u00e0 partir de 2015 aussi Beacon Smart Bluetooth 4.0 (BLE, Bluetooth Low Energy), mais surtout pour mettre l\u2019accent sur la couverture de [&hellip;]<\/p>\n","protected":false},"author":3,"featured_media":0,"parent":0,"menu_order":0,"comment_status":"closed","ping_status":"closed","template":"","meta":{"_acf_changed":false,"_et_pb_use_builder":"on","_et_pb_old_content":"","_et_gb_content_width":"","footnotes":""},"class_list":["post-268612","page","type-page","status-publish","hentry"],"acf":[],"yoast_head":"<!-- This site is optimized with the Yoast SEO Premium plugin v26.2 (Yoast SEO v27.4) - https:\/\/yoast.com\/product\/yoast-seo-premium-wordpress\/ -->\n<title>\u00c1 Propos de Nous - Global Tag<\/title>\n<meta name=\"description\" content=\"D\u00e9couvrez \u00c1 Propos de Nous : comment Global Tag fournit des solutions RFID et Smart Bluetooth innovantes depuis 2011.\" \/>\n<meta name=\"robots\" content=\"index, follow, max-snippet:-1, max-image-preview:large, max-video-preview:-1\" \/>\n<link rel=\"canonical\" href=\"https:\/\/www.global-tag.com\/fr\/a-propos-de-nous\/\" \/>\n<meta property=\"og:locale\" content=\"fr_FR\" \/>\n<meta property=\"og:type\" content=\"article\" \/>\n<meta property=\"og:title\" content=\"\u00c1 Propos de Nous\" \/>\n<meta property=\"og:description\" content=\"D\u00e9couvrez \u00c1 Propos de Nous : comment Global Tag fournit des solutions RFID et Smart Bluetooth innovantes depuis 2011.\" \/>\n<meta property=\"og:site_name\" content=\"Global Tag\" \/>\n<meta property=\"article:modified_time\" content=\"2025-02-28T09:41:10+00:00\" \/>\n<meta name=\"twitter:card\" content=\"summary_large_image\" \/>\n<meta name=\"twitter:site\" content=\"@Global_Tag_RFID\" \/>\n<meta name=\"twitter:label1\" content=\"Dur\u00e9e de lecture estim\u00e9e\" \/>\n\t<meta name=\"twitter:data1\" content=\"2 minutes\" \/>\n<script type=\"application\/ld+json\" class=\"yoast-schema-graph\">{\"@context\":\"https:\\\/\\\/schema.org\",\"@graph\":[{\"@type\":\"WebPage\",\"@id\":\"https:\\\/\\\/www.global-tag.com\\\/fr\\\/a-propos-de-nous\\\/\",\"url\":\"https:\\\/\\\/www.global-tag.com\\\/fr\\\/a-propos-de-nous\\\/\",\"name\":\"\u00c1 Propos de Nous - Global Tag\",\"isPartOf\":{\"@id\":\"https:\\\/\\\/www.global-tag.com\\\/#website\"},\"datePublished\":\"2024-03-20T15:08:50+00:00\",\"dateModified\":\"2025-02-28T09:41:10+00:00\",\"description\":\"D\u00e9couvrez \u00c1 Propos de Nous : comment Global Tag fournit des solutions RFID et Smart Bluetooth innovantes depuis 2011.\",\"breadcrumb\":{\"@id\":\"https:\\\/\\\/www.global-tag.com\\\/fr\\\/a-propos-de-nous\\\/#breadcrumb\"},\"inLanguage\":\"fr-FR\",\"potentialAction\":[{\"@type\":\"ReadAction\",\"target\":[\"https:\\\/\\\/www.global-tag.com\\\/fr\\\/a-propos-de-nous\\\/\"]}]},{\"@type\":\"BreadcrumbList\",\"@id\":\"https:\\\/\\\/www.global-tag.com\\\/fr\\\/a-propos-de-nous\\\/#breadcrumb\",\"itemListElement\":[{\"@type\":\"ListItem\",\"position\":1,\"name\":\"Home\",\"item\":\"https:\\\/\\\/www.global-tag.com\\\/\"},{\"@type\":\"ListItem\",\"position\":2,\"name\":\"\u00c1 Propos de Nous\"}]},{\"@type\":\"WebSite\",\"@id\":\"https:\\\/\\\/www.global-tag.com\\\/#website\",\"url\":\"https:\\\/\\\/www.global-tag.com\\\/\",\"name\":\"Global Tag\",\"description\":\"\",\"publisher\":{\"@id\":\"https:\\\/\\\/www.global-tag.com\\\/#organization\"},\"potentialAction\":[{\"@type\":\"SearchAction\",\"target\":{\"@type\":\"EntryPoint\",\"urlTemplate\":\"https:\\\/\\\/www.global-tag.com\\\/?s={search_term_string}\"},\"query-input\":{\"@type\":\"PropertyValueSpecification\",\"valueRequired\":true,\"valueName\":\"search_term_string\"}}],\"inLanguage\":\"fr-FR\"},{\"@type\":\"Organization\",\"@id\":\"https:\\\/\\\/www.global-tag.com\\\/#organization\",\"name\":\"Global Tag\",\"url\":\"https:\\\/\\\/www.global-tag.com\\\/\",\"logo\":{\"@type\":\"ImageObject\",\"inLanguage\":\"fr-FR\",\"@id\":\"https:\\\/\\\/www.global-tag.com\\\/#\\\/schema\\\/logo\\\/image\\\/\",\"url\":\"https:\\\/\\\/www.global-tag.com\\\/wp-content\\\/uploads\\\/2024\\\/11\\\/GLOBAL-TAG-logo.ai_.png\",\"contentUrl\":\"https:\\\/\\\/www.global-tag.com\\\/wp-content\\\/uploads\\\/2024\\\/11\\\/GLOBAL-TAG-logo.ai_.png\",\"width\":1771,\"height\":825,\"caption\":\"Global Tag\"},\"image\":{\"@id\":\"https:\\\/\\\/www.global-tag.com\\\/#\\\/schema\\\/logo\\\/image\\\/\"},\"sameAs\":[\"https:\\\/\\\/x.com\\\/Global_Tag_RFID\",\"https:\\\/\\\/www.linkedin.com\\\/company\\\/global-tag-srl---rfid-tag-for-global-request\"]}]}<\/script>\n<!-- \/ Yoast SEO Premium plugin. -->","yoast_head_json":{"title":"\u00c1 Propos de Nous - Global Tag","description":"D\u00e9couvrez \u00c1 Propos de Nous : comment Global Tag fournit des solutions RFID et Smart Bluetooth innovantes depuis 2011.","robots":{"index":"index","follow":"follow","max-snippet":"max-snippet:-1","max-image-preview":"max-image-preview:large","max-video-preview":"max-video-preview:-1"},"canonical":"https:\/\/www.global-tag.com\/fr\/a-propos-de-nous\/","og_locale":"fr_FR","og_type":"article","og_title":"\u00c1 Propos de Nous","og_description":"D\u00e9couvrez \u00c1 Propos de Nous : comment Global Tag fournit des solutions RFID et Smart Bluetooth innovantes depuis 2011.","og_site_name":"Global Tag","article_modified_time":"2025-02-28T09:41:10+00:00","twitter_card":"summary_large_image","twitter_site":"@Global_Tag_RFID","twitter_misc":{"Dur\u00e9e de lecture estim\u00e9e":"2 minutes"},"schema":{"@context":"https:\/\/schema.org","@graph":[{"@type":"WebPage","@id":"https:\/\/www.global-tag.com\/fr\/a-propos-de-nous\/","url":"https:\/\/www.global-tag.com\/fr\/a-propos-de-nous\/","name":"\u00c1 Propos de Nous - Global Tag","isPartOf":{"@id":"https:\/\/www.global-tag.com\/#website"},"datePublished":"2024-03-20T15:08:50+00:00","dateModified":"2025-02-28T09:41:10+00:00","description":"D\u00e9couvrez \u00c1 Propos de Nous : comment Global Tag fournit des solutions RFID et Smart Bluetooth innovantes depuis 2011.","breadcrumb":{"@id":"https:\/\/www.global-tag.com\/fr\/a-propos-de-nous\/#breadcrumb"},"inLanguage":"fr-FR","potentialAction":[{"@type":"ReadAction","target":["https:\/\/www.global-tag.com\/fr\/a-propos-de-nous\/"]}]},{"@type":"BreadcrumbList","@id":"https:\/\/www.global-tag.com\/fr\/a-propos-de-nous\/#breadcrumb","itemListElement":[{"@type":"ListItem","position":1,"name":"Home","item":"https:\/\/www.global-tag.com\/"},{"@type":"ListItem","position":2,"name":"\u00c1 Propos de Nous"}]},{"@type":"WebSite","@id":"https:\/\/www.global-tag.com\/#website","url":"https:\/\/www.global-tag.com\/","name":"Global Tag","description":"","publisher":{"@id":"https:\/\/www.global-tag.com\/#organization"},"potentialAction":[{"@type":"SearchAction","target":{"@type":"EntryPoint","urlTemplate":"https:\/\/www.global-tag.com\/?s={search_term_string}"},"query-input":{"@type":"PropertyValueSpecification","valueRequired":true,"valueName":"search_term_string"}}],"inLanguage":"fr-FR"},{"@type":"Organization","@id":"https:\/\/www.global-tag.com\/#organization","name":"Global Tag","url":"https:\/\/www.global-tag.com\/","logo":{"@type":"ImageObject","inLanguage":"fr-FR","@id":"https:\/\/www.global-tag.com\/#\/schema\/logo\/image\/","url":"https:\/\/www.global-tag.com\/wp-content\/uploads\/2024\/11\/GLOBAL-TAG-logo.ai_.png","contentUrl":"https:\/\/www.global-tag.com\/wp-content\/uploads\/2024\/11\/GLOBAL-TAG-logo.ai_.png","width":1771,"height":825,"caption":"Global Tag"},"image":{"@id":"https:\/\/www.global-tag.com\/#\/schema\/logo\/image\/"},"sameAs":["https:\/\/x.com\/Global_Tag_RFID","https:\/\/www.linkedin.com\/company\/global-tag-srl---rfid-tag-for-global-request"]}]}},"_links":{"self":[{"href":"https:\/\/www.global-tag.com\/fr\/wp-json\/wp\/v2\/pages\/268612","targetHints":{"allow":["GET"]}}],"collection":[{"href":"https:\/\/www.global-tag.com\/fr\/wp-json\/wp\/v2\/pages"}],"about":[{"href":"https:\/\/www.global-tag.com\/fr\/wp-json\/wp\/v2\/types\/page"}],"author":[{"embeddable":true,"href":"https:\/\/www.global-tag.com\/fr\/wp-json\/wp\/v2\/users\/3"}],"replies":[{"embeddable":true,"href":"https:\/\/www.global-tag.com\/fr\/wp-json\/wp\/v2\/comments?post=268612"}],"version-history":[{"count":10,"href":"https:\/\/www.global-tag.com\/fr\/wp-json\/wp\/v2\/pages\/268612\/revisions"}],"predecessor-version":[{"id":277495,"href":"https:\/\/www.global-tag.com\/fr\/wp-json\/wp\/v2\/pages\/268612\/revisions\/277495"}],"wp:attachment":[{"href":"https:\/\/www.global-tag.com\/fr\/wp-json\/wp\/v2\/media?parent=268612"}],"curies":[{"name":"wp","href":"https:\/\/api.w.org\/{rel}","templated":true}]}}