{"id":268401,"date":"2024-03-20T16:06:57","date_gmt":"2024-03-20T15:06:57","guid":{"rendered":"https:\/\/global.global-tag.com\/services\/"},"modified":"2025-02-28T10:58:46","modified_gmt":"2025-02-28T09:58:46","slug":"services","status":"publish","type":"page","link":"https:\/\/www.global-tag.com\/fr\/services\/","title":{"rendered":"Services"},"content":{"rendered":"<p>[et_pb_section fb_built=&#8221;1&#8243; _builder_version=&#8221;4.24.3&#8243; _module_preset=&#8221;default&#8221; background_color=&#8221;rgba(0,0,0,0.71)&#8221; custom_padding=&#8221;0%||0%||false|false&#8221; top_divider_style=&#8221;arrow&#8221; top_divider_color=&#8221;rgba(0,0,0,0.24)&#8221; top_divider_height=&#8221;122px&#8221; bottom_divider_color=&#8221;#E4254A&#8221; bottom_divider_height=&#8221;130px&#8221; global_colors_info=&#8221;{}&#8221;][et_pb_row _builder_version=&#8221;4.24.2&#8243; _module_preset=&#8221;9f1baad1-7a02-4a00-97e0-ffbb41c307aa&#8221; background_color=&#8221;RGBA(255,255,255,0)&#8221; custom_padding=&#8221;||3%||false|false&#8221; global_colors_info=&#8221;{}&#8221;][et_pb_column type=&#8221;4_4&#8243; _builder_version=&#8221;4.24.2&#8243; _module_preset=&#8221;default&#8221; global_colors_info=&#8221;{}&#8221;][et_pb_heading title=&#8221;Services con\u00e7us pour les RFID tags et les BLE beacons&#8221; _builder_version=&#8221;4.24.2&#8243; _module_preset=&#8221;default&#8221; title_font=&#8221;|800|||||||&#8221; title_text_align=&#8221;center&#8221; title_font_size=&#8221;35px&#8221; background_enable_color=&#8221;off&#8221; custom_margin=&#8221;||0%||false|false&#8221; custom_padding=&#8221;0%||1%||false|false&#8221; global_colors_info=&#8221;{}&#8221;][\/et_pb_heading][et_pb_heading title=&#8221;Nous pouvons vous aider \u00e0 choisir le meilleur transpondeur RFID, NFC ou BLE et \u00e0 trouver la meilleure solution pour l&#8217;application ou le projet requis.&#8221; _builder_version=&#8221;4.24.3&#8243; _module_preset=&#8221;default&#8221; title_level=&#8221;h3&#8243; title_text_align=&#8221;center&#8221; background_enable_color=&#8221;off&#8221; width=&#8221;80%&#8221; module_alignment=&#8221;center&#8221; custom_margin=&#8221;2%||1%||false|false&#8221; custom_padding=&#8221;1%||0%||false|false&#8221; global_colors_info=&#8221;{}&#8221;][\/et_pb_heading][\/et_pb_column][\/et_pb_row][\/et_pb_section][et_pb_section fb_built=&#8221;1&#8243; admin_label=&#8221;Standard Label&#8221; module_id=&#8221;Standard_label&#8221; _builder_version=&#8221;4.24.3&#8243; _module_preset=&#8221;default&#8221; background_enable_color=&#8221;off&#8221; use_background_color_gradient=&#8221;on&#8221; background_color_gradient_direction=&#8221;1deg&#8221; background_color_gradient_stops=&#8221;rgba(229,229,229,0.89) 0%|#ffffff 100%&#8221; custom_margin=&#8221;0%||0%||false|false&#8221; custom_padding=&#8221;2%||4%||false|false&#8221; top_divider_style=&#8221;slant&#8221; top_divider_color=&#8221;rgba(0,0,0,0.71)&#8221; top_divider_height=&#8221;51px&#8221; locked=&#8221;off&#8221; global_colors_info=&#8221;{}&#8221;][et_pb_row column_structure=&#8221;1_2,1_2&#8243; _builder_version=&#8221;4.24.3&#8243; _module_preset=&#8221;default&#8221; max_width=&#8221;100%&#8221; custom_margin=&#8221;0%||0%||false|false&#8221; custom_padding=&#8221;5%||||false|false&#8221; global_colors_info=&#8221;{}&#8221;][et_pb_column type=&#8221;1_2&#8243; _builder_version=&#8221;4.24.2&#8243; _module_preset=&#8221;default&#8221; global_colors_info=&#8221;{}&#8221;][et_pb_image src=&#8221;https:\/\/global-tag.com\/wp-content\/uploads\/2024\/03\/personalizzazione_servizi-jpg.webp&#8221; title_text=&#8221;personalizzazione_servizi&#8221; align=&#8221;center&#8221; _builder_version=&#8221;4.24.3&#8243; _module_preset=&#8221;default&#8221; box_shadow_style=&#8221;preset2&#8243; global_colors_info=&#8221;{}&#8221;][\/et_pb_image][\/et_pb_column][et_pb_column type=&#8221;1_2&#8243; _builder_version=&#8221;4.24.2&#8243; _module_preset=&#8221;default&#8221; global_colors_info=&#8221;{}&#8221;][et_pb_heading title=&#8221;TAG RFID SUR MESURE&#8221; _builder_version=&#8221;4.24.3&#8243; _module_preset=&#8221;default&#8221; title_level=&#8221;h2&#8243; title_text_color=&#8221;RGBA(0,0,0,0.71)&#8221; global_colors_info=&#8221;{}&#8221;][\/et_pb_heading][et_pb_text _builder_version=&#8221;4.24.3&#8243; _module_preset=&#8221;default&#8221; text_text_color=&#8221;RGBA(0,0,0,0.71)&#8221; text_font_size=&#8221;17px&#8221; module_alignment=&#8221;center&#8221; min_height=&#8221;102.8px&#8221; custom_margin=&#8221;||||false|false&#8221; custom_padding=&#8221;||||false|false&#8221; text_text_shadow_style=&#8221;preset4&#8243; text_text_shadow_color=&#8221;#A8ABAB&#8221; global_colors_info=&#8221;{}&#8221;]<\/p>\n<p style=\"text-align: justify;\">Notre objectif est de vous aider \u00e0 choisir le meilleur transpondeur. Nous proposons toutes les fr\u00e9quences RFID possibles : LF, HF et UHF, des transpondeurs NFC ainsi que la technologie la plus innovante, le BLE. Gr\u00e2ce \u00e0 cela, nous pouvons vous aider \u00e0 choisir la meilleure solution pour l&#8217;appareil ou le projet requis. <\/p>\n<p>De plus, nous sommes sp\u00e9cialis\u00e9s dans la conception, la personnalisation et la r\u00e9alisation de transponder tags pour r\u00e9pondre \u00e0 des besoins particuliers non disponibles sur le march\u00e9 actuel.<\/p>\n<p style=\"text-align: justify;\">[\/et_pb_text][\/et_pb_column][\/et_pb_row][et_pb_row column_structure=&#8221;1_2,1_2&#8243; _builder_version=&#8221;4.24.3&#8243; _module_preset=&#8221;default&#8221; max_width=&#8221;100%&#8221; custom_margin=&#8221;0%||0%||false|false&#8221; custom_padding=&#8221;5%||||false|false&#8221; global_colors_info=&#8221;{}&#8221;][et_pb_column type=&#8221;1_2&#8243; _builder_version=&#8221;4.24.2&#8243; _module_preset=&#8221;default&#8221; global_colors_info=&#8221;{}&#8221;][et_pb_heading title=&#8221;impression et gravure au laser&#8221; _builder_version=&#8221;4.24.3&#8243; _module_preset=&#8221;default&#8221; title_level=&#8221;h2&#8243; title_text_color=&#8221;RGBA(0,0,0,0.71)&#8221; global_colors_info=&#8221;{}&#8221;][\/et_pb_heading][et_pb_text _builder_version=&#8221;4.24.3&#8243; _module_preset=&#8221;default&#8221; text_text_color=&#8221;RGBA(0,0,0,0.71)&#8221; text_font_size=&#8221;17px&#8221; module_alignment=&#8221;center&#8221; min_height=&#8221;102.8px&#8221; custom_margin=&#8221;||||false|false&#8221; custom_padding=&#8221;||||false|false&#8221; text_text_shadow_style=&#8221;preset4&#8243; text_text_shadow_color=&#8221;#A8ABAB&#8221; global_colors_info=&#8221;{}&#8221;]<\/p>\n<div class=\"col-text-1 text-normal element-top-20 element-bottom-20\" data-os-animation=\"none\" data-os-animation-delay=\"0s\">\n<p>Nous souhaitons vous pr\u00e9senter les principales options avec lesquelles nous travaillons habituellement:<\/p>\n<\/div>\n<ul class=\"skills-list normal element-top-20 element-bottom-20 text-normal\" data-os-animation=\"none\" data-os-animation-delay=\"0s\">\n<li>Impression en monochrome ou en quadri, ou avec le code Pantone du design graphique fourni par le client (sur cartes \/ bracelets \/ porte-cl\u00e9s \/ disquettes \/ \u00e9tiquettes en papier \/ \u00e9tiquettes en polypropyl\u00e8ne ou en poly\u00e9thyl\u00e8ne, et autres).<\/li>\n<li>Impression ou gravure au laser de code s\u00e9riel progressif<\/li>\n<li>Impression ou gravure au laser de codes g\u00e9n\u00e9r\u00e9s \u00e0 partir de fichiers .xls fournis par le client<\/li>\n<li>Impression ou gravure au laser du code UID du RFID tag HF<\/li>\n<li>Impression ou gravure au laser du code EPC du RFID tag UHF<\/li>\n<li>Impression de codes-barres ou QR Code<\/li>\n<\/ul>\n<p style=\"text-align: justify;\">\n<p>[\/et_pb_text][\/et_pb_column][et_pb_column type=&#8221;1_2&#8243; _builder_version=&#8221;4.24.3&#8243; _module_preset=&#8221;default&#8221; global_colors_info=&#8221;{}&#8221;][et_pb_image src=&#8221;https:\/\/global-tag.com\/wp-content\/uploads\/2024\/04\/printing-scaled.webp&#8221; title_text=&#8221;Impression&#8221; align=&#8221;center&#8221; _builder_version=&#8221;4.24.3&#8243; _module_preset=&#8221;default&#8221; box_shadow_style=&#8221;preset2&#8243; global_colors_info=&#8221;{}&#8221;][\/et_pb_image][\/et_pb_column][\/et_pb_row][et_pb_row column_structure=&#8221;1_2,1_2&#8243; _builder_version=&#8221;4.24.3&#8243; _module_preset=&#8221;default&#8221; max_width=&#8221;100%&#8221; custom_margin=&#8221;0%||0%||false|false&#8221; custom_padding=&#8221;5%||||false|false&#8221; global_colors_info=&#8221;{}&#8221;][et_pb_column type=&#8221;1_2&#8243; _builder_version=&#8221;4.24.2&#8243; _module_preset=&#8221;default&#8221; global_colors_info=&#8221;{}&#8221;][et_pb_image src=&#8221;https:\/\/global-tag.com\/wp-content\/uploads\/2024\/04\/Servizi_battezzo-scaled.webp&#8221; title_text=&#8221;Servizi_battezzo&#8221; align=&#8221;center&#8221; _builder_version=&#8221;4.24.3&#8243; _module_preset=&#8221;default&#8221; box_shadow_style=&#8221;preset2&#8243; global_colors_info=&#8221;{}&#8221;][\/et_pb_image][\/et_pb_column][et_pb_column type=&#8221;1_2&#8243; _builder_version=&#8221;4.24.2&#8243; _module_preset=&#8221;default&#8221; global_colors_info=&#8221;{}&#8221;][et_pb_heading title=&#8221;Service de codification&#8221; _builder_version=&#8221;4.24.3&#8243; _module_preset=&#8221;default&#8221; title_level=&#8221;h2&#8243; title_text_color=&#8221;RGBA(0,0,0,0.71)&#8221; global_colors_info=&#8221;{}&#8221;][\/et_pb_heading][et_pb_text _builder_version=&#8221;4.24.3&#8243; _module_preset=&#8221;default&#8221; text_text_color=&#8221;RGBA(0,0,0,0.71)&#8221; text_font_size=&#8221;17px&#8221; module_alignment=&#8221;center&#8221; min_height=&#8221;102.8px&#8221; custom_margin=&#8221;||||false|false&#8221; custom_padding=&#8221;||||false|false&#8221; text_text_shadow_style=&#8221;preset4&#8243; text_text_shadow_color=&#8221;#A8ABAB&#8221; global_colors_info=&#8221;{}&#8221;]<\/p>\n<p>Avec ou sans option d&#8217;impression, nous vous aidons \u00e9galement sur :<\/p>\n<ul class=\"skills-list normal element-top-20 element-bottom-20 text-normal\" data-os-animation=\"none\" data-os-animation-delay=\"0s\">\n<li>Codage de la m\u00e9moire du RFID tag HF<\/li>\n<li>Codage de la m\u00e9moire du RFID tag UHF<\/li>\n<li>Codage de la m\u00e9moire NFC selon le format NDEF sp\u00e9cifique<\/li>\n<li>Codage de la bande magn\u00e9tique HiCo<\/li>\n<li>Association \u00e0 la base de donn\u00e9es requise par les clients (par exemple, code s\u00e9riel progressif et code UID du RFID tag HF ou code EPC UHF).<\/li>\n<li>Pour les BLE Bluetooth Low Energy Beacons, nous codons \u00e9galement tous les param\u00e8tres disponibles en suivant le fichier .xls (par exemple, major, minor, adv interval, g-sensor parameters, Tx power, Eddystone TLM, URL etc.)<\/li>\n<\/ul>\n<p style=\"text-align: justify;\">\n<p>[\/et_pb_text][\/et_pb_column][\/et_pb_row][et_pb_row _builder_version=&#8221;4.24.3&#8243; _module_preset=&#8221;default&#8221; global_colors_info=&#8221;{}&#8221;][et_pb_column type=&#8221;4_4&#8243; _builder_version=&#8221;4.24.3&#8243; _module_preset=&#8221;default&#8221; global_colors_info=&#8221;{}&#8221;][\/et_pb_column][\/et_pb_row][\/et_pb_section]<\/p>\n","protected":false},"excerpt":{"rendered":"<p>Notre objectif est de vous aider \u00e0 choisir le meilleur transpondeur. Nous proposons toutes les fr\u00e9quences RFID possibles : LF, HF et UHF, des transpondeurs NFC ainsi que la technologie la plus innovante, le BLE. Gr\u00e2ce \u00e0 cela, nous pouvons vous aider \u00e0 choisir la meilleure solution pour l&#8217;appareil ou le projet requis. De plus, [&hellip;]<\/p>\n","protected":false},"author":3,"featured_media":0,"parent":0,"menu_order":0,"comment_status":"closed","ping_status":"closed","template":"","meta":{"_acf_changed":false,"_et_pb_use_builder":"on","_et_pb_old_content":"","_et_gb_content_width":"","footnotes":""},"class_list":["post-268401","page","type-page","status-publish","hentry"],"acf":[],"yoast_head":"<!-- This site is optimized with the Yoast SEO Premium plugin v26.2 (Yoast SEO v27.4) - https:\/\/yoast.com\/product\/yoast-seo-premium-wordpress\/ -->\n<title>Services - Global Tag<\/title>\n<meta name=\"description\" content=\"D\u00e9couvrez nos services con\u00e7us pour les \u00e9tiquettes RFID et les balises BLE. Trouvez d\u00e8s aujourd&#039;hui la solution id\u00e9ale pour votre projet.\" \/>\n<meta name=\"robots\" content=\"index, follow, max-snippet:-1, max-image-preview:large, max-video-preview:-1\" \/>\n<link rel=\"canonical\" href=\"https:\/\/www.global-tag.com\/fr\/services\/\" \/>\n<meta property=\"og:locale\" content=\"fr_FR\" \/>\n<meta property=\"og:type\" content=\"article\" \/>\n<meta property=\"og:title\" content=\"Services\" \/>\n<meta property=\"og:description\" content=\"D\u00e9couvrez nos services con\u00e7us pour les \u00e9tiquettes RFID et les balises BLE. Trouvez d\u00e8s aujourd&#039;hui la solution id\u00e9ale pour votre projet.\" \/>\n<meta property=\"og:site_name\" content=\"Global Tag\" \/>\n<meta property=\"article:modified_time\" content=\"2025-02-28T09:58:46+00:00\" \/>\n<meta name=\"twitter:card\" content=\"summary_large_image\" \/>\n<meta name=\"twitter:site\" content=\"@Global_Tag_RFID\" \/>\n<meta name=\"twitter:label1\" content=\"Dur\u00e9e de lecture estim\u00e9e\" \/>\n\t<meta name=\"twitter:data1\" content=\"3 minutes\" \/>\n<script type=\"application\/ld+json\" class=\"yoast-schema-graph\">{\"@context\":\"https:\\\/\\\/schema.org\",\"@graph\":[{\"@type\":\"WebPage\",\"@id\":\"https:\\\/\\\/www.global-tag.com\\\/fr\\\/services\\\/\",\"url\":\"https:\\\/\\\/www.global-tag.com\\\/fr\\\/services\\\/\",\"name\":\"Services - Global Tag\",\"isPartOf\":{\"@id\":\"https:\\\/\\\/www.global-tag.com\\\/#website\"},\"datePublished\":\"2024-03-20T15:06:57+00:00\",\"dateModified\":\"2025-02-28T09:58:46+00:00\",\"description\":\"D\u00e9couvrez nos services con\u00e7us pour les \u00e9tiquettes RFID et les balises BLE. Trouvez d\u00e8s aujourd'hui la solution id\u00e9ale pour votre projet.\",\"breadcrumb\":{\"@id\":\"https:\\\/\\\/www.global-tag.com\\\/fr\\\/services\\\/#breadcrumb\"},\"inLanguage\":\"fr-FR\",\"potentialAction\":[{\"@type\":\"ReadAction\",\"target\":[\"https:\\\/\\\/www.global-tag.com\\\/fr\\\/services\\\/\"]}]},{\"@type\":\"BreadcrumbList\",\"@id\":\"https:\\\/\\\/www.global-tag.com\\\/fr\\\/services\\\/#breadcrumb\",\"itemListElement\":[{\"@type\":\"ListItem\",\"position\":1,\"name\":\"Home\",\"item\":\"https:\\\/\\\/www.global-tag.com\\\/\"},{\"@type\":\"ListItem\",\"position\":2,\"name\":\"Services\"}]},{\"@type\":\"WebSite\",\"@id\":\"https:\\\/\\\/www.global-tag.com\\\/#website\",\"url\":\"https:\\\/\\\/www.global-tag.com\\\/\",\"name\":\"Global Tag\",\"description\":\"\",\"publisher\":{\"@id\":\"https:\\\/\\\/www.global-tag.com\\\/#organization\"},\"potentialAction\":[{\"@type\":\"SearchAction\",\"target\":{\"@type\":\"EntryPoint\",\"urlTemplate\":\"https:\\\/\\\/www.global-tag.com\\\/?s={search_term_string}\"},\"query-input\":{\"@type\":\"PropertyValueSpecification\",\"valueRequired\":true,\"valueName\":\"search_term_string\"}}],\"inLanguage\":\"fr-FR\"},{\"@type\":\"Organization\",\"@id\":\"https:\\\/\\\/www.global-tag.com\\\/#organization\",\"name\":\"Global Tag\",\"url\":\"https:\\\/\\\/www.global-tag.com\\\/\",\"logo\":{\"@type\":\"ImageObject\",\"inLanguage\":\"fr-FR\",\"@id\":\"https:\\\/\\\/www.global-tag.com\\\/#\\\/schema\\\/logo\\\/image\\\/\",\"url\":\"https:\\\/\\\/www.global-tag.com\\\/wp-content\\\/uploads\\\/2024\\\/11\\\/GLOBAL-TAG-logo.ai_.png\",\"contentUrl\":\"https:\\\/\\\/www.global-tag.com\\\/wp-content\\\/uploads\\\/2024\\\/11\\\/GLOBAL-TAG-logo.ai_.png\",\"width\":1771,\"height\":825,\"caption\":\"Global Tag\"},\"image\":{\"@id\":\"https:\\\/\\\/www.global-tag.com\\\/#\\\/schema\\\/logo\\\/image\\\/\"},\"sameAs\":[\"https:\\\/\\\/x.com\\\/Global_Tag_RFID\",\"https:\\\/\\\/www.linkedin.com\\\/company\\\/global-tag-srl---rfid-tag-for-global-request\"]}]}<\/script>\n<!-- \/ Yoast SEO Premium plugin. -->","yoast_head_json":{"title":"Services - Global Tag","description":"D\u00e9couvrez nos services con\u00e7us pour les \u00e9tiquettes RFID et les balises BLE. Trouvez d\u00e8s aujourd'hui la solution id\u00e9ale pour votre projet.","robots":{"index":"index","follow":"follow","max-snippet":"max-snippet:-1","max-image-preview":"max-image-preview:large","max-video-preview":"max-video-preview:-1"},"canonical":"https:\/\/www.global-tag.com\/fr\/services\/","og_locale":"fr_FR","og_type":"article","og_title":"Services","og_description":"D\u00e9couvrez nos services con\u00e7us pour les \u00e9tiquettes RFID et les balises BLE. Trouvez d\u00e8s aujourd'hui la solution id\u00e9ale pour votre projet.","og_site_name":"Global Tag","article_modified_time":"2025-02-28T09:58:46+00:00","twitter_card":"summary_large_image","twitter_site":"@Global_Tag_RFID","twitter_misc":{"Dur\u00e9e de lecture estim\u00e9e":"3 minutes"},"schema":{"@context":"https:\/\/schema.org","@graph":[{"@type":"WebPage","@id":"https:\/\/www.global-tag.com\/fr\/services\/","url":"https:\/\/www.global-tag.com\/fr\/services\/","name":"Services - Global Tag","isPartOf":{"@id":"https:\/\/www.global-tag.com\/#website"},"datePublished":"2024-03-20T15:06:57+00:00","dateModified":"2025-02-28T09:58:46+00:00","description":"D\u00e9couvrez nos services con\u00e7us pour les \u00e9tiquettes RFID et les balises BLE. Trouvez d\u00e8s aujourd'hui la solution id\u00e9ale pour votre projet.","breadcrumb":{"@id":"https:\/\/www.global-tag.com\/fr\/services\/#breadcrumb"},"inLanguage":"fr-FR","potentialAction":[{"@type":"ReadAction","target":["https:\/\/www.global-tag.com\/fr\/services\/"]}]},{"@type":"BreadcrumbList","@id":"https:\/\/www.global-tag.com\/fr\/services\/#breadcrumb","itemListElement":[{"@type":"ListItem","position":1,"name":"Home","item":"https:\/\/www.global-tag.com\/"},{"@type":"ListItem","position":2,"name":"Services"}]},{"@type":"WebSite","@id":"https:\/\/www.global-tag.com\/#website","url":"https:\/\/www.global-tag.com\/","name":"Global Tag","description":"","publisher":{"@id":"https:\/\/www.global-tag.com\/#organization"},"potentialAction":[{"@type":"SearchAction","target":{"@type":"EntryPoint","urlTemplate":"https:\/\/www.global-tag.com\/?s={search_term_string}"},"query-input":{"@type":"PropertyValueSpecification","valueRequired":true,"valueName":"search_term_string"}}],"inLanguage":"fr-FR"},{"@type":"Organization","@id":"https:\/\/www.global-tag.com\/#organization","name":"Global Tag","url":"https:\/\/www.global-tag.com\/","logo":{"@type":"ImageObject","inLanguage":"fr-FR","@id":"https:\/\/www.global-tag.com\/#\/schema\/logo\/image\/","url":"https:\/\/www.global-tag.com\/wp-content\/uploads\/2024\/11\/GLOBAL-TAG-logo.ai_.png","contentUrl":"https:\/\/www.global-tag.com\/wp-content\/uploads\/2024\/11\/GLOBAL-TAG-logo.ai_.png","width":1771,"height":825,"caption":"Global Tag"},"image":{"@id":"https:\/\/www.global-tag.com\/#\/schema\/logo\/image\/"},"sameAs":["https:\/\/x.com\/Global_Tag_RFID","https:\/\/www.linkedin.com\/company\/global-tag-srl---rfid-tag-for-global-request"]}]}},"_links":{"self":[{"href":"https:\/\/www.global-tag.com\/fr\/wp-json\/wp\/v2\/pages\/268401","targetHints":{"allow":["GET"]}}],"collection":[{"href":"https:\/\/www.global-tag.com\/fr\/wp-json\/wp\/v2\/pages"}],"about":[{"href":"https:\/\/www.global-tag.com\/fr\/wp-json\/wp\/v2\/types\/page"}],"author":[{"embeddable":true,"href":"https:\/\/www.global-tag.com\/fr\/wp-json\/wp\/v2\/users\/3"}],"replies":[{"embeddable":true,"href":"https:\/\/www.global-tag.com\/fr\/wp-json\/wp\/v2\/comments?post=268401"}],"version-history":[{"count":3,"href":"https:\/\/www.global-tag.com\/fr\/wp-json\/wp\/v2\/pages\/268401\/revisions"}],"predecessor-version":[{"id":277504,"href":"https:\/\/www.global-tag.com\/fr\/wp-json\/wp\/v2\/pages\/268401\/revisions\/277504"}],"wp:attachment":[{"href":"https:\/\/www.global-tag.com\/fr\/wp-json\/wp\/v2\/media?parent=268401"}],"curies":[{"name":"wp","href":"https:\/\/api.w.org\/{rel}","templated":true}]}}