{"id":284805,"date":"2025-09-01T11:09:15","date_gmt":"2025-09-01T09:09:15","guid":{"rendered":"https:\/\/www.global-tag.com\/nfc-para-eventos\/quienes-somos-bu-events\/"},"modified":"2025-10-20T10:40:54","modified_gmt":"2025-10-20T08:40:54","slug":"quienes-somos-bu-events","status":"publish","type":"page","link":"https:\/\/www.global-tag.com\/es\/nfc-para-eventos\/quienes-somos-bu-events\/","title":{"rendered":"Quienes Somos &#8211; BU Events"},"content":{"rendered":"<p>[et_pb_section fb_built=&#8221;1&#8243; _builder_version=&#8221;4.27.4&#8243; _module_preset=&#8221;default&#8221; background_enable_color=&#8221;off&#8221; background_image=&#8221;https:\/\/www.global-tag.com\/wp-content\/uploads\/2025\/09\/ABOUT-US-BU-EVENTS.png&#8221; custom_padding=&#8221;0%||0%||false|false&#8221; top_divider_style=&#8221;arrow&#8221; top_divider_color=&#8221;gcid-d33bae72-e84c-4800-bfaa-6918f75fa1f8&#8243; top_divider_height=&#8221;94px&#8221; bottom_divider_style=&#8221;ramp2&#8243; bottom_divider_color=&#8221;gcid-d33bae72-e84c-4800-bfaa-6918f75fa1f8&#8243; bottom_divider_height=&#8221;104px&#8221; global_colors_info=&#8221;{%22gcid-d33bae72-e84c-4800-bfaa-6918f75fa1f8%22:%91%22bottom_divider_color%22%93}&#8221;][et_pb_row _builder_version=&#8221;4.24.2&#8243; _module_preset=&#8221;9f1baad1-7a02-4a00-97e0-ffbb41c307aa&#8221; background_color=&#8221;RGBA(255,255,255,0)&#8221; custom_padding=&#8221;||3%||false|false&#8221; global_colors_info=&#8221;{}&#8221;][et_pb_column type=&#8221;4_4&#8243; _builder_version=&#8221;4.24.2&#8243; _module_preset=&#8221;default&#8221; global_colors_info=&#8221;{}&#8221;][et_pb_heading title=&#8221;Quienes Somos&#8221; _builder_version=&#8221;4.27.4&#8243; _module_preset=&#8221;default&#8221; title_font=&#8221;|800|||||||&#8221; title_text_align=&#8221;center&#8221; title_font_size=&#8221;35px&#8221; background_enable_color=&#8221;off&#8221; custom_margin=&#8221;||0%||false|false&#8221; custom_padding=&#8221;0%||1%||false|false&#8221; global_colors_info=&#8221;{}&#8221;][\/et_pb_heading][et_pb_heading title=&#8221;Ofrecemos pulseras RFID personalizadas y la aplicaci\u00f3n Tag4Pay para transformar los pagos en los eventos: sin filas, transacciones r\u00e1pidas y una experiencia fluida y segura para cada asistente.&#8221; _builder_version=&#8221;4.27.4&#8243; _module_preset=&#8221;default&#8221; title_level=&#8221;h3&#8243; title_text_align=&#8221;center&#8221; title_text_color=&#8221;#FFFFFF&#8221; title_line_height=&#8221;1.2em&#8221; background_color=&#8221;rgba(0,109,119,0.71)&#8221; width=&#8221;80%&#8221; module_alignment=&#8221;center&#8221; custom_margin=&#8221;7%||7%||false|false&#8221; custom_padding=&#8221;2%|2%|1%|2%|false|false&#8221; global_colors_info=&#8221;{}&#8221;][\/et_pb_heading][\/et_pb_column][\/et_pb_row][\/et_pb_section][et_pb_section fb_built=&#8221;1&#8243; admin_label=&#8221;Standard Label&#8221; _builder_version=&#8221;4.27.4&#8243; _module_preset=&#8221;default&#8221; background_enable_color=&#8221;off&#8221; width=&#8221;99.7%&#8221; custom_margin=&#8221;0%||0%||false|false&#8221; custom_padding=&#8221;2%||4%||false|false&#8221; top_divider_style=&#8221;slant2&#8243; top_divider_color=&#8221;gcid-d33bae72-e84c-4800-bfaa-6918f75fa1f8&#8243; top_divider_height=&#8221;51px&#8221; locked=&#8221;off&#8221; global_colors_info=&#8221;{%22gcid-d33bae72-e84c-4800-bfaa-6918f75fa1f8%22:%91%22top_divider_color%22%93}&#8221;][et_pb_row column_structure=&#8221;3_5,2_5&#8243; use_custom_gutter=&#8221;on&#8221; gutter_width=&#8221;2&#8243; _builder_version=&#8221;4.27.4&#8243; _module_preset=&#8221;_initial&#8221; width=&#8221;100%&#8221; max_width=&#8221;80%&#8221; module_alignment=&#8221;center&#8221; custom_margin=&#8221;0%||||false|false&#8221; box_shadow_style=&#8221;preset3&#8243; box_shadow_vertical=&#8221;4px&#8221; box_shadow_spread=&#8221;-1px&#8221; box_shadow_color=&#8221;gcid-712ce228-6643-458b-9b78-5b147bf9ecfd&#8221; global_colors_info=&#8221;{%22gcid-712ce228-6643-458b-9b78-5b147bf9ecfd%22:%91%22box_shadow_color%22%93}&#8221;][et_pb_column type=&#8221;3_5&#8243; _builder_version=&#8221;4.24.3&#8243; _module_preset=&#8221;default&#8221; global_colors_info=&#8221;{}&#8221;][et_pb_text _builder_version=&#8221;4.27.4&#8243; _module_preset=&#8221;default&#8221; quote_font=&#8221;||||||||&#8221; quote_text_align=&#8221;justify&#8221; text_orientation=&#8221;justified&#8221; custom_margin=&#8221;5px||||false|false&#8221; custom_padding=&#8221;|||3%|true|false&#8221; global_colors_info=&#8221;{}&#8221;]<\/p>\n<p data-start=\"0\" data-end=\"394\">Nuestra misi\u00f3n es clara: transformar cada evento en una experiencia \u00fanica, segura y f\u00e1cil de gestionar. De esta visi\u00f3n naci\u00f3 la Unidad de Negocios de Eventos de Global Tag, dedicada al desarrollo de soluciones RFID innovadoras dise\u00f1adas para simplificar la interacci\u00f3n con los asistentes, optimizar los procesos organizativos y garantizar un desarrollo fluido del evento de principio a fin.<\/p>\n<p data-start=\"396\" data-end=\"687\">Acompa\u00f1amos a nuestros clientes en cada fase: desde la elecci\u00f3n del <strong data-start=\"464\" data-end=\"471\">tag<\/strong> m\u00e1s adecuado para cada contexto, hasta la personalizaci\u00f3n e integraci\u00f3n de nuestra aplicaci\u00f3n propietaria <em data-start=\"578\" data-end=\"587\">Tag4Pay<\/em>, la soluci\u00f3n cashless que acelera las transacciones y enriquece la experiencia de los asistentes.<\/p>\n<p data-start=\"689\" data-end=\"1001\">Colaboramos con una amplia gama de socios: organizadores de conciertos y festivales de m\u00fasica, ferias comerciales, eventos locales y festivales comunitarios, eventos deportivos, festivales gastron\u00f3micos y vin\u00edcolas, as\u00ed como cualquier persona que desee ofrecer a sus invitados una experiencia moderna y fluida.<\/p>\n<p data-start=\"1003\" data-end=\"1301\">Nuestra oferta incluye una variedad de productos y sistemas RFID, dise\u00f1ados para adaptarse a diferentes necesidades y contextos, y disponibles en m\u00faltiples materiales, formatos y tecnolog\u00edas. Cada soluci\u00f3n est\u00e1 pensada para soportar la intensidad de los eventos y garantizar la m\u00e1xima fiabilidad.<\/p>\n<p data-start=\"1303\" data-end=\"1647\" data-is-last-node=\"\" data-is-only-node=\"\">Lo que nos distingue es la combinaci\u00f3n de innovaci\u00f3n tecnol\u00f3gica, productos de alta calidad y servicios a medida, junto con un soporte r\u00e1pido y continuo. Con este enfoque, ayudamos a los organizadores a mejorar la seguridad, optimizar los procesos y ofrecer experiencias memorables, fomentando al mismo tiempo la eficiencia y la sostenibilidad.<\/p>\n<p>[\/et_pb_text][\/et_pb_column][et_pb_column type=&#8221;2_5&#8243; _builder_version=&#8221;4.24.3&#8243; _module_preset=&#8221;default&#8221; global_colors_info=&#8221;{}&#8221;][et_pb_image src=&#8221;https:\/\/www.global-tag.com\/wp-content\/uploads\/2025\/09\/Roll-up-Events.png&#8221; title_text=&#8221;Roll up Events&#8221; align=&#8221;center&#8221; _builder_version=&#8221;4.27.4&#8243; _module_preset=&#8221;default&#8221; global_colors_info=&#8221;{}&#8221;][\/et_pb_image][\/et_pb_column][\/et_pb_row][et_pb_row use_custom_gutter=&#8221;on&#8221; gutter_width=&#8221;2&#8243; _builder_version=&#8221;4.27.4&#8243; _module_preset=&#8221;_initial&#8221; width=&#8221;100%&#8221; max_width=&#8221;80%&#8221; custom_margin=&#8221;2%||||false|false&#8221; box_shadow_style=&#8221;preset3&#8243; box_shadow_horizontal=&#8221;1px&#8221; box_shadow_vertical=&#8221;-7px&#8221; box_shadow_blur=&#8221;25px&#8221; box_shadow_spread=&#8221;-4px&#8221; box_shadow_color=&#8221;gcid-712ce228-6643-458b-9b78-5b147bf9ecfd&#8221; global_colors_info=&#8221;{%22gcid-712ce228-6643-458b-9b78-5b147bf9ecfd%22:%91%22box_shadow_color%22%93}&#8221;][et_pb_column type=&#8221;4_4&#8243; _builder_version=&#8221;4.24.3&#8243; _module_preset=&#8221;default&#8221; global_colors_info=&#8221;{}&#8221;][et_pb_video src=&#8221;https:\/\/www.youtube.com\/watch?v=kM3YiYYmRBI&#8221; _builder_version=&#8221;4.27.4&#8243; _module_preset=&#8221;default&#8221; custom_padding=&#8221;|3%||3%|false|true&#8221; global_colors_info=&#8221;{}&#8221;][\/et_pb_video][\/et_pb_column][\/et_pb_row][\/et_pb_section]<\/p>\n","protected":false},"excerpt":{"rendered":"<p>Nuestra misi\u00f3n es clara: transformar cada evento en una experiencia \u00fanica, segura y f\u00e1cil de gestionar. De esta visi\u00f3n naci\u00f3 la Unidad de Negocios de Eventos de Global Tag, dedicada al desarrollo de soluciones RFID innovadoras dise\u00f1adas para simplificar la interacci\u00f3n con los asistentes, optimizar los procesos organizativos y garantizar un desarrollo fluido del evento [&hellip;]<\/p>\n","protected":false},"author":1,"featured_media":0,"parent":284765,"menu_order":0,"comment_status":"closed","ping_status":"closed","template":"","meta":{"_acf_changed":false,"_et_pb_use_builder":"on","_et_pb_old_content":"","_et_gb_content_width":"","footnotes":""},"class_list":["post-284805","page","type-page","status-publish","hentry"],"acf":[],"yoast_head":"<!-- This site is optimized with the Yoast SEO Premium plugin v26.2 (Yoast SEO v27.4) - https:\/\/yoast.com\/product\/yoast-seo-premium-wordpress\/ -->\n<title>Quienes Somos - BU Events - Global Tag<\/title>\n<meta name=\"description\" content=\"Descubra c\u00f3mo los eventos RFID est\u00e1n transformando la forma en que se procesan los pagos en los encuentros.\" \/>\n<meta name=\"robots\" content=\"index, follow, max-snippet:-1, max-image-preview:large, max-video-preview:-1\" \/>\n<link rel=\"canonical\" href=\"https:\/\/www.global-tag.com\/es\/nfc-para-eventos\/quienes-somos-bu-events\/\" \/>\n<meta property=\"og:locale\" content=\"es_ES\" \/>\n<meta property=\"og:type\" content=\"article\" \/>\n<meta property=\"og:title\" content=\"Quienes Somos - BU Events\" \/>\n<meta property=\"og:description\" content=\"Descubra c\u00f3mo los eventos RFID est\u00e1n transformando la forma en que se procesan los pagos en los encuentros.\" \/>\n<meta property=\"og:site_name\" content=\"Global Tag\" \/>\n<meta property=\"article:modified_time\" content=\"2025-10-20T08:40:54+00:00\" \/>\n<meta name=\"twitter:card\" content=\"summary_large_image\" \/>\n<meta name=\"twitter:site\" content=\"@Global_Tag_RFID\" \/>\n<meta name=\"twitter:label1\" content=\"Tiempo de lectura\" \/>\n\t<meta name=\"twitter:data1\" content=\"2 minutos\" \/>\n<script type=\"application\/ld+json\" class=\"yoast-schema-graph\">{\"@context\":\"https:\\\/\\\/schema.org\",\"@graph\":[{\"@type\":\"WebPage\",\"@id\":\"https:\\\/\\\/www.global-tag.com\\\/es\\\/nfc-para-eventos\\\/quienes-somos-bu-events\\\/\",\"url\":\"https:\\\/\\\/www.global-tag.com\\\/es\\\/nfc-para-eventos\\\/quienes-somos-bu-events\\\/\",\"name\":\"Quienes Somos - BU Events - Global Tag\",\"isPartOf\":{\"@id\":\"https:\\\/\\\/www.global-tag.com\\\/#website\"},\"datePublished\":\"2025-09-01T09:09:15+00:00\",\"dateModified\":\"2025-10-20T08:40:54+00:00\",\"description\":\"Descubra c\u00f3mo los eventos RFID est\u00e1n transformando la forma en que se procesan los pagos en los encuentros.\",\"breadcrumb\":{\"@id\":\"https:\\\/\\\/www.global-tag.com\\\/es\\\/nfc-para-eventos\\\/quienes-somos-bu-events\\\/#breadcrumb\"},\"inLanguage\":\"es\",\"potentialAction\":[{\"@type\":\"ReadAction\",\"target\":[\"https:\\\/\\\/www.global-tag.com\\\/es\\\/nfc-para-eventos\\\/quienes-somos-bu-events\\\/\"]}]},{\"@type\":\"BreadcrumbList\",\"@id\":\"https:\\\/\\\/www.global-tag.com\\\/es\\\/nfc-para-eventos\\\/quienes-somos-bu-events\\\/#breadcrumb\",\"itemListElement\":[{\"@type\":\"ListItem\",\"position\":1,\"name\":\"Home\",\"item\":\"https:\\\/\\\/www.global-tag.com\\\/\"},{\"@type\":\"ListItem\",\"position\":2,\"name\":\"NFC para eventos\",\"item\":\"https:\\\/\\\/www.global-tag.com\\\/nfc-for-events\\\/\"},{\"@type\":\"ListItem\",\"position\":3,\"name\":\"Quienes Somos &#8211; BU Events\"}]},{\"@type\":\"WebSite\",\"@id\":\"https:\\\/\\\/www.global-tag.com\\\/#website\",\"url\":\"https:\\\/\\\/www.global-tag.com\\\/\",\"name\":\"Global Tag\",\"description\":\"\",\"publisher\":{\"@id\":\"https:\\\/\\\/www.global-tag.com\\\/#organization\"},\"potentialAction\":[{\"@type\":\"SearchAction\",\"target\":{\"@type\":\"EntryPoint\",\"urlTemplate\":\"https:\\\/\\\/www.global-tag.com\\\/?s={search_term_string}\"},\"query-input\":{\"@type\":\"PropertyValueSpecification\",\"valueRequired\":true,\"valueName\":\"search_term_string\"}}],\"inLanguage\":\"es\"},{\"@type\":\"Organization\",\"@id\":\"https:\\\/\\\/www.global-tag.com\\\/#organization\",\"name\":\"Global Tag\",\"url\":\"https:\\\/\\\/www.global-tag.com\\\/\",\"logo\":{\"@type\":\"ImageObject\",\"inLanguage\":\"es\",\"@id\":\"https:\\\/\\\/www.global-tag.com\\\/#\\\/schema\\\/logo\\\/image\\\/\",\"url\":\"https:\\\/\\\/www.global-tag.com\\\/wp-content\\\/uploads\\\/2024\\\/11\\\/GLOBAL-TAG-logo.ai_.png\",\"contentUrl\":\"https:\\\/\\\/www.global-tag.com\\\/wp-content\\\/uploads\\\/2024\\\/11\\\/GLOBAL-TAG-logo.ai_.png\",\"width\":1771,\"height\":825,\"caption\":\"Global Tag\"},\"image\":{\"@id\":\"https:\\\/\\\/www.global-tag.com\\\/#\\\/schema\\\/logo\\\/image\\\/\"},\"sameAs\":[\"https:\\\/\\\/x.com\\\/Global_Tag_RFID\",\"https:\\\/\\\/www.linkedin.com\\\/company\\\/global-tag-srl---rfid-tag-for-global-request\"]}]}<\/script>\n<!-- \/ Yoast SEO Premium plugin. -->","yoast_head_json":{"title":"Quienes Somos - BU Events - Global Tag","description":"Descubra c\u00f3mo los eventos RFID est\u00e1n transformando la forma en que se procesan los pagos en los encuentros.","robots":{"index":"index","follow":"follow","max-snippet":"max-snippet:-1","max-image-preview":"max-image-preview:large","max-video-preview":"max-video-preview:-1"},"canonical":"https:\/\/www.global-tag.com\/es\/nfc-para-eventos\/quienes-somos-bu-events\/","og_locale":"es_ES","og_type":"article","og_title":"Quienes Somos - BU Events","og_description":"Descubra c\u00f3mo los eventos RFID est\u00e1n transformando la forma en que se procesan los pagos en los encuentros.","og_site_name":"Global Tag","article_modified_time":"2025-10-20T08:40:54+00:00","twitter_card":"summary_large_image","twitter_site":"@Global_Tag_RFID","twitter_misc":{"Tiempo de lectura":"2 minutos"},"schema":{"@context":"https:\/\/schema.org","@graph":[{"@type":"WebPage","@id":"https:\/\/www.global-tag.com\/es\/nfc-para-eventos\/quienes-somos-bu-events\/","url":"https:\/\/www.global-tag.com\/es\/nfc-para-eventos\/quienes-somos-bu-events\/","name":"Quienes Somos - BU Events - Global Tag","isPartOf":{"@id":"https:\/\/www.global-tag.com\/#website"},"datePublished":"2025-09-01T09:09:15+00:00","dateModified":"2025-10-20T08:40:54+00:00","description":"Descubra c\u00f3mo los eventos RFID est\u00e1n transformando la forma en que se procesan los pagos en los encuentros.","breadcrumb":{"@id":"https:\/\/www.global-tag.com\/es\/nfc-para-eventos\/quienes-somos-bu-events\/#breadcrumb"},"inLanguage":"es","potentialAction":[{"@type":"ReadAction","target":["https:\/\/www.global-tag.com\/es\/nfc-para-eventos\/quienes-somos-bu-events\/"]}]},{"@type":"BreadcrumbList","@id":"https:\/\/www.global-tag.com\/es\/nfc-para-eventos\/quienes-somos-bu-events\/#breadcrumb","itemListElement":[{"@type":"ListItem","position":1,"name":"Home","item":"https:\/\/www.global-tag.com\/"},{"@type":"ListItem","position":2,"name":"NFC para eventos","item":"https:\/\/www.global-tag.com\/nfc-for-events\/"},{"@type":"ListItem","position":3,"name":"Quienes Somos &#8211; BU Events"}]},{"@type":"WebSite","@id":"https:\/\/www.global-tag.com\/#website","url":"https:\/\/www.global-tag.com\/","name":"Global Tag","description":"","publisher":{"@id":"https:\/\/www.global-tag.com\/#organization"},"potentialAction":[{"@type":"SearchAction","target":{"@type":"EntryPoint","urlTemplate":"https:\/\/www.global-tag.com\/?s={search_term_string}"},"query-input":{"@type":"PropertyValueSpecification","valueRequired":true,"valueName":"search_term_string"}}],"inLanguage":"es"},{"@type":"Organization","@id":"https:\/\/www.global-tag.com\/#organization","name":"Global Tag","url":"https:\/\/www.global-tag.com\/","logo":{"@type":"ImageObject","inLanguage":"es","@id":"https:\/\/www.global-tag.com\/#\/schema\/logo\/image\/","url":"https:\/\/www.global-tag.com\/wp-content\/uploads\/2024\/11\/GLOBAL-TAG-logo.ai_.png","contentUrl":"https:\/\/www.global-tag.com\/wp-content\/uploads\/2024\/11\/GLOBAL-TAG-logo.ai_.png","width":1771,"height":825,"caption":"Global Tag"},"image":{"@id":"https:\/\/www.global-tag.com\/#\/schema\/logo\/image\/"},"sameAs":["https:\/\/x.com\/Global_Tag_RFID","https:\/\/www.linkedin.com\/company\/global-tag-srl---rfid-tag-for-global-request"]}]}},"_links":{"self":[{"href":"https:\/\/www.global-tag.com\/es\/wp-json\/wp\/v2\/pages\/284805","targetHints":{"allow":["GET"]}}],"collection":[{"href":"https:\/\/www.global-tag.com\/es\/wp-json\/wp\/v2\/pages"}],"about":[{"href":"https:\/\/www.global-tag.com\/es\/wp-json\/wp\/v2\/types\/page"}],"author":[{"embeddable":true,"href":"https:\/\/www.global-tag.com\/es\/wp-json\/wp\/v2\/users\/1"}],"replies":[{"embeddable":true,"href":"https:\/\/www.global-tag.com\/es\/wp-json\/wp\/v2\/comments?post=284805"}],"version-history":[{"count":5,"href":"https:\/\/www.global-tag.com\/es\/wp-json\/wp\/v2\/pages\/284805\/revisions"}],"predecessor-version":[{"id":284818,"href":"https:\/\/www.global-tag.com\/es\/wp-json\/wp\/v2\/pages\/284805\/revisions\/284818"}],"up":[{"embeddable":true,"href":"https:\/\/www.global-tag.com\/es\/wp-json\/wp\/v2\/pages\/284765"}],"wp:attachment":[{"href":"https:\/\/www.global-tag.com\/es\/wp-json\/wp\/v2\/media?parent=284805"}],"curies":[{"name":"wp","href":"https:\/\/api.w.org\/{rel}","templated":true}]}}