{"id":279197,"date":"2025-06-16T10:00:16","date_gmt":"2025-06-16T08:00:16","guid":{"rendered":"https:\/\/www.global-tag.com\/rfid-apparel-solutions-hub\/about-apparel-solutions-hub\/"},"modified":"2025-07-22T10:05:49","modified_gmt":"2025-07-22T08:05:49","slug":"quienes-somos-apparel-retail","status":"publish","type":"page","link":"https:\/\/www.global-tag.com\/es\/apparel-solutions-hub-tecnologia-rfid-y-eas\/quienes-somos-apparel-retail\/","title":{"rendered":"Quienes Somos apparel retail"},"content":{"rendered":"<p>[et_pb_section fb_built=&#8221;1&#8243; _builder_version=&#8221;4.27.4&#8243; _module_preset=&#8221;default&#8221; background_enable_color=&#8221;off&#8221; background_image=&#8221;https:\/\/www.global-tag.com\/wp-content\/uploads\/2025\/06\/ABOUT-US-RETAIL-1.png&#8221; custom_padding=&#8221;0%||0%||false|false&#8221; top_divider_style=&#8221;arrow&#8221; top_divider_color=&#8221;gcid-4c898ad5-7012-4de3-8d90-316b399d5d9d&#8221; top_divider_height=&#8221;94px&#8221; bottom_divider_style=&#8221;ramp2&#8243; bottom_divider_color=&#8221;gcid-4c898ad5-7012-4de3-8d90-316b399d5d9d&#8221; bottom_divider_height=&#8221;104px&#8221; global_colors_info=&#8221;{%22gcid-4c898ad5-7012-4de3-8d90-316b399d5d9d%22:%91%22bottom_divider_color%22%93}&#8221;][et_pb_row _builder_version=&#8221;4.24.2&#8243; _module_preset=&#8221;9f1baad1-7a02-4a00-97e0-ffbb41c307aa&#8221; background_color=&#8221;RGBA(255,255,255,0)&#8221; custom_padding=&#8221;||3%||false|false&#8221; global_colors_info=&#8221;{}&#8221;][et_pb_column type=&#8221;4_4&#8243; _builder_version=&#8221;4.24.2&#8243; _module_preset=&#8221;default&#8221; global_colors_info=&#8221;{}&#8221;][et_pb_heading title=&#8221;Quienes Somos&#8221; _builder_version=&#8221;4.27.4&#8243; _module_preset=&#8221;default&#8221; title_font=&#8221;|800|||||||&#8221; title_text_align=&#8221;center&#8221; title_font_size=&#8221;35px&#8221; background_enable_color=&#8221;off&#8221; custom_margin=&#8221;||0%||false|false&#8221; custom_padding=&#8221;0%||1%||false|false&#8221; global_colors_info=&#8221;{}&#8221;][\/et_pb_heading][et_pb_heading title=&#8221;Apparel Solutions Hub fue creado para ofrecer soluciones RFID y EAS inteligentes y personalizadas, centradas en la trazabilidad de los art\u00edculos, la protecci\u00f3n de los productos y la integraci\u00f3n fluida en los flujos de trabajo del comercio minorista de moda moderno&#8221; _builder_version=&#8221;4.27.4&#8243; _module_preset=&#8221;default&#8221; title_level=&#8221;h3&#8243; title_text_align=&#8221;center&#8221; title_text_color=&#8221;#FFFFFF&#8221; title_line_height=&#8221;1.2em&#8221; background_color=&#8221;rgba(27,42,65,0.71)&#8221; width=&#8221;80%&#8221; module_alignment=&#8221;center&#8221; custom_margin=&#8221;7%||7%||false|false&#8221; custom_padding=&#8221;2%|2%|1%|2%|false|false&#8221; global_colors_info=&#8221;{}&#8221;][\/et_pb_heading][\/et_pb_column][\/et_pb_row][\/et_pb_section][et_pb_section fb_built=&#8221;1&#8243; admin_label=&#8221;Standard Label&#8221; _builder_version=&#8221;4.27.4&#8243; _module_preset=&#8221;default&#8221; background_enable_color=&#8221;off&#8221; width=&#8221;99.7%&#8221; custom_margin=&#8221;0%||0%||false|false&#8221; custom_padding=&#8221;2%||4%||false|false&#8221; top_divider_style=&#8221;slant2&#8243; top_divider_color=&#8221;gcid-4c898ad5-7012-4de3-8d90-316b399d5d9d&#8221; top_divider_height=&#8221;51px&#8221; locked=&#8221;off&#8221; global_colors_info=&#8221;{%22gcid-4c898ad5-7012-4de3-8d90-316b399d5d9d%22:%91%22top_divider_color%22%93}&#8221;][et_pb_row column_structure=&#8221;3_5,2_5&#8243; use_custom_gutter=&#8221;on&#8221; gutter_width=&#8221;2&#8243; _builder_version=&#8221;4.27.4&#8243; _module_preset=&#8221;_initial&#8221; width=&#8221;100%&#8221; max_width=&#8221;80%&#8221; module_alignment=&#8221;center&#8221; custom_margin=&#8221;0%||||false|false&#8221; box_shadow_style=&#8221;preset3&#8243; box_shadow_vertical=&#8221;4px&#8221; box_shadow_spread=&#8221;-1px&#8221; box_shadow_color=&#8221;gcid-4c898ad5-7012-4de3-8d90-316b399d5d9d&#8221; global_colors_info=&#8221;{%22gcid-4c898ad5-7012-4de3-8d90-316b399d5d9d%22:%91%22box_shadow_color%22%93}&#8221;][et_pb_column type=&#8221;3_5&#8243; _builder_version=&#8221;4.24.3&#8243; _module_preset=&#8221;default&#8221; global_colors_info=&#8221;{}&#8221;][et_pb_text _builder_version=&#8221;4.27.4&#8243; _module_preset=&#8221;default&#8221; quote_font=&#8221;||||||||&#8221; quote_text_align=&#8221;justify&#8221; text_orientation=&#8221;justified&#8221; custom_margin=&#8221;5px||||false|false&#8221; custom_padding=&#8221;|||3%|true|false&#8221; global_colors_info=&#8221;{}&#8221;]<\/p>\n<p><strong>Apparel Solutions Hub<\/strong> es la unidad de negocio dedicada al desarrollo de soluciones inteligentes, flexibles y personalizadas para el sector del apparel retail. Desde prendas hasta accesorios, desde la trazabilidad de art\u00edculos hasta la gesti\u00f3n completa del ciclo de vida del producto \u2014 incluidos los servicios de lavander\u00eda y cuidado textil \u2014 dise\u00f1amos y suministramos etiquetas <strong>RFID &amp; EAS<\/strong> que combinan innovaci\u00f3n, eficiencia y estilo.<\/p>\n<p>Adem\u00e1s de la <strong>tecnolog\u00eda RFID, ofrecemos soluciones EAS<\/strong> para la protecci\u00f3n de art\u00edculos y la seguridad en los puntos de venta, garantizando un control total a nivel de cada producto. Nuestra propuesta responde a las demandas de un mercado en constante evoluci\u00f3n, donde la fiabilidad de los sistemas y la velocidad de lectura se convierten en ventajas reales para el negocio.<\/p>\n<p>Con un enfoque <strong>centrado en el cliente<\/strong> y una competencia especializada en el sector, transformamos los retos operativos cotidianos en oportunidades de mejora, trazabilidad y sostenibilidad. Cada proyecto nace de una necesidad real y se convierte en una soluci\u00f3n a medida, perfectamente integrada en los flujos del retail moderno.<\/p>\n<p>[\/et_pb_text][\/et_pb_column][et_pb_column type=&#8221;2_5&#8243; _builder_version=&#8221;4.24.3&#8243; _module_preset=&#8221;default&#8221; global_colors_info=&#8221;{}&#8221;][et_pb_image src=&#8221;https:\/\/www.global-tag.com\/wp-content\/uploads\/2025\/06\/Roll-up-RETAIL-ESP.png&#8221; title_text=&#8221;Roll up RETAIL ESP&#8221; align=&#8221;center&#8221; _builder_version=&#8221;4.27.4&#8243; _module_preset=&#8221;default&#8221; global_colors_info=&#8221;{}&#8221;][\/et_pb_image][\/et_pb_column][\/et_pb_row][et_pb_row use_custom_gutter=&#8221;on&#8221; gutter_width=&#8221;2&#8243; _builder_version=&#8221;4.27.4&#8243; _module_preset=&#8221;_initial&#8221; width=&#8221;100%&#8221; max_width=&#8221;80%&#8221; custom_margin=&#8221;2%||||false|false&#8221; box_shadow_style=&#8221;preset3&#8243; box_shadow_horizontal=&#8221;1px&#8221; box_shadow_vertical=&#8221;-7px&#8221; box_shadow_blur=&#8221;25px&#8221; box_shadow_spread=&#8221;-4px&#8221; box_shadow_color=&#8221;gcid-4c898ad5-7012-4de3-8d90-316b399d5d9d&#8221; global_colors_info=&#8221;{%22gcid-4c898ad5-7012-4de3-8d90-316b399d5d9d%22:%91%22box_shadow_color%22%93}&#8221;][et_pb_column type=&#8221;4_4&#8243; _builder_version=&#8221;4.24.3&#8243; _module_preset=&#8221;default&#8221; global_colors_info=&#8221;{}&#8221;][et_pb_video src=&#8221;https:\/\/www.youtube.com\/watch?v=kM3YiYYmRBI&#8221; _builder_version=&#8221;4.27.4&#8243; _module_preset=&#8221;default&#8221; custom_padding=&#8221;|3%||3%|false|true&#8221; global_colors_info=&#8221;{}&#8221;][\/et_pb_video][\/et_pb_column][\/et_pb_row][\/et_pb_section]<\/p>\n","protected":false},"excerpt":{"rendered":"<p>Apparel Solutions Hub es la unidad de negocio dedicada al desarrollo de soluciones inteligentes, flexibles y personalizadas para el sector del apparel retail. Desde prendas hasta accesorios, desde la trazabilidad de art\u00edculos hasta la gesti\u00f3n completa del ciclo de vida del producto \u2014 incluidos los servicios de lavander\u00eda y cuidado textil \u2014 dise\u00f1amos y suministramos [&hellip;]<\/p>\n","protected":false},"author":3,"featured_media":0,"parent":279187,"menu_order":0,"comment_status":"closed","ping_status":"closed","template":"","meta":{"_acf_changed":false,"_et_pb_use_builder":"on","_et_pb_old_content":"","_et_gb_content_width":"","footnotes":""},"class_list":["post-279197","page","type-page","status-publish","hentry"],"acf":[],"yoast_head":"<!-- This site is optimized with the Yoast SEO Premium plugin v26.2 (Yoast SEO v27.3) - https:\/\/yoast.com\/product\/yoast-seo-premium-wordpress\/ -->\n<title>Quienes Somos apparel retail - Global Tag<\/title>\n<meta name=\"description\" content=\"Descubre quienes somos y las soluciones RFID y EAS para apparel retail: etiquetas inteligentes, trazabilidad, seguridad y control inventario.\" \/>\n<meta name=\"robots\" content=\"index, follow, max-snippet:-1, max-image-preview:large, max-video-preview:-1\" \/>\n<link rel=\"canonical\" href=\"https:\/\/www.global-tag.com\/rfid-apparel-solutions-hub\/about-apparel-solutions-hub\/\" \/>\n<meta property=\"og:locale\" content=\"es_ES\" \/>\n<meta property=\"og:type\" content=\"article\" \/>\n<meta property=\"og:title\" content=\"Quienes Somos apparel retail\" \/>\n<meta property=\"og:description\" content=\"Descubre quienes somos y las soluciones RFID y EAS para apparel retail: etiquetas inteligentes, trazabilidad, seguridad y control inventario.\" \/>\n<meta property=\"og:site_name\" content=\"Global Tag\" \/>\n<meta property=\"article:modified_time\" content=\"2025-07-22T08:05:49+00:00\" \/>\n<meta name=\"twitter:card\" content=\"summary_large_image\" \/>\n<meta name=\"twitter:site\" content=\"@Global_Tag_RFID\" \/>\n<meta name=\"twitter:label1\" content=\"Tiempo de lectura\" \/>\n\t<meta name=\"twitter:data1\" content=\"2 minutos\" \/>\n<script type=\"application\/ld+json\" class=\"yoast-schema-graph\">{\"@context\":\"https:\\\/\\\/schema.org\",\"@graph\":[{\"@type\":\"WebPage\",\"@id\":\"https:\\\/\\\/www.global-tag.com\\\/rfid-apparel-solutions-hub\\\/about-apparel-solutions-hub\\\/\",\"url\":\"https:\\\/\\\/www.global-tag.com\\\/rfid-apparel-solutions-hub\\\/about-apparel-solutions-hub\\\/\",\"name\":\"Quienes Somos apparel retail - Global Tag\",\"isPartOf\":{\"@id\":\"https:\\\/\\\/www.global-tag.com\\\/#website\"},\"datePublished\":\"2025-06-16T08:00:16+00:00\",\"dateModified\":\"2025-07-22T08:05:49+00:00\",\"description\":\"Descubre quienes somos y las soluciones RFID y EAS para apparel retail: etiquetas inteligentes, trazabilidad, seguridad y control inventario.\",\"breadcrumb\":{\"@id\":\"https:\\\/\\\/www.global-tag.com\\\/rfid-apparel-solutions-hub\\\/about-apparel-solutions-hub\\\/#breadcrumb\"},\"inLanguage\":\"es\",\"potentialAction\":[{\"@type\":\"ReadAction\",\"target\":[\"https:\\\/\\\/www.global-tag.com\\\/rfid-apparel-solutions-hub\\\/about-apparel-solutions-hub\\\/\"]}]},{\"@type\":\"BreadcrumbList\",\"@id\":\"https:\\\/\\\/www.global-tag.com\\\/rfid-apparel-solutions-hub\\\/about-apparel-solutions-hub\\\/#breadcrumb\",\"itemListElement\":[{\"@type\":\"ListItem\",\"position\":1,\"name\":\"Home\",\"item\":\"https:\\\/\\\/www.global-tag.com\\\/\"},{\"@type\":\"ListItem\",\"position\":2,\"name\":\"Apparel Solutions Hub \u2013 Tecnolog\u00eda RFID y EAS\",\"item\":\"https:\\\/\\\/www.global-tag.com\\\/rfid-apparel-solutions-hub\\\/\"},{\"@type\":\"ListItem\",\"position\":3,\"name\":\"Quienes Somos apparel retail\"}]},{\"@type\":\"WebSite\",\"@id\":\"https:\\\/\\\/www.global-tag.com\\\/#website\",\"url\":\"https:\\\/\\\/www.global-tag.com\\\/\",\"name\":\"Global Tag\",\"description\":\"\",\"publisher\":{\"@id\":\"https:\\\/\\\/www.global-tag.com\\\/#organization\"},\"potentialAction\":[{\"@type\":\"SearchAction\",\"target\":{\"@type\":\"EntryPoint\",\"urlTemplate\":\"https:\\\/\\\/www.global-tag.com\\\/?s={search_term_string}\"},\"query-input\":{\"@type\":\"PropertyValueSpecification\",\"valueRequired\":true,\"valueName\":\"search_term_string\"}}],\"inLanguage\":\"es\"},{\"@type\":\"Organization\",\"@id\":\"https:\\\/\\\/www.global-tag.com\\\/#organization\",\"name\":\"Global Tag\",\"url\":\"https:\\\/\\\/www.global-tag.com\\\/\",\"logo\":{\"@type\":\"ImageObject\",\"inLanguage\":\"es\",\"@id\":\"https:\\\/\\\/www.global-tag.com\\\/#\\\/schema\\\/logo\\\/image\\\/\",\"url\":\"https:\\\/\\\/www.global-tag.com\\\/wp-content\\\/uploads\\\/2024\\\/11\\\/GLOBAL-TAG-logo.ai_.png\",\"contentUrl\":\"https:\\\/\\\/www.global-tag.com\\\/wp-content\\\/uploads\\\/2024\\\/11\\\/GLOBAL-TAG-logo.ai_.png\",\"width\":1771,\"height\":825,\"caption\":\"Global Tag\"},\"image\":{\"@id\":\"https:\\\/\\\/www.global-tag.com\\\/#\\\/schema\\\/logo\\\/image\\\/\"},\"sameAs\":[\"https:\\\/\\\/x.com\\\/Global_Tag_RFID\",\"https:\\\/\\\/www.linkedin.com\\\/company\\\/global-tag-srl---rfid-tag-for-global-request\"]}]}<\/script>\n<!-- \/ Yoast SEO Premium plugin. -->","yoast_head_json":{"title":"Quienes Somos apparel retail - Global Tag","description":"Descubre quienes somos y las soluciones RFID y EAS para apparel retail: etiquetas inteligentes, trazabilidad, seguridad y control inventario.","robots":{"index":"index","follow":"follow","max-snippet":"max-snippet:-1","max-image-preview":"max-image-preview:large","max-video-preview":"max-video-preview:-1"},"canonical":"https:\/\/www.global-tag.com\/rfid-apparel-solutions-hub\/about-apparel-solutions-hub\/","og_locale":"es_ES","og_type":"article","og_title":"Quienes Somos apparel retail","og_description":"Descubre quienes somos y las soluciones RFID y EAS para apparel retail: etiquetas inteligentes, trazabilidad, seguridad y control inventario.","og_site_name":"Global Tag","article_modified_time":"2025-07-22T08:05:49+00:00","twitter_card":"summary_large_image","twitter_site":"@Global_Tag_RFID","twitter_misc":{"Tiempo de lectura":"2 minutos"},"schema":{"@context":"https:\/\/schema.org","@graph":[{"@type":"WebPage","@id":"https:\/\/www.global-tag.com\/rfid-apparel-solutions-hub\/about-apparel-solutions-hub\/","url":"https:\/\/www.global-tag.com\/rfid-apparel-solutions-hub\/about-apparel-solutions-hub\/","name":"Quienes Somos apparel retail - Global Tag","isPartOf":{"@id":"https:\/\/www.global-tag.com\/#website"},"datePublished":"2025-06-16T08:00:16+00:00","dateModified":"2025-07-22T08:05:49+00:00","description":"Descubre quienes somos y las soluciones RFID y EAS para apparel retail: etiquetas inteligentes, trazabilidad, seguridad y control inventario.","breadcrumb":{"@id":"https:\/\/www.global-tag.com\/rfid-apparel-solutions-hub\/about-apparel-solutions-hub\/#breadcrumb"},"inLanguage":"es","potentialAction":[{"@type":"ReadAction","target":["https:\/\/www.global-tag.com\/rfid-apparel-solutions-hub\/about-apparel-solutions-hub\/"]}]},{"@type":"BreadcrumbList","@id":"https:\/\/www.global-tag.com\/rfid-apparel-solutions-hub\/about-apparel-solutions-hub\/#breadcrumb","itemListElement":[{"@type":"ListItem","position":1,"name":"Home","item":"https:\/\/www.global-tag.com\/"},{"@type":"ListItem","position":2,"name":"Apparel Solutions Hub \u2013 Tecnolog\u00eda RFID y EAS","item":"https:\/\/www.global-tag.com\/rfid-apparel-solutions-hub\/"},{"@type":"ListItem","position":3,"name":"Quienes Somos apparel retail"}]},{"@type":"WebSite","@id":"https:\/\/www.global-tag.com\/#website","url":"https:\/\/www.global-tag.com\/","name":"Global Tag","description":"","publisher":{"@id":"https:\/\/www.global-tag.com\/#organization"},"potentialAction":[{"@type":"SearchAction","target":{"@type":"EntryPoint","urlTemplate":"https:\/\/www.global-tag.com\/?s={search_term_string}"},"query-input":{"@type":"PropertyValueSpecification","valueRequired":true,"valueName":"search_term_string"}}],"inLanguage":"es"},{"@type":"Organization","@id":"https:\/\/www.global-tag.com\/#organization","name":"Global Tag","url":"https:\/\/www.global-tag.com\/","logo":{"@type":"ImageObject","inLanguage":"es","@id":"https:\/\/www.global-tag.com\/#\/schema\/logo\/image\/","url":"https:\/\/www.global-tag.com\/wp-content\/uploads\/2024\/11\/GLOBAL-TAG-logo.ai_.png","contentUrl":"https:\/\/www.global-tag.com\/wp-content\/uploads\/2024\/11\/GLOBAL-TAG-logo.ai_.png","width":1771,"height":825,"caption":"Global Tag"},"image":{"@id":"https:\/\/www.global-tag.com\/#\/schema\/logo\/image\/"},"sameAs":["https:\/\/x.com\/Global_Tag_RFID","https:\/\/www.linkedin.com\/company\/global-tag-srl---rfid-tag-for-global-request"]}]}},"_links":{"self":[{"href":"https:\/\/www.global-tag.com\/es\/wp-json\/wp\/v2\/pages\/279197","targetHints":{"allow":["GET"]}}],"collection":[{"href":"https:\/\/www.global-tag.com\/es\/wp-json\/wp\/v2\/pages"}],"about":[{"href":"https:\/\/www.global-tag.com\/es\/wp-json\/wp\/v2\/types\/page"}],"author":[{"embeddable":true,"href":"https:\/\/www.global-tag.com\/es\/wp-json\/wp\/v2\/users\/3"}],"replies":[{"embeddable":true,"href":"https:\/\/www.global-tag.com\/es\/wp-json\/wp\/v2\/comments?post=279197"}],"version-history":[{"count":12,"href":"https:\/\/www.global-tag.com\/es\/wp-json\/wp\/v2\/pages\/279197\/revisions"}],"predecessor-version":[{"id":282166,"href":"https:\/\/www.global-tag.com\/es\/wp-json\/wp\/v2\/pages\/279197\/revisions\/282166"}],"up":[{"embeddable":true,"href":"https:\/\/www.global-tag.com\/es\/wp-json\/wp\/v2\/pages\/279187"}],"wp:attachment":[{"href":"https:\/\/www.global-tag.com\/es\/wp-json\/wp\/v2\/media?parent=279197"}],"curies":[{"name":"wp","href":"https:\/\/api.w.org\/{rel}","templated":true}]}}