{"id":277303,"date":"2025-02-24T16:15:00","date_gmt":"2025-02-24T15:15:00","guid":{"rendered":"https:\/\/www.global-tag.com\/rfid-para-la-gestion-de-residuos\/servicios-rfid-para-la-gestion-de-residuos\/"},"modified":"2025-03-06T14:49:01","modified_gmt":"2025-03-06T13:49:01","slug":"servicios-rfid-para-la-gestion-de-residuos","status":"publish","type":"page","link":"https:\/\/www.global-tag.com\/es\/rfid-para-la-gestion-de-residuos\/servicios-rfid-para-la-gestion-de-residuos\/","title":{"rendered":"Servicios RFID para la gesti\u00f3n de residuos"},"content":{"rendered":"<p>[et_pb_section fb_built=&#8221;1&#8243; _builder_version=&#8221;4.27.4&#8243; _module_preset=&#8221;default&#8221; background_enable_color=&#8221;off&#8221; background_image=&#8221;https:\/\/www.global-tag.com\/wp-content\/uploads\/2025\/03\/service-wm.png&#8221; custom_padding=&#8221;0%||10%||false|false&#8221; top_divider_style=&#8221;arrow&#8221; top_divider_color=&#8221;gcid-75b7370e-8aaa-4586-8760-55d88efa2bbc&#8221; top_divider_height=&#8221;150px&#8221; bottom_divider_color=&#8221;#E4254A&#8221; bottom_divider_height=&#8221;130px&#8221; hover_enabled=&#8221;0&#8243; global_colors_info=&#8221;{%22gcid-75b7370e-8aaa-4586-8760-55d88efa2bbc%22:%91%22top_divider_color%22%93}&#8221; sticky_enabled=&#8221;0&#8243;][et_pb_row _builder_version=&#8221;4.24.2&#8243; _module_preset=&#8221;9f1baad1-7a02-4a00-97e0-ffbb41c307aa&#8221; background_color=&#8221;RGBA(255,255,255,0)&#8221; custom_padding=&#8221;||3%||false|false&#8221; global_colors_info=&#8221;{}&#8221;][et_pb_column type=&#8221;4_4&#8243; _builder_version=&#8221;4.24.2&#8243; _module_preset=&#8221;default&#8221; global_colors_info=&#8221;{}&#8221;][et_pb_heading title=&#8221;Servicios RFID para la Gesti\u00f3n de Residuos&#8221; _builder_version=&#8221;4.27.4&#8243; _module_preset=&#8221;default&#8221; title_font=&#8221;|800|||||||&#8221; title_text_align=&#8221;center&#8221; title_font_size=&#8221;35px&#8221; background_enable_color=&#8221;off&#8221; custom_margin=&#8221;||0%||false|false&#8221; custom_padding=&#8221;0%||1%||false|false&#8221; global_colors_info=&#8221;{}&#8221;][\/et_pb_heading][et_pb_heading title=&#8221;Podemos ayudarte en la elecci\u00f3n del mejor transpondedor RFID, NFC o BLE y en encontrar la mejor soluci\u00f3n para la aplicaci\u00f3n o el proyecto requerido.&#8221; _builder_version=&#8221;4.27.4&#8243; _module_preset=&#8221;default&#8221; title_level=&#8221;h3&#8243; title_text_align=&#8221;center&#8221; title_line_height=&#8221;1.2em&#8221; background_color=&#8221;RGBA(0,0,0,0.71)&#8221; width=&#8221;80%&#8221; module_alignment=&#8221;center&#8221; custom_margin=&#8221;8%||1%||false|false&#8221; custom_padding=&#8221;1%|8%|0%|8%|false|false&#8221; global_colors_info=&#8221;{}&#8221;][\/et_pb_heading][\/et_pb_column][\/et_pb_row][\/et_pb_section][et_pb_section fb_built=&#8221;1&#8243; admin_label=&#8221;Standard Label&#8221; _builder_version=&#8221;4.27.4&#8243; _module_preset=&#8221;default&#8221; background_enable_color=&#8221;off&#8221; use_background_color_gradient=&#8221;on&#8221; background_color_gradient_direction=&#8221;1deg&#8221; background_color_gradient_stops=&#8221;rgba(229,229,229,0.89) 0%|#ffffff 100%&#8221; max_width=&#8221;80%&#8221; module_alignment=&#8221;center&#8221; custom_margin=&#8221;3%||3%||false|false&#8221; custom_padding=&#8221;2%||4%||false|false&#8221; top_divider_color=&#8221;gcid-f40cdaa6-7814-476f-95ad-6742e88d94af&#8221; top_divider_height=&#8221;51px&#8221; box_shadow_style=&#8221;preset3&#8243; box_shadow_horizontal=&#8221;-2px&#8221; box_shadow_vertical=&#8221;1px&#8221; box_shadow_spread=&#8221;-2px&#8221; box_shadow_color=&#8221;gcid-fd6c5851-fc06-4829-a935-427d3c779b75&#8243; locked=&#8221;off&#8221; global_colors_info=&#8221;{%22gcid-f40cdaa6-7814-476f-95ad-6742e88d94af%22:%91%22top_divider_color%22%93,%22gcid-fd6c5851-fc06-4829-a935-427d3c779b75%22:%91%22box_shadow_color%22%93}&#8221;][et_pb_row column_structure=&#8221;1_2,1_2&#8243; _builder_version=&#8221;4.27.4&#8243; _module_preset=&#8221;default&#8221; background_image=&#8221;https:\/\/www.global-tag.com\/wp-content\/uploads\/2025\/03\/high-quality-1.png&#8221; width=&#8221;100%&#8221; max_width=&#8221;90%&#8221; custom_margin=&#8221;2%||4%||false|false&#8221; custom_padding=&#8221;10%||8%||false|false&#8221; global_colors_info=&#8221;{}&#8221;][et_pb_column type=&#8221;1_2&#8243; _builder_version=&#8221;4.24.2&#8243; _module_preset=&#8221;default&#8221; global_colors_info=&#8221;{}&#8221;][\/et_pb_column][et_pb_column type=&#8221;1_2&#8243; _builder_version=&#8221;4.24.2&#8243; _module_preset=&#8221;default&#8221; global_colors_info=&#8221;{}&#8221;][et_pb_heading title=&#8221;Est\u00e1ndares de ALTA CALIDAD&#8221; _builder_version=&#8221;4.27.4&#8243; _module_preset=&#8221;default&#8221; title_level=&#8221;h2&#8243; title_text_color=&#8221;gcid-75b7370e-8aaa-4586-8760-55d88efa2bbc&#8221; custom_padding=&#8221;|||10%|false|false&#8221; global_colors_info=&#8221;{%22gcid-75b7370e-8aaa-4586-8760-55d88efa2bbc%22:%91%22title_text_color%22%93}&#8221;][\/et_pb_heading][et_pb_text _builder_version=&#8221;4.27.4&#8243; _module_preset=&#8221;default&#8221; text_text_color=&#8221;RGBA(0,0,0,0.71)&#8221; text_font_size=&#8221;17px&#8221; module_alignment=&#8221;center&#8221; min_height=&#8221;102.8px&#8221; custom_margin=&#8221;||||false|false&#8221; custom_padding=&#8221;27px|2%||10%|false|false&#8221; global_colors_info=&#8221;{}&#8221;]<\/p>\n<p style=\"text-align: justify;\">Como proveedor de etiquetas RFID de alta calidad para la gesti\u00f3n de residuos (etiquetas robustas para contenedores, etiquetas de PVC, etiquetas para basura y opciones completamente personalizadas), nos comprometemos a ofrecer excelencia en cada etapa. Nuestros productos est\u00e1n dise\u00f1ados espec\u00edficamente para soportar los entornos m\u00e1s exigentes, garantizando un rendimiento duradero en condiciones clim\u00e1ticas extremas, exposici\u00f3n a productos qu\u00edmicos y estr\u00e9s mec\u00e1nico continuo. Para mantener nuestros altos est\u00e1ndares, sometemos a rigurosas pruebas cada producto antes de su env\u00edo para evitar posibles problemas.<\/p>\n<p style=\"text-align: justify;\">[\/et_pb_text][\/et_pb_column][\/et_pb_row][et_pb_row column_structure=&#8221;1_2,1_2&#8243; _builder_version=&#8221;4.27.4&#8243; _module_preset=&#8221;default&#8221; background_image=&#8221;https:\/\/www.global-tag.com\/wp-content\/uploads\/2025\/03\/support-360.png&#8221; width=&#8221;100%&#8221; max_width=&#8221;90%&#8221; custom_margin=&#8221;2%||4%||false|false&#8221; custom_padding=&#8221;12%||12%||false|false&#8221; global_colors_info=&#8221;{}&#8221;][et_pb_column type=&#8221;1_2&#8243; _builder_version=&#8221;4.24.2&#8243; _module_preset=&#8221;default&#8221; global_colors_info=&#8221;{}&#8221;][et_pb_heading title=&#8221;soporte de 360\u00b0&#8221; _builder_version=&#8221;4.27.4&#8243; _module_preset=&#8221;default&#8221; title_level=&#8221;h2&#8243; title_text_color=&#8221;gcid-75b7370e-8aaa-4586-8760-55d88efa2bbc&#8221; custom_padding=&#8221;|||2%|false|false&#8221; global_colors_info=&#8221;{%22gcid-75b7370e-8aaa-4586-8760-55d88efa2bbc%22:%91%22title_text_color%22%93}&#8221;][\/et_pb_heading][et_pb_text _builder_version=&#8221;4.27.4&#8243; _module_preset=&#8221;default&#8221; text_text_color=&#8221;RGBA(0,0,0,0.71)&#8221; text_font_size=&#8221;17px&#8221; module_alignment=&#8221;center&#8221; min_height=&#8221;102.8px&#8221; custom_margin=&#8221;||||false|false&#8221; custom_padding=&#8221;|25%||2%|false|false&#8221; global_colors_info=&#8221;{}&#8221;]<\/p>\n<p style=\"text-align: justify;\">Apoyamos a nuestros clientes en cada etapa del proyecto, ofreciendo asistencia completa y personalizada en el sector de la gesti\u00f3n de residuos. Desde estudios de viabilidad hasta la selecci\u00f3n de la etiqueta RFID m\u00e1s adecuada, as\u00ed como personalizaci\u00f3n e integraci\u00f3n del sistema, proporcionamos soluciones dise\u00f1adas para satisfacer cada necesidad. Gracias a nuestras rigurosas pruebas, garantizamos productos confiables y duraderos, incluso en entornos exigentes. Nuestro objetivo es optimizar la gesti\u00f3n de residuos, mejorando la eficiencia operativa y asegurando transparencia y sostenibilidad.<\/p>\n<p>[\/et_pb_text][\/et_pb_column][et_pb_column type=&#8221;1_2&#8243; _builder_version=&#8221;4.24.2&#8243; _module_preset=&#8221;default&#8221; global_colors_info=&#8221;{}&#8221;][\/et_pb_column][\/et_pb_row][et_pb_row _builder_version=&#8221;4.27.4&#8243; _module_preset=&#8221;default&#8221; background_image=&#8221;https:\/\/www.global-tag.com\/wp-content\/uploads\/2025\/03\/customization-wm.png&#8221; width=&#8221;100%&#8221; max_width=&#8221;90%&#8221; custom_margin=&#8221;2%||4%||false|false&#8221; custom_padding=&#8221;12%||12%||false|false&#8221; global_colors_info=&#8221;{}&#8221;][et_pb_column type=&#8221;4_4&#8243; _builder_version=&#8221;4.24.2&#8243; _module_preset=&#8221;default&#8221; global_colors_info=&#8221;{}&#8221;][et_pb_heading title=&#8221;personalizaci\u00f3n&#8221; _builder_version=&#8221;4.27.4&#8243; _module_preset=&#8221;default&#8221; title_level=&#8221;h2&#8243; title_text_align=&#8221;center&#8221; title_text_color=&#8221;gcid-75b7370e-8aaa-4586-8760-55d88efa2bbc&#8221; background_color=&#8221;rgba(255,255,255,0.71)&#8221; max_width=&#8221;95%&#8221; module_alignment=&#8221;center&#8221; custom_padding=&#8221;1%|||2%|false|false&#8221; global_colors_info=&#8221;{%22gcid-75b7370e-8aaa-4586-8760-55d88efa2bbc%22:%91%22title_text_color%22%93}&#8221;][\/et_pb_heading][et_pb_text _builder_version=&#8221;4.27.4&#8243; _module_preset=&#8221;default&#8221; text_text_color=&#8221;RGBA(0,0,0,0.71)&#8221; text_font_size=&#8221;17px&#8221; background_color=&#8221;rgba(255,255,255,0.63)&#8221; text_orientation=&#8221;center&#8221; max_width=&#8221;90%&#8221; module_alignment=&#8221;center&#8221; min_height=&#8221;102.8px&#8221; custom_margin=&#8221;||||false|true&#8221; custom_padding=&#8221;2%|2%|2%|2%|false|false&#8221; global_colors_info=&#8221;{}&#8221;]<\/p>\n<p style=\"text-align: center;\">Nuestros productos RFID para la gesti\u00f3n de residuos ofrecen una amplia gama de personalizaciones para satisfacer las necesidades espec\u00edficas de cada proyecto. Desde la selecci\u00f3n de materiales y tama\u00f1os hasta la configuraci\u00f3n de chips y memoria, as\u00ed como la impresi\u00f3n de logotipos o c\u00f3digos de identificaci\u00f3n, proporcionamos soluciones a medida para cada aplicaci\u00f3n. Gracias a nuestra flexibilidad y experiencia, ofrecemos etiquetas RFID dise\u00f1adas para integrarse perfectamente en los sistemas existentes, garantizando trazabilidad, eficiencia y durabilidad, incluso en entornos exigentes.<\/p>\n<p>[\/et_pb_text][\/et_pb_column][\/et_pb_row][\/et_pb_section]<\/p>\n","protected":false},"excerpt":{"rendered":"<p>Como proveedor de etiquetas RFID de alta calidad para la gesti\u00f3n de residuos (etiquetas robustas para contenedores, etiquetas de PVC, etiquetas para basura y opciones completamente personalizadas), nos comprometemos a ofrecer excelencia en cada etapa. Nuestros productos est\u00e1n dise\u00f1ados espec\u00edficamente para soportar los entornos m\u00e1s exigentes, garantizando un rendimiento duradero en condiciones clim\u00e1ticas extremas, exposici\u00f3n [&hellip;]<\/p>\n","protected":false},"author":1,"featured_media":0,"parent":277272,"menu_order":0,"comment_status":"closed","ping_status":"closed","template":"","meta":{"_acf_changed":false,"_et_pb_use_builder":"on","_et_pb_old_content":"","_et_gb_content_width":"","footnotes":""},"class_list":["post-277303","page","type-page","status-publish","hentry"],"acf":[],"yoast_head":"<!-- This site is optimized with the Yoast SEO Premium plugin v26.2 (Yoast SEO v27.3) - https:\/\/yoast.com\/product\/yoast-seo-premium-wordpress\/ -->\n<title>Servicios RFID para la gesti\u00f3n de residuos - Global Tag<\/title>\n<meta name=\"description\" content=\"Explore las ventajas de los Servicios RFID para la gesti\u00f3n de residuos y optimice eficazmente los procesos de gesti\u00f3n de residuos.\" \/>\n<meta name=\"robots\" content=\"index, follow, max-snippet:-1, max-image-preview:large, max-video-preview:-1\" \/>\n<link rel=\"canonical\" href=\"https:\/\/www.global-tag.com\/rfid-for-waste-management\/rfid-services-for-waste-management\/\" \/>\n<meta property=\"og:locale\" content=\"es_ES\" \/>\n<meta property=\"og:type\" content=\"article\" \/>\n<meta property=\"og:title\" content=\"Servicios RFID para la gesti\u00f3n de residuos\" \/>\n<meta property=\"og:description\" content=\"Explore las ventajas de los Servicios RFID para la gesti\u00f3n de residuos y optimice eficazmente los procesos de gesti\u00f3n de residuos.\" \/>\n<meta property=\"og:site_name\" content=\"Global Tag\" \/>\n<meta property=\"article:modified_time\" content=\"2025-03-06T13:49:01+00:00\" \/>\n<meta name=\"twitter:card\" content=\"summary_large_image\" \/>\n<meta name=\"twitter:site\" content=\"@Global_Tag_RFID\" \/>\n<meta name=\"twitter:label1\" content=\"Tiempo de lectura\" \/>\n\t<meta name=\"twitter:data1\" content=\"2 minutos\" \/>\n<script type=\"application\/ld+json\" class=\"yoast-schema-graph\">{\"@context\":\"https:\\\/\\\/schema.org\",\"@graph\":[{\"@type\":\"WebPage\",\"@id\":\"https:\\\/\\\/www.global-tag.com\\\/rfid-for-waste-management\\\/rfid-services-for-waste-management\\\/\",\"url\":\"https:\\\/\\\/www.global-tag.com\\\/rfid-for-waste-management\\\/rfid-services-for-waste-management\\\/\",\"name\":\"Servicios RFID para la gesti\u00f3n de residuos - Global Tag\",\"isPartOf\":{\"@id\":\"https:\\\/\\\/www.global-tag.com\\\/#website\"},\"datePublished\":\"2025-02-24T15:15:00+00:00\",\"dateModified\":\"2025-03-06T13:49:01+00:00\",\"description\":\"Explore las ventajas de los Servicios RFID para la gesti\u00f3n de residuos y optimice eficazmente los procesos de gesti\u00f3n de residuos.\",\"breadcrumb\":{\"@id\":\"https:\\\/\\\/www.global-tag.com\\\/rfid-for-waste-management\\\/rfid-services-for-waste-management\\\/#breadcrumb\"},\"inLanguage\":\"es\",\"potentialAction\":[{\"@type\":\"ReadAction\",\"target\":[\"https:\\\/\\\/www.global-tag.com\\\/rfid-for-waste-management\\\/rfid-services-for-waste-management\\\/\"]}]},{\"@type\":\"BreadcrumbList\",\"@id\":\"https:\\\/\\\/www.global-tag.com\\\/rfid-for-waste-management\\\/rfid-services-for-waste-management\\\/#breadcrumb\",\"itemListElement\":[{\"@type\":\"ListItem\",\"position\":1,\"name\":\"Home\",\"item\":\"https:\\\/\\\/www.global-tag.com\\\/\"},{\"@type\":\"ListItem\",\"position\":2,\"name\":\"RFID para la gesti\u00f3n de residuos\",\"item\":\"https:\\\/\\\/www.global-tag.com\\\/rfid-for-waste-management\\\/\"},{\"@type\":\"ListItem\",\"position\":3,\"name\":\"Servicios RFID para la gesti\u00f3n de residuos\"}]},{\"@type\":\"WebSite\",\"@id\":\"https:\\\/\\\/www.global-tag.com\\\/#website\",\"url\":\"https:\\\/\\\/www.global-tag.com\\\/\",\"name\":\"Global Tag\",\"description\":\"\",\"publisher\":{\"@id\":\"https:\\\/\\\/www.global-tag.com\\\/#organization\"},\"potentialAction\":[{\"@type\":\"SearchAction\",\"target\":{\"@type\":\"EntryPoint\",\"urlTemplate\":\"https:\\\/\\\/www.global-tag.com\\\/?s={search_term_string}\"},\"query-input\":{\"@type\":\"PropertyValueSpecification\",\"valueRequired\":true,\"valueName\":\"search_term_string\"}}],\"inLanguage\":\"es\"},{\"@type\":\"Organization\",\"@id\":\"https:\\\/\\\/www.global-tag.com\\\/#organization\",\"name\":\"Global Tag\",\"url\":\"https:\\\/\\\/www.global-tag.com\\\/\",\"logo\":{\"@type\":\"ImageObject\",\"inLanguage\":\"es\",\"@id\":\"https:\\\/\\\/www.global-tag.com\\\/#\\\/schema\\\/logo\\\/image\\\/\",\"url\":\"https:\\\/\\\/www.global-tag.com\\\/wp-content\\\/uploads\\\/2024\\\/11\\\/GLOBAL-TAG-logo.ai_.png\",\"contentUrl\":\"https:\\\/\\\/www.global-tag.com\\\/wp-content\\\/uploads\\\/2024\\\/11\\\/GLOBAL-TAG-logo.ai_.png\",\"width\":1771,\"height\":825,\"caption\":\"Global Tag\"},\"image\":{\"@id\":\"https:\\\/\\\/www.global-tag.com\\\/#\\\/schema\\\/logo\\\/image\\\/\"},\"sameAs\":[\"https:\\\/\\\/x.com\\\/Global_Tag_RFID\",\"https:\\\/\\\/www.linkedin.com\\\/company\\\/global-tag-srl---rfid-tag-for-global-request\"]}]}<\/script>\n<!-- \/ Yoast SEO Premium plugin. -->","yoast_head_json":{"title":"Servicios RFID para la gesti\u00f3n de residuos - Global Tag","description":"Explore las ventajas de los Servicios RFID para la gesti\u00f3n de residuos y optimice eficazmente los procesos de gesti\u00f3n de residuos.","robots":{"index":"index","follow":"follow","max-snippet":"max-snippet:-1","max-image-preview":"max-image-preview:large","max-video-preview":"max-video-preview:-1"},"canonical":"https:\/\/www.global-tag.com\/rfid-for-waste-management\/rfid-services-for-waste-management\/","og_locale":"es_ES","og_type":"article","og_title":"Servicios RFID para la gesti\u00f3n de residuos","og_description":"Explore las ventajas de los Servicios RFID para la gesti\u00f3n de residuos y optimice eficazmente los procesos de gesti\u00f3n de residuos.","og_site_name":"Global Tag","article_modified_time":"2025-03-06T13:49:01+00:00","twitter_card":"summary_large_image","twitter_site":"@Global_Tag_RFID","twitter_misc":{"Tiempo de lectura":"2 minutos"},"schema":{"@context":"https:\/\/schema.org","@graph":[{"@type":"WebPage","@id":"https:\/\/www.global-tag.com\/rfid-for-waste-management\/rfid-services-for-waste-management\/","url":"https:\/\/www.global-tag.com\/rfid-for-waste-management\/rfid-services-for-waste-management\/","name":"Servicios RFID para la gesti\u00f3n de residuos - Global Tag","isPartOf":{"@id":"https:\/\/www.global-tag.com\/#website"},"datePublished":"2025-02-24T15:15:00+00:00","dateModified":"2025-03-06T13:49:01+00:00","description":"Explore las ventajas de los Servicios RFID para la gesti\u00f3n de residuos y optimice eficazmente los procesos de gesti\u00f3n de residuos.","breadcrumb":{"@id":"https:\/\/www.global-tag.com\/rfid-for-waste-management\/rfid-services-for-waste-management\/#breadcrumb"},"inLanguage":"es","potentialAction":[{"@type":"ReadAction","target":["https:\/\/www.global-tag.com\/rfid-for-waste-management\/rfid-services-for-waste-management\/"]}]},{"@type":"BreadcrumbList","@id":"https:\/\/www.global-tag.com\/rfid-for-waste-management\/rfid-services-for-waste-management\/#breadcrumb","itemListElement":[{"@type":"ListItem","position":1,"name":"Home","item":"https:\/\/www.global-tag.com\/"},{"@type":"ListItem","position":2,"name":"RFID para la gesti\u00f3n de residuos","item":"https:\/\/www.global-tag.com\/rfid-for-waste-management\/"},{"@type":"ListItem","position":3,"name":"Servicios RFID para la gesti\u00f3n de residuos"}]},{"@type":"WebSite","@id":"https:\/\/www.global-tag.com\/#website","url":"https:\/\/www.global-tag.com\/","name":"Global Tag","description":"","publisher":{"@id":"https:\/\/www.global-tag.com\/#organization"},"potentialAction":[{"@type":"SearchAction","target":{"@type":"EntryPoint","urlTemplate":"https:\/\/www.global-tag.com\/?s={search_term_string}"},"query-input":{"@type":"PropertyValueSpecification","valueRequired":true,"valueName":"search_term_string"}}],"inLanguage":"es"},{"@type":"Organization","@id":"https:\/\/www.global-tag.com\/#organization","name":"Global Tag","url":"https:\/\/www.global-tag.com\/","logo":{"@type":"ImageObject","inLanguage":"es","@id":"https:\/\/www.global-tag.com\/#\/schema\/logo\/image\/","url":"https:\/\/www.global-tag.com\/wp-content\/uploads\/2024\/11\/GLOBAL-TAG-logo.ai_.png","contentUrl":"https:\/\/www.global-tag.com\/wp-content\/uploads\/2024\/11\/GLOBAL-TAG-logo.ai_.png","width":1771,"height":825,"caption":"Global Tag"},"image":{"@id":"https:\/\/www.global-tag.com\/#\/schema\/logo\/image\/"},"sameAs":["https:\/\/x.com\/Global_Tag_RFID","https:\/\/www.linkedin.com\/company\/global-tag-srl---rfid-tag-for-global-request"]}]}},"_links":{"self":[{"href":"https:\/\/www.global-tag.com\/es\/wp-json\/wp\/v2\/pages\/277303","targetHints":{"allow":["GET"]}}],"collection":[{"href":"https:\/\/www.global-tag.com\/es\/wp-json\/wp\/v2\/pages"}],"about":[{"href":"https:\/\/www.global-tag.com\/es\/wp-json\/wp\/v2\/types\/page"}],"author":[{"embeddable":true,"href":"https:\/\/www.global-tag.com\/es\/wp-json\/wp\/v2\/users\/1"}],"replies":[{"embeddable":true,"href":"https:\/\/www.global-tag.com\/es\/wp-json\/wp\/v2\/comments?post=277303"}],"version-history":[{"count":8,"href":"https:\/\/www.global-tag.com\/es\/wp-json\/wp\/v2\/pages\/277303\/revisions"}],"predecessor-version":[{"id":277942,"href":"https:\/\/www.global-tag.com\/es\/wp-json\/wp\/v2\/pages\/277303\/revisions\/277942"}],"up":[{"embeddable":true,"href":"https:\/\/www.global-tag.com\/es\/wp-json\/wp\/v2\/pages\/277272"}],"wp:attachment":[{"href":"https:\/\/www.global-tag.com\/es\/wp-json\/wp\/v2\/media?parent=277303"}],"curies":[{"name":"wp","href":"https:\/\/api.w.org\/{rel}","templated":true}]}}