{"id":277281,"date":"2025-02-24T15:56:09","date_gmt":"2025-02-24T14:56:09","guid":{"rendered":"https:\/\/www.global-tag.com\/rfid-para-la-gestion-de-residuos\/quienes-somos-waste-management\/"},"modified":"2025-03-05T12:24:57","modified_gmt":"2025-03-05T11:24:57","slug":"quienes-somos-waste-management","status":"publish","type":"page","link":"https:\/\/www.global-tag.com\/es\/rfid-para-la-gestion-de-residuos\/quienes-somos-waste-management\/","title":{"rendered":"Quienes Somos waste management"},"content":{"rendered":"<p>[et_pb_section fb_built=&#8221;1&#8243; _builder_version=&#8221;4.27.4&#8243; _module_preset=&#8221;default&#8221; background_enable_color=&#8221;off&#8221; background_image=&#8221;https:\/\/www.global-tag.com\/wp-content\/uploads\/2025\/03\/about-us-wm.png&#8221; custom_padding=&#8221;0%||0%||false|false&#8221; top_divider_style=&#8221;arrow&#8221; top_divider_color=&#8221;gcid-75b7370e-8aaa-4586-8760-55d88efa2bbc&#8221; top_divider_height=&#8221;94px&#8221; bottom_divider_style=&#8221;ramp2&#8243; bottom_divider_color=&#8221;gcid-fd6c5851-fc06-4829-a935-427d3c779b75&#8243; bottom_divider_height=&#8221;104px&#8221; hover_enabled=&#8221;0&#8243; global_colors_info=&#8221;{%22gcid-75b7370e-8aaa-4586-8760-55d88efa2bbc%22:%91%22top_divider_color%22%93}&#8221; title_text=&#8221;about us wm&#8221; sticky_enabled=&#8221;0&#8243;][et_pb_row _builder_version=&#8221;4.24.2&#8243; _module_preset=&#8221;9f1baad1-7a02-4a00-97e0-ffbb41c307aa&#8221; background_color=&#8221;RGBA(255,255,255,0)&#8221; custom_padding=&#8221;||3%||false|false&#8221; global_colors_info=&#8221;{}&#8221;][et_pb_column type=&#8221;4_4&#8243; _builder_version=&#8221;4.24.2&#8243; _module_preset=&#8221;default&#8221; global_colors_info=&#8221;{}&#8221;][et_pb_heading title=&#8221;Quienes Somos&#8221; _builder_version=&#8221;4.27.4&#8243; _module_preset=&#8221;default&#8221; title_font=&#8221;|800|||||||&#8221; title_text_align=&#8221;center&#8221; title_font_size=&#8221;35px&#8221; background_enable_color=&#8221;off&#8221; custom_margin=&#8221;||0%||false|false&#8221; custom_padding=&#8221;0%||1%||false|false&#8221; hover_enabled=&#8221;0&#8243; global_colors_info=&#8221;{}&#8221; sticky_enabled=&#8221;0&#8243;][\/et_pb_heading][et_pb_heading title=&#8221;Podemos ofrecer la m\u00e1s alta calidad al mejor precio para todas las etiquetas RFID para contenedores y recipientes, etiquetas industriales y accesorios para la gesti\u00f3n de residuos, sirviendo a municipios, empresas de recolecci\u00f3n, centros de reciclaje, plantas de disposici\u00f3n y fabricantes de bolsas de pl\u00e1stico para la recolecci\u00f3n separada de residuos.&#8221; _builder_version=&#8221;4.27.4&#8243; _module_preset=&#8221;default&#8221; title_level=&#8221;h3&#8243; title_text_align=&#8221;center&#8221; title_text_color=&#8221;#FFFFFF&#8221; title_line_height=&#8221;1.2em&#8221; background_color=&#8221;RGBA(0,0,0,0.71)&#8221; width=&#8221;80%&#8221; module_alignment=&#8221;center&#8221; custom_margin=&#8221;7%||7%||false|false&#8221; custom_padding=&#8221;2%|2%|1%|2%|false|false&#8221; hover_enabled=&#8221;0&#8243; global_colors_info=&#8221;{}&#8221; sticky_enabled=&#8221;0&#8243;][\/et_pb_heading][\/et_pb_column][\/et_pb_row][\/et_pb_section][et_pb_section fb_built=&#8221;1&#8243; admin_label=&#8221;Standard Label&#8221; _builder_version=&#8221;4.27.4&#8243; _module_preset=&#8221;default&#8221; background_enable_color=&#8221;off&#8221; width=&#8221;99.7%&#8221; custom_margin=&#8221;0%||0%||false|false&#8221; custom_padding=&#8221;2%||4%||false|false&#8221; top_divider_style=&#8221;slant2&#8243; top_divider_color=&#8221;gcid-fd6c5851-fc06-4829-a935-427d3c779b75&#8243; top_divider_height=&#8221;51px&#8221; locked=&#8221;off&#8221; global_colors_info=&#8221;{%22gcid-fd6c5851-fc06-4829-a935-427d3c779b75%22:%91%22top_divider_color%22%93}&#8221;][et_pb_row column_structure=&#8221;3_5,2_5&#8243; use_custom_gutter=&#8221;on&#8221; gutter_width=&#8221;2&#8243; _builder_version=&#8221;4.27.4&#8243; _module_preset=&#8221;_initial&#8221; width=&#8221;100%&#8221; max_width=&#8221;80%&#8221; module_alignment=&#8221;center&#8221; custom_margin=&#8221;0%||||false|false&#8221; box_shadow_style=&#8221;preset3&#8243; box_shadow_vertical=&#8221;4px&#8221; box_shadow_spread=&#8221;-1px&#8221; box_shadow_color=&#8221;gcid-fd6c5851-fc06-4829-a935-427d3c779b75&#8243; global_colors_info=&#8221;{%22gcid-fd6c5851-fc06-4829-a935-427d3c779b75%22:%91%22box_shadow_color%22%93}&#8221;][et_pb_column type=&#8221;3_5&#8243; _builder_version=&#8221;4.24.3&#8243; _module_preset=&#8221;default&#8221; global_colors_info=&#8221;{}&#8221;][et_pb_text _builder_version=&#8221;4.27.4&#8243; _module_preset=&#8221;default&#8221; quote_font=&#8221;||||||||&#8221; quote_text_align=&#8221;justify&#8221; text_orientation=&#8221;justified&#8221; custom_margin=&#8221;8%||||false|false&#8221; custom_padding=&#8221;|||3%|true|false&#8221; hover_enabled=&#8221;0&#8243; global_colors_info=&#8221;{}&#8221; sticky_enabled=&#8221;0&#8243;]<\/p>\n<p>La creaci\u00f3n de la <strong>Unidad de Negocios de Global Tag dedicada al mundo de la gesti\u00f3n de residuos<\/strong> surge del deseo de especializarnos y centrarnos en este sector, llevando nuestros productos y experiencia en RFID para servir a la gesti\u00f3n de residuos tanto a nivel nacional como internacional.<\/p>\n<p>Estamos profundamente comprometidos con satisfacer las necesidades de nuestros clientes, gui\u00e1ndolos a trav\u00e9s de<strong> todas las etapas del proceso de ejecuci\u00f3n<\/strong>, desde los estudios de viabilidad hasta la selecci\u00f3n de la etiqueta adecuada y la implementaci\u00f3n de las personalizaciones requeridas.<\/p>\n<p><strong>La Unidad de Negocios \u201cGesti\u00f3n de Residuos\u201d<\/strong> est\u00e1 dirigida a todas las entidades que operan en el sector de residuos, incluidas municipalidades, empresas de m\u00faltiples servicios, compa\u00f1\u00edas de recolecci\u00f3n de residuos urbanos, centros de reciclaje, instalaciones de eliminaci\u00f3n de residuos industriales y peligrosos, vertederos, plataformas ecol\u00f3gicas, contenedores inteligentes, sistemas de pago por generaci\u00f3n (PAYT) y fabricantes de bolsas de pl\u00e1stico para la recolecci\u00f3n separada de residuos.<\/p>\n<p>A todas estas organizaciones, les <strong>ofrecemos nuestra experiencia en la industria y una amplia gama de productos RFID<\/strong> en varios materiales, frecuencias y chips: etiquetas para contenedores y recipientes (hechas de PVC, ABS, nailon, etc.), etiquetas industriales para contenedores y bolsas, etiquetas dise\u00f1adas para funcionar en superficies met\u00e1licas y en entornos exteriores, y etiquetas personalizadas para la identificaci\u00f3n y monitoreo de residuos.<\/p>\n<p><strong>Lo que nos diferencia y nos hace competitivos son nuestros servicios, productos exclusivos y la alta calidad de nuestro suministro confiable y puntual<\/strong>. Con esta combinaci\u00f3n de caracter\u00edsticas, ayudamos a las entidades y empresas del sector a optimizar la gesti\u00f3n y el control de residuos, garantizando transparencia, eficiencia operativa y sostenibilidad ambiental.<\/p>\n<p>[\/et_pb_text][\/et_pb_column][et_pb_column type=&#8221;2_5&#8243; _builder_version=&#8221;4.24.3&#8243; _module_preset=&#8221;default&#8221; global_colors_info=&#8221;{}&#8221;][et_pb_image src=&#8221;https:\/\/www.global-tag.com\/wp-content\/uploads\/2025\/03\/Roll-up-Waste-Management-1.png&#8221; title_text=&#8221;Roll up Waste Management&#8221; align=&#8221;center&#8221; _builder_version=&#8221;4.27.4&#8243; _module_preset=&#8221;default&#8221; hover_enabled=&#8221;0&#8243; global_colors_info=&#8221;{}&#8221; sticky_enabled=&#8221;0&#8243;][\/et_pb_image][\/et_pb_column][\/et_pb_row][et_pb_row use_custom_gutter=&#8221;on&#8221; gutter_width=&#8221;2&#8243; _builder_version=&#8221;4.27.4&#8243; _module_preset=&#8221;_initial&#8221; width=&#8221;100%&#8221; max_width=&#8221;80%&#8221; custom_margin=&#8221;2%||||false|false&#8221; box_shadow_style=&#8221;preset3&#8243; box_shadow_horizontal=&#8221;1px&#8221; box_shadow_vertical=&#8221;-7px&#8221; box_shadow_blur=&#8221;25px&#8221; box_shadow_spread=&#8221;-4px&#8221; box_shadow_color=&#8221;gcid-fd6c5851-fc06-4829-a935-427d3c779b75&#8243; global_colors_info=&#8221;{%22gcid-fd6c5851-fc06-4829-a935-427d3c779b75%22:%91%22box_shadow_color%22%93}&#8221;][et_pb_column type=&#8221;4_4&#8243; _builder_version=&#8221;4.24.3&#8243; _module_preset=&#8221;default&#8221; global_colors_info=&#8221;{}&#8221;][et_pb_video src=&#8221;https:\/\/www.youtube.com\/watch?v=kM3YiYYmRBI&#8221; _builder_version=&#8221;4.27.4&#8243; _module_preset=&#8221;default&#8221; custom_padding=&#8221;|3%||3%|false|true&#8221; global_colors_info=&#8221;{}&#8221;][\/et_pb_video][\/et_pb_column][\/et_pb_row][\/et_pb_section]<\/p>\n","protected":false},"excerpt":{"rendered":"<p>La creaci\u00f3n de la Unidad de Negocios de Global Tag dedicada al mundo de la gesti\u00f3n de residuos surge del deseo de especializarnos y centrarnos en este sector, llevando nuestros productos y experiencia en RFID para servir a la gesti\u00f3n de residuos tanto a nivel nacional como internacional. Estamos profundamente comprometidos con satisfacer las necesidades [&hellip;]<\/p>\n","protected":false},"author":1,"featured_media":0,"parent":277272,"menu_order":0,"comment_status":"closed","ping_status":"closed","template":"","meta":{"_acf_changed":false,"_et_pb_use_builder":"on","_et_pb_old_content":"","_et_gb_content_width":"","footnotes":""},"class_list":["post-277281","page","type-page","status-publish","hentry"],"acf":[],"yoast_head":"<!-- This site is optimized with the Yoast SEO Premium plugin v26.2 (Yoast SEO v27.3) - https:\/\/yoast.com\/product\/yoast-seo-premium-wordpress\/ -->\n<title>Quienes Somos waste management - Global Tag<\/title>\n<meta name=\"description\" content=\"Descubra quienes Somos, donde nos especializamos en el suministro de tarjetas y accesorios RFID de alta calidad para waste management.\" \/>\n<meta name=\"robots\" content=\"index, follow, max-snippet:-1, max-image-preview:large, max-video-preview:-1\" \/>\n<link rel=\"canonical\" href=\"https:\/\/www.global-tag.com\/rfid-for-waste-management\/about-waste-management\/\" \/>\n<meta property=\"og:locale\" content=\"es_ES\" \/>\n<meta property=\"og:type\" content=\"article\" \/>\n<meta property=\"og:title\" content=\"Quienes Somos waste management\" \/>\n<meta property=\"og:description\" content=\"Descubra quienes Somos, donde nos especializamos en el suministro de tarjetas y accesorios RFID de alta calidad para waste management.\" \/>\n<meta property=\"og:site_name\" content=\"Global Tag\" \/>\n<meta property=\"article:modified_time\" content=\"2025-03-05T11:24:57+00:00\" \/>\n<meta name=\"twitter:card\" content=\"summary_large_image\" \/>\n<meta name=\"twitter:site\" content=\"@Global_Tag_RFID\" \/>\n<meta name=\"twitter:label1\" content=\"Tiempo de lectura\" \/>\n\t<meta name=\"twitter:data1\" content=\"2 minutos\" \/>\n<script type=\"application\/ld+json\" class=\"yoast-schema-graph\">{\"@context\":\"https:\\\/\\\/schema.org\",\"@graph\":[{\"@type\":\"WebPage\",\"@id\":\"https:\\\/\\\/www.global-tag.com\\\/rfid-for-waste-management\\\/about-waste-management\\\/\",\"url\":\"https:\\\/\\\/www.global-tag.com\\\/rfid-for-waste-management\\\/about-waste-management\\\/\",\"name\":\"Quienes Somos waste management - Global Tag\",\"isPartOf\":{\"@id\":\"https:\\\/\\\/www.global-tag.com\\\/#website\"},\"datePublished\":\"2025-02-24T14:56:09+00:00\",\"dateModified\":\"2025-03-05T11:24:57+00:00\",\"description\":\"Descubra quienes Somos, donde nos especializamos en el suministro de tarjetas y accesorios RFID de alta calidad para waste management.\",\"breadcrumb\":{\"@id\":\"https:\\\/\\\/www.global-tag.com\\\/rfid-for-waste-management\\\/about-waste-management\\\/#breadcrumb\"},\"inLanguage\":\"es\",\"potentialAction\":[{\"@type\":\"ReadAction\",\"target\":[\"https:\\\/\\\/www.global-tag.com\\\/rfid-for-waste-management\\\/about-waste-management\\\/\"]}]},{\"@type\":\"BreadcrumbList\",\"@id\":\"https:\\\/\\\/www.global-tag.com\\\/rfid-for-waste-management\\\/about-waste-management\\\/#breadcrumb\",\"itemListElement\":[{\"@type\":\"ListItem\",\"position\":1,\"name\":\"Home\",\"item\":\"https:\\\/\\\/www.global-tag.com\\\/\"},{\"@type\":\"ListItem\",\"position\":2,\"name\":\"RFID para la gesti\u00f3n de residuos\",\"item\":\"https:\\\/\\\/www.global-tag.com\\\/rfid-for-waste-management\\\/\"},{\"@type\":\"ListItem\",\"position\":3,\"name\":\"Quienes Somos waste management\"}]},{\"@type\":\"WebSite\",\"@id\":\"https:\\\/\\\/www.global-tag.com\\\/#website\",\"url\":\"https:\\\/\\\/www.global-tag.com\\\/\",\"name\":\"Global Tag\",\"description\":\"\",\"publisher\":{\"@id\":\"https:\\\/\\\/www.global-tag.com\\\/#organization\"},\"potentialAction\":[{\"@type\":\"SearchAction\",\"target\":{\"@type\":\"EntryPoint\",\"urlTemplate\":\"https:\\\/\\\/www.global-tag.com\\\/?s={search_term_string}\"},\"query-input\":{\"@type\":\"PropertyValueSpecification\",\"valueRequired\":true,\"valueName\":\"search_term_string\"}}],\"inLanguage\":\"es\"},{\"@type\":\"Organization\",\"@id\":\"https:\\\/\\\/www.global-tag.com\\\/#organization\",\"name\":\"Global Tag\",\"url\":\"https:\\\/\\\/www.global-tag.com\\\/\",\"logo\":{\"@type\":\"ImageObject\",\"inLanguage\":\"es\",\"@id\":\"https:\\\/\\\/www.global-tag.com\\\/#\\\/schema\\\/logo\\\/image\\\/\",\"url\":\"https:\\\/\\\/www.global-tag.com\\\/wp-content\\\/uploads\\\/2024\\\/11\\\/GLOBAL-TAG-logo.ai_.png\",\"contentUrl\":\"https:\\\/\\\/www.global-tag.com\\\/wp-content\\\/uploads\\\/2024\\\/11\\\/GLOBAL-TAG-logo.ai_.png\",\"width\":1771,\"height\":825,\"caption\":\"Global Tag\"},\"image\":{\"@id\":\"https:\\\/\\\/www.global-tag.com\\\/#\\\/schema\\\/logo\\\/image\\\/\"},\"sameAs\":[\"https:\\\/\\\/x.com\\\/Global_Tag_RFID\",\"https:\\\/\\\/www.linkedin.com\\\/company\\\/global-tag-srl---rfid-tag-for-global-request\"]}]}<\/script>\n<!-- \/ Yoast SEO Premium plugin. -->","yoast_head_json":{"title":"Quienes Somos waste management - Global Tag","description":"Descubra quienes Somos, donde nos especializamos en el suministro de tarjetas y accesorios RFID de alta calidad para waste management.","robots":{"index":"index","follow":"follow","max-snippet":"max-snippet:-1","max-image-preview":"max-image-preview:large","max-video-preview":"max-video-preview:-1"},"canonical":"https:\/\/www.global-tag.com\/rfid-for-waste-management\/about-waste-management\/","og_locale":"es_ES","og_type":"article","og_title":"Quienes Somos waste management","og_description":"Descubra quienes Somos, donde nos especializamos en el suministro de tarjetas y accesorios RFID de alta calidad para waste management.","og_site_name":"Global Tag","article_modified_time":"2025-03-05T11:24:57+00:00","twitter_card":"summary_large_image","twitter_site":"@Global_Tag_RFID","twitter_misc":{"Tiempo de lectura":"2 minutos"},"schema":{"@context":"https:\/\/schema.org","@graph":[{"@type":"WebPage","@id":"https:\/\/www.global-tag.com\/rfid-for-waste-management\/about-waste-management\/","url":"https:\/\/www.global-tag.com\/rfid-for-waste-management\/about-waste-management\/","name":"Quienes Somos waste management - Global Tag","isPartOf":{"@id":"https:\/\/www.global-tag.com\/#website"},"datePublished":"2025-02-24T14:56:09+00:00","dateModified":"2025-03-05T11:24:57+00:00","description":"Descubra quienes Somos, donde nos especializamos en el suministro de tarjetas y accesorios RFID de alta calidad para waste management.","breadcrumb":{"@id":"https:\/\/www.global-tag.com\/rfid-for-waste-management\/about-waste-management\/#breadcrumb"},"inLanguage":"es","potentialAction":[{"@type":"ReadAction","target":["https:\/\/www.global-tag.com\/rfid-for-waste-management\/about-waste-management\/"]}]},{"@type":"BreadcrumbList","@id":"https:\/\/www.global-tag.com\/rfid-for-waste-management\/about-waste-management\/#breadcrumb","itemListElement":[{"@type":"ListItem","position":1,"name":"Home","item":"https:\/\/www.global-tag.com\/"},{"@type":"ListItem","position":2,"name":"RFID para la gesti\u00f3n de residuos","item":"https:\/\/www.global-tag.com\/rfid-for-waste-management\/"},{"@type":"ListItem","position":3,"name":"Quienes Somos waste management"}]},{"@type":"WebSite","@id":"https:\/\/www.global-tag.com\/#website","url":"https:\/\/www.global-tag.com\/","name":"Global Tag","description":"","publisher":{"@id":"https:\/\/www.global-tag.com\/#organization"},"potentialAction":[{"@type":"SearchAction","target":{"@type":"EntryPoint","urlTemplate":"https:\/\/www.global-tag.com\/?s={search_term_string}"},"query-input":{"@type":"PropertyValueSpecification","valueRequired":true,"valueName":"search_term_string"}}],"inLanguage":"es"},{"@type":"Organization","@id":"https:\/\/www.global-tag.com\/#organization","name":"Global Tag","url":"https:\/\/www.global-tag.com\/","logo":{"@type":"ImageObject","inLanguage":"es","@id":"https:\/\/www.global-tag.com\/#\/schema\/logo\/image\/","url":"https:\/\/www.global-tag.com\/wp-content\/uploads\/2024\/11\/GLOBAL-TAG-logo.ai_.png","contentUrl":"https:\/\/www.global-tag.com\/wp-content\/uploads\/2024\/11\/GLOBAL-TAG-logo.ai_.png","width":1771,"height":825,"caption":"Global Tag"},"image":{"@id":"https:\/\/www.global-tag.com\/#\/schema\/logo\/image\/"},"sameAs":["https:\/\/x.com\/Global_Tag_RFID","https:\/\/www.linkedin.com\/company\/global-tag-srl---rfid-tag-for-global-request"]}]}},"_links":{"self":[{"href":"https:\/\/www.global-tag.com\/es\/wp-json\/wp\/v2\/pages\/277281","targetHints":{"allow":["GET"]}}],"collection":[{"href":"https:\/\/www.global-tag.com\/es\/wp-json\/wp\/v2\/pages"}],"about":[{"href":"https:\/\/www.global-tag.com\/es\/wp-json\/wp\/v2\/types\/page"}],"author":[{"embeddable":true,"href":"https:\/\/www.global-tag.com\/es\/wp-json\/wp\/v2\/users\/1"}],"replies":[{"embeddable":true,"href":"https:\/\/www.global-tag.com\/es\/wp-json\/wp\/v2\/comments?post=277281"}],"version-history":[{"count":4,"href":"https:\/\/www.global-tag.com\/es\/wp-json\/wp\/v2\/pages\/277281\/revisions"}],"predecessor-version":[{"id":277796,"href":"https:\/\/www.global-tag.com\/es\/wp-json\/wp\/v2\/pages\/277281\/revisions\/277796"}],"up":[{"embeddable":true,"href":"https:\/\/www.global-tag.com\/es\/wp-json\/wp\/v2\/pages\/277272"}],"wp:attachment":[{"href":"https:\/\/www.global-tag.com\/es\/wp-json\/wp\/v2\/media?parent=277281"}],"curies":[{"name":"wp","href":"https:\/\/api.w.org\/{rel}","templated":true}]}}