{"id":268347,"date":"2024-03-20T16:06:57","date_gmt":"2024-03-20T15:06:57","guid":{"rendered":"https:\/\/global.global-tag.com\/servicios\/"},"modified":"2025-02-28T11:56:43","modified_gmt":"2025-02-28T10:56:43","slug":"servicios","status":"publish","type":"page","link":"https:\/\/www.global-tag.com\/es\/servicios\/","title":{"rendered":"Servicios"},"content":{"rendered":"<p>[et_pb_section fb_built=&#8221;1&#8243; _builder_version=&#8221;4.24.3&#8243; _module_preset=&#8221;default&#8221; background_color=&#8221;rgba(0,0,0,0.71)&#8221; custom_padding=&#8221;0%||0%||false|false&#8221; top_divider_style=&#8221;arrow&#8221; top_divider_color=&#8221;rgba(0,0,0,0.24)&#8221; top_divider_height=&#8221;122px&#8221; bottom_divider_color=&#8221;#E4254A&#8221; bottom_divider_height=&#8221;130px&#8221; global_colors_info=&#8221;{}&#8221;][et_pb_row _builder_version=&#8221;4.24.2&#8243; _module_preset=&#8221;9f1baad1-7a02-4a00-97e0-ffbb41c307aa&#8221; background_color=&#8221;RGBA(255,255,255,0)&#8221; custom_padding=&#8221;||3%||false|false&#8221; global_colors_info=&#8221;{}&#8221;][et_pb_column type=&#8221;4_4&#8243; _builder_version=&#8221;4.24.2&#8243; _module_preset=&#8221;default&#8221; global_colors_info=&#8221;{}&#8221;][et_pb_heading title=&#8221;Servicios dise\u00f1ados para etiquetas RFID y Beacon BLE&#8221; _builder_version=&#8221;4.24.2&#8243; _module_preset=&#8221;default&#8221; title_font=&#8221;|800|||||||&#8221; title_text_align=&#8221;center&#8221; title_font_size=&#8221;35px&#8221; background_enable_color=&#8221;off&#8221; custom_margin=&#8221;||0%||false|false&#8221; custom_padding=&#8221;0%||1%||false|false&#8221; global_colors_info=&#8221;{}&#8221;][\/et_pb_heading][et_pb_heading title=&#8221;Podemos ayudarte en la elecci\u00f3n del mejor transpondedor RFID, NFC o BLE y en encontrar la mejor soluci\u00f3n para la aplicaci\u00f3n o el proyecto requerido.&#8221; _builder_version=&#8221;4.24.3&#8243; _module_preset=&#8221;default&#8221; title_level=&#8221;h3&#8243; title_text_align=&#8221;center&#8221; background_enable_color=&#8221;off&#8221; width=&#8221;80%&#8221; module_alignment=&#8221;center&#8221; custom_margin=&#8221;2%||1%||false|false&#8221; custom_padding=&#8221;1%||0%||false|false&#8221; global_colors_info=&#8221;{}&#8221;][\/et_pb_heading][\/et_pb_column][\/et_pb_row][\/et_pb_section][et_pb_section fb_built=&#8221;1&#8243; admin_label=&#8221;Standard Label&#8221; module_id=&#8221;Standard_label&#8221; _builder_version=&#8221;4.24.3&#8243; _module_preset=&#8221;default&#8221; background_enable_color=&#8221;off&#8221; use_background_color_gradient=&#8221;on&#8221; background_color_gradient_direction=&#8221;1deg&#8221; background_color_gradient_stops=&#8221;rgba(229,229,229,0.89) 0%|#ffffff 100%&#8221; custom_margin=&#8221;0%||0%||false|false&#8221; custom_padding=&#8221;2%||4%||false|false&#8221; top_divider_style=&#8221;slant&#8221; top_divider_color=&#8221;rgba(0,0,0,0.71)&#8221; top_divider_height=&#8221;51px&#8221; locked=&#8221;off&#8221; global_colors_info=&#8221;{}&#8221;][et_pb_row column_structure=&#8221;1_2,1_2&#8243; _builder_version=&#8221;4.24.3&#8243; _module_preset=&#8221;default&#8221; max_width=&#8221;100%&#8221; custom_margin=&#8221;0%||0%||false|false&#8221; custom_padding=&#8221;5%||||false|false&#8221; global_colors_info=&#8221;{}&#8221;][et_pb_column type=&#8221;1_2&#8243; _builder_version=&#8221;4.24.2&#8243; _module_preset=&#8221;default&#8221; global_colors_info=&#8221;{}&#8221;][et_pb_image src=&#8221;https:\/\/global-tag.com\/wp-content\/uploads\/2024\/03\/personalizzazione_servizi-jpg.webp&#8221; title_text=&#8221;personalizzazione_servizi&#8221; align=&#8221;center&#8221; _builder_version=&#8221;4.24.3&#8243; _module_preset=&#8221;default&#8221; box_shadow_style=&#8221;preset2&#8243; global_colors_info=&#8221;{}&#8221;][\/et_pb_image][\/et_pb_column][et_pb_column type=&#8221;1_2&#8243; _builder_version=&#8221;4.24.2&#8243; _module_preset=&#8221;default&#8221; global_colors_info=&#8221;{}&#8221;][et_pb_heading title=&#8221;TAG RFID A MEDIDA&#8221; _builder_version=&#8221;4.24.3&#8243; _module_preset=&#8221;default&#8221; title_level=&#8221;h2&#8243; title_text_color=&#8221;RGBA(0,0,0,0.71)&#8221; global_colors_info=&#8221;{}&#8221;][\/et_pb_heading][et_pb_text _builder_version=&#8221;4.24.3&#8243; _module_preset=&#8221;default&#8221; text_text_color=&#8221;RGBA(0,0,0,0.71)&#8221; text_font_size=&#8221;17px&#8221; module_alignment=&#8221;center&#8221; min_height=&#8221;102.8px&#8221; custom_margin=&#8221;||||false|false&#8221; custom_padding=&#8221;||||false|false&#8221; text_text_shadow_style=&#8221;preset4&#8243; text_text_shadow_color=&#8221;#A8ABAB&#8221; global_colors_info=&#8221;{}&#8221;]<\/p>\n<p style=\"text-align: justify;\">Nuestro objetivo es ayudarte a elegir el mejor transpondedor. Contamos con todas las frecuencias RFID posibles: LF, HF y UHF, as\u00ed como transpondedores NFC y tambi\u00e9n la tecnolog\u00eda m\u00e1s innovadora BLE. Gracias a esto, podemos asistirte en la elecci\u00f3n de la mejor soluci\u00f3n para el aparato o el proyecto que necesites. <\/p>\n<p>Adem\u00e1s, estamos especializados en dise\u00f1ar, personalizar y fabricar transponders para satisfacer necesidades especiales que no est\u00e1n disponibles en el mercado actual.<\/p>\n<p style=\"text-align: justify;\">[\/et_pb_text][\/et_pb_column][\/et_pb_row][et_pb_row column_structure=&#8221;1_2,1_2&#8243; _builder_version=&#8221;4.24.3&#8243; _module_preset=&#8221;default&#8221; max_width=&#8221;100%&#8221; custom_margin=&#8221;0%||0%||false|false&#8221; custom_padding=&#8221;5%||||false|false&#8221; global_colors_info=&#8221;{}&#8221;][et_pb_column type=&#8221;1_2&#8243; _builder_version=&#8221;4.24.2&#8243; _module_preset=&#8221;default&#8221; global_colors_info=&#8221;{}&#8221;][et_pb_heading title=&#8221;impresi\u00f3n y grabado l\u00e1ser&#8221; _builder_version=&#8221;4.24.3&#8243; _module_preset=&#8221;default&#8221; title_level=&#8221;h2&#8243; title_text_color=&#8221;RGBA(0,0,0,0.71)&#8221; global_colors_info=&#8221;{}&#8221;][\/et_pb_heading][et_pb_text _builder_version=&#8221;4.24.3&#8243; _module_preset=&#8221;default&#8221; text_text_color=&#8221;RGBA(0,0,0,0.71)&#8221; text_font_size=&#8221;17px&#8221; module_alignment=&#8221;center&#8221; min_height=&#8221;102.8px&#8221; custom_margin=&#8221;||||false|false&#8221; custom_padding=&#8221;||||false|false&#8221; text_text_shadow_style=&#8221;preset4&#8243; text_text_shadow_color=&#8221;#A8ABAB&#8221; global_colors_info=&#8221;{}&#8221;]<\/p>\n<div class=\"col-text-1 text-normal element-top-20 element-bottom-20\" data-os-animation=\"none\" data-os-animation-delay=\"0s\">\n<p>Queremos presentar las principales opciones con las que solemos trabajar:<\/p>\n<\/div>\n<ul class=\"skills-list normal element-top-20 element-bottom-20 text-normal\" data-os-animation=\"none\" data-os-animation-delay=\"0s\">\n<li>Impresi\u00f3n en monocromo o en cuatricrom\u00eda, o con c\u00f3digo Pantone del dise\u00f1o gr\u00e1fico suministrado por el cliente (en tarjetas \/ pulseras \/ llaveros \/ disquetes \/ etiquetas de papel \/ etiquetas de polipropileno o polietileno y otros).<\/li>\n<li>Impresi\u00f3n o grabado l\u00e1ser de c\u00f3digo serial progresivo<\/li>\n<li>Impresi\u00f3n o grabado l\u00e1ser de c\u00f3digos generados a partir de archivos .xls proporcionados por el cliente<\/li>\n<li>Impresi\u00f3n o grabado l\u00e1ser del c\u00f3digo UID de tag RFID HF<\/li>\n<li>Impresi\u00f3n o grabado l\u00e1ser del c\u00f3digo EPC de tag RFID UHF.<\/li>\n<li>Impresi\u00f3n de c\u00f3digos de barras o QR Code<\/li>\n<\/ul>\n<p style=\"text-align: justify;\">\n<p>[\/et_pb_text][\/et_pb_column][et_pb_column type=&#8221;1_2&#8243; _builder_version=&#8221;4.24.3&#8243; _module_preset=&#8221;default&#8221; global_colors_info=&#8221;{}&#8221;][et_pb_image src=&#8221;https:\/\/global-tag.com\/wp-content\/uploads\/2024\/04\/printing-scaled.webp&#8221; title_text=&#8221;Impresi\u00f3n&#8221; align=&#8221;center&#8221; _builder_version=&#8221;4.24.3&#8243; _module_preset=&#8221;default&#8221; box_shadow_style=&#8221;preset2&#8243; global_colors_info=&#8221;{}&#8221;][\/et_pb_image][\/et_pb_column][\/et_pb_row][et_pb_row column_structure=&#8221;1_2,1_2&#8243; _builder_version=&#8221;4.24.3&#8243; _module_preset=&#8221;default&#8221; max_width=&#8221;100%&#8221; custom_margin=&#8221;0%||0%||false|false&#8221; custom_padding=&#8221;5%||||false|false&#8221; global_colors_info=&#8221;{}&#8221;][et_pb_column type=&#8221;1_2&#8243; _builder_version=&#8221;4.24.2&#8243; _module_preset=&#8221;default&#8221; global_colors_info=&#8221;{}&#8221;][et_pb_image src=&#8221;https:\/\/global-tag.com\/wp-content\/uploads\/2024\/04\/Servizi_battezzo-scaled.webp&#8221; title_text=&#8221;Servizi_battezzo&#8221; align=&#8221;center&#8221; _builder_version=&#8221;4.24.3&#8243; _module_preset=&#8221;default&#8221; box_shadow_style=&#8221;preset2&#8243; global_colors_info=&#8221;{}&#8221;][\/et_pb_image][\/et_pb_column][et_pb_column type=&#8221;1_2&#8243; _builder_version=&#8221;4.24.2&#8243; _module_preset=&#8221;default&#8221; global_colors_info=&#8221;{}&#8221;][et_pb_heading title=&#8221;Servicio de codificaci\u00f3n&#8221; _builder_version=&#8221;4.24.3&#8243; _module_preset=&#8221;default&#8221; title_level=&#8221;h2&#8243; title_text_color=&#8221;RGBA(0,0,0,0.71)&#8221; global_colors_info=&#8221;{}&#8221;][\/et_pb_heading][et_pb_text _builder_version=&#8221;4.24.3&#8243; _module_preset=&#8221;default&#8221; text_text_color=&#8221;RGBA(0,0,0,0.71)&#8221; text_font_size=&#8221;17px&#8221; module_alignment=&#8221;center&#8221; min_height=&#8221;102.8px&#8221; custom_margin=&#8221;||||false|false&#8221; custom_padding=&#8221;||||false|false&#8221; text_text_shadow_style=&#8221;preset4&#8243; text_text_shadow_color=&#8221;#A8ABAB&#8221; global_colors_info=&#8221;{}&#8221;]<\/p>\n<p>Con o sin opci\u00f3n de impresi\u00f3n, tambi\u00e9n te ayudamos en:<\/p>\n<ul class=\"skills-list normal element-top-20 element-bottom-20 text-normal\" data-os-animation=\"none\" data-os-animation-delay=\"0s\">\n<li>Codificaci\u00f3n de la memoria del tag transpondedor RFID HF<\/li>\n<li>Codificaci\u00f3n de la memoria del tag transpondedor RFID UHF<\/li>\n<li>Codificaci\u00f3n de la memoria NFC de acuerdo con el formato NDEF espec\u00edfico<\/li>\n<li>Codificaci\u00f3n de la banda magn\u00e9tica HiCo<\/li>\n<li>Asociaci\u00f3n al database de datos requerida por los clientes (por ejemplo, c\u00f3digo serial progresivo y c\u00f3digo UID del transpondedor RFID HF o c\u00f3digo EPC UHF).<\/li>\n<li>Para el Beacon BLE (Bluetooth Low Energy), tambi\u00e9n codificamos siguiendo el archivo .xls todos los par\u00e1metros disponibles (por ejemplo major, minor, adv interval, g-sensor parameters, Tx power, Eddystone TLM, URL etc.)<\/li>\n<\/ul>\n<p style=\"text-align: justify;\">\n<p>[\/et_pb_text][\/et_pb_column][\/et_pb_row][et_pb_row _builder_version=&#8221;4.24.3&#8243; _module_preset=&#8221;default&#8221; global_colors_info=&#8221;{}&#8221;][et_pb_column type=&#8221;4_4&#8243; _builder_version=&#8221;4.24.3&#8243; _module_preset=&#8221;default&#8221; global_colors_info=&#8221;{}&#8221;][\/et_pb_column][\/et_pb_row][\/et_pb_section]<\/p>\n","protected":false},"excerpt":{"rendered":"<p>Nuestro objetivo es ayudarte a elegir el mejor transpondedor. Contamos con todas las frecuencias RFID posibles: LF, HF y UHF, as\u00ed como transpondedores NFC y tambi\u00e9n la tecnolog\u00eda m\u00e1s innovadora BLE. Gracias a esto, podemos asistirte en la elecci\u00f3n de la mejor soluci\u00f3n para el aparato o el proyecto que necesites. Adem\u00e1s, estamos especializados en [&hellip;]<\/p>\n","protected":false},"author":3,"featured_media":0,"parent":0,"menu_order":0,"comment_status":"closed","ping_status":"closed","template":"","meta":{"_acf_changed":false,"_et_pb_use_builder":"on","_et_pb_old_content":"","_et_gb_content_width":"","footnotes":""},"class_list":["post-268347","page","type-page","status-publish","hentry"],"acf":[],"yoast_head":"<!-- This site is optimized with the Yoast SEO Premium plugin v26.2 (Yoast SEO v27.4) - https:\/\/yoast.com\/product\/yoast-seo-premium-wordpress\/ -->\n<title>Servicios - Global Tag<\/title>\n<meta name=\"description\" content=\"Descubra los mejores servicios para transpondedores RFID, NFC y BLE adaptados a su aplicaci\u00f3n. Perm\u00edtanos ayudarle a elegir.\" \/>\n<meta name=\"robots\" content=\"index, follow, max-snippet:-1, max-image-preview:large, max-video-preview:-1\" \/>\n<link rel=\"canonical\" href=\"https:\/\/www.global-tag.com\/es\/servicios\/\" \/>\n<meta property=\"og:locale\" content=\"es_ES\" \/>\n<meta property=\"og:type\" content=\"article\" \/>\n<meta property=\"og:title\" content=\"Servicios\" \/>\n<meta property=\"og:description\" content=\"Descubra los mejores servicios para transpondedores RFID, NFC y BLE adaptados a su aplicaci\u00f3n. Perm\u00edtanos ayudarle a elegir.\" \/>\n<meta property=\"og:site_name\" content=\"Global Tag\" \/>\n<meta property=\"article:modified_time\" content=\"2025-02-28T10:56:43+00:00\" \/>\n<meta name=\"twitter:card\" content=\"summary_large_image\" \/>\n<meta name=\"twitter:site\" content=\"@Global_Tag_RFID\" \/>\n<meta name=\"twitter:label1\" content=\"Tiempo de lectura\" \/>\n\t<meta name=\"twitter:data1\" content=\"2 minutos\" \/>\n<script type=\"application\/ld+json\" class=\"yoast-schema-graph\">{\"@context\":\"https:\\\/\\\/schema.org\",\"@graph\":[{\"@type\":\"WebPage\",\"@id\":\"https:\\\/\\\/www.global-tag.com\\\/es\\\/servicios\\\/\",\"url\":\"https:\\\/\\\/www.global-tag.com\\\/es\\\/servicios\\\/\",\"name\":\"Servicios - Global Tag\",\"isPartOf\":{\"@id\":\"https:\\\/\\\/www.global-tag.com\\\/#website\"},\"datePublished\":\"2024-03-20T15:06:57+00:00\",\"dateModified\":\"2025-02-28T10:56:43+00:00\",\"description\":\"Descubra los mejores servicios para transpondedores RFID, NFC y BLE adaptados a su aplicaci\u00f3n. Perm\u00edtanos ayudarle a elegir.\",\"breadcrumb\":{\"@id\":\"https:\\\/\\\/www.global-tag.com\\\/es\\\/servicios\\\/#breadcrumb\"},\"inLanguage\":\"es\",\"potentialAction\":[{\"@type\":\"ReadAction\",\"target\":[\"https:\\\/\\\/www.global-tag.com\\\/es\\\/servicios\\\/\"]}]},{\"@type\":\"BreadcrumbList\",\"@id\":\"https:\\\/\\\/www.global-tag.com\\\/es\\\/servicios\\\/#breadcrumb\",\"itemListElement\":[{\"@type\":\"ListItem\",\"position\":1,\"name\":\"Home\",\"item\":\"https:\\\/\\\/www.global-tag.com\\\/\"},{\"@type\":\"ListItem\",\"position\":2,\"name\":\"Servicios\"}]},{\"@type\":\"WebSite\",\"@id\":\"https:\\\/\\\/www.global-tag.com\\\/#website\",\"url\":\"https:\\\/\\\/www.global-tag.com\\\/\",\"name\":\"Global Tag\",\"description\":\"\",\"publisher\":{\"@id\":\"https:\\\/\\\/www.global-tag.com\\\/#organization\"},\"potentialAction\":[{\"@type\":\"SearchAction\",\"target\":{\"@type\":\"EntryPoint\",\"urlTemplate\":\"https:\\\/\\\/www.global-tag.com\\\/?s={search_term_string}\"},\"query-input\":{\"@type\":\"PropertyValueSpecification\",\"valueRequired\":true,\"valueName\":\"search_term_string\"}}],\"inLanguage\":\"es\"},{\"@type\":\"Organization\",\"@id\":\"https:\\\/\\\/www.global-tag.com\\\/#organization\",\"name\":\"Global Tag\",\"url\":\"https:\\\/\\\/www.global-tag.com\\\/\",\"logo\":{\"@type\":\"ImageObject\",\"inLanguage\":\"es\",\"@id\":\"https:\\\/\\\/www.global-tag.com\\\/#\\\/schema\\\/logo\\\/image\\\/\",\"url\":\"https:\\\/\\\/www.global-tag.com\\\/wp-content\\\/uploads\\\/2024\\\/11\\\/GLOBAL-TAG-logo.ai_.png\",\"contentUrl\":\"https:\\\/\\\/www.global-tag.com\\\/wp-content\\\/uploads\\\/2024\\\/11\\\/GLOBAL-TAG-logo.ai_.png\",\"width\":1771,\"height\":825,\"caption\":\"Global Tag\"},\"image\":{\"@id\":\"https:\\\/\\\/www.global-tag.com\\\/#\\\/schema\\\/logo\\\/image\\\/\"},\"sameAs\":[\"https:\\\/\\\/x.com\\\/Global_Tag_RFID\",\"https:\\\/\\\/www.linkedin.com\\\/company\\\/global-tag-srl---rfid-tag-for-global-request\"]}]}<\/script>\n<!-- \/ Yoast SEO Premium plugin. -->","yoast_head_json":{"title":"Servicios - Global Tag","description":"Descubra los mejores servicios para transpondedores RFID, NFC y BLE adaptados a su aplicaci\u00f3n. Perm\u00edtanos ayudarle a elegir.","robots":{"index":"index","follow":"follow","max-snippet":"max-snippet:-1","max-image-preview":"max-image-preview:large","max-video-preview":"max-video-preview:-1"},"canonical":"https:\/\/www.global-tag.com\/es\/servicios\/","og_locale":"es_ES","og_type":"article","og_title":"Servicios","og_description":"Descubra los mejores servicios para transpondedores RFID, NFC y BLE adaptados a su aplicaci\u00f3n. Perm\u00edtanos ayudarle a elegir.","og_site_name":"Global Tag","article_modified_time":"2025-02-28T10:56:43+00:00","twitter_card":"summary_large_image","twitter_site":"@Global_Tag_RFID","twitter_misc":{"Tiempo de lectura":"2 minutos"},"schema":{"@context":"https:\/\/schema.org","@graph":[{"@type":"WebPage","@id":"https:\/\/www.global-tag.com\/es\/servicios\/","url":"https:\/\/www.global-tag.com\/es\/servicios\/","name":"Servicios - Global Tag","isPartOf":{"@id":"https:\/\/www.global-tag.com\/#website"},"datePublished":"2024-03-20T15:06:57+00:00","dateModified":"2025-02-28T10:56:43+00:00","description":"Descubra los mejores servicios para transpondedores RFID, NFC y BLE adaptados a su aplicaci\u00f3n. Perm\u00edtanos ayudarle a elegir.","breadcrumb":{"@id":"https:\/\/www.global-tag.com\/es\/servicios\/#breadcrumb"},"inLanguage":"es","potentialAction":[{"@type":"ReadAction","target":["https:\/\/www.global-tag.com\/es\/servicios\/"]}]},{"@type":"BreadcrumbList","@id":"https:\/\/www.global-tag.com\/es\/servicios\/#breadcrumb","itemListElement":[{"@type":"ListItem","position":1,"name":"Home","item":"https:\/\/www.global-tag.com\/"},{"@type":"ListItem","position":2,"name":"Servicios"}]},{"@type":"WebSite","@id":"https:\/\/www.global-tag.com\/#website","url":"https:\/\/www.global-tag.com\/","name":"Global Tag","description":"","publisher":{"@id":"https:\/\/www.global-tag.com\/#organization"},"potentialAction":[{"@type":"SearchAction","target":{"@type":"EntryPoint","urlTemplate":"https:\/\/www.global-tag.com\/?s={search_term_string}"},"query-input":{"@type":"PropertyValueSpecification","valueRequired":true,"valueName":"search_term_string"}}],"inLanguage":"es"},{"@type":"Organization","@id":"https:\/\/www.global-tag.com\/#organization","name":"Global Tag","url":"https:\/\/www.global-tag.com\/","logo":{"@type":"ImageObject","inLanguage":"es","@id":"https:\/\/www.global-tag.com\/#\/schema\/logo\/image\/","url":"https:\/\/www.global-tag.com\/wp-content\/uploads\/2024\/11\/GLOBAL-TAG-logo.ai_.png","contentUrl":"https:\/\/www.global-tag.com\/wp-content\/uploads\/2024\/11\/GLOBAL-TAG-logo.ai_.png","width":1771,"height":825,"caption":"Global Tag"},"image":{"@id":"https:\/\/www.global-tag.com\/#\/schema\/logo\/image\/"},"sameAs":["https:\/\/x.com\/Global_Tag_RFID","https:\/\/www.linkedin.com\/company\/global-tag-srl---rfid-tag-for-global-request"]}]}},"_links":{"self":[{"href":"https:\/\/www.global-tag.com\/es\/wp-json\/wp\/v2\/pages\/268347","targetHints":{"allow":["GET"]}}],"collection":[{"href":"https:\/\/www.global-tag.com\/es\/wp-json\/wp\/v2\/pages"}],"about":[{"href":"https:\/\/www.global-tag.com\/es\/wp-json\/wp\/v2\/types\/page"}],"author":[{"embeddable":true,"href":"https:\/\/www.global-tag.com\/es\/wp-json\/wp\/v2\/users\/3"}],"replies":[{"embeddable":true,"href":"https:\/\/www.global-tag.com\/es\/wp-json\/wp\/v2\/comments?post=268347"}],"version-history":[{"count":2,"href":"https:\/\/www.global-tag.com\/es\/wp-json\/wp\/v2\/pages\/268347\/revisions"}],"predecessor-version":[{"id":268349,"href":"https:\/\/www.global-tag.com\/es\/wp-json\/wp\/v2\/pages\/268347\/revisions\/268349"}],"wp:attachment":[{"href":"https:\/\/www.global-tag.com\/es\/wp-json\/wp\/v2\/media?parent=268347"}],"curies":[{"name":"wp","href":"https:\/\/api.w.org\/{rel}","templated":true}]}}